{"id":11836,"date":"2022-09-01T13:09:00","date_gmt":"2022-09-01T17:09:00","guid":{"rendered":"https:\/\/malloytestcloud.kinsta.cloud\/?page_id=11836"},"modified":"2025-08-11T14:54:11","modified_gmt":"2025-08-11T18:54:11","slug":"abogados-de-accidente-de-carro","status":"publish","type":"page","link":"https:\/\/www.malloy-law.com\/es\/lesiones-personales\/abogados-de-accidente-de-carro\/","title":{"rendered":"Abogados de Accidentes de Carro"},"content":{"rendered":"<p>Los accidentes de carro son acontecimientos muy traum\u00e1ticos. En el 2021 se <a href=\"https:\/\/crashstats.nhtsa.dot.gov\/Api\/Public\/ViewPublication\/813515\">reportaron<\/a> 6,102,936 reportes policiales por estas colisiones. Estos pueden ocurrir por una variedad de motivos. Uno puede sufrir de lesiones catastr\u00f3ficas, da\u00f1os de propiedad e inclusive lastimar a sus seres queridos. Esto afecta no solamente los aspectos f\u00edsicos, sino que tambi\u00e9n los aspectos financieros y emocionales. Cuando esto ocurre, uno debe conseguir los cuidados m\u00e9dicos necesarios. Luego siempre recomendamos contactar y consultar sobre sus opciones legales con un abogado experto en el \u00e1rea de lesiones personales.<\/p>\n<p style=\"text-align: center;\"><img decoding=\"async\" class=\"aligncenter wp-image-19329\" src=\"https:\/\/www.malloy-law.com\/wp-content\/uploads\/2023\/04\/shutterstock_1996305623.jpg\" alt=\"Abogado de Accidentes de Carro\" width=\"700\" height=\"467\" srcset=\"https:\/\/www.malloy-law.com\/wp-content\/uploads\/2023\/04\/shutterstock_1996305623.jpg 1000w, https:\/\/www.malloy-law.com\/wp-content\/uploads\/2023\/04\/shutterstock_1996305623-300x200.jpg 300w, https:\/\/www.malloy-law.com\/wp-content\/uploads\/2023\/04\/shutterstock_1996305623-768x512.jpg 768w\" sizes=\"(max-width: 700px) 100vw, 700px\" \/><\/p>\n<h2>Pasos para tomar luego de los accidentes de carro<\/h2>\n<p>Cuando uno sufre un accidente automovil\u00edstico, puede encontrarse en un estado de shock. En estos casos, siempre es importante actuar r\u00e1pidamente para evitar las complicaciones. A continuaci\u00f3n, le diremos cu\u00e1les son los pasos m\u00e1s importantes para tomar luego de un accidente.<\/p>\n<p>1. Priorizar los cuidados m\u00e9dicos. Esto debe ser realizado aun cuando las lesiones aparentan leves, ya que los s\u00edntomas pueden tardar d\u00edas u horas en presentarse. Algunas de las lesiones m\u00e1s comunes son las concernientes a la rotura de huesos, lesiones cerebrales traum\u00e1ticas, de medula espinal, convulsiones, entre otras.<\/p>\n<p>2. Contacte a los servicios de emergencias. Especialmente si usted o sus pasajeros resultaron lesionados. Es importante tener en cuenta que al menos un polic\u00eda arribara a la escena del accidente. El mismo realizara un reporte policial, que es una evidencia crucial.<\/p>\n<p>3. Documente la escena del accidente. Esto puede ser realizado por medio de su aparato m\u00f3vil. Uno debe tomar fotograf\u00edas y videos tanto de la escena del accidente, sus lesiones visibles y los da\u00f1os de propiedad.<\/p>\n<p>4. Intercambiar la informaci\u00f3n con los involucrados. Uno debe anotar el nombre, la direcci\u00f3n, el n\u00famero de tel\u00e9fono, la compa\u00f1\u00eda de seguro y el n\u00famero de p\u00f3liza del otro conductor. Siempre que sea posible, uno debe intercambiar el n\u00famero de contacto de los testigos.<\/p>\n<p>5. Contacte a un abogado experto. El mismo lo asistir\u00e1 y guiar\u00e1 en la navegaci\u00f3n del complicado proceso legal. Adem\u00e1s, lidiara con las compa\u00f1\u00edas de seguro mientras usted se recupera.<\/p>\n<h2>Tipos de Accidentes de Carro<\/h2>\n<p>En la mayor\u00eda de los casos, los accidentes automovil\u00edsticos son causados por conductores negligentes. Estos pueden encontrarse bajo la influencia de alg\u00fan estupefaciente, distra\u00eddos, conduciendo agresivamente e inclusive con sue\u00f1o. Dependiendo de la naturaleza de su accidente, estos pueden presentarse de distintas maneras. A continuaci\u00f3n, citaremos los accidentes m\u00e1s comunes.<\/p>\n<p>A) Accidentes de choque y fuga<br \/>\nB) Colisiones laterales, frontales o traseras<br \/>\nC) Accidentes en estacionamientos<br \/>\nD) Colisiones automovil\u00edsticas m\u00faltiples<br \/>\nE) Accidente de motocicleta<br \/>\nF) Accidentes involucrando peatones<br \/>\nG) Accidente de autobuses<br \/>\nH) Accidente de Uber and Lyft<\/p>\n<h2>\u00bfPorque Contratar Malloy Law Offices, LLC ?<\/h2>\n<p>Si usted ha estado involucrado en un accidente, no dude en ponerse en contacto con un abogado. En nuestra oficina la consulta es gratuita y no estar\u00e1 obligado a contratar un abogado. Sin embargo, se sorprender\u00e1 de lo mucho que puede ayudarle despu\u00e9s de un accidente. Nuestros abogados tienen m\u00e1s de 15 a\u00f1os de experiencia tomando casos de accidente de carros. Ll\u00e1menos hoy para una consulta gratuita por que nosotros queremos ganar su caso.<\/p>\n<h3>Como Malloy Law Offices puede ayudarlo<\/h3>\n<p>Los accidentes de carro pueden ocurrir en cualquier momento. Por este motivo es importante buscar el asesoramiento de un abogado cualificado lo antes posible. Un abogado de <a href=\"https:\/\/www.malloy-law.com\/es\/\">Malloy Law Offices<\/a> puede ayudarle a navegar por el complejo proceso legal. Tambi\u00e9n va a negociar con las compa\u00f1\u00edas de seguros. A las compa\u00f1\u00edas de seguros les interesa solo ganar dinero y a menudo intentan rebajar las ofertas de las v\u00edctimas de accidentes.<\/p>\n<p>Un abogado puede ayudarle a negociar con las compa\u00f1\u00edas de seguros para asegurarse de que recibe un acuerdo justo y que reciba la compensaci\u00f3n que usted se merece. Tomamos casos de colisiones de carros en <a href=\"https:\/\/www.malloy-law.com\/es\/los-accidentes-de-carro-en-maryland\/\">Maryland<\/a>, <a href=\"https:\/\/www.malloy-law.com\/es\/lesiones-personales-en-dc\/los-accidentes-de-carro-en-dc\/\">DC<\/a> y <a href=\"https:\/\/www.malloy-law.com\/es\/los-accidentes-de-carro-en-virginia\/\">Virginia<\/a>. <a href=\"https:\/\/www.malloy-law.com\/es\/contactenos\/\">Cont\u00e1ctenos<\/a> hoy para conseguir su consulta gratuita.<\/p>\n","protected":false},"excerpt":{"rendered":"<p>Los accidentes de carro son acontecimientos muy traum\u00e1ticos. En el 2021 se reportaron 6,102,936 reportes policiales por estas colisiones. Estos pueden ocurrir por una variedad de motivos. Uno puede sufrir de lesiones catastr\u00f3ficas, da\u00f1os de propiedad e inclusive lastimar a sus seres queridos. Esto afecta no solamente los aspectos f\u00edsicos, sino que tambi\u00e9n los aspectos&#8230;<\/p>\n","protected":false},"author":1,"featured_media":0,"parent":3740,"menu_order":0,"comment_status":"closed","ping_status":"closed","template":"","meta":{"_acf_changed":false,"om_disable_all_campaigns":false,"advgb_blocks_editor_width":"","advgb_blocks_columns_visual_guide":"","footnotes":""},"class_list":["post-11836","page","type-page","status-publish","hentry"],"acf":[],"yoast_head":"<!-- This site is optimized with the Yoast SEO Premium plugin v27.4 (Yoast SEO v27.4) - https:\/\/yoast.com\/product\/yoast-seo-premium-wordpress\/ -->\n<title>Abogados de Accidentes de Carro - Malloy Law<\/title>\n<meta name=\"description\" content=\"Los accidentes de carro son eventos traum\u00e1ticos. Si resulto herido, no dude en consultar gratuitamente con nosotros,\" \/>\n<meta name=\"robots\" content=\"index, follow, max-snippet:-1, max-image-preview:large, max-video-preview:-1\" \/>\n<link rel=\"canonical\" href=\"https:\/\/www.malloy-law.com\/es\/lesiones-personales\/abogados-de-accidente-de-carro\/\" \/>\n<meta property=\"og:locale\" content=\"es_ES\" \/>\n<meta property=\"og:type\" content=\"article\" \/>\n<meta property=\"og:title\" content=\"Abogados de Accidentes de Carro\" \/>\n<meta property=\"og:description\" content=\"Los accidentes de carro son eventos traum\u00e1ticos. Si resulto herido, no dude en consultar gratuitamente con nosotros,\" \/>\n<meta property=\"og:url\" content=\"https:\/\/www.malloy-law.com\/es\/lesiones-personales\/abogados-de-accidente-de-carro\/\" \/>\n<meta property=\"og:site_name\" content=\"Malloy Law\" \/>\n<meta property=\"article:modified_time\" content=\"2025-08-11T18:54:11+00:00\" \/>\n<meta property=\"og:image\" content=\"https:\/\/www.malloy-law.com\/wp-content\/uploads\/2023\/04\/shutterstock_1996305623.jpg\" \/>\n\t<meta property=\"og:image:width\" content=\"1000\" \/>\n\t<meta property=\"og:image:height\" content=\"667\" \/>\n\t<meta property=\"og:image:type\" content=\"image\/jpeg\" \/>\n<meta name=\"twitter:card\" content=\"summary_large_image\" \/>\n<meta name=\"twitter:label1\" content=\"Tiempo de lectura\" \/>\n\t<meta name=\"twitter:data1\" content=\"3 minutos\" \/>\n<script type=\"application\/ld+json\" class=\"yoast-schema-graph\">{\"@context\":\"https:\\\/\\\/schema.org\",\"@graph\":[{\"@type\":\"WebPage\",\"@id\":\"https:\\\/\\\/www.malloy-law.com\\\/es\\\/lesiones-personales\\\/abogados-de-accidente-de-carro\\\/\",\"url\":\"https:\\\/\\\/www.malloy-law.com\\\/es\\\/lesiones-personales\\\/abogados-de-accidente-de-carro\\\/\",\"name\":\"Abogados de Accidentes de Carro - Malloy Law\",\"isPartOf\":{\"@id\":\"https:\\\/\\\/www.malloy-law.com\\\/#website\"},\"primaryImageOfPage\":{\"@id\":\"https:\\\/\\\/www.malloy-law.com\\\/es\\\/lesiones-personales\\\/abogados-de-accidente-de-carro\\\/#primaryimage\"},\"image\":{\"@id\":\"https:\\\/\\\/www.malloy-law.com\\\/es\\\/lesiones-personales\\\/abogados-de-accidente-de-carro\\\/#primaryimage\"},\"thumbnailUrl\":\"https:\\\/\\\/www.malloy-law.com\\\/wp-content\\\/uploads\\\/2023\\\/04\\\/shutterstock_1996305623.jpg\",\"datePublished\":\"2022-09-01T17:09:00+00:00\",\"dateModified\":\"2025-08-11T18:54:11+00:00\",\"description\":\"Los accidentes de carro son eventos traum\u00e1ticos. Si resulto herido, no dude en consultar gratuitamente con nosotros,\",\"breadcrumb\":{\"@id\":\"https:\\\/\\\/www.malloy-law.com\\\/es\\\/lesiones-personales\\\/abogados-de-accidente-de-carro\\\/#breadcrumb\"},\"inLanguage\":\"es\",\"potentialAction\":[{\"@type\":\"ReadAction\",\"target\":[\"https:\\\/\\\/www.malloy-law.com\\\/es\\\/lesiones-personales\\\/abogados-de-accidente-de-carro\\\/\"]}]},{\"@type\":\"ImageObject\",\"inLanguage\":\"es\",\"@id\":\"https:\\\/\\\/www.malloy-law.com\\\/es\\\/lesiones-personales\\\/abogados-de-accidente-de-carro\\\/#primaryimage\",\"url\":\"https:\\\/\\\/www.malloy-law.com\\\/wp-content\\\/uploads\\\/2023\\\/04\\\/shutterstock_1996305623.jpg\",\"contentUrl\":\"https:\\\/\\\/www.malloy-law.com\\\/wp-content\\\/uploads\\\/2023\\\/04\\\/shutterstock_1996305623.jpg\"},{\"@type\":\"BreadcrumbList\",\"@id\":\"https:\\\/\\\/www.malloy-law.com\\\/es\\\/lesiones-personales\\\/abogados-de-accidente-de-carro\\\/#breadcrumb\",\"itemListElement\":[{\"@type\":\"ListItem\",\"position\":1,\"name\":\"Home\",\"item\":\"https:\\\/\\\/www.malloy-law.com\\\/es\\\/\"},{\"@type\":\"ListItem\",\"position\":2,\"name\":\"Lesiones Personales\",\"item\":\"https:\\\/\\\/www.malloy-law.com\\\/es\\\/lesiones-personales\\\/\"},{\"@type\":\"ListItem\",\"position\":3,\"name\":\"Abogados de Accidentes de Carro\"}]},{\"@type\":\"WebSite\",\"@id\":\"https:\\\/\\\/www.malloy-law.com\\\/#website\",\"url\":\"https:\\\/\\\/www.malloy-law.com\\\/\",\"name\":\"Malloy Law\",\"description\":\"\",\"publisher\":{\"@id\":\"https:\\\/\\\/www.malloy-law.com\\\/#organization\"},\"potentialAction\":[{\"@type\":\"SearchAction\",\"target\":{\"@type\":\"EntryPoint\",\"urlTemplate\":\"https:\\\/\\\/www.malloy-law.com\\\/?s={search_term_string}\"},\"query-input\":{\"@type\":\"PropertyValueSpecification\",\"valueRequired\":true,\"valueName\":\"search_term_string\"}}],\"inLanguage\":\"es\"},{\"@type\":\"Organization\",\"@id\":\"https:\\\/\\\/www.malloy-law.com\\\/#organization\",\"name\":\"Malloy Law Offices, LLC\",\"url\":\"https:\\\/\\\/www.malloy-law.com\\\/\",\"logo\":{\"@type\":\"ImageObject\",\"inLanguage\":\"es\",\"@id\":\"https:\\\/\\\/www.malloy-law.com\\\/#\\\/schema\\\/logo\\\/image\\\/\",\"url\":\"https:\\\/\\\/www.malloy-law.com\\\/wp-content\\\/uploads\\\/2019\\\/08\\\/MalloyLaw_Logo_Transparent.png\",\"contentUrl\":\"https:\\\/\\\/www.malloy-law.com\\\/wp-content\\\/uploads\\\/2019\\\/08\\\/MalloyLaw_Logo_Transparent.png\",\"width\":2147,\"height\":558,\"caption\":\"Malloy Law Offices, LLC\"},\"image\":{\"@id\":\"https:\\\/\\\/www.malloy-law.com\\\/#\\\/schema\\\/logo\\\/image\\\/\"}}]}<\/script>\n<!-- \/ Yoast SEO Premium plugin. -->","yoast_head_json":{"title":"Abogados de Accidentes de Carro - Malloy Law","description":"Los accidentes de carro son eventos traum\u00e1ticos. Si resulto herido, no dude en consultar gratuitamente con nosotros,","robots":{"index":"index","follow":"follow","max-snippet":"max-snippet:-1","max-image-preview":"max-image-preview:large","max-video-preview":"max-video-preview:-1"},"canonical":"https:\/\/www.malloy-law.com\/es\/lesiones-personales\/abogados-de-accidente-de-carro\/","og_locale":"es_ES","og_type":"article","og_title":"Abogados de Accidentes de Carro","og_description":"Los accidentes de carro son eventos traum\u00e1ticos. Si resulto herido, no dude en consultar gratuitamente con nosotros,","og_url":"https:\/\/www.malloy-law.com\/es\/lesiones-personales\/abogados-de-accidente-de-carro\/","og_site_name":"Malloy Law","article_modified_time":"2025-08-11T18:54:11+00:00","og_image":[{"width":1000,"height":667,"url":"https:\/\/www.malloy-law.com\/wp-content\/uploads\/2023\/04\/shutterstock_1996305623.jpg","type":"image\/jpeg"}],"twitter_card":"summary_large_image","twitter_misc":{"Tiempo de lectura":"3 minutos"},"schema":{"@context":"https:\/\/schema.org","@graph":[{"@type":"WebPage","@id":"https:\/\/www.malloy-law.com\/es\/lesiones-personales\/abogados-de-accidente-de-carro\/","url":"https:\/\/www.malloy-law.com\/es\/lesiones-personales\/abogados-de-accidente-de-carro\/","name":"Abogados de Accidentes de Carro - Malloy Law","isPartOf":{"@id":"https:\/\/www.malloy-law.com\/#website"},"primaryImageOfPage":{"@id":"https:\/\/www.malloy-law.com\/es\/lesiones-personales\/abogados-de-accidente-de-carro\/#primaryimage"},"image":{"@id":"https:\/\/www.malloy-law.com\/es\/lesiones-personales\/abogados-de-accidente-de-carro\/#primaryimage"},"thumbnailUrl":"https:\/\/www.malloy-law.com\/wp-content\/uploads\/2023\/04\/shutterstock_1996305623.jpg","datePublished":"2022-09-01T17:09:00+00:00","dateModified":"2025-08-11T18:54:11+00:00","description":"Los accidentes de carro son eventos traum\u00e1ticos. Si resulto herido, no dude en consultar gratuitamente con nosotros,","breadcrumb":{"@id":"https:\/\/www.malloy-law.com\/es\/lesiones-personales\/abogados-de-accidente-de-carro\/#breadcrumb"},"inLanguage":"es","potentialAction":[{"@type":"ReadAction","target":["https:\/\/www.malloy-law.com\/es\/lesiones-personales\/abogados-de-accidente-de-carro\/"]}]},{"@type":"ImageObject","inLanguage":"es","@id":"https:\/\/www.malloy-law.com\/es\/lesiones-personales\/abogados-de-accidente-de-carro\/#primaryimage","url":"https:\/\/www.malloy-law.com\/wp-content\/uploads\/2023\/04\/shutterstock_1996305623.jpg","contentUrl":"https:\/\/www.malloy-law.com\/wp-content\/uploads\/2023\/04\/shutterstock_1996305623.jpg"},{"@type":"BreadcrumbList","@id":"https:\/\/www.malloy-law.com\/es\/lesiones-personales\/abogados-de-accidente-de-carro\/#breadcrumb","itemListElement":[{"@type":"ListItem","position":1,"name":"Home","item":"https:\/\/www.malloy-law.com\/es\/"},{"@type":"ListItem","position":2,"name":"Lesiones Personales","item":"https:\/\/www.malloy-law.com\/es\/lesiones-personales\/"},{"@type":"ListItem","position":3,"name":"Abogados de Accidentes de Carro"}]},{"@type":"WebSite","@id":"https:\/\/www.malloy-law.com\/#website","url":"https:\/\/www.malloy-law.com\/","name":"Malloy Law","description":"","publisher":{"@id":"https:\/\/www.malloy-law.com\/#organization"},"potentialAction":[{"@type":"SearchAction","target":{"@type":"EntryPoint","urlTemplate":"https:\/\/www.malloy-law.com\/?s={search_term_string}"},"query-input":{"@type":"PropertyValueSpecification","valueRequired":true,"valueName":"search_term_string"}}],"inLanguage":"es"},{"@type":"Organization","@id":"https:\/\/www.malloy-law.com\/#organization","name":"Malloy Law Offices, LLC","url":"https:\/\/www.malloy-law.com\/","logo":{"@type":"ImageObject","inLanguage":"es","@id":"https:\/\/www.malloy-law.com\/#\/schema\/logo\/image\/","url":"https:\/\/www.malloy-law.com\/wp-content\/uploads\/2019\/08\/MalloyLaw_Logo_Transparent.png","contentUrl":"https:\/\/www.malloy-law.com\/wp-content\/uploads\/2019\/08\/MalloyLaw_Logo_Transparent.png","width":2147,"height":558,"caption":"Malloy Law Offices, LLC"},"image":{"@id":"https:\/\/www.malloy-law.com\/#\/schema\/logo\/image\/"}}]}},"coauthors":[],"author_meta":{"author_link":"https:\/\/www.malloy-law.com\/es\/author\/admin\/","display_name":"admin"},"relative_dates":{"created":"Publicado 4 a\u00f1os hace","modified":"Actualizado 9 meses hace"},"absolute_dates":{"created":"Publicado el 1 de septiembre de 2022","modified":"Actualizado el 11 de agosto de 2025"},"absolute_dates_time":{"created":"Publicado el 1 de septiembre de 2022 13:09","modified":"Actualizado el 11 de agosto de 2025 14:54"},"featured_img_caption":"","featured_img":false,"series_order":"","_links":{"self":[{"href":"https:\/\/www.malloy-law.com\/es\/wp-json\/wp\/v2\/pages\/11836","targetHints":{"allow":["GET"]}}],"collection":[{"href":"https:\/\/www.malloy-law.com\/es\/wp-json\/wp\/v2\/pages"}],"about":[{"href":"https:\/\/www.malloy-law.com\/es\/wp-json\/wp\/v2\/types\/page"}],"author":[{"embeddable":true,"href":"https:\/\/www.malloy-law.com\/es\/wp-json\/wp\/v2\/users\/1"}],"replies":[{"embeddable":true,"href":"https:\/\/www.malloy-law.com\/es\/wp-json\/wp\/v2\/comments?post=11836"}],"version-history":[{"count":0,"href":"https:\/\/www.malloy-law.com\/es\/wp-json\/wp\/v2\/pages\/11836\/revisions"}],"up":[{"embeddable":true,"href":"https:\/\/www.malloy-law.com\/es\/wp-json\/wp\/v2\/pages\/3740"}],"wp:attachment":[{"href":"https:\/\/www.malloy-law.com\/es\/wp-json\/wp\/v2\/media?parent=11836"}],"curies":[{"name":"wp","href":"https:\/\/api.w.org\/{rel}","templated":true}]}}