{"id":15444,"date":"2023-01-19T17:30:39","date_gmt":"2023-01-19T21:30:39","guid":{"rendered":"https:\/\/malloytestcloud.kinsta.cloud\/?page_id=15444"},"modified":"2025-08-11T14:54:59","modified_gmt":"2025-08-11T18:54:59","slug":"compensacion-por-accidentes-laborales","status":"publish","type":"page","link":"https:\/\/www.malloy-law.com\/es\/contenido\/compensacion-por-accidentes-laborales\/","title":{"rendered":"Compensaci\u00f3n por accidentes laborales"},"content":{"rendered":"<p>Los sitios de trabajo no son exentos a accidentes, para ello existen las leyes de compensaci\u00f3n por accidentes laborales. Estas leyes existen para proteger al trabajador de manera econ\u00f3mica por accidentes ocurridos en el sitio de trabajo. Si usted ha sufrido de alguna lesi\u00f3n en el trabajo, podr\u00eda ser compensado econ\u00f3micamente, pero es de fundamental contratar a un abogado de representaci\u00f3n legal. <a href=\"https:\/\/www.malloy-law.com\/\">Malloy Law Offices, LLC<\/a> es un equipo de abogados especializados en leyes de compensaci\u00f3n laboral en casos de accidentes, si usted reside en Maryland o DC contacte nuestro equipo para informase mejor sobre los beneficios que merece. Este blog proporcionar\u00e1 una gu\u00eda y responder\u00e1 preguntas en general sobre el proceso.<\/p>\n<p>&nbsp;<\/p>\n<h2>\u00bfQui\u00e9nes se encuentran cubiertos bajo en la ley de compensaci\u00f3n por accidentes laborales en Maryland y DC?<\/h2>\n<p>Las leyes de compensaci\u00f3n laboral en casos de accidentes var\u00edan de Estado a Estado. La mayor\u00eda de los empleadores exigen cobertura de compensaci\u00f3n laboral pero existen excepciones. En cuanto a Maryland y el Distrito de Columbia el sistema no cubrir\u00eda a todos los empleados. La ley requiere que en el estado de Maryland los empleadores consigan seguros de compensaci\u00f3n para sus empleados.<\/p>\n<p>No obstante, si los empleados son contratistas independientes no estar\u00edan asegurados bajo esta ley. No todas las lesiones ser\u00edan compensables, pero en caso que si se encuentren cubiertos el seguro del empleador se har\u00eda cargo de cubrir gastos m\u00e9dicos y hospitalarios; adem\u00e1s de fracci\u00f3n de salario hasta que el beneficiario pueda volver al trabajo.<\/p>\n<p>En el Distrito de Columbia, si alg\u00fan empleador se enferma o lesiona debido a alguna acci\u00f3n en el sitio del trabajo se podr\u00edan encontrar recompensados. La ley de compensaci\u00f3n laboral en casos de accidentes <a href=\"https:\/\/code.dccouncil.gov\/us\/dc\/council\/code\/titles\/32\/chapters\/15\">establecida en 1982<\/a> proporcionar\u00eda asistencia financiera, atenci\u00f3n m\u00e9dica y rehabilitaci\u00f3n por resultado de lesiones o enfermedades causadas por el sitio de trabajo.<\/p>\n<h2>\u00bfQu\u00e9 lesiones o enfermedades est\u00e1n cubiertas bajo la ley de compensaci\u00f3n por accidentes laborales?<\/h2>\n<p>Reiteramos que las leyes de compensaci\u00f3n laboral en casos de accidentes proporcionan cobertura a empleados por enfermedad o lesi\u00f3n. Un ejemplo podr\u00eda ser cuando un cocinero se lesiona con fuego y debe cubrir los gastos de emergencias. Otro ejemplo seria cuando se desarrolla alguna hernia por el estre\u00f1imiento ocasionado por la actividad ocasionada en el trabajo.<\/p>\n<p><img decoding=\"async\" class=\"aligncenter wp-image-15451 size-medium\" src=\"https:\/\/www.malloy-law.com\/wp-content\/uploads\/2023\/01\/construction-worker-has-an-accident-while-working-on-new-house-SBI-304922771-200x300.jpg\" alt=\"Compensacion de accidente laborar en sitio de construccion\" width=\"200\" height=\"300\" srcset=\"https:\/\/www.malloy-law.com\/wp-content\/uploads\/2023\/01\/construction-worker-has-an-accident-while-working-on-new-house-SBI-304922771-200x300.jpg 200w, https:\/\/www.malloy-law.com\/wp-content\/uploads\/2023\/01\/construction-worker-has-an-accident-while-working-on-new-house-SBI-304922771-683x1024.jpg 683w, https:\/\/www.malloy-law.com\/wp-content\/uploads\/2023\/01\/construction-worker-has-an-accident-while-working-on-new-house-SBI-304922771-768x1151.jpg 768w, https:\/\/www.malloy-law.com\/wp-content\/uploads\/2023\/01\/construction-worker-has-an-accident-while-working-on-new-house-SBI-304922771-1025x1536.jpg 1025w, https:\/\/www.malloy-law.com\/wp-content\/uploads\/2023\/01\/construction-worker-has-an-accident-while-working-on-new-house-SBI-304922771-1367x2048.jpg 1367w, https:\/\/www.malloy-law.com\/wp-content\/uploads\/2023\/01\/construction-worker-has-an-accident-while-working-on-new-house-SBI-304922771-scaled.jpg 1708w\" sizes=\"(max-width: 200px) 100vw, 200px\" \/><\/p>\n<h2>\u00bfQu\u00e9 beneficios podr\u00eda obtener por lesiones o enfermedades ocasionadas en el trabajo?<\/h2>\n<p>El seguimiento de estas lesiones o enfermedades en corto o largo plazo el beneficiario se encontrar\u00eda cubierto. Estos incluyen las asistencias en los costos de tratamientos, los beneficios por discapacidad, y una porci\u00f3n de sueldo en casos de ausencia. Reiterando, en ambos estados los beneficios depender\u00edan en la severidad de la lesi\u00f3n del beneficiario. Si se encuentra aprobado el beneficiario se encontrar\u00eda cubierto en sueldo parcial por ausencia, costos m\u00e9dicos y tratamientos.<\/p>\n<p>En el caso de muerte tambi\u00e9n estar\u00edan cubiertos los gastos funerarios. Adem\u00e1s, si el beneficiario no se encuentra en posici\u00f3n de volver, se le ofrecer\u00e1 rehabilitaci\u00f3n vocacional para encontrar otra vocaci\u00f3n.<\/p>\n<h2>Gu\u00eda para reclamar la compensaci\u00f3n por accidentes en el ambiente laboral<\/h2>\n<p>El empleado debe determinar si es capaz de recibir beneficios y cuanto pueden recibir, y as\u00ed reclamar la compensaci\u00f3n. En el Distrito de Columbia, se deber\u00e1 de informar sobre el accidente o enfermedad al empleador en los primeros 30 d\u00edas. En el estado de Maryland, dependiendo del caso, se deber\u00e1n seguir estos <a href=\"https:\/\/www.peoples-law.org\/workers-compensation#:~:text=%C2%A7%209-101-,Benefits,of%20severe%20and%20permanent%20injury.\">pasos<\/a>:<\/p>\n<ul>\n<li>El beneficiario deber\u00eda informar a su empleador sobre la lesi\u00f3n en los primeros 10 d\u00edas. Puede ser de manera oral o escrita.<\/li>\n<li>En el caso de haber desarrollado alguna enfermedad, el beneficiario deber\u00e1 informar a su empleador en 1 a\u00f1o.<\/li>\n<li>En el caso de muerte por alguna lesi\u00f3n, la familia del beneficiario deber\u00e1 informar a la empresa sobre el fallecimiento en 30 d\u00edas.<\/li>\n<\/ul>\n<h2>Como apelar la compensaci\u00f3n por accidentes si fue contestado<\/h2>\n<p>Cuando uno reclama la compensaci\u00f3n, en Maryland la empresa deber\u00e1 de compensar al beneficiario en 21 d\u00edas. En cambio, en el Distrito de Columbia los empleadores deber\u00e1n compensar al beneficiario en 14 d\u00edas. En el caso de que el reclamo sea contestado, deber\u00e1 de ocurrir en los corresponsables d\u00edas. Para todos los empleados es aconsejable buscar representaci\u00f3n legal, m\u00e1s a\u00fan cuando el reclamo es contestado. Esta puede ser contestada por el empleador o el seguro del mismo.<\/p>\n<p>Si no recibe los beneficios y busca apelar su caso, puede solicitar una audiencia con la Comisi\u00f3n de Compensaci\u00f3n del Trabajador. Es de inminente importancia contratar a un abogado de Malloy Law Offices. Nuestro equipo de abogados est\u00e1 especializado en la compensaci\u00f3n laboral en Maryland y DC, ellos presentaran argumentos contundentes, s\u00f3lidos y basados en evidencia para demostrar que merece los beneficios de compensaci\u00f3n por sus lesiones.<\/p>\n<p>Nuestros abogados aseguraran y har\u00e1n entender a la Comisi\u00f3n de Compensaci\u00f3n del Trabajador como ocurrieron sus lesiones, la severidad y como afectara su habilidad para trabajar. Est\u00e1 en su derecho recibir los beneficios dependiendo de los resultados de la audiencia, por lo cual no est\u00e1 recomendado apelar su caso sin la experiencia de un abogado de compensaci\u00f3n del laboral.<\/p>\n<h3>Consulte gratis con uno de nuestros Abogados de Compensaci\u00f3n Laboral de Maryland y DC<\/h3>\n<p>Si usted ha sido lesionado, busque representaci\u00f3n legal de uno de nuestros expertos abogados en Malloy Law Offices, LLC. Nuestros abogados maximizaran los beneficios de su compensaci\u00f3n. D\u00e9jenos luchar por los beneficios que usted merece. Para agendar una consulta gratis, llame al <a href=\"tel:202-499-2876\">202-499-2876<\/a> o complete el <a href=\"https:\/\/www.malloy-law.com\/contact\/\">formulario<\/a> usando nuestra p\u00e1gina de internet.<\/p>\n","protected":false},"excerpt":{"rendered":"<p>Los sitios de trabajo no son exentos a accidentes, para ello existen las leyes de compensaci\u00f3n por accidentes laborales. Estas leyes existen para proteger al trabajador de manera econ\u00f3mica por accidentes ocurridos en el sitio de trabajo. Si usted ha sufrido de alguna lesi\u00f3n en el trabajo, podr\u00eda ser compensado econ\u00f3micamente, pero es de fundamental&#8230;<\/p>\n","protected":false},"author":1,"featured_media":0,"parent":10164,"menu_order":0,"comment_status":"closed","ping_status":"closed","template":"","meta":{"_acf_changed":false,"om_disable_all_campaigns":false,"advgb_blocks_editor_width":"","advgb_blocks_columns_visual_guide":"","footnotes":""},"class_list":["post-15444","page","type-page","status-publish","hentry"],"acf":[],"yoast_head":"<!-- This site is optimized with the Yoast SEO Premium plugin v27.4 (Yoast SEO v27.4) - https:\/\/yoast.com\/product\/yoast-seo-premium-wordpress\/ -->\n<title>Compensaci\u00f3n por accidentes laborales - Malloy Law<\/title>\n<meta name=\"description\" content=\"Los sitios de trabajo no son exentos a accidentes, para ello existen las leyes de compensaci\u00f3n por accidentes laborales...\" \/>\n<meta name=\"robots\" content=\"index, follow, max-snippet:-1, max-image-preview:large, max-video-preview:-1\" \/>\n<link rel=\"canonical\" href=\"https:\/\/www.malloy-law.com\/es\/contenido\/compensacion-por-accidentes-laborales\/\" \/>\n<meta property=\"og:locale\" content=\"es_ES\" \/>\n<meta property=\"og:type\" content=\"article\" \/>\n<meta property=\"og:title\" content=\"Compensaci\u00f3n por accidentes laborales\" \/>\n<meta property=\"og:description\" content=\"Los sitios de trabajo no son exentos a accidentes, para ello existen las leyes de compensaci\u00f3n por accidentes laborales...\" \/>\n<meta property=\"og:url\" content=\"https:\/\/www.malloy-law.com\/es\/contenido\/compensacion-por-accidentes-laborales\/\" \/>\n<meta property=\"og:site_name\" content=\"Malloy Law\" \/>\n<meta property=\"article:modified_time\" content=\"2025-08-11T18:54:59+00:00\" \/>\n<meta property=\"og:image\" content=\"https:\/\/www.malloy-law.com\/wp-content\/uploads\/2023\/01\/construction-worker-has-an-accident-while-working-on-new-house-SBI-304922771-scaled.jpg\" \/>\n\t<meta property=\"og:image:width\" content=\"1708\" \/>\n\t<meta property=\"og:image:height\" content=\"2560\" \/>\n\t<meta property=\"og:image:type\" content=\"image\/jpeg\" \/>\n<meta name=\"twitter:card\" content=\"summary_large_image\" \/>\n<meta name=\"twitter:label1\" content=\"Tiempo de lectura\" \/>\n\t<meta name=\"twitter:data1\" content=\"5 minutos\" \/>\n<script type=\"application\/ld+json\" class=\"yoast-schema-graph\">{\"@context\":\"https:\\\/\\\/schema.org\",\"@graph\":[{\"@type\":\"WebPage\",\"@id\":\"https:\\\/\\\/www.malloy-law.com\\\/es\\\/contenido\\\/compensacion-por-accidentes-laborales\\\/\",\"url\":\"https:\\\/\\\/www.malloy-law.com\\\/es\\\/contenido\\\/compensacion-por-accidentes-laborales\\\/\",\"name\":\"Compensaci\u00f3n por accidentes laborales - Malloy Law\",\"isPartOf\":{\"@id\":\"https:\\\/\\\/www.malloy-law.com\\\/#website\"},\"primaryImageOfPage\":{\"@id\":\"https:\\\/\\\/www.malloy-law.com\\\/es\\\/contenido\\\/compensacion-por-accidentes-laborales\\\/#primaryimage\"},\"image\":{\"@id\":\"https:\\\/\\\/www.malloy-law.com\\\/es\\\/contenido\\\/compensacion-por-accidentes-laborales\\\/#primaryimage\"},\"thumbnailUrl\":\"https:\\\/\\\/www.malloy-law.com\\\/wp-content\\\/uploads\\\/2023\\\/01\\\/construction-worker-has-an-accident-while-working-on-new-house-SBI-304922771-200x300.jpg\",\"datePublished\":\"2023-01-19T21:30:39+00:00\",\"dateModified\":\"2025-08-11T18:54:59+00:00\",\"description\":\"Los sitios de trabajo no son exentos a accidentes, para ello existen las leyes de compensaci\u00f3n por accidentes laborales...\",\"breadcrumb\":{\"@id\":\"https:\\\/\\\/www.malloy-law.com\\\/es\\\/contenido\\\/compensacion-por-accidentes-laborales\\\/#breadcrumb\"},\"inLanguage\":\"es\",\"potentialAction\":[{\"@type\":\"ReadAction\",\"target\":[\"https:\\\/\\\/www.malloy-law.com\\\/es\\\/contenido\\\/compensacion-por-accidentes-laborales\\\/\"]}]},{\"@type\":\"ImageObject\",\"inLanguage\":\"es\",\"@id\":\"https:\\\/\\\/www.malloy-law.com\\\/es\\\/contenido\\\/compensacion-por-accidentes-laborales\\\/#primaryimage\",\"url\":\"https:\\\/\\\/www.malloy-law.com\\\/wp-content\\\/uploads\\\/2023\\\/01\\\/construction-worker-has-an-accident-while-working-on-new-house-SBI-304922771-200x300.jpg\",\"contentUrl\":\"https:\\\/\\\/www.malloy-law.com\\\/wp-content\\\/uploads\\\/2023\\\/01\\\/construction-worker-has-an-accident-while-working-on-new-house-SBI-304922771-200x300.jpg\"},{\"@type\":\"BreadcrumbList\",\"@id\":\"https:\\\/\\\/www.malloy-law.com\\\/es\\\/contenido\\\/compensacion-por-accidentes-laborales\\\/#breadcrumb\",\"itemListElement\":[{\"@type\":\"ListItem\",\"position\":1,\"name\":\"Home\",\"item\":\"https:\\\/\\\/www.malloy-law.com\\\/es\\\/\"},{\"@type\":\"ListItem\",\"position\":2,\"name\":\"Contenido\",\"item\":\"https:\\\/\\\/www.malloy-law.com\\\/es\\\/contenido\\\/\"},{\"@type\":\"ListItem\",\"position\":3,\"name\":\"Compensaci\u00f3n por accidentes laborales\"}]},{\"@type\":\"WebSite\",\"@id\":\"https:\\\/\\\/www.malloy-law.com\\\/#website\",\"url\":\"https:\\\/\\\/www.malloy-law.com\\\/\",\"name\":\"Malloy Law\",\"description\":\"\",\"publisher\":{\"@id\":\"https:\\\/\\\/www.malloy-law.com\\\/#organization\"},\"potentialAction\":[{\"@type\":\"SearchAction\",\"target\":{\"@type\":\"EntryPoint\",\"urlTemplate\":\"https:\\\/\\\/www.malloy-law.com\\\/?s={search_term_string}\"},\"query-input\":{\"@type\":\"PropertyValueSpecification\",\"valueRequired\":true,\"valueName\":\"search_term_string\"}}],\"inLanguage\":\"es\"},{\"@type\":\"Organization\",\"@id\":\"https:\\\/\\\/www.malloy-law.com\\\/#organization\",\"name\":\"Malloy Law Offices, LLC\",\"url\":\"https:\\\/\\\/www.malloy-law.com\\\/\",\"logo\":{\"@type\":\"ImageObject\",\"inLanguage\":\"es\",\"@id\":\"https:\\\/\\\/www.malloy-law.com\\\/#\\\/schema\\\/logo\\\/image\\\/\",\"url\":\"https:\\\/\\\/www.malloy-law.com\\\/wp-content\\\/uploads\\\/2019\\\/08\\\/MalloyLaw_Logo_Transparent.png\",\"contentUrl\":\"https:\\\/\\\/www.malloy-law.com\\\/wp-content\\\/uploads\\\/2019\\\/08\\\/MalloyLaw_Logo_Transparent.png\",\"width\":2147,\"height\":558,\"caption\":\"Malloy Law Offices, LLC\"},\"image\":{\"@id\":\"https:\\\/\\\/www.malloy-law.com\\\/#\\\/schema\\\/logo\\\/image\\\/\"}}]}<\/script>\n<!-- \/ Yoast SEO Premium plugin. -->","yoast_head_json":{"title":"Compensaci\u00f3n por accidentes laborales - Malloy Law","description":"Los sitios de trabajo no son exentos a accidentes, para ello existen las leyes de compensaci\u00f3n por accidentes laborales...","robots":{"index":"index","follow":"follow","max-snippet":"max-snippet:-1","max-image-preview":"max-image-preview:large","max-video-preview":"max-video-preview:-1"},"canonical":"https:\/\/www.malloy-law.com\/es\/contenido\/compensacion-por-accidentes-laborales\/","og_locale":"es_ES","og_type":"article","og_title":"Compensaci\u00f3n por accidentes laborales","og_description":"Los sitios de trabajo no son exentos a accidentes, para ello existen las leyes de compensaci\u00f3n por accidentes laborales...","og_url":"https:\/\/www.malloy-law.com\/es\/contenido\/compensacion-por-accidentes-laborales\/","og_site_name":"Malloy Law","article_modified_time":"2025-08-11T18:54:59+00:00","og_image":[{"width":1708,"height":2560,"url":"https:\/\/www.malloy-law.com\/wp-content\/uploads\/2023\/01\/construction-worker-has-an-accident-while-working-on-new-house-SBI-304922771-scaled.jpg","type":"image\/jpeg"}],"twitter_card":"summary_large_image","twitter_misc":{"Tiempo de lectura":"5 minutos"},"schema":{"@context":"https:\/\/schema.org","@graph":[{"@type":"WebPage","@id":"https:\/\/www.malloy-law.com\/es\/contenido\/compensacion-por-accidentes-laborales\/","url":"https:\/\/www.malloy-law.com\/es\/contenido\/compensacion-por-accidentes-laborales\/","name":"Compensaci\u00f3n por accidentes laborales - Malloy Law","isPartOf":{"@id":"https:\/\/www.malloy-law.com\/#website"},"primaryImageOfPage":{"@id":"https:\/\/www.malloy-law.com\/es\/contenido\/compensacion-por-accidentes-laborales\/#primaryimage"},"image":{"@id":"https:\/\/www.malloy-law.com\/es\/contenido\/compensacion-por-accidentes-laborales\/#primaryimage"},"thumbnailUrl":"https:\/\/www.malloy-law.com\/wp-content\/uploads\/2023\/01\/construction-worker-has-an-accident-while-working-on-new-house-SBI-304922771-200x300.jpg","datePublished":"2023-01-19T21:30:39+00:00","dateModified":"2025-08-11T18:54:59+00:00","description":"Los sitios de trabajo no son exentos a accidentes, para ello existen las leyes de compensaci\u00f3n por accidentes laborales...","breadcrumb":{"@id":"https:\/\/www.malloy-law.com\/es\/contenido\/compensacion-por-accidentes-laborales\/#breadcrumb"},"inLanguage":"es","potentialAction":[{"@type":"ReadAction","target":["https:\/\/www.malloy-law.com\/es\/contenido\/compensacion-por-accidentes-laborales\/"]}]},{"@type":"ImageObject","inLanguage":"es","@id":"https:\/\/www.malloy-law.com\/es\/contenido\/compensacion-por-accidentes-laborales\/#primaryimage","url":"https:\/\/www.malloy-law.com\/wp-content\/uploads\/2023\/01\/construction-worker-has-an-accident-while-working-on-new-house-SBI-304922771-200x300.jpg","contentUrl":"https:\/\/www.malloy-law.com\/wp-content\/uploads\/2023\/01\/construction-worker-has-an-accident-while-working-on-new-house-SBI-304922771-200x300.jpg"},{"@type":"BreadcrumbList","@id":"https:\/\/www.malloy-law.com\/es\/contenido\/compensacion-por-accidentes-laborales\/#breadcrumb","itemListElement":[{"@type":"ListItem","position":1,"name":"Home","item":"https:\/\/www.malloy-law.com\/es\/"},{"@type":"ListItem","position":2,"name":"Contenido","item":"https:\/\/www.malloy-law.com\/es\/contenido\/"},{"@type":"ListItem","position":3,"name":"Compensaci\u00f3n por accidentes laborales"}]},{"@type":"WebSite","@id":"https:\/\/www.malloy-law.com\/#website","url":"https:\/\/www.malloy-law.com\/","name":"Malloy Law","description":"","publisher":{"@id":"https:\/\/www.malloy-law.com\/#organization"},"potentialAction":[{"@type":"SearchAction","target":{"@type":"EntryPoint","urlTemplate":"https:\/\/www.malloy-law.com\/?s={search_term_string}"},"query-input":{"@type":"PropertyValueSpecification","valueRequired":true,"valueName":"search_term_string"}}],"inLanguage":"es"},{"@type":"Organization","@id":"https:\/\/www.malloy-law.com\/#organization","name":"Malloy Law Offices, LLC","url":"https:\/\/www.malloy-law.com\/","logo":{"@type":"ImageObject","inLanguage":"es","@id":"https:\/\/www.malloy-law.com\/#\/schema\/logo\/image\/","url":"https:\/\/www.malloy-law.com\/wp-content\/uploads\/2019\/08\/MalloyLaw_Logo_Transparent.png","contentUrl":"https:\/\/www.malloy-law.com\/wp-content\/uploads\/2019\/08\/MalloyLaw_Logo_Transparent.png","width":2147,"height":558,"caption":"Malloy Law Offices, LLC"},"image":{"@id":"https:\/\/www.malloy-law.com\/#\/schema\/logo\/image\/"}}]}},"coauthors":[],"author_meta":{"author_link":"https:\/\/www.malloy-law.com\/es\/author\/admin\/","display_name":"admin"},"relative_dates":{"created":"Publicado 3 a\u00f1os hace","modified":"Actualizado 9 meses hace"},"absolute_dates":{"created":"Publicado el 19 de enero de 2023","modified":"Actualizado el 11 de agosto de 2025"},"absolute_dates_time":{"created":"Publicado el 19 de enero de 2023 17:30","modified":"Actualizado el 11 de agosto de 2025 14:54"},"featured_img_caption":"","featured_img":false,"series_order":"","_links":{"self":[{"href":"https:\/\/www.malloy-law.com\/es\/wp-json\/wp\/v2\/pages\/15444","targetHints":{"allow":["GET"]}}],"collection":[{"href":"https:\/\/www.malloy-law.com\/es\/wp-json\/wp\/v2\/pages"}],"about":[{"href":"https:\/\/www.malloy-law.com\/es\/wp-json\/wp\/v2\/types\/page"}],"author":[{"embeddable":true,"href":"https:\/\/www.malloy-law.com\/es\/wp-json\/wp\/v2\/users\/1"}],"replies":[{"embeddable":true,"href":"https:\/\/www.malloy-law.com\/es\/wp-json\/wp\/v2\/comments?post=15444"}],"version-history":[{"count":0,"href":"https:\/\/www.malloy-law.com\/es\/wp-json\/wp\/v2\/pages\/15444\/revisions"}],"up":[{"embeddable":true,"href":"https:\/\/www.malloy-law.com\/es\/wp-json\/wp\/v2\/pages\/10164"}],"wp:attachment":[{"href":"https:\/\/www.malloy-law.com\/es\/wp-json\/wp\/v2\/media?parent=15444"}],"curies":[{"name":"wp","href":"https:\/\/api.w.org\/{rel}","templated":true}]}}