{"id":16311,"date":"2023-02-10T12:41:29","date_gmt":"2023-02-10T16:41:29","guid":{"rendered":"https:\/\/malloytestcloud.kinsta.cloud\/?page_id=16311"},"modified":"2025-07-29T12:42:04","modified_gmt":"2025-07-29T16:42:04","slug":"accidentes-de-carro-en-manassas","status":"publish","type":"page","link":"https:\/\/www.malloy-law.com\/es\/lesiones-personales-en-manassas\/accidentes-de-carro-en-manassas\/","title":{"rendered":"Abogado de Accidentes de Carro en Manassas"},"content":{"rendered":"<p>En Virginia los accidentes de carro incrementan cada a\u00f1o. El Departamento de Veh\u00edculos Motorizados estima que un choque ocurre cada 4.4 minutos y 161 personas son lesionadas por d\u00eda. Se report\u00f3 que hubo 1011 fatalidades en Virginia por accidentes de carro en el 2022. En la ciudad de Manassas la mayor\u00eda de la populaci\u00f3n <a href=\"https:\/\/datausa.io\/profile\/geo\/manassas-va\">registro<\/a> 2 carros por hogar en el 2020. Mientras que se registr\u00f3 que un 73.8% conducen solos al trabajo, un 14.3% comparten un carro y un 5.47% trabajan desde el hogar. En este articulo nos concentraremos en los accidentes de carro en Manassas.<\/p>\n<p style=\"text-align: center;\"><img decoding=\"async\" class=\"aligncenter wp-image-16313\" src=\"https:\/\/www.malloy-law.com\/wp-content\/uploads\/2023\/02\/shutterstock_760582849-1.jpg\" alt=\"Accidente de Carro en Manassas\" width=\"599\" height=\"392\" srcset=\"https:\/\/www.malloy-law.com\/wp-content\/uploads\/2023\/02\/shutterstock_760582849-1.jpg 1000w, https:\/\/www.malloy-law.com\/wp-content\/uploads\/2023\/02\/shutterstock_760582849-1-300x196.jpg 300w, https:\/\/www.malloy-law.com\/wp-content\/uploads\/2023\/02\/shutterstock_760582849-1-768x502.jpg 768w\" sizes=\"(max-width: 599px) 100vw, 599px\" \/><\/p>\n<h2>Causas de los accidentes de carro en Virginia<\/h2>\n<p>Conducir un veh\u00edculo conlleva una gran responsabilidad. Si uno no toma las precauciones debidas, puede experimentar consecuencias catastr\u00f3ficas. Las frecuencias de los accidentes de carro ocurren tanto por factores externos como internos. En Virginia estas son las causas principales de este tipo de accidente:<\/p>\n<p>a) Consumo de drogas o alcohol: Las mismas alteran las acciones y el estado mental del conductor. Son un prominente factor en cuanto a los accidentes fatales y lesiones. Estas presentan un complejo problema en cuanto a la cantidad de conductores que se encuentran bajo estas influencias. Se report\u00f3 que en el 2021 la cifra de lesiones ocasionadas por este factor fue de 4224 personas y las fatalidades resultaron en 143 v\u00edctimas. Cabe destacar que 12,473 personas testearon a un n\u00famero mayor de 0.08 o 0.1 en nivel et\u00edlico en la sangre.<\/p>\n<p>b) Conductor negligente: Lo definimos cuando un conductor no respeta las leyes de conducir, excede la velocidad y conduce con agresividad. El departamento de transporte reporto que en el 2021 ocurrieron 24,620 accidentes por exceso de velocidad. La cifra de fatalidades fue de 445 personas y 12,902 personas resultaron lesionadas.<\/p>\n<p>c) Conductor distra\u00eddo: Esto estar\u00eda definido como cuando un conductor no presta su completa atenci\u00f3n a la ruta. Podr\u00edan ser el uso del celular, por estar comiendo o buscar algo en el veh\u00edculo mientras uno conduce. La cifra de fatalidades fue de 117, mientras que 11,297 resultaron lesionados.<\/p>\n<h2>Que hacer despu\u00e9s de un accidente de transito<\/h2>\n<p>En el evento de participar en un accidente de tr\u00e1nsito, en Manassas, es obligatorio quedar en la escena del accidente. Si uno fuga el lugar del acontecimiento puede ser multado.<\/p>\n<h4>A continuaci\u00f3n, le proveeremos una gu\u00eda de que hacer en caso de encontrarse en un accidente:<\/h4>\n<p>1) Inspeccionar si usted o sus pasajeros est\u00e1n lesionados: si este es el caso, es primordial buscar atenci\u00f3n m\u00e9dica y contactarse con emergencias m\u00e9dicas.<\/p>\n<p>2) Moverse a una zona segura: Si es posible, establ\u00e9zcase al costado de la calle con su veh\u00edculo. En el caso que el mismo no sea posible, abandonar el veh\u00edculo e ir a una zona segura.<\/p>\n<p>3) Llamar a emergencias: No importa si el accidente es leve o grave, en algunos estados es legalmente requerido contactar a emergencias y la polic\u00eda. Los \u00faltimos se encargar\u00e1n de reportar y documentar el accidente. Uno mismo tambi\u00e9n puede reportar el accidente en una estaci\u00f3n policial. Este reportaje es esencial a la hora de reclamar su seguro.<\/p>\n<p>4) Intercambiar la informaci\u00f3n con el involucrado: Es importante intercambiar la informaci\u00f3n de contacto y seguro de conducir de los involucrados. Cuando uno reclama la compensaci\u00f3n la compa\u00f1\u00eda de seguro estudiara el reportaje y otros documentos (como fotograf\u00edas) para determinar qui\u00e9n es culpable.<\/p>\n<p>5) Documentar el accidente: Ya sea el solicitar el nombre de los polic\u00edas y el conductor involucrado, obtener una copia del reportaje, tomar fotograf\u00edas y hablar con testigos.<\/p>\n<p>6) Notificar al seguro de auto y al DMV: Es importante llamar a la aseguradora mientras este en la escena y reportar su reclamo para solicitar su compensaci\u00f3n. Tambi\u00e9n es importante informar el Departamento de Veh\u00edculos Motorizados.<\/p>\n<p>7) Contacte a un abogado: Los abogados van a negociar con las compa\u00f1\u00edas de seguros. A las compa\u00f1\u00edas de seguros les interesa solo ganar dinero y a menudo intentan rebajar las ofertas de las v\u00edctimas de accidentes. Un abogado puede ayudarle a negociar con las compa\u00f1\u00edas de seguros para asegurarse de que recibe un acuerdo justo y que reciba la compensaci\u00f3n que usted se merece.<\/p>\n<h2>Determinar qui\u00e9n tiene la culpa en Manassas<\/h2>\n<p>Cuando un accidente ocurre, en la mayor\u00eda de los estados, uno de los accidentados se considera \u201cculpable\u201d, y tiene la responsabilidad de cubrir las lesiones de sus pasajeros y del otro conductor. En la minor\u00eda, cuando los costos m\u00e9dicos son cubiertos individualmente por cada conductor, se lo considerar\u00eda como un estado \u201csin culpa\u201d. Al estado de Virginia se lo considerar\u00eda culpable.<br \/>\nPara determinar qui\u00e9n tiene la culpa, los seguros estudian el caso.<\/p>\n<p>Para ello se comunican con testigos, revisan los reportes policiales y discuten con los involucrados en el accidente. Adem\u00e1s, revisar\u00edan las fotograf\u00edas de la escena. Si uno es encontrado culpable en Manassas, el seguro del mismo se encargar\u00e1 de cubrir los da\u00f1os ocasionados como tambi\u00e9n los gastos m\u00e9dicos.<\/p>\n<h3>Las Ventajas de Contratar un Abogado de Manassas<\/h3>\n<p>Si se ha visto involucrado en un accidente en Manassas, es importante buscar el asesoramiento de un abogado. Un abogado puede ayudarle a navegar por el complejo proceso legal.<br \/>\nTambi\u00e9n va a negociar con las compa\u00f1\u00edas de seguros. A las compa\u00f1\u00edas de seguros les interesa solo ganar dinero. A menudo intentan rebajar las ofertas de las v\u00edctimas de accidentes. Un abogado puede ayudarle a negociar con las compa\u00f1\u00edas de seguros para asegurarse de que recibe un acuerdo justo y que reciba la compensaci\u00f3n que usted se merece.<\/p>\n<h2>\u00bfPorque Elegir a Malloy Law Offices?<\/h2>\n<p>\u2022 En nuestra firma, valoramos las relaciones. Forjamos una estrecha asociaci\u00f3n con nuestros clientes. Protegemos sus derechos, garantizando que sus preguntas sean respondidas y manteni\u00e9ndolos constantemente informados sobre el estado de sus casos.<br \/>\n\u2022 Nuestros abogados de lesiones personales trabajan en base a una cuota de contingencia \u2013usted no nos paga honorarios hasta que recuperemos la compensaci\u00f3n para usted.<br \/>\n\u2022 Nuestros abogados tienen + de 15 a\u00f1os de experiencia. Entendemos c\u00f3mo manejar los casos de accidentes y sabemos lo que se necesita para garantizar la m\u00e1xima compensaci\u00f3n para nuestros clientes.<\/p>\n<h4>\u00a1Contacte a Malloy Law Offices, LLC hoy!<\/h4>\n<p>Si usted ha estado involucrado en un accidente, no dude en ponerse en contacto con un abogado. En nuestra oficina la consulta es gratuita y no estar\u00e1 obligado a contratar un abogado. Sin embargo, se sorprender\u00e1 de lo mucho que puede ayudarle despu\u00e9s de un accidente. Nuestros abogados tienen m\u00e1s de 15 a\u00f1os de experiencia tomando casos de accidente de carros. Cont\u00e1ctenos hoy para una consulta gratuita por que nosotros queremos ganar su caso. Llame hoy mismo al <a href=\"tel: 703-215-2270\">(703)215-2270<\/a> para una <a href=\"https:\/\/www.malloy-law.com\/es\/contactenos\/\">consulta<\/a> gratuita.<\/p>\n","protected":false},"excerpt":{"rendered":"<p>En Virginia los accidentes de carro incrementan cada a\u00f1o. El Departamento de Veh\u00edculos Motorizados estima que un choque ocurre cada 4.4 minutos y 161 personas son lesionadas por d\u00eda. Se report\u00f3 que hubo 1011 fatalidades en Virginia por accidentes de carro en el 2022. En la ciudad de Manassas la mayor\u00eda de la populaci\u00f3n registro&#8230;<\/p>\n","protected":false},"author":1,"featured_media":0,"parent":17462,"menu_order":0,"comment_status":"closed","ping_status":"closed","template":"","meta":{"_acf_changed":false,"om_disable_all_campaigns":false,"advgb_blocks_editor_width":"","advgb_blocks_columns_visual_guide":"","footnotes":""},"class_list":["post-16311","page","type-page","status-publish","hentry"],"acf":[],"yoast_head":"<!-- This site is optimized with the Yoast SEO Premium plugin v27.4 (Yoast SEO v27.4) - https:\/\/yoast.com\/product\/yoast-seo-premium-wordpress\/ -->\n<title>Abogado de Accidentes de Carro en Manassas - Malloy Law<\/title>\n<meta name=\"description\" content=\"Los accidentes de carro en Manassas incrementan cada anualmente. Se reportaron 1011 fatalidades en el 2022 en el estado de Virginia.\" \/>\n<meta name=\"robots\" content=\"index, follow, max-snippet:-1, max-image-preview:large, max-video-preview:-1\" \/>\n<link rel=\"canonical\" href=\"https:\/\/www.malloy-law.com\/es\/lesiones-personales-en-manassas\/accidentes-de-carro-en-manassas\/\" \/>\n<meta property=\"og:locale\" content=\"es_ES\" \/>\n<meta property=\"og:type\" content=\"article\" \/>\n<meta property=\"og:title\" content=\"Abogado de Accidentes de Carro en Manassas\" \/>\n<meta property=\"og:description\" content=\"Los accidentes de carro en Manassas incrementan cada anualmente. Se reportaron 1011 fatalidades en el 2022 en el estado de Virginia.\" \/>\n<meta property=\"og:url\" content=\"https:\/\/www.malloy-law.com\/es\/lesiones-personales-en-manassas\/accidentes-de-carro-en-manassas\/\" \/>\n<meta property=\"og:site_name\" content=\"Malloy Law\" \/>\n<meta property=\"article:modified_time\" content=\"2025-07-29T16:42:04+00:00\" \/>\n<meta property=\"og:image\" content=\"https:\/\/www.malloy-law.com\/wp-content\/uploads\/2023\/02\/shutterstock_760582849-1.jpg\" \/>\n\t<meta property=\"og:image:width\" content=\"1000\" \/>\n\t<meta property=\"og:image:height\" content=\"654\" \/>\n\t<meta property=\"og:image:type\" content=\"image\/jpeg\" \/>\n<meta name=\"twitter:card\" content=\"summary_large_image\" \/>\n<meta name=\"twitter:label1\" content=\"Tiempo de lectura\" \/>\n\t<meta name=\"twitter:data1\" content=\"5 minutos\" \/>\n<script type=\"application\/ld+json\" class=\"yoast-schema-graph\">{\"@context\":\"https:\\\/\\\/schema.org\",\"@graph\":[{\"@type\":\"WebPage\",\"@id\":\"https:\\\/\\\/www.malloy-law.com\\\/es\\\/lesiones-personales-en-manassas\\\/accidentes-de-carro-en-manassas\\\/\",\"url\":\"https:\\\/\\\/www.malloy-law.com\\\/es\\\/lesiones-personales-en-manassas\\\/accidentes-de-carro-en-manassas\\\/\",\"name\":\"Abogado de Accidentes de Carro en Manassas - Malloy Law\",\"isPartOf\":{\"@id\":\"https:\\\/\\\/www.malloy-law.com\\\/#website\"},\"primaryImageOfPage\":{\"@id\":\"https:\\\/\\\/www.malloy-law.com\\\/es\\\/lesiones-personales-en-manassas\\\/accidentes-de-carro-en-manassas\\\/#primaryimage\"},\"image\":{\"@id\":\"https:\\\/\\\/www.malloy-law.com\\\/es\\\/lesiones-personales-en-manassas\\\/accidentes-de-carro-en-manassas\\\/#primaryimage\"},\"thumbnailUrl\":\"https:\\\/\\\/www.malloy-law.com\\\/wp-content\\\/uploads\\\/2023\\\/02\\\/shutterstock_760582849-1.jpg\",\"datePublished\":\"2023-02-10T16:41:29+00:00\",\"dateModified\":\"2025-07-29T16:42:04+00:00\",\"description\":\"Los accidentes de carro en Manassas incrementan cada anualmente. Se reportaron 1011 fatalidades en el 2022 en el estado de Virginia.\",\"breadcrumb\":{\"@id\":\"https:\\\/\\\/www.malloy-law.com\\\/es\\\/lesiones-personales-en-manassas\\\/accidentes-de-carro-en-manassas\\\/#breadcrumb\"},\"inLanguage\":\"es\",\"potentialAction\":[{\"@type\":\"ReadAction\",\"target\":[\"https:\\\/\\\/www.malloy-law.com\\\/es\\\/lesiones-personales-en-manassas\\\/accidentes-de-carro-en-manassas\\\/\"]}]},{\"@type\":\"ImageObject\",\"inLanguage\":\"es\",\"@id\":\"https:\\\/\\\/www.malloy-law.com\\\/es\\\/lesiones-personales-en-manassas\\\/accidentes-de-carro-en-manassas\\\/#primaryimage\",\"url\":\"https:\\\/\\\/www.malloy-law.com\\\/wp-content\\\/uploads\\\/2023\\\/02\\\/shutterstock_760582849-1.jpg\",\"contentUrl\":\"https:\\\/\\\/www.malloy-law.com\\\/wp-content\\\/uploads\\\/2023\\\/02\\\/shutterstock_760582849-1.jpg\"},{\"@type\":\"BreadcrumbList\",\"@id\":\"https:\\\/\\\/www.malloy-law.com\\\/es\\\/lesiones-personales-en-manassas\\\/accidentes-de-carro-en-manassas\\\/#breadcrumb\",\"itemListElement\":[{\"@type\":\"ListItem\",\"position\":1,\"name\":\"Home\",\"item\":\"https:\\\/\\\/www.malloy-law.com\\\/es\\\/\"},{\"@type\":\"ListItem\",\"position\":2,\"name\":\"Abogado de Lesiones Personales en Manassas\",\"item\":\"https:\\\/\\\/www.malloy-law.com\\\/es\\\/lesiones-personales-en-manassas\\\/\"},{\"@type\":\"ListItem\",\"position\":3,\"name\":\"Abogado de Accidentes de Carro en Manassas\"}]},{\"@type\":\"WebSite\",\"@id\":\"https:\\\/\\\/www.malloy-law.com\\\/#website\",\"url\":\"https:\\\/\\\/www.malloy-law.com\\\/\",\"name\":\"Malloy Law\",\"description\":\"\",\"publisher\":{\"@id\":\"https:\\\/\\\/www.malloy-law.com\\\/#organization\"},\"potentialAction\":[{\"@type\":\"SearchAction\",\"target\":{\"@type\":\"EntryPoint\",\"urlTemplate\":\"https:\\\/\\\/www.malloy-law.com\\\/?s={search_term_string}\"},\"query-input\":{\"@type\":\"PropertyValueSpecification\",\"valueRequired\":true,\"valueName\":\"search_term_string\"}}],\"inLanguage\":\"es\"},{\"@type\":\"Organization\",\"@id\":\"https:\\\/\\\/www.malloy-law.com\\\/#organization\",\"name\":\"Malloy Law Offices, LLC\",\"url\":\"https:\\\/\\\/www.malloy-law.com\\\/\",\"logo\":{\"@type\":\"ImageObject\",\"inLanguage\":\"es\",\"@id\":\"https:\\\/\\\/www.malloy-law.com\\\/#\\\/schema\\\/logo\\\/image\\\/\",\"url\":\"https:\\\/\\\/www.malloy-law.com\\\/wp-content\\\/uploads\\\/2019\\\/08\\\/MalloyLaw_Logo_Transparent.png\",\"contentUrl\":\"https:\\\/\\\/www.malloy-law.com\\\/wp-content\\\/uploads\\\/2019\\\/08\\\/MalloyLaw_Logo_Transparent.png\",\"width\":2147,\"height\":558,\"caption\":\"Malloy Law Offices, LLC\"},\"image\":{\"@id\":\"https:\\\/\\\/www.malloy-law.com\\\/#\\\/schema\\\/logo\\\/image\\\/\"}}]}<\/script>\n<!-- \/ Yoast SEO Premium plugin. -->","yoast_head_json":{"title":"Abogado de Accidentes de Carro en Manassas - Malloy Law","description":"Los accidentes de carro en Manassas incrementan cada anualmente. Se reportaron 1011 fatalidades en el 2022 en el estado de Virginia.","robots":{"index":"index","follow":"follow","max-snippet":"max-snippet:-1","max-image-preview":"max-image-preview:large","max-video-preview":"max-video-preview:-1"},"canonical":"https:\/\/www.malloy-law.com\/es\/lesiones-personales-en-manassas\/accidentes-de-carro-en-manassas\/","og_locale":"es_ES","og_type":"article","og_title":"Abogado de Accidentes de Carro en Manassas","og_description":"Los accidentes de carro en Manassas incrementan cada anualmente. Se reportaron 1011 fatalidades en el 2022 en el estado de Virginia.","og_url":"https:\/\/www.malloy-law.com\/es\/lesiones-personales-en-manassas\/accidentes-de-carro-en-manassas\/","og_site_name":"Malloy Law","article_modified_time":"2025-07-29T16:42:04+00:00","og_image":[{"width":1000,"height":654,"url":"https:\/\/www.malloy-law.com\/wp-content\/uploads\/2023\/02\/shutterstock_760582849-1.jpg","type":"image\/jpeg"}],"twitter_card":"summary_large_image","twitter_misc":{"Tiempo de lectura":"5 minutos"},"schema":{"@context":"https:\/\/schema.org","@graph":[{"@type":"WebPage","@id":"https:\/\/www.malloy-law.com\/es\/lesiones-personales-en-manassas\/accidentes-de-carro-en-manassas\/","url":"https:\/\/www.malloy-law.com\/es\/lesiones-personales-en-manassas\/accidentes-de-carro-en-manassas\/","name":"Abogado de Accidentes de Carro en Manassas - Malloy Law","isPartOf":{"@id":"https:\/\/www.malloy-law.com\/#website"},"primaryImageOfPage":{"@id":"https:\/\/www.malloy-law.com\/es\/lesiones-personales-en-manassas\/accidentes-de-carro-en-manassas\/#primaryimage"},"image":{"@id":"https:\/\/www.malloy-law.com\/es\/lesiones-personales-en-manassas\/accidentes-de-carro-en-manassas\/#primaryimage"},"thumbnailUrl":"https:\/\/www.malloy-law.com\/wp-content\/uploads\/2023\/02\/shutterstock_760582849-1.jpg","datePublished":"2023-02-10T16:41:29+00:00","dateModified":"2025-07-29T16:42:04+00:00","description":"Los accidentes de carro en Manassas incrementan cada anualmente. Se reportaron 1011 fatalidades en el 2022 en el estado de Virginia.","breadcrumb":{"@id":"https:\/\/www.malloy-law.com\/es\/lesiones-personales-en-manassas\/accidentes-de-carro-en-manassas\/#breadcrumb"},"inLanguage":"es","potentialAction":[{"@type":"ReadAction","target":["https:\/\/www.malloy-law.com\/es\/lesiones-personales-en-manassas\/accidentes-de-carro-en-manassas\/"]}]},{"@type":"ImageObject","inLanguage":"es","@id":"https:\/\/www.malloy-law.com\/es\/lesiones-personales-en-manassas\/accidentes-de-carro-en-manassas\/#primaryimage","url":"https:\/\/www.malloy-law.com\/wp-content\/uploads\/2023\/02\/shutterstock_760582849-1.jpg","contentUrl":"https:\/\/www.malloy-law.com\/wp-content\/uploads\/2023\/02\/shutterstock_760582849-1.jpg"},{"@type":"BreadcrumbList","@id":"https:\/\/www.malloy-law.com\/es\/lesiones-personales-en-manassas\/accidentes-de-carro-en-manassas\/#breadcrumb","itemListElement":[{"@type":"ListItem","position":1,"name":"Home","item":"https:\/\/www.malloy-law.com\/es\/"},{"@type":"ListItem","position":2,"name":"Abogado de Lesiones Personales en Manassas","item":"https:\/\/www.malloy-law.com\/es\/lesiones-personales-en-manassas\/"},{"@type":"ListItem","position":3,"name":"Abogado de Accidentes de Carro en Manassas"}]},{"@type":"WebSite","@id":"https:\/\/www.malloy-law.com\/#website","url":"https:\/\/www.malloy-law.com\/","name":"Malloy Law","description":"","publisher":{"@id":"https:\/\/www.malloy-law.com\/#organization"},"potentialAction":[{"@type":"SearchAction","target":{"@type":"EntryPoint","urlTemplate":"https:\/\/www.malloy-law.com\/?s={search_term_string}"},"query-input":{"@type":"PropertyValueSpecification","valueRequired":true,"valueName":"search_term_string"}}],"inLanguage":"es"},{"@type":"Organization","@id":"https:\/\/www.malloy-law.com\/#organization","name":"Malloy Law Offices, LLC","url":"https:\/\/www.malloy-law.com\/","logo":{"@type":"ImageObject","inLanguage":"es","@id":"https:\/\/www.malloy-law.com\/#\/schema\/logo\/image\/","url":"https:\/\/www.malloy-law.com\/wp-content\/uploads\/2019\/08\/MalloyLaw_Logo_Transparent.png","contentUrl":"https:\/\/www.malloy-law.com\/wp-content\/uploads\/2019\/08\/MalloyLaw_Logo_Transparent.png","width":2147,"height":558,"caption":"Malloy Law Offices, LLC"},"image":{"@id":"https:\/\/www.malloy-law.com\/#\/schema\/logo\/image\/"}}]}},"coauthors":[],"author_meta":{"author_link":"https:\/\/www.malloy-law.com\/es\/author\/admin\/","display_name":"admin"},"relative_dates":{"created":"Publicado 3 a\u00f1os hace","modified":"Actualizado 10 meses hace"},"absolute_dates":{"created":"Publicado el 10 de febrero de 2023","modified":"Actualizado el 29 de julio de 2025"},"absolute_dates_time":{"created":"Publicado el 10 de febrero de 2023 12:41","modified":"Actualizado el 29 de julio de 2025 12:42"},"featured_img_caption":"","featured_img":false,"series_order":"","_links":{"self":[{"href":"https:\/\/www.malloy-law.com\/es\/wp-json\/wp\/v2\/pages\/16311","targetHints":{"allow":["GET"]}}],"collection":[{"href":"https:\/\/www.malloy-law.com\/es\/wp-json\/wp\/v2\/pages"}],"about":[{"href":"https:\/\/www.malloy-law.com\/es\/wp-json\/wp\/v2\/types\/page"}],"author":[{"embeddable":true,"href":"https:\/\/www.malloy-law.com\/es\/wp-json\/wp\/v2\/users\/1"}],"replies":[{"embeddable":true,"href":"https:\/\/www.malloy-law.com\/es\/wp-json\/wp\/v2\/comments?post=16311"}],"version-history":[{"count":0,"href":"https:\/\/www.malloy-law.com\/es\/wp-json\/wp\/v2\/pages\/16311\/revisions"}],"up":[{"embeddable":true,"href":"https:\/\/www.malloy-law.com\/es\/wp-json\/wp\/v2\/pages\/17462"}],"wp:attachment":[{"href":"https:\/\/www.malloy-law.com\/es\/wp-json\/wp\/v2\/media?parent=16311"}],"curies":[{"name":"wp","href":"https:\/\/api.w.org\/{rel}","templated":true}]}}