{"id":16780,"date":"2023-02-22T13:41:14","date_gmt":"2023-02-22T17:41:14","guid":{"rendered":"https:\/\/malloytestcloud.kinsta.cloud\/?page_id=16780"},"modified":"2025-08-12T13:41:28","modified_gmt":"2025-08-12T17:41:28","slug":"estudio-de-mordida-de-perro-cliente-7","status":"publish","type":"page","link":"https:\/\/www.malloy-law.com\/es\/contenido\/estudio-de-mordida-de-perro-cliente-7\/","title":{"rendered":"Estudio de Mordida de Perro: Cliente #7"},"content":{"rendered":"<p>Los animales son propensos a atacar en cualquier momento. En estos casos no podemos excluir a los animales dom\u00e9sticos, como el perro. Se <a href=\"https:\/\/www.bankrate.com\/insurance\/homeowners-insurance\/pet-ownership-cost-statistics\/\">estima<\/a> que 69 millones de familias estadounidenses poseen al menos un perro El Centro para el Control y la Prevenci\u00f3n de Enfermedades (CDC) <a href=\"https:\/\/www.avma.org\/resources-tools\/pet-owners\/dog-bite-prevention\">reporta<\/a> que en los Estados Unidos alrededor de 4.5 millones de personas son afectadas por a\u00f1o concerniente a este tipo de accidente. A continuaci\u00f3n, le aconsejaremos las medidas que uno debe tomar en caso de ser afectado por las mordidas de perros. En este articulo le hablaremos sobre un estudio de mordida de perro tomado por nuestra firma. Cabe destacar que no nombraremos al cliente ni alguna informaci\u00f3n personal.<\/p>\n<h2>Estudio de mordida de perro tomado por Malloy Law Offices<\/h2>\n<p>Como lo hab\u00edamos mencionado antes, el ataque de un perro es un accidente muy com\u00fan. Los due\u00f1os deber\u00e1n realizarse cargo de cualquier lesi\u00f3n ocasionada por su mascota. Lastimosamente, uno no puede predecir cu\u00e1ndo un animal puede atacar. Nuestro cliente, un hombre, se encontraba en Virginia cuando ocurri\u00f3 el accidente. El mismo fue atacado por un perro. Nuestro cliente sufri\u00f3 tuvo que pasar por cirug\u00eda para cerrar su herida. El mismo recibi\u00f3 15 puntadas. Nuestra firma tomo el caso en el 2019. Estudio los datos e informaci\u00f3n y consigui\u00f3 todo lo necesario para defender su caso. Esto inclu\u00eda informaci\u00f3n del accidente por seguros como tambi\u00e9n facturas y records m\u00e9dicos. Al finalizar el caso la cliente fue indemnizada con $75,500. La misma ayudo a cubrir los gastos m\u00e9dicos.<\/p>\n<p style=\"text-align: center;\"><img decoding=\"async\" class=\"aligncenter wp-image-16786\" src=\"https:\/\/www.malloy-law.com\/wp-content\/uploads\/2023\/02\/pexels-koke-valle-11430667-683x1024.jpg\" alt=\"Estudio de mordida de perro\" width=\"416\" height=\"624\" srcset=\"https:\/\/www.malloy-law.com\/wp-content\/uploads\/2023\/02\/pexels-koke-valle-11430667-683x1024.jpg 683w, https:\/\/www.malloy-law.com\/wp-content\/uploads\/2023\/02\/pexels-koke-valle-11430667-200x300.jpg 200w, https:\/\/www.malloy-law.com\/wp-content\/uploads\/2023\/02\/pexels-koke-valle-11430667-768x1152.jpg 768w, https:\/\/www.malloy-law.com\/wp-content\/uploads\/2023\/02\/pexels-koke-valle-11430667-1024x1536.jpg 1024w, https:\/\/www.malloy-law.com\/wp-content\/uploads\/2023\/02\/pexels-koke-valle-11430667-1365x2048.jpg 1365w, https:\/\/www.malloy-law.com\/wp-content\/uploads\/2023\/02\/pexels-koke-valle-11430667-scaled.jpg 1707w\" sizes=\"(max-width: 416px) 100vw, 416px\" \/><\/p>\n<h2>Como ayudamos a nuestros clientes a enfrentar su caso<\/h2>\n<p>Los seguros de propietarios de casa se deber\u00e1n de hacer cargo gastos m\u00e9dicos si usted se encuentra responsable el accidente ocasionado por su perro. Es primordial que uno como due\u00f1o obtenga este tipo de seguro. Esto puede ser cubierto por la inclusi\u00f3n de cobertura de responsabilidad personal y cobertura de pago m\u00e9dico dentro del seguro. Es importante destacar que no todos los seguros cubren este tipo de accidentes. Distintos factores toman juego cuando se habla de este tipo de casos. Estos ser\u00edan la empresa de seguros, la pol\u00edtica de cobertura, la raza de perro y localizaci\u00f3n de uno.<\/p>\n<p>Si usted o un ser querido es v\u00edctima de un ataque, es importante solicitar este tipo de seguro del due\u00f1o cuando recolecte informaci\u00f3n. Si usted o alguien que conoce ha sido v\u00edctima de una mordedura de perro, es importante saber que tiene opciones legales. En <a href=\"https:\/\/www.malloy-law.com\/es\/\">Malloy Law Offices<\/a> atendemos muchos casos de mordedura de perros y estamos dispuestos a ayudarle con su caso. \u00a1<a href=\"https:\/\/www.malloy-law.com\/es\/contactenos\/\">Comun\u00edquese<\/a> con nuestras oficinas para una consulta gratuita!<\/p>\n","protected":false},"excerpt":{"rendered":"<p>Los animales son propensos a atacar en cualquier momento. En estos casos no podemos excluir a los animales dom\u00e9sticos, como el perro. Se estima que 69 millones de familias estadounidenses poseen al menos un perro El Centro para el Control y la Prevenci\u00f3n de Enfermedades (CDC) reporta que en los Estados Unidos alrededor de 4.5&#8230;<\/p>\n","protected":false},"author":1,"featured_media":0,"parent":10164,"menu_order":0,"comment_status":"closed","ping_status":"closed","template":"","meta":{"_acf_changed":false,"om_disable_all_campaigns":false,"advgb_blocks_editor_width":"","advgb_blocks_columns_visual_guide":"","footnotes":""},"class_list":["post-16780","page","type-page","status-publish","hentry"],"acf":[],"yoast_head":"<!-- This site is optimized with the Yoast SEO Premium plugin v27.4 (Yoast SEO v27.4) - https:\/\/yoast.com\/product\/yoast-seo-premium-wordpress\/ -->\n<title>Estudio de Mordida de Perro: Cliente #7 - Malloy Law<\/title>\n<meta name=\"description\" content=\"Millones de personas son afectadas anualmente por ataques de animales. Nosotros le hablaremos sobre un estudio de mordida de perro.\" \/>\n<meta name=\"robots\" content=\"index, follow, max-snippet:-1, max-image-preview:large, max-video-preview:-1\" \/>\n<link rel=\"canonical\" href=\"https:\/\/www.malloy-law.com\/es\/contenido\/estudio-de-mordida-de-perro-cliente-7\/\" \/>\n<meta property=\"og:locale\" content=\"es_ES\" \/>\n<meta property=\"og:type\" content=\"article\" \/>\n<meta property=\"og:title\" content=\"Estudio de Mordida de Perro: Cliente #7\" \/>\n<meta property=\"og:description\" content=\"Millones de personas son afectadas anualmente por ataques de animales. Nosotros le hablaremos sobre un estudio de mordida de perro.\" \/>\n<meta property=\"og:url\" content=\"https:\/\/www.malloy-law.com\/es\/contenido\/estudio-de-mordida-de-perro-cliente-7\/\" \/>\n<meta property=\"og:site_name\" content=\"Malloy Law\" \/>\n<meta property=\"article:modified_time\" content=\"2025-08-12T17:41:28+00:00\" \/>\n<meta property=\"og:image\" content=\"https:\/\/www.malloy-law.com\/wp-content\/uploads\/2023\/02\/pexels-koke-valle-11430667-scaled.jpg\" \/>\n\t<meta property=\"og:image:width\" content=\"1707\" \/>\n\t<meta property=\"og:image:height\" content=\"2560\" \/>\n\t<meta property=\"og:image:type\" content=\"image\/jpeg\" \/>\n<meta name=\"twitter:card\" content=\"summary_large_image\" \/>\n<meta name=\"twitter:label1\" content=\"Tiempo de lectura\" \/>\n\t<meta name=\"twitter:data1\" content=\"3 minutos\" \/>\n<script type=\"application\/ld+json\" class=\"yoast-schema-graph\">{\"@context\":\"https:\\\/\\\/schema.org\",\"@graph\":[{\"@type\":\"WebPage\",\"@id\":\"https:\\\/\\\/www.malloy-law.com\\\/es\\\/contenido\\\/estudio-de-mordida-de-perro-cliente-7\\\/\",\"url\":\"https:\\\/\\\/www.malloy-law.com\\\/es\\\/contenido\\\/estudio-de-mordida-de-perro-cliente-7\\\/\",\"name\":\"Estudio de Mordida de Perro: Cliente #7 - Malloy Law\",\"isPartOf\":{\"@id\":\"https:\\\/\\\/www.malloy-law.com\\\/#website\"},\"primaryImageOfPage\":{\"@id\":\"https:\\\/\\\/www.malloy-law.com\\\/es\\\/contenido\\\/estudio-de-mordida-de-perro-cliente-7\\\/#primaryimage\"},\"image\":{\"@id\":\"https:\\\/\\\/www.malloy-law.com\\\/es\\\/contenido\\\/estudio-de-mordida-de-perro-cliente-7\\\/#primaryimage\"},\"thumbnailUrl\":\"https:\\\/\\\/www.malloy-law.com\\\/wp-content\\\/uploads\\\/2023\\\/02\\\/pexels-koke-valle-11430667-683x1024.jpg\",\"datePublished\":\"2023-02-22T17:41:14+00:00\",\"dateModified\":\"2025-08-12T17:41:28+00:00\",\"description\":\"Millones de personas son afectadas anualmente por ataques de animales. Nosotros le hablaremos sobre un estudio de mordida de perro.\",\"breadcrumb\":{\"@id\":\"https:\\\/\\\/www.malloy-law.com\\\/es\\\/contenido\\\/estudio-de-mordida-de-perro-cliente-7\\\/#breadcrumb\"},\"inLanguage\":\"es\",\"potentialAction\":[{\"@type\":\"ReadAction\",\"target\":[\"https:\\\/\\\/www.malloy-law.com\\\/es\\\/contenido\\\/estudio-de-mordida-de-perro-cliente-7\\\/\"]}]},{\"@type\":\"ImageObject\",\"inLanguage\":\"es\",\"@id\":\"https:\\\/\\\/www.malloy-law.com\\\/es\\\/contenido\\\/estudio-de-mordida-de-perro-cliente-7\\\/#primaryimage\",\"url\":\"https:\\\/\\\/www.malloy-law.com\\\/wp-content\\\/uploads\\\/2023\\\/02\\\/pexels-koke-valle-11430667-683x1024.jpg\",\"contentUrl\":\"https:\\\/\\\/www.malloy-law.com\\\/wp-content\\\/uploads\\\/2023\\\/02\\\/pexels-koke-valle-11430667-683x1024.jpg\"},{\"@type\":\"BreadcrumbList\",\"@id\":\"https:\\\/\\\/www.malloy-law.com\\\/es\\\/contenido\\\/estudio-de-mordida-de-perro-cliente-7\\\/#breadcrumb\",\"itemListElement\":[{\"@type\":\"ListItem\",\"position\":1,\"name\":\"Home\",\"item\":\"https:\\\/\\\/www.malloy-law.com\\\/es\\\/\"},{\"@type\":\"ListItem\",\"position\":2,\"name\":\"Contenido\",\"item\":\"https:\\\/\\\/www.malloy-law.com\\\/es\\\/contenido\\\/\"},{\"@type\":\"ListItem\",\"position\":3,\"name\":\"Estudio de Mordida de Perro: Cliente #7\"}]},{\"@type\":\"WebSite\",\"@id\":\"https:\\\/\\\/www.malloy-law.com\\\/#website\",\"url\":\"https:\\\/\\\/www.malloy-law.com\\\/\",\"name\":\"Malloy Law\",\"description\":\"\",\"publisher\":{\"@id\":\"https:\\\/\\\/www.malloy-law.com\\\/#organization\"},\"potentialAction\":[{\"@type\":\"SearchAction\",\"target\":{\"@type\":\"EntryPoint\",\"urlTemplate\":\"https:\\\/\\\/www.malloy-law.com\\\/?s={search_term_string}\"},\"query-input\":{\"@type\":\"PropertyValueSpecification\",\"valueRequired\":true,\"valueName\":\"search_term_string\"}}],\"inLanguage\":\"es\"},{\"@type\":\"Organization\",\"@id\":\"https:\\\/\\\/www.malloy-law.com\\\/#organization\",\"name\":\"Malloy Law Offices, LLC\",\"url\":\"https:\\\/\\\/www.malloy-law.com\\\/\",\"logo\":{\"@type\":\"ImageObject\",\"inLanguage\":\"es\",\"@id\":\"https:\\\/\\\/www.malloy-law.com\\\/#\\\/schema\\\/logo\\\/image\\\/\",\"url\":\"https:\\\/\\\/www.malloy-law.com\\\/wp-content\\\/uploads\\\/2019\\\/08\\\/MalloyLaw_Logo_Transparent.png\",\"contentUrl\":\"https:\\\/\\\/www.malloy-law.com\\\/wp-content\\\/uploads\\\/2019\\\/08\\\/MalloyLaw_Logo_Transparent.png\",\"width\":2147,\"height\":558,\"caption\":\"Malloy Law Offices, LLC\"},\"image\":{\"@id\":\"https:\\\/\\\/www.malloy-law.com\\\/#\\\/schema\\\/logo\\\/image\\\/\"}}]}<\/script>\n<!-- \/ Yoast SEO Premium plugin. -->","yoast_head_json":{"title":"Estudio de Mordida de Perro: Cliente #7 - Malloy Law","description":"Millones de personas son afectadas anualmente por ataques de animales. Nosotros le hablaremos sobre un estudio de mordida de perro.","robots":{"index":"index","follow":"follow","max-snippet":"max-snippet:-1","max-image-preview":"max-image-preview:large","max-video-preview":"max-video-preview:-1"},"canonical":"https:\/\/www.malloy-law.com\/es\/contenido\/estudio-de-mordida-de-perro-cliente-7\/","og_locale":"es_ES","og_type":"article","og_title":"Estudio de Mordida de Perro: Cliente #7","og_description":"Millones de personas son afectadas anualmente por ataques de animales. Nosotros le hablaremos sobre un estudio de mordida de perro.","og_url":"https:\/\/www.malloy-law.com\/es\/contenido\/estudio-de-mordida-de-perro-cliente-7\/","og_site_name":"Malloy Law","article_modified_time":"2025-08-12T17:41:28+00:00","og_image":[{"width":1707,"height":2560,"url":"https:\/\/www.malloy-law.com\/wp-content\/uploads\/2023\/02\/pexels-koke-valle-11430667-scaled.jpg","type":"image\/jpeg"}],"twitter_card":"summary_large_image","twitter_misc":{"Tiempo de lectura":"3 minutos"},"schema":{"@context":"https:\/\/schema.org","@graph":[{"@type":"WebPage","@id":"https:\/\/www.malloy-law.com\/es\/contenido\/estudio-de-mordida-de-perro-cliente-7\/","url":"https:\/\/www.malloy-law.com\/es\/contenido\/estudio-de-mordida-de-perro-cliente-7\/","name":"Estudio de Mordida de Perro: Cliente #7 - Malloy Law","isPartOf":{"@id":"https:\/\/www.malloy-law.com\/#website"},"primaryImageOfPage":{"@id":"https:\/\/www.malloy-law.com\/es\/contenido\/estudio-de-mordida-de-perro-cliente-7\/#primaryimage"},"image":{"@id":"https:\/\/www.malloy-law.com\/es\/contenido\/estudio-de-mordida-de-perro-cliente-7\/#primaryimage"},"thumbnailUrl":"https:\/\/www.malloy-law.com\/wp-content\/uploads\/2023\/02\/pexels-koke-valle-11430667-683x1024.jpg","datePublished":"2023-02-22T17:41:14+00:00","dateModified":"2025-08-12T17:41:28+00:00","description":"Millones de personas son afectadas anualmente por ataques de animales. Nosotros le hablaremos sobre un estudio de mordida de perro.","breadcrumb":{"@id":"https:\/\/www.malloy-law.com\/es\/contenido\/estudio-de-mordida-de-perro-cliente-7\/#breadcrumb"},"inLanguage":"es","potentialAction":[{"@type":"ReadAction","target":["https:\/\/www.malloy-law.com\/es\/contenido\/estudio-de-mordida-de-perro-cliente-7\/"]}]},{"@type":"ImageObject","inLanguage":"es","@id":"https:\/\/www.malloy-law.com\/es\/contenido\/estudio-de-mordida-de-perro-cliente-7\/#primaryimage","url":"https:\/\/www.malloy-law.com\/wp-content\/uploads\/2023\/02\/pexels-koke-valle-11430667-683x1024.jpg","contentUrl":"https:\/\/www.malloy-law.com\/wp-content\/uploads\/2023\/02\/pexels-koke-valle-11430667-683x1024.jpg"},{"@type":"BreadcrumbList","@id":"https:\/\/www.malloy-law.com\/es\/contenido\/estudio-de-mordida-de-perro-cliente-7\/#breadcrumb","itemListElement":[{"@type":"ListItem","position":1,"name":"Home","item":"https:\/\/www.malloy-law.com\/es\/"},{"@type":"ListItem","position":2,"name":"Contenido","item":"https:\/\/www.malloy-law.com\/es\/contenido\/"},{"@type":"ListItem","position":3,"name":"Estudio de Mordida de Perro: Cliente #7"}]},{"@type":"WebSite","@id":"https:\/\/www.malloy-law.com\/#website","url":"https:\/\/www.malloy-law.com\/","name":"Malloy Law","description":"","publisher":{"@id":"https:\/\/www.malloy-law.com\/#organization"},"potentialAction":[{"@type":"SearchAction","target":{"@type":"EntryPoint","urlTemplate":"https:\/\/www.malloy-law.com\/?s={search_term_string}"},"query-input":{"@type":"PropertyValueSpecification","valueRequired":true,"valueName":"search_term_string"}}],"inLanguage":"es"},{"@type":"Organization","@id":"https:\/\/www.malloy-law.com\/#organization","name":"Malloy Law Offices, LLC","url":"https:\/\/www.malloy-law.com\/","logo":{"@type":"ImageObject","inLanguage":"es","@id":"https:\/\/www.malloy-law.com\/#\/schema\/logo\/image\/","url":"https:\/\/www.malloy-law.com\/wp-content\/uploads\/2019\/08\/MalloyLaw_Logo_Transparent.png","contentUrl":"https:\/\/www.malloy-law.com\/wp-content\/uploads\/2019\/08\/MalloyLaw_Logo_Transparent.png","width":2147,"height":558,"caption":"Malloy Law Offices, LLC"},"image":{"@id":"https:\/\/www.malloy-law.com\/#\/schema\/logo\/image\/"}}]}},"coauthors":[],"author_meta":{"author_link":"https:\/\/www.malloy-law.com\/es\/author\/admin\/","display_name":"admin"},"relative_dates":{"created":"Publicado 3 a\u00f1os hace","modified":"Actualizado 9 meses hace"},"absolute_dates":{"created":"Publicado el 22 de febrero de 2023","modified":"Actualizado el 12 de agosto de 2025"},"absolute_dates_time":{"created":"Publicado el 22 de febrero de 2023 13:41","modified":"Actualizado el 12 de agosto de 2025 13:41"},"featured_img_caption":"","featured_img":false,"series_order":"","_links":{"self":[{"href":"https:\/\/www.malloy-law.com\/es\/wp-json\/wp\/v2\/pages\/16780","targetHints":{"allow":["GET"]}}],"collection":[{"href":"https:\/\/www.malloy-law.com\/es\/wp-json\/wp\/v2\/pages"}],"about":[{"href":"https:\/\/www.malloy-law.com\/es\/wp-json\/wp\/v2\/types\/page"}],"author":[{"embeddable":true,"href":"https:\/\/www.malloy-law.com\/es\/wp-json\/wp\/v2\/users\/1"}],"replies":[{"embeddable":true,"href":"https:\/\/www.malloy-law.com\/es\/wp-json\/wp\/v2\/comments?post=16780"}],"version-history":[{"count":0,"href":"https:\/\/www.malloy-law.com\/es\/wp-json\/wp\/v2\/pages\/16780\/revisions"}],"up":[{"embeddable":true,"href":"https:\/\/www.malloy-law.com\/es\/wp-json\/wp\/v2\/pages\/10164"}],"wp:attachment":[{"href":"https:\/\/www.malloy-law.com\/es\/wp-json\/wp\/v2\/media?parent=16780"}],"curies":[{"name":"wp","href":"https:\/\/api.w.org\/{rel}","templated":true}]}}