{"id":16888,"date":"2023-02-24T10:13:10","date_gmt":"2023-02-24T14:13:10","guid":{"rendered":"https:\/\/malloytestcloud.kinsta.cloud\/?page_id=16888"},"modified":"2025-08-12T13:35:48","modified_gmt":"2025-08-12T17:35:48","slug":"debe-llamar-a-la-policia-despues-de-un-accidente-de-carro","status":"publish","type":"page","link":"https:\/\/www.malloy-law.com\/es\/contenido\/debe-llamar-a-la-policia-despues-de-un-accidente-de-carro\/","title":{"rendered":"\u00bfDebe llamar a la polic\u00eda despu\u00e9s de un accidente de carro?"},"content":{"rendered":"<p>Los accidentes de carro ocurren con m\u00e1s frecuencia por el nivel de tr\u00e1nsito. Los Estados Unidos es uno de los pa\u00edses m\u00e1s ocupados en termino de tr\u00e1fico. Se registraron cerca de 284 millones de veh\u00edculos operados en el 2021. <a href=\"https:\/\/www.statista.com\/topics\/3708\/road-accidents-in-the-us\/\">Cerca<\/a> de 12.15 millones de carros est\u00e1n involucrados en accidentes de tr\u00e1nsito. En cuanto a los accidentes no fatales, las lesiones en relaci\u00f3n a tr\u00e1fico, los pasajeros fueron los mayormente afectados. Es primordial contactar a los servicios de emergencias cuando ocurren este tipo de accidentes. Los mismos incluyen tanto a servicios m\u00e9dicos como a la polic\u00eda. La polic\u00eda en este caso tomara un reporte del accidente. El mismo reporte tendr\u00e1 informaci\u00f3n esencial para tratar su caso. Cabe destacar tambi\u00e9n se lo puede brindar a la corte como testigo.<\/p>\n<p><iframe loading=\"lazy\" title=\"Should You Call the Police After a Car Accident?\" width=\"500\" height=\"281\" src=\"https:\/\/www.youtube.com\/embed\/yh0CX7lxJb8?feature=oembed\" frameborder=\"0\" allow=\"accelerometer; autoplay; clipboard-write; encrypted-media; gyroscope; picture-in-picture; web-share\" referrerpolicy=\"strict-origin-when-cross-origin\" allowfullscreen><\/iframe><\/p>\n<h2>Que hacer despu\u00e9s de un accidente de transito<\/h2>\n<p>Encontrarse involucrado en un accidente puede ser traumatizante para todos los involucrados. Inmediatamente uno debe calmarse y asesorar la escena del accidente. Como hab\u00edamos mencionado antes, es primordial contactar a los servicios de emergencias.<\/p>\n<h3>Estos son los pasos que usted debe tomar:<\/h3>\n<p>1. Inspeccionar si usted o sus pasajeros est\u00e1n lesionados: si este es el caso, es primordial buscar atenci\u00f3n m\u00e9dica, llame al 911.<\/p>\n<p>2. Moverse a una zona segura: Si es posible, establ\u00e9zcase al costado de la calle con su veh\u00edculo. En el caso que el mismo no sea posible, abandonar el veh\u00edculo e ir a una zona segura.<\/p>\n<p>3. Llamar a emergencias: No importa si el accidente es leve o grave, en algunos estados es legalmente requerido contactar a emergencias y la polic\u00eda. Los \u00faltimos se encargar\u00e1n de reportar y documentar el accidente. Uno mismo tambi\u00e9n puede reportar el accidente en una estaci\u00f3n policial. Este reportaje es esencial a la hora de reclamar su seguro.<\/p>\n<p>4. Intercambiar la informaci\u00f3n con el involucrado: Es importante intercambiar la informaci\u00f3n de contacto y seguro de conducir con el otro conductor. Cuando uno reclama la compensaci\u00f3n la compa\u00f1\u00eda de seguro estudiara el reportaje y otros documentos (como fotograf\u00edas) para determinar qui\u00e9n es culpable.<\/p>\n<p>5. Documentar el accidente: Ya sea el solicitar el nombre de los polic\u00edas y el conductor involucrado, obtener una copia del reportaje, tomar fotograf\u00edas y hablar con testigos.<\/p>\n<p>6. Notificar al seguro de auto y al DMV: Es importante llamar a la aseguradora mientras este en la escena y reportar su reclamo para solicitar su compensaci\u00f3n. Tambi\u00e9n es importante informar el Departamento de Veh\u00edculos Motorizados.<\/p>\n<p style=\"text-align: center;\"><img decoding=\"async\" class=\"aligncenter wp-image-16889\" src=\"https:\/\/www.malloy-law.com\/wp-content\/uploads\/2023\/02\/shutterstock_1464660791.jpg\" alt=\"Polic\u00eda en accidente de carro\" width=\"543\" height=\"362\" srcset=\"https:\/\/www.malloy-law.com\/wp-content\/uploads\/2023\/02\/shutterstock_1464660791.jpg 1000w, https:\/\/www.malloy-law.com\/wp-content\/uploads\/2023\/02\/shutterstock_1464660791-300x200.jpg 300w, https:\/\/www.malloy-law.com\/wp-content\/uploads\/2023\/02\/shutterstock_1464660791-768x512.jpg 768w\" sizes=\"(max-width: 543px) 100vw, 543px\" \/><\/p>\n<h4>\u00a1Contacte a Malloy Law Offices, LLC hoy!<\/h4>\n<p>Si usted ha estado involucrado en un accidente, no dude en ponerse en contacto con un abogado. En <a href=\"https:\/\/www.malloy-law.com\/es\/\">Malloy Law Offices<\/a> la consulta es gratuita y no estar\u00e1 obligado a contratar un abogado. Sin embargo, se sorprender\u00e1 de lo mucho que puede ayudarle despu\u00e9s de un accidente. Nuestros abogados tienen m\u00e1s de 15 a\u00f1os de experiencia tomando casos de accidente de carros. <a href=\"https:\/\/www.malloy-law.com\/es\/contactenos\/\">Cont\u00e1ctenos<\/a> hoy para una consulta gratuita por que nosotros queremos ganar su caso.<\/p>\n","protected":false},"excerpt":{"rendered":"<p>Los accidentes de carro ocurren con m\u00e1s frecuencia por el nivel de tr\u00e1nsito. Los Estados Unidos es uno de los pa\u00edses m\u00e1s ocupados en termino de tr\u00e1fico. Se registraron cerca de 284 millones de veh\u00edculos operados en el 2021. Cerca de 12.15 millones de carros est\u00e1n involucrados en accidentes de tr\u00e1nsito. En cuanto a los&#8230;<\/p>\n","protected":false},"author":1,"featured_media":0,"parent":10164,"menu_order":0,"comment_status":"closed","ping_status":"closed","template":"","meta":{"_acf_changed":false,"om_disable_all_campaigns":false,"advgb_blocks_editor_width":"","advgb_blocks_columns_visual_guide":"","footnotes":""},"class_list":["post-16888","page","type-page","status-publish","hentry"],"acf":[],"yoast_head":"<!-- This site is optimized with the Yoast SEO Premium plugin v27.4 (Yoast SEO v27.4) - https:\/\/yoast.com\/product\/yoast-seo-premium-wordpress\/ -->\n<title>\u00bfDebe llamar a la polic\u00eda despu\u00e9s de un accidente de carro? - Malloy Law<\/title>\n<meta name=\"description\" content=\"Cerca de 12.15 millones de carros est\u00e1n involucrados en accidentes. Es primordial contactar a la polic\u00eda con este tipo de accidentes.\" \/>\n<meta name=\"robots\" content=\"index, follow, max-snippet:-1, max-image-preview:large, max-video-preview:-1\" \/>\n<link rel=\"canonical\" href=\"https:\/\/www.malloy-law.com\/es\/contenido\/debe-llamar-a-la-policia-despues-de-un-accidente-de-carro\/\" \/>\n<meta property=\"og:locale\" content=\"es_ES\" \/>\n<meta property=\"og:type\" content=\"article\" \/>\n<meta property=\"og:title\" content=\"\u00bfDebe llamar a la polic\u00eda despu\u00e9s de un accidente de carro?\" \/>\n<meta property=\"og:description\" content=\"Cerca de 12.15 millones de carros est\u00e1n involucrados en accidentes. Es primordial contactar a la polic\u00eda con este tipo de accidentes.\" \/>\n<meta property=\"og:url\" content=\"https:\/\/www.malloy-law.com\/es\/contenido\/debe-llamar-a-la-policia-despues-de-un-accidente-de-carro\/\" \/>\n<meta property=\"og:site_name\" content=\"Malloy Law\" \/>\n<meta property=\"article:modified_time\" content=\"2025-08-12T17:35:48+00:00\" \/>\n<meta property=\"og:image\" content=\"https:\/\/www.malloy-law.com\/wp-content\/uploads\/2023\/02\/shutterstock_1464660791.jpg\" \/>\n\t<meta property=\"og:image:width\" content=\"1000\" \/>\n\t<meta property=\"og:image:height\" content=\"667\" \/>\n\t<meta property=\"og:image:type\" content=\"image\/jpeg\" \/>\n<meta name=\"twitter:card\" content=\"summary_large_image\" \/>\n<meta name=\"twitter:label1\" content=\"Tiempo de lectura\" \/>\n\t<meta name=\"twitter:data1\" content=\"3 minutos\" \/>\n<script type=\"application\/ld+json\" class=\"yoast-schema-graph\">{\"@context\":\"https:\\\/\\\/schema.org\",\"@graph\":[{\"@type\":\"WebPage\",\"@id\":\"https:\\\/\\\/www.malloy-law.com\\\/es\\\/contenido\\\/debe-llamar-a-la-policia-despues-de-un-accidente-de-carro\\\/\",\"url\":\"https:\\\/\\\/www.malloy-law.com\\\/es\\\/contenido\\\/debe-llamar-a-la-policia-despues-de-un-accidente-de-carro\\\/\",\"name\":\"\u00bfDebe llamar a la polic\u00eda despu\u00e9s de un accidente de carro? - Malloy Law\",\"isPartOf\":{\"@id\":\"https:\\\/\\\/www.malloy-law.com\\\/#website\"},\"primaryImageOfPage\":{\"@id\":\"https:\\\/\\\/www.malloy-law.com\\\/es\\\/contenido\\\/debe-llamar-a-la-policia-despues-de-un-accidente-de-carro\\\/#primaryimage\"},\"image\":{\"@id\":\"https:\\\/\\\/www.malloy-law.com\\\/es\\\/contenido\\\/debe-llamar-a-la-policia-despues-de-un-accidente-de-carro\\\/#primaryimage\"},\"thumbnailUrl\":\"https:\\\/\\\/www.malloy-law.com\\\/wp-content\\\/uploads\\\/2023\\\/02\\\/shutterstock_1464660791.jpg\",\"datePublished\":\"2023-02-24T14:13:10+00:00\",\"dateModified\":\"2025-08-12T17:35:48+00:00\",\"description\":\"Cerca de 12.15 millones de carros est\u00e1n involucrados en accidentes. Es primordial contactar a la polic\u00eda con este tipo de accidentes.\",\"breadcrumb\":{\"@id\":\"https:\\\/\\\/www.malloy-law.com\\\/es\\\/contenido\\\/debe-llamar-a-la-policia-despues-de-un-accidente-de-carro\\\/#breadcrumb\"},\"inLanguage\":\"es\",\"potentialAction\":[{\"@type\":\"ReadAction\",\"target\":[\"https:\\\/\\\/www.malloy-law.com\\\/es\\\/contenido\\\/debe-llamar-a-la-policia-despues-de-un-accidente-de-carro\\\/\"]}]},{\"@type\":\"ImageObject\",\"inLanguage\":\"es\",\"@id\":\"https:\\\/\\\/www.malloy-law.com\\\/es\\\/contenido\\\/debe-llamar-a-la-policia-despues-de-un-accidente-de-carro\\\/#primaryimage\",\"url\":\"https:\\\/\\\/www.malloy-law.com\\\/wp-content\\\/uploads\\\/2023\\\/02\\\/shutterstock_1464660791.jpg\",\"contentUrl\":\"https:\\\/\\\/www.malloy-law.com\\\/wp-content\\\/uploads\\\/2023\\\/02\\\/shutterstock_1464660791.jpg\"},{\"@type\":\"BreadcrumbList\",\"@id\":\"https:\\\/\\\/www.malloy-law.com\\\/es\\\/contenido\\\/debe-llamar-a-la-policia-despues-de-un-accidente-de-carro\\\/#breadcrumb\",\"itemListElement\":[{\"@type\":\"ListItem\",\"position\":1,\"name\":\"Home\",\"item\":\"https:\\\/\\\/www.malloy-law.com\\\/es\\\/\"},{\"@type\":\"ListItem\",\"position\":2,\"name\":\"Contenido\",\"item\":\"https:\\\/\\\/www.malloy-law.com\\\/es\\\/contenido\\\/\"},{\"@type\":\"ListItem\",\"position\":3,\"name\":\"\u00bfDebe llamar a la polic\u00eda despu\u00e9s de un accidente de carro?\"}]},{\"@type\":\"WebSite\",\"@id\":\"https:\\\/\\\/www.malloy-law.com\\\/#website\",\"url\":\"https:\\\/\\\/www.malloy-law.com\\\/\",\"name\":\"Malloy Law\",\"description\":\"\",\"publisher\":{\"@id\":\"https:\\\/\\\/www.malloy-law.com\\\/#organization\"},\"potentialAction\":[{\"@type\":\"SearchAction\",\"target\":{\"@type\":\"EntryPoint\",\"urlTemplate\":\"https:\\\/\\\/www.malloy-law.com\\\/?s={search_term_string}\"},\"query-input\":{\"@type\":\"PropertyValueSpecification\",\"valueRequired\":true,\"valueName\":\"search_term_string\"}}],\"inLanguage\":\"es\"},{\"@type\":\"Organization\",\"@id\":\"https:\\\/\\\/www.malloy-law.com\\\/#organization\",\"name\":\"Malloy Law Offices, LLC\",\"url\":\"https:\\\/\\\/www.malloy-law.com\\\/\",\"logo\":{\"@type\":\"ImageObject\",\"inLanguage\":\"es\",\"@id\":\"https:\\\/\\\/www.malloy-law.com\\\/#\\\/schema\\\/logo\\\/image\\\/\",\"url\":\"https:\\\/\\\/www.malloy-law.com\\\/wp-content\\\/uploads\\\/2019\\\/08\\\/MalloyLaw_Logo_Transparent.png\",\"contentUrl\":\"https:\\\/\\\/www.malloy-law.com\\\/wp-content\\\/uploads\\\/2019\\\/08\\\/MalloyLaw_Logo_Transparent.png\",\"width\":2147,\"height\":558,\"caption\":\"Malloy Law Offices, LLC\"},\"image\":{\"@id\":\"https:\\\/\\\/www.malloy-law.com\\\/#\\\/schema\\\/logo\\\/image\\\/\"}}]}<\/script>\n<!-- \/ Yoast SEO Premium plugin. -->","yoast_head_json":{"title":"\u00bfDebe llamar a la polic\u00eda despu\u00e9s de un accidente de carro? - Malloy Law","description":"Cerca de 12.15 millones de carros est\u00e1n involucrados en accidentes. Es primordial contactar a la polic\u00eda con este tipo de accidentes.","robots":{"index":"index","follow":"follow","max-snippet":"max-snippet:-1","max-image-preview":"max-image-preview:large","max-video-preview":"max-video-preview:-1"},"canonical":"https:\/\/www.malloy-law.com\/es\/contenido\/debe-llamar-a-la-policia-despues-de-un-accidente-de-carro\/","og_locale":"es_ES","og_type":"article","og_title":"\u00bfDebe llamar a la polic\u00eda despu\u00e9s de un accidente de carro?","og_description":"Cerca de 12.15 millones de carros est\u00e1n involucrados en accidentes. Es primordial contactar a la polic\u00eda con este tipo de accidentes.","og_url":"https:\/\/www.malloy-law.com\/es\/contenido\/debe-llamar-a-la-policia-despues-de-un-accidente-de-carro\/","og_site_name":"Malloy Law","article_modified_time":"2025-08-12T17:35:48+00:00","og_image":[{"width":1000,"height":667,"url":"https:\/\/www.malloy-law.com\/wp-content\/uploads\/2023\/02\/shutterstock_1464660791.jpg","type":"image\/jpeg"}],"twitter_card":"summary_large_image","twitter_misc":{"Tiempo de lectura":"3 minutos"},"schema":{"@context":"https:\/\/schema.org","@graph":[{"@type":"WebPage","@id":"https:\/\/www.malloy-law.com\/es\/contenido\/debe-llamar-a-la-policia-despues-de-un-accidente-de-carro\/","url":"https:\/\/www.malloy-law.com\/es\/contenido\/debe-llamar-a-la-policia-despues-de-un-accidente-de-carro\/","name":"\u00bfDebe llamar a la polic\u00eda despu\u00e9s de un accidente de carro? - Malloy Law","isPartOf":{"@id":"https:\/\/www.malloy-law.com\/#website"},"primaryImageOfPage":{"@id":"https:\/\/www.malloy-law.com\/es\/contenido\/debe-llamar-a-la-policia-despues-de-un-accidente-de-carro\/#primaryimage"},"image":{"@id":"https:\/\/www.malloy-law.com\/es\/contenido\/debe-llamar-a-la-policia-despues-de-un-accidente-de-carro\/#primaryimage"},"thumbnailUrl":"https:\/\/www.malloy-law.com\/wp-content\/uploads\/2023\/02\/shutterstock_1464660791.jpg","datePublished":"2023-02-24T14:13:10+00:00","dateModified":"2025-08-12T17:35:48+00:00","description":"Cerca de 12.15 millones de carros est\u00e1n involucrados en accidentes. Es primordial contactar a la polic\u00eda con este tipo de accidentes.","breadcrumb":{"@id":"https:\/\/www.malloy-law.com\/es\/contenido\/debe-llamar-a-la-policia-despues-de-un-accidente-de-carro\/#breadcrumb"},"inLanguage":"es","potentialAction":[{"@type":"ReadAction","target":["https:\/\/www.malloy-law.com\/es\/contenido\/debe-llamar-a-la-policia-despues-de-un-accidente-de-carro\/"]}]},{"@type":"ImageObject","inLanguage":"es","@id":"https:\/\/www.malloy-law.com\/es\/contenido\/debe-llamar-a-la-policia-despues-de-un-accidente-de-carro\/#primaryimage","url":"https:\/\/www.malloy-law.com\/wp-content\/uploads\/2023\/02\/shutterstock_1464660791.jpg","contentUrl":"https:\/\/www.malloy-law.com\/wp-content\/uploads\/2023\/02\/shutterstock_1464660791.jpg"},{"@type":"BreadcrumbList","@id":"https:\/\/www.malloy-law.com\/es\/contenido\/debe-llamar-a-la-policia-despues-de-un-accidente-de-carro\/#breadcrumb","itemListElement":[{"@type":"ListItem","position":1,"name":"Home","item":"https:\/\/www.malloy-law.com\/es\/"},{"@type":"ListItem","position":2,"name":"Contenido","item":"https:\/\/www.malloy-law.com\/es\/contenido\/"},{"@type":"ListItem","position":3,"name":"\u00bfDebe llamar a la polic\u00eda despu\u00e9s de un accidente de carro?"}]},{"@type":"WebSite","@id":"https:\/\/www.malloy-law.com\/#website","url":"https:\/\/www.malloy-law.com\/","name":"Malloy Law","description":"","publisher":{"@id":"https:\/\/www.malloy-law.com\/#organization"},"potentialAction":[{"@type":"SearchAction","target":{"@type":"EntryPoint","urlTemplate":"https:\/\/www.malloy-law.com\/?s={search_term_string}"},"query-input":{"@type":"PropertyValueSpecification","valueRequired":true,"valueName":"search_term_string"}}],"inLanguage":"es"},{"@type":"Organization","@id":"https:\/\/www.malloy-law.com\/#organization","name":"Malloy Law Offices, LLC","url":"https:\/\/www.malloy-law.com\/","logo":{"@type":"ImageObject","inLanguage":"es","@id":"https:\/\/www.malloy-law.com\/#\/schema\/logo\/image\/","url":"https:\/\/www.malloy-law.com\/wp-content\/uploads\/2019\/08\/MalloyLaw_Logo_Transparent.png","contentUrl":"https:\/\/www.malloy-law.com\/wp-content\/uploads\/2019\/08\/MalloyLaw_Logo_Transparent.png","width":2147,"height":558,"caption":"Malloy Law Offices, LLC"},"image":{"@id":"https:\/\/www.malloy-law.com\/#\/schema\/logo\/image\/"}}]}},"coauthors":[],"author_meta":{"author_link":"https:\/\/www.malloy-law.com\/es\/author\/admin\/","display_name":"admin"},"relative_dates":{"created":"Publicado 3 a\u00f1os hace","modified":"Actualizado 9 meses hace"},"absolute_dates":{"created":"Publicado el 24 de febrero de 2023","modified":"Actualizado el 12 de agosto de 2025"},"absolute_dates_time":{"created":"Publicado el 24 de febrero de 2023 10:13","modified":"Actualizado el 12 de agosto de 2025 13:35"},"featured_img_caption":"","featured_img":false,"series_order":"","_links":{"self":[{"href":"https:\/\/www.malloy-law.com\/es\/wp-json\/wp\/v2\/pages\/16888","targetHints":{"allow":["GET"]}}],"collection":[{"href":"https:\/\/www.malloy-law.com\/es\/wp-json\/wp\/v2\/pages"}],"about":[{"href":"https:\/\/www.malloy-law.com\/es\/wp-json\/wp\/v2\/types\/page"}],"author":[{"embeddable":true,"href":"https:\/\/www.malloy-law.com\/es\/wp-json\/wp\/v2\/users\/1"}],"replies":[{"embeddable":true,"href":"https:\/\/www.malloy-law.com\/es\/wp-json\/wp\/v2\/comments?post=16888"}],"version-history":[{"count":0,"href":"https:\/\/www.malloy-law.com\/es\/wp-json\/wp\/v2\/pages\/16888\/revisions"}],"up":[{"embeddable":true,"href":"https:\/\/www.malloy-law.com\/es\/wp-json\/wp\/v2\/pages\/10164"}],"wp:attachment":[{"href":"https:\/\/www.malloy-law.com\/es\/wp-json\/wp\/v2\/media?parent=16888"}],"curies":[{"name":"wp","href":"https:\/\/api.w.org\/{rel}","templated":true}]}}