{"id":17606,"date":"2023-03-13T11:18:27","date_gmt":"2023-03-13T15:18:27","guid":{"rendered":"https:\/\/malloytestcloud.kinsta.cloud\/?page_id=17606"},"modified":"2025-08-12T13:24:28","modified_gmt":"2025-08-12T17:24:28","slug":"porque-evitamos-usar-el-termino-whiplash","status":"publish","type":"page","link":"https:\/\/www.malloy-law.com\/es\/contenido\/porque-evitamos-usar-el-termino-whiplash\/","title":{"rendered":"Porque evitamos usar el t\u00e9rmino \u00abWhiplash\u00bb"},"content":{"rendered":"<p>Ya sea que usted o un ser querido haya estado involucrado en un accidente o haya sufrido de una negligencia m\u00e9dica, se merecen una representaci\u00f3n personalizada de primer nivel en su caso de lesiones personales. En Malloy Law Offices, nuestro objetivo es ayudarlo a recibir la indemnizaci\u00f3n que merece por su p\u00e9rdida relacionada con casos como accidentes automovil\u00edsticos, incluyendo autom\u00f3viles, camiones y motocicletas, accidentes de bicicleta, accidentes de peatones, resbalones y ca\u00eddas, abuso en hogares de ancianos, y muerte por negligencia, por nombrar algunos. Si sufri\u00f3 una lesi\u00f3n personal, hablar con un abogado. A continuaci\u00f3n, mencionaremos porque evitamos el usar el t\u00e9rmino \u201cwhiplash\u201d cuando hablamos de lesiones personales.<\/p>\n<p><iframe loading=\"lazy\" title=\"Why I NEVER use the Word &quot;Whiplash&quot; in Court\" width=\"500\" height=\"281\" src=\"https:\/\/www.youtube.com\/embed\/_Lw5_XcM7Vk?feature=oembed\" frameborder=\"0\" allow=\"accelerometer; autoplay; clipboard-write; encrypted-media; gyroscope; picture-in-picture; web-share\" referrerpolicy=\"strict-origin-when-cross-origin\" allowfullscreen><\/iframe><\/p>\n<h2>\u00bfCu\u00e1l es el significado del t\u00e9rmino \u201cWhiplash\u201d y porque lo evitamos?<\/h2>\n<p>El t\u00e9rmino de la palabra \u00ab<a href=\"https:\/\/www.malloy-law.com\/definitions\/\">Whiplash<\/a>\u00bb fue creado por compa\u00f1\u00edas de seguro. Las mismas buscan desacreditar la severidad de las lesiones personales por accidentes. Se refieren a las lesiones que no necesariamente requieren cirug\u00eda, pero m\u00e1s bien pueden ser tratados por terapia f\u00edsica. Tambi\u00e9n se refieren a las lesiones donde no incluyen a huesos rotos. En una corte los abogados prefieren usar los t\u00e9rminos m\u00e9dicos. Los abogados evitan usar el t\u00e9rmino mencionado debido al origen de la palabra. Es por ello que siempre recomendamos a los accidentados a tratar sus lesiones con un experto.<\/p>\n<p style=\"text-align: center;\"><img decoding=\"async\" class=\"aligncenter wp-image-17607\" src=\"https:\/\/www.malloy-law.com\/wp-content\/uploads\/2023\/03\/pexels-kindel-media-7298647-1024x577.jpg\" alt=\"Whiplash\" width=\"586\" height=\"330\" srcset=\"https:\/\/www.malloy-law.com\/wp-content\/uploads\/2023\/03\/pexels-kindel-media-7298647-1024x577.jpg 1024w, https:\/\/www.malloy-law.com\/wp-content\/uploads\/2023\/03\/pexels-kindel-media-7298647-300x169.jpg 300w, https:\/\/www.malloy-law.com\/wp-content\/uploads\/2023\/03\/pexels-kindel-media-7298647-768x433.jpg 768w, https:\/\/www.malloy-law.com\/wp-content\/uploads\/2023\/03\/pexels-kindel-media-7298647-1536x865.jpg 1536w, https:\/\/www.malloy-law.com\/wp-content\/uploads\/2023\/03\/pexels-kindel-media-7298647-2048x1154.jpg 2048w\" sizes=\"(max-width: 586px) 100vw, 586px\" \/><\/p>\n<h2>Poderosa Representaci\u00f3n y Atenci\u00f3n Personal<\/h2>\n<p>Malloy Law Offices comprende perfectamente que este es un momento muy estresante. Todos nuestros abogados en lesiones personales priorizan a nuestros clientes. Los mismos luchan incansablemente para obtener los mejores resultados posibles, sin importar cu\u00e1n complejo sea el caso. Tratamos cada caso con la atenci\u00f3n especializada que merece, brindando asistencia y apoyo a los clientes en cada etapa del proceso legal. Nuestro bufete opera en base a una tarifa de contingencia, lo que significa que no tiene que pagarnos a menos que ganemos su caso. <a href=\"https:\/\/www.malloy-law.com\/es\/contactenos\/\">Cont\u00e1ctenos<\/a> hoy para recibir una consulta gratuita.<\/p>\n","protected":false},"excerpt":{"rendered":"<p>Ya sea que usted o un ser querido haya estado involucrado en un accidente o haya sufrido de una negligencia m\u00e9dica, se merecen una representaci\u00f3n personalizada de primer nivel en su caso de lesiones personales. En Malloy Law Offices, nuestro objetivo es ayudarlo a recibir la indemnizaci\u00f3n que merece por su p\u00e9rdida relacionada con casos&#8230;<\/p>\n","protected":false},"author":1,"featured_media":0,"parent":10164,"menu_order":0,"comment_status":"closed","ping_status":"closed","template":"","meta":{"_acf_changed":false,"om_disable_all_campaigns":false,"advgb_blocks_editor_width":"","advgb_blocks_columns_visual_guide":"","footnotes":""},"class_list":["post-17606","page","type-page","status-publish","hentry"],"acf":[],"yoast_head":"<!-- This site is optimized with the Yoast SEO Premium plugin v27.4 (Yoast SEO v27.4) - https:\/\/yoast.com\/product\/yoast-seo-premium-wordpress\/ -->\n<title>Porque evitamos usar el t\u00e9rmino &quot;Whiplash&quot; - Malloy Law<\/title>\n<meta name=\"description\" content=\"El termino Whiplash busca desacreditar la severidad de las lesiones por accidentes. Se refiere a las lesiones que no requieren cirugia.\" \/>\n<meta name=\"robots\" content=\"index, follow, max-snippet:-1, max-image-preview:large, max-video-preview:-1\" \/>\n<link rel=\"canonical\" href=\"https:\/\/www.malloy-law.com\/es\/contenido\/porque-evitamos-usar-el-termino-whiplash\/\" \/>\n<meta property=\"og:locale\" content=\"es_ES\" \/>\n<meta property=\"og:type\" content=\"article\" \/>\n<meta property=\"og:title\" content=\"Porque evitamos usar el t\u00e9rmino &quot;Whiplash&quot;\" \/>\n<meta property=\"og:description\" content=\"El termino Whiplash busca desacreditar la severidad de las lesiones por accidentes. Se refiere a las lesiones que no requieren cirugia.\" \/>\n<meta property=\"og:url\" content=\"https:\/\/www.malloy-law.com\/es\/contenido\/porque-evitamos-usar-el-termino-whiplash\/\" \/>\n<meta property=\"og:site_name\" content=\"Malloy Law\" \/>\n<meta property=\"article:modified_time\" content=\"2025-08-12T17:24:28+00:00\" \/>\n<meta property=\"og:image\" content=\"https:\/\/www.malloy-law.com\/wp-content\/uploads\/2023\/03\/pexels-kindel-media-7298647-scaled.jpg\" \/>\n\t<meta property=\"og:image:width\" content=\"2560\" \/>\n\t<meta property=\"og:image:height\" content=\"1442\" \/>\n\t<meta property=\"og:image:type\" content=\"image\/jpeg\" \/>\n<meta name=\"twitter:card\" content=\"summary_large_image\" \/>\n<meta name=\"twitter:label1\" content=\"Tiempo de lectura\" \/>\n\t<meta name=\"twitter:data1\" content=\"2 minutos\" \/>\n<script type=\"application\/ld+json\" class=\"yoast-schema-graph\">{\"@context\":\"https:\\\/\\\/schema.org\",\"@graph\":[{\"@type\":\"WebPage\",\"@id\":\"https:\\\/\\\/www.malloy-law.com\\\/es\\\/contenido\\\/porque-evitamos-usar-el-termino-whiplash\\\/\",\"url\":\"https:\\\/\\\/www.malloy-law.com\\\/es\\\/contenido\\\/porque-evitamos-usar-el-termino-whiplash\\\/\",\"name\":\"Porque evitamos usar el t\u00e9rmino \\\"Whiplash\\\" - Malloy Law\",\"isPartOf\":{\"@id\":\"https:\\\/\\\/www.malloy-law.com\\\/#website\"},\"primaryImageOfPage\":{\"@id\":\"https:\\\/\\\/www.malloy-law.com\\\/es\\\/contenido\\\/porque-evitamos-usar-el-termino-whiplash\\\/#primaryimage\"},\"image\":{\"@id\":\"https:\\\/\\\/www.malloy-law.com\\\/es\\\/contenido\\\/porque-evitamos-usar-el-termino-whiplash\\\/#primaryimage\"},\"thumbnailUrl\":\"https:\\\/\\\/www.malloy-law.com\\\/wp-content\\\/uploads\\\/2023\\\/03\\\/pexels-kindel-media-7298647-1024x577.jpg\",\"datePublished\":\"2023-03-13T15:18:27+00:00\",\"dateModified\":\"2025-08-12T17:24:28+00:00\",\"description\":\"El termino Whiplash busca desacreditar la severidad de las lesiones por accidentes. Se refiere a las lesiones que no requieren cirugia.\",\"breadcrumb\":{\"@id\":\"https:\\\/\\\/www.malloy-law.com\\\/es\\\/contenido\\\/porque-evitamos-usar-el-termino-whiplash\\\/#breadcrumb\"},\"inLanguage\":\"es\",\"potentialAction\":[{\"@type\":\"ReadAction\",\"target\":[\"https:\\\/\\\/www.malloy-law.com\\\/es\\\/contenido\\\/porque-evitamos-usar-el-termino-whiplash\\\/\"]}]},{\"@type\":\"ImageObject\",\"inLanguage\":\"es\",\"@id\":\"https:\\\/\\\/www.malloy-law.com\\\/es\\\/contenido\\\/porque-evitamos-usar-el-termino-whiplash\\\/#primaryimage\",\"url\":\"https:\\\/\\\/www.malloy-law.com\\\/wp-content\\\/uploads\\\/2023\\\/03\\\/pexels-kindel-media-7298647-1024x577.jpg\",\"contentUrl\":\"https:\\\/\\\/www.malloy-law.com\\\/wp-content\\\/uploads\\\/2023\\\/03\\\/pexels-kindel-media-7298647-1024x577.jpg\"},{\"@type\":\"BreadcrumbList\",\"@id\":\"https:\\\/\\\/www.malloy-law.com\\\/es\\\/contenido\\\/porque-evitamos-usar-el-termino-whiplash\\\/#breadcrumb\",\"itemListElement\":[{\"@type\":\"ListItem\",\"position\":1,\"name\":\"Home\",\"item\":\"https:\\\/\\\/www.malloy-law.com\\\/es\\\/\"},{\"@type\":\"ListItem\",\"position\":2,\"name\":\"Contenido\",\"item\":\"https:\\\/\\\/www.malloy-law.com\\\/es\\\/contenido\\\/\"},{\"@type\":\"ListItem\",\"position\":3,\"name\":\"Porque evitamos usar el t\u00e9rmino &#8220;Whiplash&#8221;\"}]},{\"@type\":\"WebSite\",\"@id\":\"https:\\\/\\\/www.malloy-law.com\\\/#website\",\"url\":\"https:\\\/\\\/www.malloy-law.com\\\/\",\"name\":\"Malloy Law\",\"description\":\"\",\"publisher\":{\"@id\":\"https:\\\/\\\/www.malloy-law.com\\\/#organization\"},\"potentialAction\":[{\"@type\":\"SearchAction\",\"target\":{\"@type\":\"EntryPoint\",\"urlTemplate\":\"https:\\\/\\\/www.malloy-law.com\\\/?s={search_term_string}\"},\"query-input\":{\"@type\":\"PropertyValueSpecification\",\"valueRequired\":true,\"valueName\":\"search_term_string\"}}],\"inLanguage\":\"es\"},{\"@type\":\"Organization\",\"@id\":\"https:\\\/\\\/www.malloy-law.com\\\/#organization\",\"name\":\"Malloy Law Offices, LLC\",\"url\":\"https:\\\/\\\/www.malloy-law.com\\\/\",\"logo\":{\"@type\":\"ImageObject\",\"inLanguage\":\"es\",\"@id\":\"https:\\\/\\\/www.malloy-law.com\\\/#\\\/schema\\\/logo\\\/image\\\/\",\"url\":\"https:\\\/\\\/www.malloy-law.com\\\/wp-content\\\/uploads\\\/2019\\\/08\\\/MalloyLaw_Logo_Transparent.png\",\"contentUrl\":\"https:\\\/\\\/www.malloy-law.com\\\/wp-content\\\/uploads\\\/2019\\\/08\\\/MalloyLaw_Logo_Transparent.png\",\"width\":2147,\"height\":558,\"caption\":\"Malloy Law Offices, LLC\"},\"image\":{\"@id\":\"https:\\\/\\\/www.malloy-law.com\\\/#\\\/schema\\\/logo\\\/image\\\/\"}}]}<\/script>\n<!-- \/ Yoast SEO Premium plugin. -->","yoast_head_json":{"title":"Porque evitamos usar el t\u00e9rmino \"Whiplash\" - Malloy Law","description":"El termino Whiplash busca desacreditar la severidad de las lesiones por accidentes. Se refiere a las lesiones que no requieren cirugia.","robots":{"index":"index","follow":"follow","max-snippet":"max-snippet:-1","max-image-preview":"max-image-preview:large","max-video-preview":"max-video-preview:-1"},"canonical":"https:\/\/www.malloy-law.com\/es\/contenido\/porque-evitamos-usar-el-termino-whiplash\/","og_locale":"es_ES","og_type":"article","og_title":"Porque evitamos usar el t\u00e9rmino \"Whiplash\"","og_description":"El termino Whiplash busca desacreditar la severidad de las lesiones por accidentes. Se refiere a las lesiones que no requieren cirugia.","og_url":"https:\/\/www.malloy-law.com\/es\/contenido\/porque-evitamos-usar-el-termino-whiplash\/","og_site_name":"Malloy Law","article_modified_time":"2025-08-12T17:24:28+00:00","og_image":[{"width":2560,"height":1442,"url":"https:\/\/www.malloy-law.com\/wp-content\/uploads\/2023\/03\/pexels-kindel-media-7298647-scaled.jpg","type":"image\/jpeg"}],"twitter_card":"summary_large_image","twitter_misc":{"Tiempo de lectura":"2 minutos"},"schema":{"@context":"https:\/\/schema.org","@graph":[{"@type":"WebPage","@id":"https:\/\/www.malloy-law.com\/es\/contenido\/porque-evitamos-usar-el-termino-whiplash\/","url":"https:\/\/www.malloy-law.com\/es\/contenido\/porque-evitamos-usar-el-termino-whiplash\/","name":"Porque evitamos usar el t\u00e9rmino \"Whiplash\" - Malloy Law","isPartOf":{"@id":"https:\/\/www.malloy-law.com\/#website"},"primaryImageOfPage":{"@id":"https:\/\/www.malloy-law.com\/es\/contenido\/porque-evitamos-usar-el-termino-whiplash\/#primaryimage"},"image":{"@id":"https:\/\/www.malloy-law.com\/es\/contenido\/porque-evitamos-usar-el-termino-whiplash\/#primaryimage"},"thumbnailUrl":"https:\/\/www.malloy-law.com\/wp-content\/uploads\/2023\/03\/pexels-kindel-media-7298647-1024x577.jpg","datePublished":"2023-03-13T15:18:27+00:00","dateModified":"2025-08-12T17:24:28+00:00","description":"El termino Whiplash busca desacreditar la severidad de las lesiones por accidentes. Se refiere a las lesiones que no requieren cirugia.","breadcrumb":{"@id":"https:\/\/www.malloy-law.com\/es\/contenido\/porque-evitamos-usar-el-termino-whiplash\/#breadcrumb"},"inLanguage":"es","potentialAction":[{"@type":"ReadAction","target":["https:\/\/www.malloy-law.com\/es\/contenido\/porque-evitamos-usar-el-termino-whiplash\/"]}]},{"@type":"ImageObject","inLanguage":"es","@id":"https:\/\/www.malloy-law.com\/es\/contenido\/porque-evitamos-usar-el-termino-whiplash\/#primaryimage","url":"https:\/\/www.malloy-law.com\/wp-content\/uploads\/2023\/03\/pexels-kindel-media-7298647-1024x577.jpg","contentUrl":"https:\/\/www.malloy-law.com\/wp-content\/uploads\/2023\/03\/pexels-kindel-media-7298647-1024x577.jpg"},{"@type":"BreadcrumbList","@id":"https:\/\/www.malloy-law.com\/es\/contenido\/porque-evitamos-usar-el-termino-whiplash\/#breadcrumb","itemListElement":[{"@type":"ListItem","position":1,"name":"Home","item":"https:\/\/www.malloy-law.com\/es\/"},{"@type":"ListItem","position":2,"name":"Contenido","item":"https:\/\/www.malloy-law.com\/es\/contenido\/"},{"@type":"ListItem","position":3,"name":"Porque evitamos usar el t\u00e9rmino &#8220;Whiplash&#8221;"}]},{"@type":"WebSite","@id":"https:\/\/www.malloy-law.com\/#website","url":"https:\/\/www.malloy-law.com\/","name":"Malloy Law","description":"","publisher":{"@id":"https:\/\/www.malloy-law.com\/#organization"},"potentialAction":[{"@type":"SearchAction","target":{"@type":"EntryPoint","urlTemplate":"https:\/\/www.malloy-law.com\/?s={search_term_string}"},"query-input":{"@type":"PropertyValueSpecification","valueRequired":true,"valueName":"search_term_string"}}],"inLanguage":"es"},{"@type":"Organization","@id":"https:\/\/www.malloy-law.com\/#organization","name":"Malloy Law Offices, LLC","url":"https:\/\/www.malloy-law.com\/","logo":{"@type":"ImageObject","inLanguage":"es","@id":"https:\/\/www.malloy-law.com\/#\/schema\/logo\/image\/","url":"https:\/\/www.malloy-law.com\/wp-content\/uploads\/2019\/08\/MalloyLaw_Logo_Transparent.png","contentUrl":"https:\/\/www.malloy-law.com\/wp-content\/uploads\/2019\/08\/MalloyLaw_Logo_Transparent.png","width":2147,"height":558,"caption":"Malloy Law Offices, LLC"},"image":{"@id":"https:\/\/www.malloy-law.com\/#\/schema\/logo\/image\/"}}]}},"coauthors":[],"author_meta":{"author_link":"https:\/\/www.malloy-law.com\/es\/author\/admin\/","display_name":"admin"},"relative_dates":{"created":"Publicado 3 a\u00f1os hace","modified":"Actualizado 9 meses hace"},"absolute_dates":{"created":"Publicado el 13 de marzo de 2023","modified":"Actualizado el 12 de agosto de 2025"},"absolute_dates_time":{"created":"Publicado el 13 de marzo de 2023 11:18","modified":"Actualizado el 12 de agosto de 2025 13:24"},"featured_img_caption":"","featured_img":false,"series_order":"","_links":{"self":[{"href":"https:\/\/www.malloy-law.com\/es\/wp-json\/wp\/v2\/pages\/17606","targetHints":{"allow":["GET"]}}],"collection":[{"href":"https:\/\/www.malloy-law.com\/es\/wp-json\/wp\/v2\/pages"}],"about":[{"href":"https:\/\/www.malloy-law.com\/es\/wp-json\/wp\/v2\/types\/page"}],"author":[{"embeddable":true,"href":"https:\/\/www.malloy-law.com\/es\/wp-json\/wp\/v2\/users\/1"}],"replies":[{"embeddable":true,"href":"https:\/\/www.malloy-law.com\/es\/wp-json\/wp\/v2\/comments?post=17606"}],"version-history":[{"count":0,"href":"https:\/\/www.malloy-law.com\/es\/wp-json\/wp\/v2\/pages\/17606\/revisions"}],"up":[{"embeddable":true,"href":"https:\/\/www.malloy-law.com\/es\/wp-json\/wp\/v2\/pages\/10164"}],"wp:attachment":[{"href":"https:\/\/www.malloy-law.com\/es\/wp-json\/wp\/v2\/media?parent=17606"}],"curies":[{"name":"wp","href":"https:\/\/api.w.org\/{rel}","templated":true}]}}