{"id":18402,"date":"2023-04-04T11:00:18","date_gmt":"2023-04-04T15:00:18","guid":{"rendered":"https:\/\/malloytestcloud.kinsta.cloud\/?page_id=18402"},"modified":"2025-08-12T14:03:24","modified_gmt":"2025-08-12T18:03:24","slug":"datos-sobre-los-accidentes-de-resbalo-y-caida","status":"publish","type":"page","link":"https:\/\/www.malloy-law.com\/es\/contenido\/datos-sobre-los-accidentes-de-resbalo-y-caida\/","title":{"rendered":"Datos sobre los Accidentes de Resbalo y Ca\u00edda"},"content":{"rendered":"<p>Un <a href=\"https:\/\/www.nsc.org\/workplace\/safety-topics\/slips-trips-and-falls\/slips-trips-and-falls-home\">reporte<\/a> estimo que mas de 6.8 millones de personas terminaron en las salas de emergencias por accidentes de resbalo y ca\u00edda en el 2020. Son accidentes muy comunes que pueden ocurrir tanto en propiedades privadas y p\u00fablicas. Las mismas representan un 21.3% de las visitas hospitalarias. Se estima que un 20% de estos tipos de accidente terminan en fracturas \u00f3seas. Aun cuando las ca\u00eddas no son la mayor causa de lesiones fatales, las mismas representan la mayor causa por ausencias laborales. En Maryland se estima que 131,105 personas son lesionadas por este tipo de accidente y 11,813 son admitidas al hospital. Cabe destacar que no todos los casos de ca\u00eddas podr\u00edan ser consideradas demandas. Para poder reclamar un reclamo, se deber\u00e1 de presentar pruebas contundentes que demuestran negligencia por parte del acusado. De igual manera siempre recomendamos ser aconsejado por un abogado experto en lesiones personales.<\/p>\n<p><iframe loading=\"lazy\" title=\"What You Should Know About Slip and Fall Accidents!\" width=\"500\" height=\"281\" src=\"https:\/\/www.youtube.com\/embed\/poPG_-iEx2w?feature=oembed\" frameborder=\"0\" allow=\"accelerometer; autoplay; clipboard-write; encrypted-media; gyroscope; picture-in-picture; web-share\" referrerpolicy=\"strict-origin-when-cross-origin\" allowfullscreen><\/iframe><\/p>\n<h2>\u00a1Contacte a un abogado de resbalo y ca\u00edda de Malloy Law Offices hoy!<\/h2>\n<p>En Malloy Law Offices, nuestros abogados de accidentes de resbal\u00f3n y ca\u00edda le dan una gran importancia a ayudar a nuestros clientes a que alcancen sus objetivos. Nuestros abogados y personal comprometidos se esfuerzan por hacer una diferencia real para las personas que representamos al proporcionarles un excelente servicio personalizado, un s\u00f3lido conocimiento legal y un trabajo duro dedicado durante todo el tiempo que dure el caso. Nosotros valoramos genuinamente las relaciones y la asociaci\u00f3n que forjamos con nuestros clientes. Usted merece conocer el estado de su caso a medida que avanza por el sistema, y nos aseguramos de mantener a nuestros clientes totalmente informados y responder a todas las preguntas y preocupaciones que puedan surgir.<\/p>\n<p style=\"text-align: center;\"><img decoding=\"async\" class=\"aligncenter wp-image-18404 size-large\" src=\"https:\/\/www.malloy-law.com\/wp-content\/uploads\/2023\/04\/pexels-jussara-paulo-11417483-1-683x1024.jpg\" alt=\"Accidente de resbalo y caida\" width=\"683\" height=\"1024\" srcset=\"https:\/\/www.malloy-law.com\/wp-content\/uploads\/2023\/04\/pexels-jussara-paulo-11417483-1-683x1024.jpg 683w, https:\/\/www.malloy-law.com\/wp-content\/uploads\/2023\/04\/pexels-jussara-paulo-11417483-1-200x300.jpg 200w, https:\/\/www.malloy-law.com\/wp-content\/uploads\/2023\/04\/pexels-jussara-paulo-11417483-1-768x1152.jpg 768w, https:\/\/www.malloy-law.com\/wp-content\/uploads\/2023\/04\/pexels-jussara-paulo-11417483-1-1024x1536.jpg 1024w, https:\/\/www.malloy-law.com\/wp-content\/uploads\/2023\/04\/pexels-jussara-paulo-11417483-1-1365x2048.jpg 1365w, https:\/\/www.malloy-law.com\/wp-content\/uploads\/2023\/04\/pexels-jussara-paulo-11417483-1-scaled.jpg 1707w\" sizes=\"(max-width: 683px) 100vw, 683px\" \/><\/p>\n<p style=\"text-align: left;\">Si tiene un caso de responsabilidad locativa, necesita una representaci\u00f3n legal experta. El mismo lo ayudara a recibir la m\u00e1xima compensaci\u00f3n posible que merece. Tenemos una extensa variedad de experiencia en casos de responsabilidad locativa. Tratamos con resbalones y ca\u00eddas en propiedades privadas y p\u00fablicas. Tratamos casos de superficies resbaladizas (como el hielo negro), sitios de construcci\u00f3n (con superficies rotas o desniveladas, paredes peligrosas, entre otras), lesiones en apartamentos (como localidades con poca iluminaci\u00f3n), accidentes en localidades de transporte (trenes, buses, y metro).<\/p>\n<p style=\"text-align: left;\">Si usted ha sufrido este tipo de accidente, debe de actuar de manera r\u00e1pida. El estatuto de limitaci\u00f3n previene que uno presenta un reclamo si pasa mucho tiempo. Esto depende del estado en el que uno se encentra. Es aconsejable buscar representaci\u00f3n legal. Si usted fue lesionado por una ca\u00edda en el \u00e1rea de DMV, no dude en consultar con <a href=\"https:\/\/www.malloy-law.com\/es\/\">Malloy Law Offices<\/a>. <a href=\"https:\/\/www.malloy-law.com\/es\/contactenos\/\">Cont\u00e1ctenos<\/a> para recibir una consulta gratuita.<\/p>\n","protected":false},"excerpt":{"rendered":"<p>Un reporte estimo que mas de 6.8 millones de personas terminaron en las salas de emergencias por accidentes de resbalo y ca\u00edda en el 2020. Son accidentes muy comunes que pueden ocurrir tanto en propiedades privadas y p\u00fablicas. Las mismas representan un 21.3% de las visitas hospitalarias. Se estima que un 20% de estos tipos&#8230;<\/p>\n","protected":false},"author":1,"featured_media":0,"parent":10164,"menu_order":0,"comment_status":"closed","ping_status":"closed","template":"","meta":{"_acf_changed":false,"om_disable_all_campaigns":false,"advgb_blocks_editor_width":"","advgb_blocks_columns_visual_guide":"","footnotes":""},"class_list":["post-18402","page","type-page","status-publish","hentry"],"acf":[],"yoast_head":"<!-- This site is optimized with the Yoast SEO Premium plugin v27.4 (Yoast SEO v27.4) - https:\/\/yoast.com\/product\/yoast-seo-premium-wordpress\/ -->\n<title>Datos sobre los Accidentes de Resbalo y Ca\u00edda - Malloy Law<\/title>\n<meta name=\"description\" content=\"Un reporte estimo que mas de 6.8 millones de personas terminaron en las salas de emergencias por accidentes de resbalo y ca\u00edda en el 2020.\" \/>\n<meta name=\"robots\" content=\"index, follow, max-snippet:-1, max-image-preview:large, max-video-preview:-1\" \/>\n<link rel=\"canonical\" href=\"https:\/\/www.malloy-law.com\/es\/contenido\/datos-sobre-los-accidentes-de-resbalo-y-caida\/\" \/>\n<meta property=\"og:locale\" content=\"es_ES\" \/>\n<meta property=\"og:type\" content=\"article\" \/>\n<meta property=\"og:title\" content=\"Datos sobre los Accidentes de Resbalo y Ca\u00edda\" \/>\n<meta property=\"og:description\" content=\"Un reporte estimo que mas de 6.8 millones de personas terminaron en las salas de emergencias por accidentes de resbalo y ca\u00edda en el 2020.\" \/>\n<meta property=\"og:url\" content=\"https:\/\/www.malloy-law.com\/es\/contenido\/datos-sobre-los-accidentes-de-resbalo-y-caida\/\" \/>\n<meta property=\"og:site_name\" content=\"Malloy Law\" \/>\n<meta property=\"article:modified_time\" content=\"2025-08-12T18:03:24+00:00\" \/>\n<meta property=\"og:image\" content=\"https:\/\/www.malloy-law.com\/wp-content\/uploads\/2023\/04\/pexels-jussara-paulo-11417483-1-scaled.jpg\" \/>\n\t<meta property=\"og:image:width\" content=\"1707\" \/>\n\t<meta property=\"og:image:height\" content=\"2560\" \/>\n\t<meta property=\"og:image:type\" content=\"image\/jpeg\" \/>\n<meta name=\"twitter:card\" content=\"summary_large_image\" \/>\n<meta name=\"twitter:label1\" content=\"Tiempo de lectura\" \/>\n\t<meta name=\"twitter:data1\" content=\"3 minutos\" \/>\n<script type=\"application\/ld+json\" class=\"yoast-schema-graph\">{\"@context\":\"https:\\\/\\\/schema.org\",\"@graph\":[{\"@type\":\"WebPage\",\"@id\":\"https:\\\/\\\/www.malloy-law.com\\\/es\\\/contenido\\\/datos-sobre-los-accidentes-de-resbalo-y-caida\\\/\",\"url\":\"https:\\\/\\\/www.malloy-law.com\\\/es\\\/contenido\\\/datos-sobre-los-accidentes-de-resbalo-y-caida\\\/\",\"name\":\"Datos sobre los Accidentes de Resbalo y Ca\u00edda - Malloy Law\",\"isPartOf\":{\"@id\":\"https:\\\/\\\/www.malloy-law.com\\\/#website\"},\"primaryImageOfPage\":{\"@id\":\"https:\\\/\\\/www.malloy-law.com\\\/es\\\/contenido\\\/datos-sobre-los-accidentes-de-resbalo-y-caida\\\/#primaryimage\"},\"image\":{\"@id\":\"https:\\\/\\\/www.malloy-law.com\\\/es\\\/contenido\\\/datos-sobre-los-accidentes-de-resbalo-y-caida\\\/#primaryimage\"},\"thumbnailUrl\":\"https:\\\/\\\/www.malloy-law.com\\\/wp-content\\\/uploads\\\/2023\\\/04\\\/pexels-jussara-paulo-11417483-1-683x1024.jpg\",\"datePublished\":\"2023-04-04T15:00:18+00:00\",\"dateModified\":\"2025-08-12T18:03:24+00:00\",\"description\":\"Un reporte estimo que mas de 6.8 millones de personas terminaron en las salas de emergencias por accidentes de resbalo y ca\u00edda en el 2020.\",\"breadcrumb\":{\"@id\":\"https:\\\/\\\/www.malloy-law.com\\\/es\\\/contenido\\\/datos-sobre-los-accidentes-de-resbalo-y-caida\\\/#breadcrumb\"},\"inLanguage\":\"es\",\"potentialAction\":[{\"@type\":\"ReadAction\",\"target\":[\"https:\\\/\\\/www.malloy-law.com\\\/es\\\/contenido\\\/datos-sobre-los-accidentes-de-resbalo-y-caida\\\/\"]}]},{\"@type\":\"ImageObject\",\"inLanguage\":\"es\",\"@id\":\"https:\\\/\\\/www.malloy-law.com\\\/es\\\/contenido\\\/datos-sobre-los-accidentes-de-resbalo-y-caida\\\/#primaryimage\",\"url\":\"https:\\\/\\\/www.malloy-law.com\\\/wp-content\\\/uploads\\\/2023\\\/04\\\/pexels-jussara-paulo-11417483-1-683x1024.jpg\",\"contentUrl\":\"https:\\\/\\\/www.malloy-law.com\\\/wp-content\\\/uploads\\\/2023\\\/04\\\/pexels-jussara-paulo-11417483-1-683x1024.jpg\"},{\"@type\":\"BreadcrumbList\",\"@id\":\"https:\\\/\\\/www.malloy-law.com\\\/es\\\/contenido\\\/datos-sobre-los-accidentes-de-resbalo-y-caida\\\/#breadcrumb\",\"itemListElement\":[{\"@type\":\"ListItem\",\"position\":1,\"name\":\"Home\",\"item\":\"https:\\\/\\\/www.malloy-law.com\\\/es\\\/\"},{\"@type\":\"ListItem\",\"position\":2,\"name\":\"Contenido\",\"item\":\"https:\\\/\\\/www.malloy-law.com\\\/es\\\/contenido\\\/\"},{\"@type\":\"ListItem\",\"position\":3,\"name\":\"Datos sobre los Accidentes de Resbalo y Ca\u00edda\"}]},{\"@type\":\"WebSite\",\"@id\":\"https:\\\/\\\/www.malloy-law.com\\\/#website\",\"url\":\"https:\\\/\\\/www.malloy-law.com\\\/\",\"name\":\"Malloy Law\",\"description\":\"\",\"publisher\":{\"@id\":\"https:\\\/\\\/www.malloy-law.com\\\/#organization\"},\"potentialAction\":[{\"@type\":\"SearchAction\",\"target\":{\"@type\":\"EntryPoint\",\"urlTemplate\":\"https:\\\/\\\/www.malloy-law.com\\\/?s={search_term_string}\"},\"query-input\":{\"@type\":\"PropertyValueSpecification\",\"valueRequired\":true,\"valueName\":\"search_term_string\"}}],\"inLanguage\":\"es\"},{\"@type\":\"Organization\",\"@id\":\"https:\\\/\\\/www.malloy-law.com\\\/#organization\",\"name\":\"Malloy Law Offices, LLC\",\"url\":\"https:\\\/\\\/www.malloy-law.com\\\/\",\"logo\":{\"@type\":\"ImageObject\",\"inLanguage\":\"es\",\"@id\":\"https:\\\/\\\/www.malloy-law.com\\\/#\\\/schema\\\/logo\\\/image\\\/\",\"url\":\"https:\\\/\\\/www.malloy-law.com\\\/wp-content\\\/uploads\\\/2019\\\/08\\\/MalloyLaw_Logo_Transparent.png\",\"contentUrl\":\"https:\\\/\\\/www.malloy-law.com\\\/wp-content\\\/uploads\\\/2019\\\/08\\\/MalloyLaw_Logo_Transparent.png\",\"width\":2147,\"height\":558,\"caption\":\"Malloy Law Offices, LLC\"},\"image\":{\"@id\":\"https:\\\/\\\/www.malloy-law.com\\\/#\\\/schema\\\/logo\\\/image\\\/\"}}]}<\/script>\n<!-- \/ Yoast SEO Premium plugin. -->","yoast_head_json":{"title":"Datos sobre los Accidentes de Resbalo y Ca\u00edda - Malloy Law","description":"Un reporte estimo que mas de 6.8 millones de personas terminaron en las salas de emergencias por accidentes de resbalo y ca\u00edda en el 2020.","robots":{"index":"index","follow":"follow","max-snippet":"max-snippet:-1","max-image-preview":"max-image-preview:large","max-video-preview":"max-video-preview:-1"},"canonical":"https:\/\/www.malloy-law.com\/es\/contenido\/datos-sobre-los-accidentes-de-resbalo-y-caida\/","og_locale":"es_ES","og_type":"article","og_title":"Datos sobre los Accidentes de Resbalo y Ca\u00edda","og_description":"Un reporte estimo que mas de 6.8 millones de personas terminaron en las salas de emergencias por accidentes de resbalo y ca\u00edda en el 2020.","og_url":"https:\/\/www.malloy-law.com\/es\/contenido\/datos-sobre-los-accidentes-de-resbalo-y-caida\/","og_site_name":"Malloy Law","article_modified_time":"2025-08-12T18:03:24+00:00","og_image":[{"width":1707,"height":2560,"url":"https:\/\/www.malloy-law.com\/wp-content\/uploads\/2023\/04\/pexels-jussara-paulo-11417483-1-scaled.jpg","type":"image\/jpeg"}],"twitter_card":"summary_large_image","twitter_misc":{"Tiempo de lectura":"3 minutos"},"schema":{"@context":"https:\/\/schema.org","@graph":[{"@type":"WebPage","@id":"https:\/\/www.malloy-law.com\/es\/contenido\/datos-sobre-los-accidentes-de-resbalo-y-caida\/","url":"https:\/\/www.malloy-law.com\/es\/contenido\/datos-sobre-los-accidentes-de-resbalo-y-caida\/","name":"Datos sobre los Accidentes de Resbalo y Ca\u00edda - Malloy Law","isPartOf":{"@id":"https:\/\/www.malloy-law.com\/#website"},"primaryImageOfPage":{"@id":"https:\/\/www.malloy-law.com\/es\/contenido\/datos-sobre-los-accidentes-de-resbalo-y-caida\/#primaryimage"},"image":{"@id":"https:\/\/www.malloy-law.com\/es\/contenido\/datos-sobre-los-accidentes-de-resbalo-y-caida\/#primaryimage"},"thumbnailUrl":"https:\/\/www.malloy-law.com\/wp-content\/uploads\/2023\/04\/pexels-jussara-paulo-11417483-1-683x1024.jpg","datePublished":"2023-04-04T15:00:18+00:00","dateModified":"2025-08-12T18:03:24+00:00","description":"Un reporte estimo que mas de 6.8 millones de personas terminaron en las salas de emergencias por accidentes de resbalo y ca\u00edda en el 2020.","breadcrumb":{"@id":"https:\/\/www.malloy-law.com\/es\/contenido\/datos-sobre-los-accidentes-de-resbalo-y-caida\/#breadcrumb"},"inLanguage":"es","potentialAction":[{"@type":"ReadAction","target":["https:\/\/www.malloy-law.com\/es\/contenido\/datos-sobre-los-accidentes-de-resbalo-y-caida\/"]}]},{"@type":"ImageObject","inLanguage":"es","@id":"https:\/\/www.malloy-law.com\/es\/contenido\/datos-sobre-los-accidentes-de-resbalo-y-caida\/#primaryimage","url":"https:\/\/www.malloy-law.com\/wp-content\/uploads\/2023\/04\/pexels-jussara-paulo-11417483-1-683x1024.jpg","contentUrl":"https:\/\/www.malloy-law.com\/wp-content\/uploads\/2023\/04\/pexels-jussara-paulo-11417483-1-683x1024.jpg"},{"@type":"BreadcrumbList","@id":"https:\/\/www.malloy-law.com\/es\/contenido\/datos-sobre-los-accidentes-de-resbalo-y-caida\/#breadcrumb","itemListElement":[{"@type":"ListItem","position":1,"name":"Home","item":"https:\/\/www.malloy-law.com\/es\/"},{"@type":"ListItem","position":2,"name":"Contenido","item":"https:\/\/www.malloy-law.com\/es\/contenido\/"},{"@type":"ListItem","position":3,"name":"Datos sobre los Accidentes de Resbalo y Ca\u00edda"}]},{"@type":"WebSite","@id":"https:\/\/www.malloy-law.com\/#website","url":"https:\/\/www.malloy-law.com\/","name":"Malloy Law","description":"","publisher":{"@id":"https:\/\/www.malloy-law.com\/#organization"},"potentialAction":[{"@type":"SearchAction","target":{"@type":"EntryPoint","urlTemplate":"https:\/\/www.malloy-law.com\/?s={search_term_string}"},"query-input":{"@type":"PropertyValueSpecification","valueRequired":true,"valueName":"search_term_string"}}],"inLanguage":"es"},{"@type":"Organization","@id":"https:\/\/www.malloy-law.com\/#organization","name":"Malloy Law Offices, LLC","url":"https:\/\/www.malloy-law.com\/","logo":{"@type":"ImageObject","inLanguage":"es","@id":"https:\/\/www.malloy-law.com\/#\/schema\/logo\/image\/","url":"https:\/\/www.malloy-law.com\/wp-content\/uploads\/2019\/08\/MalloyLaw_Logo_Transparent.png","contentUrl":"https:\/\/www.malloy-law.com\/wp-content\/uploads\/2019\/08\/MalloyLaw_Logo_Transparent.png","width":2147,"height":558,"caption":"Malloy Law Offices, LLC"},"image":{"@id":"https:\/\/www.malloy-law.com\/#\/schema\/logo\/image\/"}}]}},"coauthors":[],"author_meta":{"author_link":"https:\/\/www.malloy-law.com\/es\/author\/admin\/","display_name":"admin"},"relative_dates":{"created":"Publicado 3 a\u00f1os hace","modified":"Actualizado 9 meses hace"},"absolute_dates":{"created":"Publicado el 4 de abril de 2023","modified":"Actualizado el 12 de agosto de 2025"},"absolute_dates_time":{"created":"Publicado el 4 de abril de 2023 11:00","modified":"Actualizado el 12 de agosto de 2025 14:03"},"featured_img_caption":"","featured_img":false,"series_order":"","_links":{"self":[{"href":"https:\/\/www.malloy-law.com\/es\/wp-json\/wp\/v2\/pages\/18402","targetHints":{"allow":["GET"]}}],"collection":[{"href":"https:\/\/www.malloy-law.com\/es\/wp-json\/wp\/v2\/pages"}],"about":[{"href":"https:\/\/www.malloy-law.com\/es\/wp-json\/wp\/v2\/types\/page"}],"author":[{"embeddable":true,"href":"https:\/\/www.malloy-law.com\/es\/wp-json\/wp\/v2\/users\/1"}],"replies":[{"embeddable":true,"href":"https:\/\/www.malloy-law.com\/es\/wp-json\/wp\/v2\/comments?post=18402"}],"version-history":[{"count":0,"href":"https:\/\/www.malloy-law.com\/es\/wp-json\/wp\/v2\/pages\/18402\/revisions"}],"up":[{"embeddable":true,"href":"https:\/\/www.malloy-law.com\/es\/wp-json\/wp\/v2\/pages\/10164"}],"wp:attachment":[{"href":"https:\/\/www.malloy-law.com\/es\/wp-json\/wp\/v2\/media?parent=18402"}],"curies":[{"name":"wp","href":"https:\/\/api.w.org\/{rel}","templated":true}]}}