{"id":20051,"date":"2023-05-08T09:31:33","date_gmt":"2023-05-08T13:31:33","guid":{"rendered":"https:\/\/malloytestcloud.kinsta.cloud\/?page_id=20051"},"modified":"2025-08-13T12:51:00","modified_gmt":"2025-08-13T16:51:00","slug":"accidentes-de-choque-y-fuga","status":"publish","type":"page","link":"https:\/\/www.malloy-law.com\/es\/lesiones-personales\/accidentes-de-choque-y-fuga\/","title":{"rendered":"Los accidentes de choque y fuga"},"content":{"rendered":"<p class=\"p1\">Las colisiones automovil\u00edsticas pueden ocurrir repentinamente. Las mismas suelen ser experiencias traumatizantes para todos los involucrados. Los accidentes de choque y fuga son sucesos comunes alrededor del pa\u00eds. Se <a href=\"https:\/\/www.thezebra.com\/resources\/driving\/what-to-do-after-a-hit-and-run\/\">report\u00f3<\/a> que en el 2020 cerca de 17% de los accidentes de carro que fueron reportados fueron accidentes de este tipo. Como definici\u00f3n los accidentes de choque y fuga ocurren cuando la parte culpable huye de la escena del accidente sin proveer auxilio o informaci\u00f3n como ser\u00eda la p\u00f3liza de seguro.<\/p>\n<p class=\"p1\">En muchos estados los accidentes involucrando a un solo carro a\u00fan pueden ser considerados de esta naturaleza si no son reportados. En estos casos los mismos podr\u00edan ser considerados cuando un carro colisiona contra algo en la ruta. Hasta cuando un carro colisiona contra otro que se encuentra estacionado. A continuaci\u00f3n, hablaremos de los accidentes de choque y fuga, como tambi\u00e9n de la manera que un abogado experto puede ayudarlo.<\/p>\n<p style=\"text-align: center;\"><img decoding=\"async\" class=\"aligncenter wp-image-19791 \" src=\"https:\/\/www.malloy-law.com\/wp-content\/uploads\/2023\/05\/shutterstock_711871411-1024x683.jpg\" alt=\"Los accidentes de choque y fuga\" width=\"661\" height=\"441\" srcset=\"https:\/\/www.malloy-law.com\/wp-content\/uploads\/2023\/05\/shutterstock_711871411-1024x683.jpg 1024w, https:\/\/www.malloy-law.com\/wp-content\/uploads\/2023\/05\/shutterstock_711871411-300x200.jpg 300w, https:\/\/www.malloy-law.com\/wp-content\/uploads\/2023\/05\/shutterstock_711871411-768x512.jpg 768w, https:\/\/www.malloy-law.com\/wp-content\/uploads\/2023\/05\/shutterstock_711871411-1536x1024.jpg 1536w, https:\/\/www.malloy-law.com\/wp-content\/uploads\/2023\/05\/shutterstock_711871411-2048x1366.jpg 2048w\" sizes=\"(max-width: 661px) 100vw, 661px\" \/><\/p>\n<h2 class=\"p1\"><span class=\"s1\">Que hacer luego de un accidente de choque y fuga<\/span><\/h2>\n<p class=\"p1\">Estar involucrado en un accidente de choque y fuga puede ser una experiencia estresante. Lo primordial es mantener la calma. Uno no debe tratar de perseguir al conductor del otro veh\u00edculo. Esto no solamente resulta peligroso, pero normalmente los mismos huyen de la escena del accidente por distintos motivos. Algunos pueden ser que carecen de seguro automovil\u00edsticos o por tener una orden de arresto. A continuaci\u00f3n, le diremos los pasos que uno debe tomar.<\/p>\n<p>I. Mueva su veh\u00edculo a una zona segura y asesore la escena. Aseg\u00farese que usted y su pasajero se encuentren bien antes de proceder.<\/p>\n<p>II. Llame a la polic\u00eda y realice un reporte. Un oficial se dirigir\u00e1 a la escena del accidente y asesorar\u00e1 los hechos. El mismo realizar\u00e1 un reporte, el cual uno podr\u00e1 usar para realizar un reclamo a su seguro.<\/p>\n<p>III. Quite fotos de la escena. Puede ser realizado con su aparato m\u00f3vil. El mismo podr\u00e1 sostener como prueba a la hora de realizar un reclamo.<\/p>\n<p>IV. Intercambie informaci\u00f3n con los testigos. Los mismos no solo proveer\u00e1n informaci\u00f3n sobre los hechos a la polic\u00eda, sino que su testimonio tambi\u00e9n podr\u00e1 ser utilizado para su reclamo a la compa\u00f1\u00eda de seguro.<\/p>\n<p>V. Realice un reclamo a la compa\u00f1\u00eda de seguro. Debe de asegurarse de realizar el mismo de manera r\u00e1pida proviniendo el reporte policial, fotograf\u00edas y la informaci\u00f3n de los testigos.<\/p>\n<p>VI. Contacte a un abogado. El mismo lo ayudara a recolectar la informaci\u00f3n necesaria para presentar su reclamo y as\u00ed conseguir la compensaci\u00f3n que uno merece.<\/p>\n<h2 class=\"p1\"><span class=\"s1\">\u00bfC\u00f3mo las compa\u00f1\u00edas de seguro manejan estos accidentes?<\/span><\/h2>\n<p class=\"p1\">Normalmente en las colisiones m\u00faltiples, se presenta el reclamo a la compa\u00f1\u00eda de seguros de la parte culpable. En cambio, los accidentes de choque y fuga los reclamos pueden ser complicados. Esto se debe a que uno no tiene los detalles del conductor culpable. De igual manera uno puede realizar un reclamo por medio de la cobertura de motoristas sin seguro de la p\u00f3liza de uno mismo. Cabe destacar que esto depende del estado en el que uno se encuentre. Casi todos los estados requieren que los conductores obtengan este tipo de cobertura en su p\u00f3liza.<\/p>\n<p class=\"p1\">En ocasiones un conductor podr\u00eda proveer informaci\u00f3n falsa en vez de huir de la escena del accidente. Aun as\u00ed, la compa\u00f1\u00eda de seguros manejara el reclamo de manera similar. Es por ello que es importante documentar la escena del accidente lo mayor posible. Si es posible uno tambi\u00e9n debe de fotografiar la chapa del conductor responsable.<\/p>\n<p class=\"p1\"><b>Las ventajas de contratar a un abogado de Malloy Law Offices<\/b><\/p>\n<p class=\"p1\">Si se ha visto involucrado en un accidente de choque y fuga, es importante buscar el asesoramiento de un abogado cualificado lo antes posible. Un abogado puede ayudarle a navegar por el complejo proceso legal. Tambi\u00e9n va a negociar con las compa\u00f1\u00edas de seguros. Tomamos casos de accidentes de choque y fuga en<a href=\"https:\/\/www.malloy-law.com\/es\/choque-y-fuga-en-maryland\/\">Maryland<\/a>, <a href=\"https:\/\/www.malloy-law.com\/es\/lesiones-personales-en-dc\/los-accidentes-de-choque-y-fuga-en-washington-dc\/\">DC<\/a> y <a href=\"https:\/\/www.malloy-law.com\/es\/los-accidentes-de-choque-y-fuga-en-virginia\/\">Virginia<\/a>.<\/p>\n<p class=\"p1\">A las compa\u00f1\u00edas de seguros les interesa solo ganar dinero. A menudo intentan rebajar las ofertas de las v\u00edctimas de accidentes. Un abogado puede ayudarle a negociar con las compa\u00f1\u00edas de seguros para asegurarse de que recibe un acuerdo justo y que reciba la compensaci\u00f3n que usted se merece. <a href=\"https:\/\/www.malloy-law.com\/es\/contactenos\/\">Cont\u00e1ctenos<\/a> hoy para recibir una consulta gratuita.<\/p>\n","protected":false},"excerpt":{"rendered":"<p>Las colisiones automovil\u00edsticas pueden ocurrir repentinamente. Las mismas suelen ser experiencias traumatizantes para todos los involucrados. Los accidentes de choque y fuga son sucesos comunes alrededor del pa\u00eds. Se report\u00f3 que en el 2020 cerca de 17% de los accidentes de carro que fueron reportados fueron accidentes de este tipo. Como definici\u00f3n los accidentes de&#8230;<\/p>\n","protected":false},"author":1,"featured_media":0,"parent":3740,"menu_order":0,"comment_status":"closed","ping_status":"closed","template":"","meta":{"_acf_changed":false,"om_disable_all_campaigns":false,"advgb_blocks_editor_width":"","advgb_blocks_columns_visual_guide":"","footnotes":""},"class_list":["post-20051","page","type-page","status-publish","hentry"],"acf":[],"yoast_head":"<!-- This site is optimized with the Yoast SEO Premium plugin v27.4 (Yoast SEO v27.4) - https:\/\/yoast.com\/product\/yoast-seo-premium-wordpress\/ -->\n<title>Los accidentes de choque y fuga - Malloy Law<\/title>\n<meta name=\"description\" content=\"Se report\u00f3 que en el 2020 cerca de 17% de los accidentes de carro que fueron reportados en los Estados Unidos fueron de choque y fuga.\" \/>\n<meta name=\"robots\" content=\"index, follow, max-snippet:-1, max-image-preview:large, max-video-preview:-1\" \/>\n<link rel=\"canonical\" href=\"https:\/\/www.malloy-law.com\/es\/lesiones-personales\/accidentes-de-choque-y-fuga\/\" \/>\n<meta property=\"og:locale\" content=\"es_ES\" \/>\n<meta property=\"og:type\" content=\"article\" \/>\n<meta property=\"og:title\" content=\"Los accidentes de choque y fuga\" \/>\n<meta property=\"og:description\" content=\"Se report\u00f3 que en el 2020 cerca de 17% de los accidentes de carro que fueron reportados en los Estados Unidos fueron de choque y fuga.\" \/>\n<meta property=\"og:url\" content=\"https:\/\/www.malloy-law.com\/es\/lesiones-personales\/accidentes-de-choque-y-fuga\/\" \/>\n<meta property=\"og:site_name\" content=\"Malloy Law\" \/>\n<meta property=\"article:modified_time\" content=\"2025-08-13T16:51:00+00:00\" \/>\n<meta property=\"og:image\" content=\"https:\/\/www.malloy-law.com\/wp-content\/uploads\/2023\/05\/shutterstock_711871411-scaled.jpg\" \/>\n\t<meta property=\"og:image:width\" content=\"2560\" \/>\n\t<meta property=\"og:image:height\" content=\"1707\" \/>\n\t<meta property=\"og:image:type\" content=\"image\/jpeg\" \/>\n<meta name=\"twitter:card\" content=\"summary_large_image\" \/>\n<meta name=\"twitter:label1\" content=\"Tiempo de lectura\" \/>\n\t<meta name=\"twitter:data1\" content=\"4 minutos\" \/>\n<script type=\"application\/ld+json\" class=\"yoast-schema-graph\">{\"@context\":\"https:\\\/\\\/schema.org\",\"@graph\":[{\"@type\":\"WebPage\",\"@id\":\"https:\\\/\\\/www.malloy-law.com\\\/es\\\/lesiones-personales\\\/accidentes-de-choque-y-fuga\\\/\",\"url\":\"https:\\\/\\\/www.malloy-law.com\\\/es\\\/lesiones-personales\\\/accidentes-de-choque-y-fuga\\\/\",\"name\":\"Los accidentes de choque y fuga - Malloy Law\",\"isPartOf\":{\"@id\":\"https:\\\/\\\/www.malloy-law.com\\\/#website\"},\"primaryImageOfPage\":{\"@id\":\"https:\\\/\\\/www.malloy-law.com\\\/es\\\/lesiones-personales\\\/accidentes-de-choque-y-fuga\\\/#primaryimage\"},\"image\":{\"@id\":\"https:\\\/\\\/www.malloy-law.com\\\/es\\\/lesiones-personales\\\/accidentes-de-choque-y-fuga\\\/#primaryimage\"},\"thumbnailUrl\":\"https:\\\/\\\/www.malloy-law.com\\\/wp-content\\\/uploads\\\/2023\\\/05\\\/shutterstock_711871411-1024x683.jpg\",\"datePublished\":\"2023-05-08T13:31:33+00:00\",\"dateModified\":\"2025-08-13T16:51:00+00:00\",\"description\":\"Se report\u00f3 que en el 2020 cerca de 17% de los accidentes de carro que fueron reportados en los Estados Unidos fueron de choque y fuga.\",\"breadcrumb\":{\"@id\":\"https:\\\/\\\/www.malloy-law.com\\\/es\\\/lesiones-personales\\\/accidentes-de-choque-y-fuga\\\/#breadcrumb\"},\"inLanguage\":\"es\",\"potentialAction\":[{\"@type\":\"ReadAction\",\"target\":[\"https:\\\/\\\/www.malloy-law.com\\\/es\\\/lesiones-personales\\\/accidentes-de-choque-y-fuga\\\/\"]}]},{\"@type\":\"ImageObject\",\"inLanguage\":\"es\",\"@id\":\"https:\\\/\\\/www.malloy-law.com\\\/es\\\/lesiones-personales\\\/accidentes-de-choque-y-fuga\\\/#primaryimage\",\"url\":\"https:\\\/\\\/www.malloy-law.com\\\/wp-content\\\/uploads\\\/2023\\\/05\\\/shutterstock_711871411-1024x683.jpg\",\"contentUrl\":\"https:\\\/\\\/www.malloy-law.com\\\/wp-content\\\/uploads\\\/2023\\\/05\\\/shutterstock_711871411-1024x683.jpg\"},{\"@type\":\"BreadcrumbList\",\"@id\":\"https:\\\/\\\/www.malloy-law.com\\\/es\\\/lesiones-personales\\\/accidentes-de-choque-y-fuga\\\/#breadcrumb\",\"itemListElement\":[{\"@type\":\"ListItem\",\"position\":1,\"name\":\"Home\",\"item\":\"https:\\\/\\\/www.malloy-law.com\\\/es\\\/\"},{\"@type\":\"ListItem\",\"position\":2,\"name\":\"Lesiones Personales\",\"item\":\"https:\\\/\\\/www.malloy-law.com\\\/es\\\/lesiones-personales\\\/\"},{\"@type\":\"ListItem\",\"position\":3,\"name\":\"Los accidentes de choque y fuga\"}]},{\"@type\":\"WebSite\",\"@id\":\"https:\\\/\\\/www.malloy-law.com\\\/#website\",\"url\":\"https:\\\/\\\/www.malloy-law.com\\\/\",\"name\":\"Malloy Law\",\"description\":\"\",\"publisher\":{\"@id\":\"https:\\\/\\\/www.malloy-law.com\\\/#organization\"},\"potentialAction\":[{\"@type\":\"SearchAction\",\"target\":{\"@type\":\"EntryPoint\",\"urlTemplate\":\"https:\\\/\\\/www.malloy-law.com\\\/?s={search_term_string}\"},\"query-input\":{\"@type\":\"PropertyValueSpecification\",\"valueRequired\":true,\"valueName\":\"search_term_string\"}}],\"inLanguage\":\"es\"},{\"@type\":\"Organization\",\"@id\":\"https:\\\/\\\/www.malloy-law.com\\\/#organization\",\"name\":\"Malloy Law Offices, LLC\",\"url\":\"https:\\\/\\\/www.malloy-law.com\\\/\",\"logo\":{\"@type\":\"ImageObject\",\"inLanguage\":\"es\",\"@id\":\"https:\\\/\\\/www.malloy-law.com\\\/#\\\/schema\\\/logo\\\/image\\\/\",\"url\":\"https:\\\/\\\/www.malloy-law.com\\\/wp-content\\\/uploads\\\/2019\\\/08\\\/MalloyLaw_Logo_Transparent.png\",\"contentUrl\":\"https:\\\/\\\/www.malloy-law.com\\\/wp-content\\\/uploads\\\/2019\\\/08\\\/MalloyLaw_Logo_Transparent.png\",\"width\":2147,\"height\":558,\"caption\":\"Malloy Law Offices, LLC\"},\"image\":{\"@id\":\"https:\\\/\\\/www.malloy-law.com\\\/#\\\/schema\\\/logo\\\/image\\\/\"}}]}<\/script>\n<!-- \/ Yoast SEO Premium plugin. -->","yoast_head_json":{"title":"Los accidentes de choque y fuga - Malloy Law","description":"Se report\u00f3 que en el 2020 cerca de 17% de los accidentes de carro que fueron reportados en los Estados Unidos fueron de choque y fuga.","robots":{"index":"index","follow":"follow","max-snippet":"max-snippet:-1","max-image-preview":"max-image-preview:large","max-video-preview":"max-video-preview:-1"},"canonical":"https:\/\/www.malloy-law.com\/es\/lesiones-personales\/accidentes-de-choque-y-fuga\/","og_locale":"es_ES","og_type":"article","og_title":"Los accidentes de choque y fuga","og_description":"Se report\u00f3 que en el 2020 cerca de 17% de los accidentes de carro que fueron reportados en los Estados Unidos fueron de choque y fuga.","og_url":"https:\/\/www.malloy-law.com\/es\/lesiones-personales\/accidentes-de-choque-y-fuga\/","og_site_name":"Malloy Law","article_modified_time":"2025-08-13T16:51:00+00:00","og_image":[{"width":2560,"height":1707,"url":"https:\/\/www.malloy-law.com\/wp-content\/uploads\/2023\/05\/shutterstock_711871411-scaled.jpg","type":"image\/jpeg"}],"twitter_card":"summary_large_image","twitter_misc":{"Tiempo de lectura":"4 minutos"},"schema":{"@context":"https:\/\/schema.org","@graph":[{"@type":"WebPage","@id":"https:\/\/www.malloy-law.com\/es\/lesiones-personales\/accidentes-de-choque-y-fuga\/","url":"https:\/\/www.malloy-law.com\/es\/lesiones-personales\/accidentes-de-choque-y-fuga\/","name":"Los accidentes de choque y fuga - Malloy Law","isPartOf":{"@id":"https:\/\/www.malloy-law.com\/#website"},"primaryImageOfPage":{"@id":"https:\/\/www.malloy-law.com\/es\/lesiones-personales\/accidentes-de-choque-y-fuga\/#primaryimage"},"image":{"@id":"https:\/\/www.malloy-law.com\/es\/lesiones-personales\/accidentes-de-choque-y-fuga\/#primaryimage"},"thumbnailUrl":"https:\/\/www.malloy-law.com\/wp-content\/uploads\/2023\/05\/shutterstock_711871411-1024x683.jpg","datePublished":"2023-05-08T13:31:33+00:00","dateModified":"2025-08-13T16:51:00+00:00","description":"Se report\u00f3 que en el 2020 cerca de 17% de los accidentes de carro que fueron reportados en los Estados Unidos fueron de choque y fuga.","breadcrumb":{"@id":"https:\/\/www.malloy-law.com\/es\/lesiones-personales\/accidentes-de-choque-y-fuga\/#breadcrumb"},"inLanguage":"es","potentialAction":[{"@type":"ReadAction","target":["https:\/\/www.malloy-law.com\/es\/lesiones-personales\/accidentes-de-choque-y-fuga\/"]}]},{"@type":"ImageObject","inLanguage":"es","@id":"https:\/\/www.malloy-law.com\/es\/lesiones-personales\/accidentes-de-choque-y-fuga\/#primaryimage","url":"https:\/\/www.malloy-law.com\/wp-content\/uploads\/2023\/05\/shutterstock_711871411-1024x683.jpg","contentUrl":"https:\/\/www.malloy-law.com\/wp-content\/uploads\/2023\/05\/shutterstock_711871411-1024x683.jpg"},{"@type":"BreadcrumbList","@id":"https:\/\/www.malloy-law.com\/es\/lesiones-personales\/accidentes-de-choque-y-fuga\/#breadcrumb","itemListElement":[{"@type":"ListItem","position":1,"name":"Home","item":"https:\/\/www.malloy-law.com\/es\/"},{"@type":"ListItem","position":2,"name":"Lesiones Personales","item":"https:\/\/www.malloy-law.com\/es\/lesiones-personales\/"},{"@type":"ListItem","position":3,"name":"Los accidentes de choque y fuga"}]},{"@type":"WebSite","@id":"https:\/\/www.malloy-law.com\/#website","url":"https:\/\/www.malloy-law.com\/","name":"Malloy Law","description":"","publisher":{"@id":"https:\/\/www.malloy-law.com\/#organization"},"potentialAction":[{"@type":"SearchAction","target":{"@type":"EntryPoint","urlTemplate":"https:\/\/www.malloy-law.com\/?s={search_term_string}"},"query-input":{"@type":"PropertyValueSpecification","valueRequired":true,"valueName":"search_term_string"}}],"inLanguage":"es"},{"@type":"Organization","@id":"https:\/\/www.malloy-law.com\/#organization","name":"Malloy Law Offices, LLC","url":"https:\/\/www.malloy-law.com\/","logo":{"@type":"ImageObject","inLanguage":"es","@id":"https:\/\/www.malloy-law.com\/#\/schema\/logo\/image\/","url":"https:\/\/www.malloy-law.com\/wp-content\/uploads\/2019\/08\/MalloyLaw_Logo_Transparent.png","contentUrl":"https:\/\/www.malloy-law.com\/wp-content\/uploads\/2019\/08\/MalloyLaw_Logo_Transparent.png","width":2147,"height":558,"caption":"Malloy Law Offices, LLC"},"image":{"@id":"https:\/\/www.malloy-law.com\/#\/schema\/logo\/image\/"}}]}},"coauthors":[],"author_meta":{"author_link":"https:\/\/www.malloy-law.com\/es\/author\/admin\/","display_name":"admin"},"relative_dates":{"created":"Publicado 3 a\u00f1os hace","modified":"Actualizado 9 meses hace"},"absolute_dates":{"created":"Publicado el 8 de mayo de 2023","modified":"Actualizado el 13 de agosto de 2025"},"absolute_dates_time":{"created":"Publicado el 8 de mayo de 2023 09:31","modified":"Actualizado el 13 de agosto de 2025 12:51"},"featured_img_caption":"","featured_img":false,"series_order":"","_links":{"self":[{"href":"https:\/\/www.malloy-law.com\/es\/wp-json\/wp\/v2\/pages\/20051","targetHints":{"allow":["GET"]}}],"collection":[{"href":"https:\/\/www.malloy-law.com\/es\/wp-json\/wp\/v2\/pages"}],"about":[{"href":"https:\/\/www.malloy-law.com\/es\/wp-json\/wp\/v2\/types\/page"}],"author":[{"embeddable":true,"href":"https:\/\/www.malloy-law.com\/es\/wp-json\/wp\/v2\/users\/1"}],"replies":[{"embeddable":true,"href":"https:\/\/www.malloy-law.com\/es\/wp-json\/wp\/v2\/comments?post=20051"}],"version-history":[{"count":0,"href":"https:\/\/www.malloy-law.com\/es\/wp-json\/wp\/v2\/pages\/20051\/revisions"}],"up":[{"embeddable":true,"href":"https:\/\/www.malloy-law.com\/es\/wp-json\/wp\/v2\/pages\/3740"}],"wp:attachment":[{"href":"https:\/\/www.malloy-law.com\/es\/wp-json\/wp\/v2\/media?parent=20051"}],"curies":[{"name":"wp","href":"https:\/\/api.w.org\/{rel}","templated":true}]}}