{"id":20114,"date":"2023-05-09T10:02:49","date_gmt":"2023-05-09T14:02:49","guid":{"rendered":"https:\/\/malloytestcloud.kinsta.cloud\/?page_id=20114"},"modified":"2025-08-19T15:21:26","modified_gmt":"2025-08-19T19:21:26","slug":"choque-y-fuga-en-alexandria","status":"publish","type":"page","link":"https:\/\/www.malloy-law.com\/es\/lesiones-personales-en-alexandria\/choque-y-fuga-en-alexandria\/","title":{"rendered":"Los accidentes de choque y fuga en Alexandria"},"content":{"rendered":"<p>Los accidentes de choque y fuga son muy comunes en Virginia, especialmente en Alexandria. Como definici\u00f3n los accidentes de choque y fuga ocurren el conductor culpable huye sin proveer su informaci\u00f3n de seguro o para auxiliar a la persona lesionada. Se estima que un accidente de choque y fuga ocurre cada 60 segundos en los Estados Unidos. En Virginia, espec\u00edficamente en el 2021 se <a href=\"https:\/\/www.dmv.virginia.gov\/sites\/default\/files\/documents\/VA-traffic-crash-2023.pdf\">registraron<\/a> 216,178 accidentes de carro. De esta cifra 5,741 de estos accidentes fueron de choque y fuga. A continuaci\u00f3n, hablaremos de los accidentes de choque y fuga en Alexandria, como tambi\u00e9n de la manera que un abogado experto puede ayudarlo.<\/p>\n<p style=\"text-align: center;\"><img decoding=\"async\" class=\"aligncenter wp-image-20115 size-full\" src=\"https:\/\/www.malloy-law.com\/wp-content\/uploads\/2023\/05\/shutterstock_1126516463.jpg\" alt=\"Choque y Fuga en Alexandria\" width=\"500\" height=\"334\" srcset=\"https:\/\/www.malloy-law.com\/wp-content\/uploads\/2023\/05\/shutterstock_1126516463.jpg 500w, https:\/\/www.malloy-law.com\/wp-content\/uploads\/2023\/05\/shutterstock_1126516463-300x200.jpg 300w\" sizes=\"(max-width: 500px) 100vw, 500px\" \/><\/p>\n<h2>Sanciones por accidentes de choque y fuga en Virginia<\/h2>\n<p>Como lo hab\u00edamos mencionado anteriormente, los accidentes de choque y fuga son comunes en Virginia. Cabe destacar que las <a href=\"https:\/\/www.enjuris.com\/virginia\/car-accident\/hit-and-run\/\">sanciones<\/a> son muy estrictas. No solo el conductor puede ser sancionado, sino que sus pasajeros tambi\u00e9n lo pueden ser. Las sanciones son establecidas de esta manera:<\/p>\n<h4>Conductor<\/h4>\n<p>I. Delito menor de clase 4 en un veh\u00edculo desatentado. Donde el da\u00f1o a propiedad fue de hasta $250 entonces la multa bastar\u00eda hasta $250.<\/p>\n<p>II. Delito menor de clase 1 en un veh\u00edculo desatentado. Donde el da\u00f1o a propiedad fue mayor de $250 entonces la sanci\u00f3n ser\u00eda una multa de $2500 y hasta un a\u00f1o en prisi\u00f3n. En cambio, cuando es en un veh\u00edculo atentado de la misma categor\u00eda donde el da\u00f1o a la propiedad es mayor a $1,000 la multa y sanci\u00f3n ser\u00eda lo mismo.<\/p>\n<p>III. Delito grave de clase 5 en un veh\u00edculo atentado. Donde ocurri\u00f3 una lesi\u00f3n, fatalidad o m\u00e1s de $1,000 en da\u00f1os de propiedad la sanci\u00f3n seria de hasta 10 a\u00f1os en prisi\u00f3n. Tambi\u00e9n habr\u00eda una multa de $2,500.<\/p>\n<h4>Pasajeros<\/h4>\n<p>1. Delito menor de clase 4 en un veh\u00edculo desatentado. Donde el da\u00f1o a propiedad fue de hasta $250 entonces la multa bastar\u00eda hasta $250.<\/p>\n<p>2. Delito menor de clase 1 en un veh\u00edculo desatentado. Donde el da\u00f1o a propiedad fue mayor de $250 entonces la sanci\u00f3n ser\u00eda una multa de $2500 y hasta un a\u00f1o en prisi\u00f3n. En cambio, cuando es en un veh\u00edculo atentado de la misma categor\u00eda donde ocurri\u00f3 da\u00f1o a una propiedad la sanci\u00f3n seria lo mismo.<\/p>\n<p>3. Delito grave de clase 5 en un veh\u00edculo atentado. Donde ocurri\u00f3 una lesi\u00f3n o fatalidad la sanci\u00f3n seria de hasta 5 a\u00f1os en prisi\u00f3n. Tambi\u00e9n habr\u00eda una multa de $2,500.<\/p>\n<h2>Que hacer luego de un accidente de choque y fuga en Alexandria<\/h2>\n<p>Estar involucrado en un accidente de choque y fuga puede ser una experiencia estresante. Lo primordial es mantener la calma. Uno no debe tratar de perseguir al conductor del otro veh\u00edculo. Esto no solamente resulta peligroso, pero normalmente los mismos huyen de la escena del accidente por distintos motivos. Algunos pueden ser que carecen de seguro automovil\u00edsticos o por tener una orden de arresto. A continuaci\u00f3n, le diremos los pasos que uno debe tomar.<\/p>\n<p>I. Mueva su veh\u00edculo a una zona segura y asesore la escena. Aseg\u00farese que usted y su pasajero se encuentren bien antes de proceder.<\/p>\n<p>II. Llame a la polic\u00eda y realice un reporte. Un oficial se dirigir\u00e1 a la escena del accidente y asesorar\u00e1 los hechos. El mismo realizar\u00e1 un reporte, el cual uno podr\u00e1 usar para realizar un reclamo a su seguro.<\/p>\n<p>III. Documente la escena del accidente. Puede ser realizado con su aparato m\u00f3vil. El mismo podr\u00e1 sostener como prueba a la hora de realizar un reclamo.<\/p>\n<p>IV. Intercambie informaci\u00f3n con los testigos. Los mismos no solo proveer\u00e1n informaci\u00f3n sobre los hechos a la polic\u00eda, sino que su testimonio tambi\u00e9n podr\u00e1 ser utilizado para su reclamo a la compa\u00f1\u00eda de seguro.<\/p>\n<p>V. Realice un reclamo a la compa\u00f1\u00eda de seguro. Debe de asegurarse de realizar el mismo de manera r\u00e1pida proviniendo el reporte policial, fotograf\u00edas y la informaci\u00f3n de los testigos.<\/p>\n<p>VI. Contacte a un abogado. El mismo lo ayudara a recolectar la informaci\u00f3n necesaria para presentar su reclamo y as\u00ed conseguir la compensaci\u00f3n que uno merece.<\/p>\n<h2>\u00bfC\u00f3mo las compa\u00f1\u00edas de seguro manejan los casos de choque y fuga en Alexandria?<\/h2>\n<p>Normalmente en las colisiones m\u00faltiples, se presenta el reclamo a la compa\u00f1\u00eda de seguros de la parte culpable. En cambio, los accidentes de choque y fuga los reclamos pueden ser complicados. Esto se debe a que uno no tiene los detalles del conductor culpable. De igual manera uno puede realizar un reclamo por medio de la cobertura de motoristas sin seguro de la p\u00f3liza de uno mismo. Cabe destacar que esto depende del estado en el que uno se encuentre. Casi todos los estados requieren que los conductores obtengan este tipo de cobertura en su p\u00f3liza.<\/p>\n<p>En ocasiones un conductor podr\u00eda proveer informaci\u00f3n falsa en vez de huir de la escena del accidente. Aun as\u00ed, la compa\u00f1\u00eda de seguros manejara el reclamo de manera similar. Es por ello que es importante documentar la escena del accidente lo mayor posible. Si es posible uno tambi\u00e9n debe de fotografiar la chapa del conductor responsable.<\/p>\n<h2>Las ventajas de contratar a un abogado de Malloy Law Offices<\/h2>\n<p>Si se ha visto involucrado en un accidente de choque y fuga en Alexandria, es importante buscar el asesoramiento de un abogado cualificado lo antes posible. Un abogado puede ayudarle a navegar por el complejo proceso legal. Tambi\u00e9n va a negociar con las compa\u00f1\u00edas de seguros. A las compa\u00f1\u00edas de seguros les interesa solo ganar dinero. A menudo intentan rebajar las ofertas de las v\u00edctimas de accidentes. Un abogado puede ayudarle a negociar con las compa\u00f1\u00edas de seguros para asegurarse de que recibe un acuerdo justo y que reciba la compensaci\u00f3n que usted se merece. <a href=\"https:\/\/www.malloy-law.com\/es\/contactenos\/\">Cont\u00e1ctenos<\/a> hoy para recibir una consulta gratuita.<\/p>\n","protected":false},"excerpt":{"rendered":"<p>Los accidentes de choque y fuga son muy comunes en Virginia, especialmente en Alexandria. Como definici\u00f3n los accidentes de choque y fuga ocurren el conductor culpable huye sin proveer su informaci\u00f3n de seguro o para auxiliar a la persona lesionada. Se estima que un accidente de choque y fuga ocurre cada 60 segundos en los&#8230;<\/p>\n","protected":false},"author":1,"featured_media":0,"parent":17171,"menu_order":0,"comment_status":"closed","ping_status":"closed","template":"","meta":{"_acf_changed":false,"om_disable_all_campaigns":false,"advgb_blocks_editor_width":"","advgb_blocks_columns_visual_guide":"","footnotes":""},"class_list":["post-20114","page","type-page","status-publish","hentry"],"acf":[],"yoast_head":"<!-- This site is optimized with the Yoast SEO Premium plugin v27.4 (Yoast SEO v27.4) - https:\/\/yoast.com\/product\/yoast-seo-premium-wordpress\/ -->\n<title>Los accidentes de choque y fuga en Alexandria - Malloy Law<\/title>\n<meta name=\"description\" content=\"Si se ha visto involucrado en un accidente de choque y fuga en Alexandria, es importante buscar el asesoramiento de un abogado cualificado.\" \/>\n<meta name=\"robots\" content=\"index, follow, max-snippet:-1, max-image-preview:large, max-video-preview:-1\" \/>\n<link rel=\"canonical\" href=\"https:\/\/www.malloy-law.com\/es\/lesiones-personales-en-alexandria\/choque-y-fuga-en-alexandria\/\" \/>\n<meta property=\"og:locale\" content=\"es_ES\" \/>\n<meta property=\"og:type\" content=\"article\" \/>\n<meta property=\"og:title\" content=\"Los accidentes de choque y fuga en Alexandria\" \/>\n<meta property=\"og:description\" content=\"Si se ha visto involucrado en un accidente de choque y fuga en Alexandria, es importante buscar el asesoramiento de un abogado cualificado.\" \/>\n<meta property=\"og:url\" content=\"https:\/\/www.malloy-law.com\/es\/lesiones-personales-en-alexandria\/choque-y-fuga-en-alexandria\/\" \/>\n<meta property=\"og:site_name\" content=\"Malloy Law\" \/>\n<meta property=\"article:modified_time\" content=\"2025-08-19T19:21:26+00:00\" \/>\n<meta property=\"og:image\" content=\"https:\/\/www.malloy-law.com\/wp-content\/uploads\/2023\/05\/shutterstock_1126516463.jpg\" \/>\n\t<meta property=\"og:image:width\" content=\"500\" \/>\n\t<meta property=\"og:image:height\" content=\"334\" \/>\n\t<meta property=\"og:image:type\" content=\"image\/jpeg\" \/>\n<meta name=\"twitter:card\" content=\"summary_large_image\" \/>\n<meta name=\"twitter:label1\" content=\"Tiempo de lectura\" \/>\n\t<meta name=\"twitter:data1\" content=\"5 minutos\" \/>\n<script type=\"application\/ld+json\" class=\"yoast-schema-graph\">{\"@context\":\"https:\\\/\\\/schema.org\",\"@graph\":[{\"@type\":\"WebPage\",\"@id\":\"https:\\\/\\\/www.malloy-law.com\\\/es\\\/lesiones-personales-en-alexandria\\\/choque-y-fuga-en-alexandria\\\/\",\"url\":\"https:\\\/\\\/www.malloy-law.com\\\/es\\\/lesiones-personales-en-alexandria\\\/choque-y-fuga-en-alexandria\\\/\",\"name\":\"Los accidentes de choque y fuga en Alexandria - Malloy Law\",\"isPartOf\":{\"@id\":\"https:\\\/\\\/www.malloy-law.com\\\/#website\"},\"primaryImageOfPage\":{\"@id\":\"https:\\\/\\\/www.malloy-law.com\\\/es\\\/lesiones-personales-en-alexandria\\\/choque-y-fuga-en-alexandria\\\/#primaryimage\"},\"image\":{\"@id\":\"https:\\\/\\\/www.malloy-law.com\\\/es\\\/lesiones-personales-en-alexandria\\\/choque-y-fuga-en-alexandria\\\/#primaryimage\"},\"thumbnailUrl\":\"https:\\\/\\\/www.malloy-law.com\\\/wp-content\\\/uploads\\\/2023\\\/05\\\/shutterstock_1126516463.jpg\",\"datePublished\":\"2023-05-09T14:02:49+00:00\",\"dateModified\":\"2025-08-19T19:21:26+00:00\",\"description\":\"Si se ha visto involucrado en un accidente de choque y fuga en Alexandria, es importante buscar el asesoramiento de un abogado cualificado.\",\"breadcrumb\":{\"@id\":\"https:\\\/\\\/www.malloy-law.com\\\/es\\\/lesiones-personales-en-alexandria\\\/choque-y-fuga-en-alexandria\\\/#breadcrumb\"},\"inLanguage\":\"es\",\"potentialAction\":[{\"@type\":\"ReadAction\",\"target\":[\"https:\\\/\\\/www.malloy-law.com\\\/es\\\/lesiones-personales-en-alexandria\\\/choque-y-fuga-en-alexandria\\\/\"]}]},{\"@type\":\"ImageObject\",\"inLanguage\":\"es\",\"@id\":\"https:\\\/\\\/www.malloy-law.com\\\/es\\\/lesiones-personales-en-alexandria\\\/choque-y-fuga-en-alexandria\\\/#primaryimage\",\"url\":\"https:\\\/\\\/www.malloy-law.com\\\/wp-content\\\/uploads\\\/2023\\\/05\\\/shutterstock_1126516463.jpg\",\"contentUrl\":\"https:\\\/\\\/www.malloy-law.com\\\/wp-content\\\/uploads\\\/2023\\\/05\\\/shutterstock_1126516463.jpg\"},{\"@type\":\"BreadcrumbList\",\"@id\":\"https:\\\/\\\/www.malloy-law.com\\\/es\\\/lesiones-personales-en-alexandria\\\/choque-y-fuga-en-alexandria\\\/#breadcrumb\",\"itemListElement\":[{\"@type\":\"ListItem\",\"position\":1,\"name\":\"Home\",\"item\":\"https:\\\/\\\/www.malloy-law.com\\\/es\\\/\"},{\"@type\":\"ListItem\",\"position\":2,\"name\":\"Abogado de Lesiones Personales en Alexandria\",\"item\":\"https:\\\/\\\/www.malloy-law.com\\\/es\\\/lesiones-personales-en-alexandria\\\/\"},{\"@type\":\"ListItem\",\"position\":3,\"name\":\"Los accidentes de choque y fuga en Alexandria\"}]},{\"@type\":\"WebSite\",\"@id\":\"https:\\\/\\\/www.malloy-law.com\\\/#website\",\"url\":\"https:\\\/\\\/www.malloy-law.com\\\/\",\"name\":\"Malloy Law\",\"description\":\"\",\"publisher\":{\"@id\":\"https:\\\/\\\/www.malloy-law.com\\\/#organization\"},\"potentialAction\":[{\"@type\":\"SearchAction\",\"target\":{\"@type\":\"EntryPoint\",\"urlTemplate\":\"https:\\\/\\\/www.malloy-law.com\\\/?s={search_term_string}\"},\"query-input\":{\"@type\":\"PropertyValueSpecification\",\"valueRequired\":true,\"valueName\":\"search_term_string\"}}],\"inLanguage\":\"es\"},{\"@type\":\"Organization\",\"@id\":\"https:\\\/\\\/www.malloy-law.com\\\/#organization\",\"name\":\"Malloy Law Offices, LLC\",\"url\":\"https:\\\/\\\/www.malloy-law.com\\\/\",\"logo\":{\"@type\":\"ImageObject\",\"inLanguage\":\"es\",\"@id\":\"https:\\\/\\\/www.malloy-law.com\\\/#\\\/schema\\\/logo\\\/image\\\/\",\"url\":\"https:\\\/\\\/www.malloy-law.com\\\/wp-content\\\/uploads\\\/2019\\\/08\\\/MalloyLaw_Logo_Transparent.png\",\"contentUrl\":\"https:\\\/\\\/www.malloy-law.com\\\/wp-content\\\/uploads\\\/2019\\\/08\\\/MalloyLaw_Logo_Transparent.png\",\"width\":2147,\"height\":558,\"caption\":\"Malloy Law Offices, LLC\"},\"image\":{\"@id\":\"https:\\\/\\\/www.malloy-law.com\\\/#\\\/schema\\\/logo\\\/image\\\/\"}}]}<\/script>\n<!-- \/ Yoast SEO Premium plugin. -->","yoast_head_json":{"title":"Los accidentes de choque y fuga en Alexandria - Malloy Law","description":"Si se ha visto involucrado en un accidente de choque y fuga en Alexandria, es importante buscar el asesoramiento de un abogado cualificado.","robots":{"index":"index","follow":"follow","max-snippet":"max-snippet:-1","max-image-preview":"max-image-preview:large","max-video-preview":"max-video-preview:-1"},"canonical":"https:\/\/www.malloy-law.com\/es\/lesiones-personales-en-alexandria\/choque-y-fuga-en-alexandria\/","og_locale":"es_ES","og_type":"article","og_title":"Los accidentes de choque y fuga en Alexandria","og_description":"Si se ha visto involucrado en un accidente de choque y fuga en Alexandria, es importante buscar el asesoramiento de un abogado cualificado.","og_url":"https:\/\/www.malloy-law.com\/es\/lesiones-personales-en-alexandria\/choque-y-fuga-en-alexandria\/","og_site_name":"Malloy Law","article_modified_time":"2025-08-19T19:21:26+00:00","og_image":[{"width":500,"height":334,"url":"https:\/\/www.malloy-law.com\/wp-content\/uploads\/2023\/05\/shutterstock_1126516463.jpg","type":"image\/jpeg"}],"twitter_card":"summary_large_image","twitter_misc":{"Tiempo de lectura":"5 minutos"},"schema":{"@context":"https:\/\/schema.org","@graph":[{"@type":"WebPage","@id":"https:\/\/www.malloy-law.com\/es\/lesiones-personales-en-alexandria\/choque-y-fuga-en-alexandria\/","url":"https:\/\/www.malloy-law.com\/es\/lesiones-personales-en-alexandria\/choque-y-fuga-en-alexandria\/","name":"Los accidentes de choque y fuga en Alexandria - Malloy Law","isPartOf":{"@id":"https:\/\/www.malloy-law.com\/#website"},"primaryImageOfPage":{"@id":"https:\/\/www.malloy-law.com\/es\/lesiones-personales-en-alexandria\/choque-y-fuga-en-alexandria\/#primaryimage"},"image":{"@id":"https:\/\/www.malloy-law.com\/es\/lesiones-personales-en-alexandria\/choque-y-fuga-en-alexandria\/#primaryimage"},"thumbnailUrl":"https:\/\/www.malloy-law.com\/wp-content\/uploads\/2023\/05\/shutterstock_1126516463.jpg","datePublished":"2023-05-09T14:02:49+00:00","dateModified":"2025-08-19T19:21:26+00:00","description":"Si se ha visto involucrado en un accidente de choque y fuga en Alexandria, es importante buscar el asesoramiento de un abogado cualificado.","breadcrumb":{"@id":"https:\/\/www.malloy-law.com\/es\/lesiones-personales-en-alexandria\/choque-y-fuga-en-alexandria\/#breadcrumb"},"inLanguage":"es","potentialAction":[{"@type":"ReadAction","target":["https:\/\/www.malloy-law.com\/es\/lesiones-personales-en-alexandria\/choque-y-fuga-en-alexandria\/"]}]},{"@type":"ImageObject","inLanguage":"es","@id":"https:\/\/www.malloy-law.com\/es\/lesiones-personales-en-alexandria\/choque-y-fuga-en-alexandria\/#primaryimage","url":"https:\/\/www.malloy-law.com\/wp-content\/uploads\/2023\/05\/shutterstock_1126516463.jpg","contentUrl":"https:\/\/www.malloy-law.com\/wp-content\/uploads\/2023\/05\/shutterstock_1126516463.jpg"},{"@type":"BreadcrumbList","@id":"https:\/\/www.malloy-law.com\/es\/lesiones-personales-en-alexandria\/choque-y-fuga-en-alexandria\/#breadcrumb","itemListElement":[{"@type":"ListItem","position":1,"name":"Home","item":"https:\/\/www.malloy-law.com\/es\/"},{"@type":"ListItem","position":2,"name":"Abogado de Lesiones Personales en Alexandria","item":"https:\/\/www.malloy-law.com\/es\/lesiones-personales-en-alexandria\/"},{"@type":"ListItem","position":3,"name":"Los accidentes de choque y fuga en Alexandria"}]},{"@type":"WebSite","@id":"https:\/\/www.malloy-law.com\/#website","url":"https:\/\/www.malloy-law.com\/","name":"Malloy Law","description":"","publisher":{"@id":"https:\/\/www.malloy-law.com\/#organization"},"potentialAction":[{"@type":"SearchAction","target":{"@type":"EntryPoint","urlTemplate":"https:\/\/www.malloy-law.com\/?s={search_term_string}"},"query-input":{"@type":"PropertyValueSpecification","valueRequired":true,"valueName":"search_term_string"}}],"inLanguage":"es"},{"@type":"Organization","@id":"https:\/\/www.malloy-law.com\/#organization","name":"Malloy Law Offices, LLC","url":"https:\/\/www.malloy-law.com\/","logo":{"@type":"ImageObject","inLanguage":"es","@id":"https:\/\/www.malloy-law.com\/#\/schema\/logo\/image\/","url":"https:\/\/www.malloy-law.com\/wp-content\/uploads\/2019\/08\/MalloyLaw_Logo_Transparent.png","contentUrl":"https:\/\/www.malloy-law.com\/wp-content\/uploads\/2019\/08\/MalloyLaw_Logo_Transparent.png","width":2147,"height":558,"caption":"Malloy Law Offices, LLC"},"image":{"@id":"https:\/\/www.malloy-law.com\/#\/schema\/logo\/image\/"}}]}},"coauthors":[],"author_meta":{"author_link":"https:\/\/www.malloy-law.com\/es\/author\/admin\/","display_name":"admin"},"relative_dates":{"created":"Publicado 3 a\u00f1os hace","modified":"Actualizado 9 meses hace"},"absolute_dates":{"created":"Publicado el 9 de mayo de 2023","modified":"Actualizado el 19 de agosto de 2025"},"absolute_dates_time":{"created":"Publicado el 9 de mayo de 2023 10:02","modified":"Actualizado el 19 de agosto de 2025 15:21"},"featured_img_caption":"","featured_img":false,"series_order":"","_links":{"self":[{"href":"https:\/\/www.malloy-law.com\/es\/wp-json\/wp\/v2\/pages\/20114","targetHints":{"allow":["GET"]}}],"collection":[{"href":"https:\/\/www.malloy-law.com\/es\/wp-json\/wp\/v2\/pages"}],"about":[{"href":"https:\/\/www.malloy-law.com\/es\/wp-json\/wp\/v2\/types\/page"}],"author":[{"embeddable":true,"href":"https:\/\/www.malloy-law.com\/es\/wp-json\/wp\/v2\/users\/1"}],"replies":[{"embeddable":true,"href":"https:\/\/www.malloy-law.com\/es\/wp-json\/wp\/v2\/comments?post=20114"}],"version-history":[{"count":0,"href":"https:\/\/www.malloy-law.com\/es\/wp-json\/wp\/v2\/pages\/20114\/revisions"}],"up":[{"embeddable":true,"href":"https:\/\/www.malloy-law.com\/es\/wp-json\/wp\/v2\/pages\/17171"}],"wp:attachment":[{"href":"https:\/\/www.malloy-law.com\/es\/wp-json\/wp\/v2\/media?parent=20114"}],"curies":[{"name":"wp","href":"https:\/\/api.w.org\/{rel}","templated":true}]}}