{"id":20161,"date":"2023-05-10T11:04:11","date_gmt":"2023-05-10T15:04:11","guid":{"rendered":"https:\/\/malloytestcloud.kinsta.cloud\/?page_id=20161"},"modified":"2025-08-13T13:03:36","modified_gmt":"2025-08-13T17:03:36","slug":"los-efectos-de-las-redes-sociales-a-su-caso-de-lesion-personal","status":"publish","type":"page","link":"https:\/\/www.malloy-law.com\/es\/contenido\/los-efectos-de-las-redes-sociales-a-su-caso-de-lesion-personal\/","title":{"rendered":"Los efectos de las redes sociales a su caso de lesi\u00f3n personal"},"content":{"rendered":"<p>Nadie es inmune a ser accidentado. Cuando usted o un ser querido se encuentra involucrado en alg\u00fan accidente, especialmente de lesi\u00f3n personal, es primordial contratar un abogado. Cuando hablamos de lesiones personales nos referimos a una variedad de accidentes. Las mismas pueden incluir a accidentes automovil\u00edsticos, resbalo y ca\u00eddas, de bicicletas, motocicletas, peatones, negligencia m\u00e9dica, entra otras. El objetivo del abogado es ayudarlo a recibir la m\u00e1xima indemnizaci\u00f3n posible por gastos m\u00e9dicos y de propiedad causadas por el accidente. Cabe destacar que la accesibilidad a internet se ha facilitado en los \u00faltimos a\u00f1os. Normalmente el uso de las redes sociales nos permite comunicarnos con facilidad con nuestra comunidad. Las mismas tambi\u00e9n podr\u00edan afectar su caso de manera negativa. Es imperativo buscar consejo legal y no compartir su caso en las redes. Las mismas pueden refutar los reclamos de uno en una corte.<\/p>\n<p><iframe loading=\"lazy\" title=\"Can Social Media Affect Your Personal Injury Case??\" width=\"500\" height=\"281\" src=\"https:\/\/www.youtube.com\/embed\/6Edj0mrKaXU?feature=oembed\" frameborder=\"0\" allow=\"accelerometer; autoplay; clipboard-write; encrypted-media; gyroscope; picture-in-picture; web-share\" referrerpolicy=\"strict-origin-when-cross-origin\" allowfullscreen><\/iframe><\/p>\n<h2>Las redes sociales y su reclamo en lesi\u00f3n personal<\/h2>\n<p>Como lo hab\u00edamos mencionado anteriormente, las publicaciones en las redes sociales podr\u00edan afectar su caso. Los abogados del acusado o del seguro podr\u00eda intentar usar todas las evidencias posibles para refutar su caso. Cuando uno publica sobre sus actividades cuando uno se encuentra en descanso medico en las redes sociales (como Instagram y facebook) los abogados podr\u00edan utilizar esto para minimizar sus lesiones y as\u00ed no encontrarse compensado de manera completa. Otro tipo de publicaci\u00f3n que podr\u00eda afectar su caso es cuando uno publica las fotos sobre uno mismo. Aunque uno no tenga la intenci\u00f3n los abogados podr\u00edan tratar de desmeritar sus lesiones y hasta podr\u00edan comentar que uno est\u00e1 fingiendo sus lesiones. En ocasiones cuando uno comparte su localizaci\u00f3n sin necesariamente compartir ninguna foto de alguna actividad f\u00edsica tambi\u00e9n podr\u00eda afectar su caso.<\/p>\n<p style=\"text-align: center;\"><img decoding=\"async\" class=\"aligncenter wp-image-20162\" src=\"https:\/\/www.malloy-law.com\/wp-content\/uploads\/2023\/05\/pexels-magnus-mueller-2818118-scaled-e1683730903300-1024x912.jpg\" alt=\"Las redes sociales y su reclamo en lesi\u00f3n personal\" width=\"490\" height=\"436\" srcset=\"https:\/\/www.malloy-law.com\/wp-content\/uploads\/2023\/05\/pexels-magnus-mueller-2818118-scaled-e1683730903300-1024x912.jpg 1024w, https:\/\/www.malloy-law.com\/wp-content\/uploads\/2023\/05\/pexels-magnus-mueller-2818118-scaled-e1683730903300-300x267.jpg 300w, https:\/\/www.malloy-law.com\/wp-content\/uploads\/2023\/05\/pexels-magnus-mueller-2818118-scaled-e1683730903300-768x684.jpg 768w, https:\/\/www.malloy-law.com\/wp-content\/uploads\/2023\/05\/pexels-magnus-mueller-2818118-scaled-e1683730903300-1536x1369.jpg 1536w\" sizes=\"(max-width: 490px) 100vw, 490px\" \/><\/p>\n<h2>Recomendaciones en cuanto al uso de las mismas<\/h2>\n<p>Los impactos de las redes sociales en su caso pueden ser desastrosos. Para ello siempre debe buscar una representaci\u00f3n legal excelente que lo guie paso a paso para no cometer ni comendar su caso. Nosotros recomendamos que nuestro cliente no difunda ning\u00fan tipo de informaci\u00f3n sobre su caso. Esto incluye informaci\u00f3n sobre su accidentes, tratamientos y lesiones. No debe compartir su localizaci\u00f3n ni tampoco fotos, videos o realizar comentarios. De igual manera recomendamos que no comente sobre su caso a sus familiares o amigos, ya que estos podr\u00edan publicar detalles de su caso y as\u00ed ser afectado. Uno debe tambi\u00e9n programar sus redes sociales con la mayor privacidad para no ser acosado por estos individuos. De todas maneras, uno siempre debe de mantener al tanto a su abogado.<\/p>\n<p>Ahora que entiende que los efectos que su caso de lesi\u00f3n personal puede ser afectada, no siga los consejos \u201cgenerales\u201d. Sino busque a un profesional que conozca su situaci\u00f3n exacta. Si ha sufrido un accidente, es primordial contactar a un abogado por lesiones personales de <a href=\"https:\/\/www.malloy-law.com\/es\/\">Malloy Law Offices<\/a>. Especialmente si fue causado por la negligencia de otro, estaremos encantados de hablar con usted sobre su caso. <a href=\"https:\/\/www.malloy-law.com\/es\/contactenos\/\">Cont\u00e1ctenos<\/a> hoy mismo para recibir una evaluaci\u00f3n gratuita de su caso.<\/p>\n","protected":false},"excerpt":{"rendered":"<p>Nadie es inmune a ser accidentado. Cuando usted o un ser querido se encuentra involucrado en alg\u00fan accidente, especialmente de lesi\u00f3n personal, es primordial contratar un abogado. Cuando hablamos de lesiones personales nos referimos a una variedad de accidentes. Las mismas pueden incluir a accidentes automovil\u00edsticos, resbalo y ca\u00eddas, de bicicletas, motocicletas, peatones, negligencia m\u00e9dica,&#8230;<\/p>\n","protected":false},"author":1,"featured_media":0,"parent":10164,"menu_order":0,"comment_status":"closed","ping_status":"closed","template":"","meta":{"_acf_changed":false,"om_disable_all_campaigns":false,"advgb_blocks_editor_width":"","advgb_blocks_columns_visual_guide":"","footnotes":""},"class_list":["post-20161","page","type-page","status-publish","hentry"],"acf":[],"yoast_head":"<!-- This site is optimized with the Yoast SEO Premium plugin v27.4 (Yoast SEO v27.4) - https:\/\/yoast.com\/product\/yoast-seo-premium-wordpress\/ -->\n<title>Los efectos de las redes sociales a su caso de lesi\u00f3n personal - Malloy Law<\/title>\n<meta name=\"description\" content=\"Las publicaciones en las redes sociales podr\u00edan afectar su caso. Las mismas podr\u00edan afectar el resultado de su caso y su compensaci\u00f3n.\" \/>\n<meta name=\"robots\" content=\"index, follow, max-snippet:-1, max-image-preview:large, max-video-preview:-1\" \/>\n<link rel=\"canonical\" href=\"https:\/\/www.malloy-law.com\/es\/contenido\/los-efectos-de-las-redes-sociales-a-su-caso-de-lesion-personal\/\" \/>\n<meta property=\"og:locale\" content=\"es_ES\" \/>\n<meta property=\"og:type\" content=\"article\" \/>\n<meta property=\"og:title\" content=\"Los efectos de las redes sociales a su caso de lesi\u00f3n personal\" \/>\n<meta property=\"og:description\" content=\"Las publicaciones en las redes sociales podr\u00edan afectar su caso. Las mismas podr\u00edan afectar el resultado de su caso y su compensaci\u00f3n.\" \/>\n<meta property=\"og:url\" content=\"https:\/\/www.malloy-law.com\/es\/contenido\/los-efectos-de-las-redes-sociales-a-su-caso-de-lesion-personal\/\" \/>\n<meta property=\"og:site_name\" content=\"Malloy Law\" \/>\n<meta property=\"article:modified_time\" content=\"2025-08-13T17:03:36+00:00\" \/>\n<meta property=\"og:image\" content=\"https:\/\/www.malloy-law.com\/wp-content\/uploads\/2023\/05\/pexels-magnus-mueller-2818118.jpg\" \/>\n\t<meta property=\"og:image:width\" content=\"4699\" \/>\n\t<meta property=\"og:image:height\" content=\"3723\" \/>\n\t<meta property=\"og:image:type\" content=\"image\/jpeg\" \/>\n<meta name=\"twitter:card\" content=\"summary_large_image\" \/>\n<meta name=\"twitter:label1\" content=\"Tiempo de lectura\" \/>\n\t<meta name=\"twitter:data1\" content=\"3 minutos\" \/>\n<script type=\"application\/ld+json\" class=\"yoast-schema-graph\">{\"@context\":\"https:\\\/\\\/schema.org\",\"@graph\":[{\"@type\":\"WebPage\",\"@id\":\"https:\\\/\\\/www.malloy-law.com\\\/es\\\/contenido\\\/los-efectos-de-las-redes-sociales-a-su-caso-de-lesion-personal\\\/\",\"url\":\"https:\\\/\\\/www.malloy-law.com\\\/es\\\/contenido\\\/los-efectos-de-las-redes-sociales-a-su-caso-de-lesion-personal\\\/\",\"name\":\"Los efectos de las redes sociales a su caso de lesi\u00f3n personal - Malloy Law\",\"isPartOf\":{\"@id\":\"https:\\\/\\\/www.malloy-law.com\\\/#website\"},\"primaryImageOfPage\":{\"@id\":\"https:\\\/\\\/www.malloy-law.com\\\/es\\\/contenido\\\/los-efectos-de-las-redes-sociales-a-su-caso-de-lesion-personal\\\/#primaryimage\"},\"image\":{\"@id\":\"https:\\\/\\\/www.malloy-law.com\\\/es\\\/contenido\\\/los-efectos-de-las-redes-sociales-a-su-caso-de-lesion-personal\\\/#primaryimage\"},\"thumbnailUrl\":\"https:\\\/\\\/www.malloy-law.com\\\/wp-content\\\/uploads\\\/2023\\\/05\\\/pexels-magnus-mueller-2818118-scaled-e1683730903300-1024x912.jpg\",\"datePublished\":\"2023-05-10T15:04:11+00:00\",\"dateModified\":\"2025-08-13T17:03:36+00:00\",\"description\":\"Las publicaciones en las redes sociales podr\u00edan afectar su caso. Las mismas podr\u00edan afectar el resultado de su caso y su compensaci\u00f3n.\",\"breadcrumb\":{\"@id\":\"https:\\\/\\\/www.malloy-law.com\\\/es\\\/contenido\\\/los-efectos-de-las-redes-sociales-a-su-caso-de-lesion-personal\\\/#breadcrumb\"},\"inLanguage\":\"es\",\"potentialAction\":[{\"@type\":\"ReadAction\",\"target\":[\"https:\\\/\\\/www.malloy-law.com\\\/es\\\/contenido\\\/los-efectos-de-las-redes-sociales-a-su-caso-de-lesion-personal\\\/\"]}]},{\"@type\":\"ImageObject\",\"inLanguage\":\"es\",\"@id\":\"https:\\\/\\\/www.malloy-law.com\\\/es\\\/contenido\\\/los-efectos-de-las-redes-sociales-a-su-caso-de-lesion-personal\\\/#primaryimage\",\"url\":\"https:\\\/\\\/www.malloy-law.com\\\/wp-content\\\/uploads\\\/2023\\\/05\\\/pexels-magnus-mueller-2818118-scaled-e1683730903300-1024x912.jpg\",\"contentUrl\":\"https:\\\/\\\/www.malloy-law.com\\\/wp-content\\\/uploads\\\/2023\\\/05\\\/pexels-magnus-mueller-2818118-scaled-e1683730903300-1024x912.jpg\"},{\"@type\":\"BreadcrumbList\",\"@id\":\"https:\\\/\\\/www.malloy-law.com\\\/es\\\/contenido\\\/los-efectos-de-las-redes-sociales-a-su-caso-de-lesion-personal\\\/#breadcrumb\",\"itemListElement\":[{\"@type\":\"ListItem\",\"position\":1,\"name\":\"Home\",\"item\":\"https:\\\/\\\/www.malloy-law.com\\\/es\\\/\"},{\"@type\":\"ListItem\",\"position\":2,\"name\":\"Contenido\",\"item\":\"https:\\\/\\\/www.malloy-law.com\\\/es\\\/contenido\\\/\"},{\"@type\":\"ListItem\",\"position\":3,\"name\":\"Los efectos de las redes sociales a su caso de lesi\u00f3n personal\"}]},{\"@type\":\"WebSite\",\"@id\":\"https:\\\/\\\/www.malloy-law.com\\\/#website\",\"url\":\"https:\\\/\\\/www.malloy-law.com\\\/\",\"name\":\"Malloy Law\",\"description\":\"\",\"publisher\":{\"@id\":\"https:\\\/\\\/www.malloy-law.com\\\/#organization\"},\"potentialAction\":[{\"@type\":\"SearchAction\",\"target\":{\"@type\":\"EntryPoint\",\"urlTemplate\":\"https:\\\/\\\/www.malloy-law.com\\\/?s={search_term_string}\"},\"query-input\":{\"@type\":\"PropertyValueSpecification\",\"valueRequired\":true,\"valueName\":\"search_term_string\"}}],\"inLanguage\":\"es\"},{\"@type\":\"Organization\",\"@id\":\"https:\\\/\\\/www.malloy-law.com\\\/#organization\",\"name\":\"Malloy Law Offices, LLC\",\"url\":\"https:\\\/\\\/www.malloy-law.com\\\/\",\"logo\":{\"@type\":\"ImageObject\",\"inLanguage\":\"es\",\"@id\":\"https:\\\/\\\/www.malloy-law.com\\\/#\\\/schema\\\/logo\\\/image\\\/\",\"url\":\"https:\\\/\\\/www.malloy-law.com\\\/wp-content\\\/uploads\\\/2019\\\/08\\\/MalloyLaw_Logo_Transparent.png\",\"contentUrl\":\"https:\\\/\\\/www.malloy-law.com\\\/wp-content\\\/uploads\\\/2019\\\/08\\\/MalloyLaw_Logo_Transparent.png\",\"width\":2147,\"height\":558,\"caption\":\"Malloy Law Offices, LLC\"},\"image\":{\"@id\":\"https:\\\/\\\/www.malloy-law.com\\\/#\\\/schema\\\/logo\\\/image\\\/\"}}]}<\/script>\n<!-- \/ Yoast SEO Premium plugin. -->","yoast_head_json":{"title":"Los efectos de las redes sociales a su caso de lesi\u00f3n personal - Malloy Law","description":"Las publicaciones en las redes sociales podr\u00edan afectar su caso. Las mismas podr\u00edan afectar el resultado de su caso y su compensaci\u00f3n.","robots":{"index":"index","follow":"follow","max-snippet":"max-snippet:-1","max-image-preview":"max-image-preview:large","max-video-preview":"max-video-preview:-1"},"canonical":"https:\/\/www.malloy-law.com\/es\/contenido\/los-efectos-de-las-redes-sociales-a-su-caso-de-lesion-personal\/","og_locale":"es_ES","og_type":"article","og_title":"Los efectos de las redes sociales a su caso de lesi\u00f3n personal","og_description":"Las publicaciones en las redes sociales podr\u00edan afectar su caso. Las mismas podr\u00edan afectar el resultado de su caso y su compensaci\u00f3n.","og_url":"https:\/\/www.malloy-law.com\/es\/contenido\/los-efectos-de-las-redes-sociales-a-su-caso-de-lesion-personal\/","og_site_name":"Malloy Law","article_modified_time":"2025-08-13T17:03:36+00:00","og_image":[{"width":4699,"height":3723,"url":"https:\/\/www.malloy-law.com\/wp-content\/uploads\/2023\/05\/pexels-magnus-mueller-2818118.jpg","type":"image\/jpeg"}],"twitter_card":"summary_large_image","twitter_misc":{"Tiempo de lectura":"3 minutos"},"schema":{"@context":"https:\/\/schema.org","@graph":[{"@type":"WebPage","@id":"https:\/\/www.malloy-law.com\/es\/contenido\/los-efectos-de-las-redes-sociales-a-su-caso-de-lesion-personal\/","url":"https:\/\/www.malloy-law.com\/es\/contenido\/los-efectos-de-las-redes-sociales-a-su-caso-de-lesion-personal\/","name":"Los efectos de las redes sociales a su caso de lesi\u00f3n personal - Malloy Law","isPartOf":{"@id":"https:\/\/www.malloy-law.com\/#website"},"primaryImageOfPage":{"@id":"https:\/\/www.malloy-law.com\/es\/contenido\/los-efectos-de-las-redes-sociales-a-su-caso-de-lesion-personal\/#primaryimage"},"image":{"@id":"https:\/\/www.malloy-law.com\/es\/contenido\/los-efectos-de-las-redes-sociales-a-su-caso-de-lesion-personal\/#primaryimage"},"thumbnailUrl":"https:\/\/www.malloy-law.com\/wp-content\/uploads\/2023\/05\/pexels-magnus-mueller-2818118-scaled-e1683730903300-1024x912.jpg","datePublished":"2023-05-10T15:04:11+00:00","dateModified":"2025-08-13T17:03:36+00:00","description":"Las publicaciones en las redes sociales podr\u00edan afectar su caso. Las mismas podr\u00edan afectar el resultado de su caso y su compensaci\u00f3n.","breadcrumb":{"@id":"https:\/\/www.malloy-law.com\/es\/contenido\/los-efectos-de-las-redes-sociales-a-su-caso-de-lesion-personal\/#breadcrumb"},"inLanguage":"es","potentialAction":[{"@type":"ReadAction","target":["https:\/\/www.malloy-law.com\/es\/contenido\/los-efectos-de-las-redes-sociales-a-su-caso-de-lesion-personal\/"]}]},{"@type":"ImageObject","inLanguage":"es","@id":"https:\/\/www.malloy-law.com\/es\/contenido\/los-efectos-de-las-redes-sociales-a-su-caso-de-lesion-personal\/#primaryimage","url":"https:\/\/www.malloy-law.com\/wp-content\/uploads\/2023\/05\/pexels-magnus-mueller-2818118-scaled-e1683730903300-1024x912.jpg","contentUrl":"https:\/\/www.malloy-law.com\/wp-content\/uploads\/2023\/05\/pexels-magnus-mueller-2818118-scaled-e1683730903300-1024x912.jpg"},{"@type":"BreadcrumbList","@id":"https:\/\/www.malloy-law.com\/es\/contenido\/los-efectos-de-las-redes-sociales-a-su-caso-de-lesion-personal\/#breadcrumb","itemListElement":[{"@type":"ListItem","position":1,"name":"Home","item":"https:\/\/www.malloy-law.com\/es\/"},{"@type":"ListItem","position":2,"name":"Contenido","item":"https:\/\/www.malloy-law.com\/es\/contenido\/"},{"@type":"ListItem","position":3,"name":"Los efectos de las redes sociales a su caso de lesi\u00f3n personal"}]},{"@type":"WebSite","@id":"https:\/\/www.malloy-law.com\/#website","url":"https:\/\/www.malloy-law.com\/","name":"Malloy Law","description":"","publisher":{"@id":"https:\/\/www.malloy-law.com\/#organization"},"potentialAction":[{"@type":"SearchAction","target":{"@type":"EntryPoint","urlTemplate":"https:\/\/www.malloy-law.com\/?s={search_term_string}"},"query-input":{"@type":"PropertyValueSpecification","valueRequired":true,"valueName":"search_term_string"}}],"inLanguage":"es"},{"@type":"Organization","@id":"https:\/\/www.malloy-law.com\/#organization","name":"Malloy Law Offices, LLC","url":"https:\/\/www.malloy-law.com\/","logo":{"@type":"ImageObject","inLanguage":"es","@id":"https:\/\/www.malloy-law.com\/#\/schema\/logo\/image\/","url":"https:\/\/www.malloy-law.com\/wp-content\/uploads\/2019\/08\/MalloyLaw_Logo_Transparent.png","contentUrl":"https:\/\/www.malloy-law.com\/wp-content\/uploads\/2019\/08\/MalloyLaw_Logo_Transparent.png","width":2147,"height":558,"caption":"Malloy Law Offices, LLC"},"image":{"@id":"https:\/\/www.malloy-law.com\/#\/schema\/logo\/image\/"}}]}},"coauthors":[],"author_meta":{"author_link":"https:\/\/www.malloy-law.com\/es\/author\/admin\/","display_name":"admin"},"relative_dates":{"created":"Publicado 3 a\u00f1os hace","modified":"Actualizado 9 meses hace"},"absolute_dates":{"created":"Publicado el 10 de mayo de 2023","modified":"Actualizado el 13 de agosto de 2025"},"absolute_dates_time":{"created":"Publicado el 10 de mayo de 2023 11:04","modified":"Actualizado el 13 de agosto de 2025 13:03"},"featured_img_caption":"","featured_img":false,"series_order":"","_links":{"self":[{"href":"https:\/\/www.malloy-law.com\/es\/wp-json\/wp\/v2\/pages\/20161","targetHints":{"allow":["GET"]}}],"collection":[{"href":"https:\/\/www.malloy-law.com\/es\/wp-json\/wp\/v2\/pages"}],"about":[{"href":"https:\/\/www.malloy-law.com\/es\/wp-json\/wp\/v2\/types\/page"}],"author":[{"embeddable":true,"href":"https:\/\/www.malloy-law.com\/es\/wp-json\/wp\/v2\/users\/1"}],"replies":[{"embeddable":true,"href":"https:\/\/www.malloy-law.com\/es\/wp-json\/wp\/v2\/comments?post=20161"}],"version-history":[{"count":0,"href":"https:\/\/www.malloy-law.com\/es\/wp-json\/wp\/v2\/pages\/20161\/revisions"}],"up":[{"embeddable":true,"href":"https:\/\/www.malloy-law.com\/es\/wp-json\/wp\/v2\/pages\/10164"}],"wp:attachment":[{"href":"https:\/\/www.malloy-law.com\/es\/wp-json\/wp\/v2\/media?parent=20161"}],"curies":[{"name":"wp","href":"https:\/\/api.w.org\/{rel}","templated":true}]}}