{"id":20229,"date":"2023-05-12T09:47:09","date_gmt":"2023-05-12T13:47:09","guid":{"rendered":"https:\/\/malloytestcloud.kinsta.cloud\/?page_id=20229"},"modified":"2025-08-13T13:20:54","modified_gmt":"2025-08-13T17:20:54","slug":"que-es-un-arbitraje","status":"publish","type":"page","link":"https:\/\/www.malloy-law.com\/es\/contenido\/que-es-un-arbitraje\/","title":{"rendered":"\u00bfQu\u00e9 es un arbitraje?"},"content":{"rendered":"<p>El momento en el que uno sufre un accidente, especialmente si fue causado por alguien negligente, uno puede entablar una demanda por lesi\u00f3n personal. Para esto es importante contactar a un abogado experto que lo ayude a navegar las complicadas aguas de una demanda. El mismo le recalcara que es importante mantener todos los documentos necesarios. Estas incluyen reportes policiales, tomar los nombres de los testigos y tomar fotograf\u00edas o videos. Tambi\u00e9n incluyen los gatos m\u00e9dicos. Cabe destacar que, en ocasiones, los casos podr\u00edan ser resueltos fuera de la corte. Para eso existe un proceso llamado arbitraci\u00f3n. A continuaci\u00f3n, definiremos que es un arbitraje, la diferencias entre arbitraje y mediaci\u00f3n y cuando es mejor utilizar la mediaci\u00f3n.<\/p>\n<p><iframe loading=\"lazy\" title=\"What Is Arbitration??\" width=\"500\" height=\"281\" src=\"https:\/\/www.youtube.com\/embed\/PsFY-7_T5J0?feature=oembed\" frameborder=\"0\" allow=\"accelerometer; autoplay; clipboard-write; encrypted-media; gyroscope; picture-in-picture; web-share\" referrerpolicy=\"strict-origin-when-cross-origin\" allowfullscreen><\/iframe><\/p>\n<h2>La definici\u00f3n de Arbitraje<\/h2>\n<p>Como lo hab\u00edamos mencionado anteriormente, no todas las demandas o casos terminan en la corte. Para esto se puede utilizar el arbitraje. El mismo es un proceso privado donde ambas partes pueden realizar una decisi\u00f3n por medio de un individuo neutro. Puede ser un juez retirado u alg\u00fan miembro especializado del <a href=\"https:\/\/www.americanbar.org\/\">ABA<\/a> (American Bar Association). El proceso de arbitraje es similar a lo que ocurrir\u00eda en una corte. Ambas partes realizan una declaraci\u00f3n y presentan sus evidencias al arbitrador. El proceso es m\u00e1s informal y es finalizado r\u00e1pidamente. La decisi\u00f3n es tanto obligatoria. Cuando el arbitraje es obligatorio, la decisi\u00f3n es final y es esforzado por una corte. Adem\u00e1s, la mayor\u00eda de las veces las partes optan utilizar el arbitraje por un asunto serio y como un recurso final antes de llevar al asunto a la corte.<\/p>\n<p style=\"text-align: center;\"><img decoding=\"async\" class=\"aligncenter wp-image-20230\" src=\"https:\/\/www.malloy-law.com\/wp-content\/uploads\/2023\/05\/pexels-sora-shimazaki-5668838-1024x683.jpg\" alt=\"\u00bfQu\u00e9 es un arbitraje?\" width=\"672\" height=\"448\" srcset=\"https:\/\/www.malloy-law.com\/wp-content\/uploads\/2023\/05\/pexels-sora-shimazaki-5668838-1024x683.jpg 1024w, https:\/\/www.malloy-law.com\/wp-content\/uploads\/2023\/05\/pexels-sora-shimazaki-5668838-300x200.jpg 300w, https:\/\/www.malloy-law.com\/wp-content\/uploads\/2023\/05\/pexels-sora-shimazaki-5668838-768x512.jpg 768w, https:\/\/www.malloy-law.com\/wp-content\/uploads\/2023\/05\/pexels-sora-shimazaki-5668838-1536x1024.jpg 1536w, https:\/\/www.malloy-law.com\/wp-content\/uploads\/2023\/05\/pexels-sora-shimazaki-5668838-2048x1365.jpg 2048w\" sizes=\"(max-width: 672px) 100vw, 672px\" \/><\/p>\n<h2>Que es la mediaci\u00f3n y cuando usar la arbitraci\u00f3n por encima de la misma<\/h2>\n<p>La mediaci\u00f3n es un proceso similar al arbitraje. Requieren una tercera parte neutral conocido como el mediador. El mismo intenta resolver la cuesti\u00f3n legal entre ambas partes. Ambas partes deben proveer sus perspectivas y sus evidencias como tambi\u00e9n deben llegar a un acuerdo con parte contraria para que ambos consigan resultados satisfactorios. A diferencia del arbitraje los mediadores no tienen la autoridad de realizar la decisi\u00f3n final. En situaciones complejas, donde existen m\u00e1s desacuerdos, ser\u00eda preferible elegir el arbitraje. El mismo tiene un proceso m\u00e1s formal que la mediaci\u00f3n. Cabe destacar que tambi\u00e9n el tiempo, las acusaciones serias y discusiones por grandes cantidades de dinero son un factor importante si es que el asunto no puede ser resuelto en un acuerdo.<\/p>\n<h3>Poderosa Representaci\u00f3n y Atenci\u00f3n Personal<\/h3>\n<p><a href=\"https:\/\/www.malloy-law.com\/es\/\">Malloy Law Offices<\/a> comprende perfectamente que este es un momento muy estresante. Todos nuestros abogados en lesiones personales priorizan a nuestros clientes y luchan incansablemente para obtener los mejores resultados posibles, sin importar cu\u00e1n complejo sea el caso. Tratamos cada caso con la atenci\u00f3n especializada que merece, brindando asistencia y apoyo a los clientes en cada etapa del proceso legal. Nuestro bufete opera en base a una tarifa de contingencia, lo que significa que no tiene que pagarnos a menos que ganemos su caso. <a href=\"https:\/\/www.malloy-law.com\/es\/contactenos\/\">Cont\u00e1ctenos<\/a> hoy, la consulta es gratuita.<\/p>\n","protected":false},"excerpt":{"rendered":"<p>El momento en el que uno sufre un accidente, especialmente si fue causado por alguien negligente, uno puede entablar una demanda por lesi\u00f3n personal. Para esto es importante contactar a un abogado experto que lo ayude a navegar las complicadas aguas de una demanda. El mismo le recalcara que es importante mantener todos los documentos&#8230;<\/p>\n","protected":false},"author":1,"featured_media":0,"parent":10164,"menu_order":0,"comment_status":"closed","ping_status":"closed","template":"","meta":{"_acf_changed":false,"om_disable_all_campaigns":false,"advgb_blocks_editor_width":"","advgb_blocks_columns_visual_guide":"","footnotes":""},"class_list":["post-20229","page","type-page","status-publish","hentry"],"acf":[],"yoast_head":"<!-- This site is optimized with the Yoast SEO Premium plugin v27.4 (Yoast SEO v27.4) - https:\/\/yoast.com\/product\/yoast-seo-premium-wordpress\/ -->\n<title>\u00bfQu\u00e9 es un arbitraje? - Malloy Law<\/title>\n<meta name=\"description\" content=\"A continuaci\u00f3n, definiremos que es un arbitraje, la diferencias entre arbitraje y mediaci\u00f3n y cuando es mejor utilizar la mediaci\u00f3n.\" \/>\n<meta name=\"robots\" content=\"index, follow, max-snippet:-1, max-image-preview:large, max-video-preview:-1\" \/>\n<link rel=\"canonical\" href=\"https:\/\/www.malloy-law.com\/es\/contenido\/que-es-un-arbitraje\/\" \/>\n<meta property=\"og:locale\" content=\"es_ES\" \/>\n<meta property=\"og:type\" content=\"article\" \/>\n<meta property=\"og:title\" content=\"\u00bfQu\u00e9 es un arbitraje?\" \/>\n<meta property=\"og:description\" content=\"A continuaci\u00f3n, definiremos que es un arbitraje, la diferencias entre arbitraje y mediaci\u00f3n y cuando es mejor utilizar la mediaci\u00f3n.\" \/>\n<meta property=\"og:url\" content=\"https:\/\/www.malloy-law.com\/es\/contenido\/que-es-un-arbitraje\/\" \/>\n<meta property=\"og:site_name\" content=\"Malloy Law\" \/>\n<meta property=\"article:modified_time\" content=\"2025-08-13T17:20:54+00:00\" \/>\n<meta property=\"og:image\" content=\"https:\/\/www.malloy-law.com\/wp-content\/uploads\/2023\/05\/pexels-sora-shimazaki-5668838-scaled.jpg\" \/>\n\t<meta property=\"og:image:width\" content=\"2560\" \/>\n\t<meta property=\"og:image:height\" content=\"1707\" \/>\n\t<meta property=\"og:image:type\" content=\"image\/jpeg\" \/>\n<meta name=\"twitter:card\" content=\"summary_large_image\" \/>\n<meta name=\"twitter:label1\" content=\"Tiempo de lectura\" \/>\n\t<meta name=\"twitter:data1\" content=\"3 minutos\" \/>\n<script type=\"application\/ld+json\" class=\"yoast-schema-graph\">{\"@context\":\"https:\\\/\\\/schema.org\",\"@graph\":[{\"@type\":\"WebPage\",\"@id\":\"https:\\\/\\\/www.malloy-law.com\\\/es\\\/contenido\\\/que-es-un-arbitraje\\\/\",\"url\":\"https:\\\/\\\/www.malloy-law.com\\\/es\\\/contenido\\\/que-es-un-arbitraje\\\/\",\"name\":\"\u00bfQu\u00e9 es un arbitraje? - Malloy Law\",\"isPartOf\":{\"@id\":\"https:\\\/\\\/www.malloy-law.com\\\/#website\"},\"primaryImageOfPage\":{\"@id\":\"https:\\\/\\\/www.malloy-law.com\\\/es\\\/contenido\\\/que-es-un-arbitraje\\\/#primaryimage\"},\"image\":{\"@id\":\"https:\\\/\\\/www.malloy-law.com\\\/es\\\/contenido\\\/que-es-un-arbitraje\\\/#primaryimage\"},\"thumbnailUrl\":\"https:\\\/\\\/www.malloy-law.com\\\/wp-content\\\/uploads\\\/2023\\\/05\\\/pexels-sora-shimazaki-5668838-1024x683.jpg\",\"datePublished\":\"2023-05-12T13:47:09+00:00\",\"dateModified\":\"2025-08-13T17:20:54+00:00\",\"description\":\"A continuaci\u00f3n, definiremos que es un arbitraje, la diferencias entre arbitraje y mediaci\u00f3n y cuando es mejor utilizar la mediaci\u00f3n.\",\"breadcrumb\":{\"@id\":\"https:\\\/\\\/www.malloy-law.com\\\/es\\\/contenido\\\/que-es-un-arbitraje\\\/#breadcrumb\"},\"inLanguage\":\"es\",\"potentialAction\":[{\"@type\":\"ReadAction\",\"target\":[\"https:\\\/\\\/www.malloy-law.com\\\/es\\\/contenido\\\/que-es-un-arbitraje\\\/\"]}]},{\"@type\":\"ImageObject\",\"inLanguage\":\"es\",\"@id\":\"https:\\\/\\\/www.malloy-law.com\\\/es\\\/contenido\\\/que-es-un-arbitraje\\\/#primaryimage\",\"url\":\"https:\\\/\\\/www.malloy-law.com\\\/wp-content\\\/uploads\\\/2023\\\/05\\\/pexels-sora-shimazaki-5668838-1024x683.jpg\",\"contentUrl\":\"https:\\\/\\\/www.malloy-law.com\\\/wp-content\\\/uploads\\\/2023\\\/05\\\/pexels-sora-shimazaki-5668838-1024x683.jpg\"},{\"@type\":\"BreadcrumbList\",\"@id\":\"https:\\\/\\\/www.malloy-law.com\\\/es\\\/contenido\\\/que-es-un-arbitraje\\\/#breadcrumb\",\"itemListElement\":[{\"@type\":\"ListItem\",\"position\":1,\"name\":\"Home\",\"item\":\"https:\\\/\\\/www.malloy-law.com\\\/es\\\/\"},{\"@type\":\"ListItem\",\"position\":2,\"name\":\"Contenido\",\"item\":\"https:\\\/\\\/www.malloy-law.com\\\/es\\\/contenido\\\/\"},{\"@type\":\"ListItem\",\"position\":3,\"name\":\"\u00bfQu\u00e9 es un arbitraje?\"}]},{\"@type\":\"WebSite\",\"@id\":\"https:\\\/\\\/www.malloy-law.com\\\/#website\",\"url\":\"https:\\\/\\\/www.malloy-law.com\\\/\",\"name\":\"Malloy Law\",\"description\":\"\",\"publisher\":{\"@id\":\"https:\\\/\\\/www.malloy-law.com\\\/#organization\"},\"potentialAction\":[{\"@type\":\"SearchAction\",\"target\":{\"@type\":\"EntryPoint\",\"urlTemplate\":\"https:\\\/\\\/www.malloy-law.com\\\/?s={search_term_string}\"},\"query-input\":{\"@type\":\"PropertyValueSpecification\",\"valueRequired\":true,\"valueName\":\"search_term_string\"}}],\"inLanguage\":\"es\"},{\"@type\":\"Organization\",\"@id\":\"https:\\\/\\\/www.malloy-law.com\\\/#organization\",\"name\":\"Malloy Law Offices, LLC\",\"url\":\"https:\\\/\\\/www.malloy-law.com\\\/\",\"logo\":{\"@type\":\"ImageObject\",\"inLanguage\":\"es\",\"@id\":\"https:\\\/\\\/www.malloy-law.com\\\/#\\\/schema\\\/logo\\\/image\\\/\",\"url\":\"https:\\\/\\\/www.malloy-law.com\\\/wp-content\\\/uploads\\\/2019\\\/08\\\/MalloyLaw_Logo_Transparent.png\",\"contentUrl\":\"https:\\\/\\\/www.malloy-law.com\\\/wp-content\\\/uploads\\\/2019\\\/08\\\/MalloyLaw_Logo_Transparent.png\",\"width\":2147,\"height\":558,\"caption\":\"Malloy Law Offices, LLC\"},\"image\":{\"@id\":\"https:\\\/\\\/www.malloy-law.com\\\/#\\\/schema\\\/logo\\\/image\\\/\"}}]}<\/script>\n<!-- \/ Yoast SEO Premium plugin. -->","yoast_head_json":{"title":"\u00bfQu\u00e9 es un arbitraje? - Malloy Law","description":"A continuaci\u00f3n, definiremos que es un arbitraje, la diferencias entre arbitraje y mediaci\u00f3n y cuando es mejor utilizar la mediaci\u00f3n.","robots":{"index":"index","follow":"follow","max-snippet":"max-snippet:-1","max-image-preview":"max-image-preview:large","max-video-preview":"max-video-preview:-1"},"canonical":"https:\/\/www.malloy-law.com\/es\/contenido\/que-es-un-arbitraje\/","og_locale":"es_ES","og_type":"article","og_title":"\u00bfQu\u00e9 es un arbitraje?","og_description":"A continuaci\u00f3n, definiremos que es un arbitraje, la diferencias entre arbitraje y mediaci\u00f3n y cuando es mejor utilizar la mediaci\u00f3n.","og_url":"https:\/\/www.malloy-law.com\/es\/contenido\/que-es-un-arbitraje\/","og_site_name":"Malloy Law","article_modified_time":"2025-08-13T17:20:54+00:00","og_image":[{"width":2560,"height":1707,"url":"https:\/\/www.malloy-law.com\/wp-content\/uploads\/2023\/05\/pexels-sora-shimazaki-5668838-scaled.jpg","type":"image\/jpeg"}],"twitter_card":"summary_large_image","twitter_misc":{"Tiempo de lectura":"3 minutos"},"schema":{"@context":"https:\/\/schema.org","@graph":[{"@type":"WebPage","@id":"https:\/\/www.malloy-law.com\/es\/contenido\/que-es-un-arbitraje\/","url":"https:\/\/www.malloy-law.com\/es\/contenido\/que-es-un-arbitraje\/","name":"\u00bfQu\u00e9 es un arbitraje? - Malloy Law","isPartOf":{"@id":"https:\/\/www.malloy-law.com\/#website"},"primaryImageOfPage":{"@id":"https:\/\/www.malloy-law.com\/es\/contenido\/que-es-un-arbitraje\/#primaryimage"},"image":{"@id":"https:\/\/www.malloy-law.com\/es\/contenido\/que-es-un-arbitraje\/#primaryimage"},"thumbnailUrl":"https:\/\/www.malloy-law.com\/wp-content\/uploads\/2023\/05\/pexels-sora-shimazaki-5668838-1024x683.jpg","datePublished":"2023-05-12T13:47:09+00:00","dateModified":"2025-08-13T17:20:54+00:00","description":"A continuaci\u00f3n, definiremos que es un arbitraje, la diferencias entre arbitraje y mediaci\u00f3n y cuando es mejor utilizar la mediaci\u00f3n.","breadcrumb":{"@id":"https:\/\/www.malloy-law.com\/es\/contenido\/que-es-un-arbitraje\/#breadcrumb"},"inLanguage":"es","potentialAction":[{"@type":"ReadAction","target":["https:\/\/www.malloy-law.com\/es\/contenido\/que-es-un-arbitraje\/"]}]},{"@type":"ImageObject","inLanguage":"es","@id":"https:\/\/www.malloy-law.com\/es\/contenido\/que-es-un-arbitraje\/#primaryimage","url":"https:\/\/www.malloy-law.com\/wp-content\/uploads\/2023\/05\/pexels-sora-shimazaki-5668838-1024x683.jpg","contentUrl":"https:\/\/www.malloy-law.com\/wp-content\/uploads\/2023\/05\/pexels-sora-shimazaki-5668838-1024x683.jpg"},{"@type":"BreadcrumbList","@id":"https:\/\/www.malloy-law.com\/es\/contenido\/que-es-un-arbitraje\/#breadcrumb","itemListElement":[{"@type":"ListItem","position":1,"name":"Home","item":"https:\/\/www.malloy-law.com\/es\/"},{"@type":"ListItem","position":2,"name":"Contenido","item":"https:\/\/www.malloy-law.com\/es\/contenido\/"},{"@type":"ListItem","position":3,"name":"\u00bfQu\u00e9 es un arbitraje?"}]},{"@type":"WebSite","@id":"https:\/\/www.malloy-law.com\/#website","url":"https:\/\/www.malloy-law.com\/","name":"Malloy Law","description":"","publisher":{"@id":"https:\/\/www.malloy-law.com\/#organization"},"potentialAction":[{"@type":"SearchAction","target":{"@type":"EntryPoint","urlTemplate":"https:\/\/www.malloy-law.com\/?s={search_term_string}"},"query-input":{"@type":"PropertyValueSpecification","valueRequired":true,"valueName":"search_term_string"}}],"inLanguage":"es"},{"@type":"Organization","@id":"https:\/\/www.malloy-law.com\/#organization","name":"Malloy Law Offices, LLC","url":"https:\/\/www.malloy-law.com\/","logo":{"@type":"ImageObject","inLanguage":"es","@id":"https:\/\/www.malloy-law.com\/#\/schema\/logo\/image\/","url":"https:\/\/www.malloy-law.com\/wp-content\/uploads\/2019\/08\/MalloyLaw_Logo_Transparent.png","contentUrl":"https:\/\/www.malloy-law.com\/wp-content\/uploads\/2019\/08\/MalloyLaw_Logo_Transparent.png","width":2147,"height":558,"caption":"Malloy Law Offices, LLC"},"image":{"@id":"https:\/\/www.malloy-law.com\/#\/schema\/logo\/image\/"}}]}},"coauthors":[],"author_meta":{"author_link":"https:\/\/www.malloy-law.com\/es\/author\/admin\/","display_name":"admin"},"relative_dates":{"created":"Publicado 3 a\u00f1os hace","modified":"Actualizado 9 meses hace"},"absolute_dates":{"created":"Publicado el 12 de mayo de 2023","modified":"Actualizado el 13 de agosto de 2025"},"absolute_dates_time":{"created":"Publicado el 12 de mayo de 2023 09:47","modified":"Actualizado el 13 de agosto de 2025 13:20"},"featured_img_caption":"","featured_img":false,"series_order":"","_links":{"self":[{"href":"https:\/\/www.malloy-law.com\/es\/wp-json\/wp\/v2\/pages\/20229","targetHints":{"allow":["GET"]}}],"collection":[{"href":"https:\/\/www.malloy-law.com\/es\/wp-json\/wp\/v2\/pages"}],"about":[{"href":"https:\/\/www.malloy-law.com\/es\/wp-json\/wp\/v2\/types\/page"}],"author":[{"embeddable":true,"href":"https:\/\/www.malloy-law.com\/es\/wp-json\/wp\/v2\/users\/1"}],"replies":[{"embeddable":true,"href":"https:\/\/www.malloy-law.com\/es\/wp-json\/wp\/v2\/comments?post=20229"}],"version-history":[{"count":0,"href":"https:\/\/www.malloy-law.com\/es\/wp-json\/wp\/v2\/pages\/20229\/revisions"}],"up":[{"embeddable":true,"href":"https:\/\/www.malloy-law.com\/es\/wp-json\/wp\/v2\/pages\/10164"}],"wp:attachment":[{"href":"https:\/\/www.malloy-law.com\/es\/wp-json\/wp\/v2\/media?parent=20229"}],"curies":[{"name":"wp","href":"https:\/\/api.w.org\/{rel}","templated":true}]}}