{"id":20476,"date":"2023-05-19T09:23:25","date_gmt":"2023-05-19T13:23:25","guid":{"rendered":"https:\/\/malloytestcloud.kinsta.cloud\/?page_id=20476"},"modified":"2025-08-13T13:23:28","modified_gmt":"2025-08-13T17:23:28","slug":"que-es-una-citacion","status":"publish","type":"page","link":"https:\/\/www.malloy-law.com\/es\/contenido\/que-es-una-citacion\/","title":{"rendered":"\u00bfQue es una citaci\u00f3n?"},"content":{"rendered":"<p>Uno no puede predecir cu\u00e1ndo ser\u00e1 accidentado. Es por ello que siempre es recomendado contactar a un abogado experto en lesiones personales. El mismo manejara su caso y luchara por conseguir la compensaci\u00f3n m\u00e1xima que usted merece. Es importante recalcar que el tipo de accidente es importante para entender el proceso legal del mismo. Normalmente a medida que va progresando el caso de uno, se podr\u00edan solicitar documentos o apariencias en la corte. Cuando hablamos de esto nos referimos a una citaci\u00f3n. A continuaci\u00f3n, hablaremos m\u00e1s profundamente de las citaciones y como son utilizadas en casos de lesi\u00f3n personal.<\/p>\n<p><iframe loading=\"lazy\" title=\"What Is A Subpoena??\" width=\"500\" height=\"281\" src=\"https:\/\/www.youtube.com\/embed\/pmMI8QWxOd0?start=15&#038;feature=oembed\" frameborder=\"0\" allow=\"accelerometer; autoplay; clipboard-write; encrypted-media; gyroscope; picture-in-picture; web-share\" referrerpolicy=\"strict-origin-when-cross-origin\" allowfullscreen><\/iframe><\/p>\n<h2>Que es una citaci\u00f3n y para qu\u00e9 es utilizada<\/h2>\n<p>Como lo hab\u00edamos mencionado anteriormente las citaciones son procedimientos muy comunes en los casos de lesiones personales. Existen dos tipos de citaciones. Una puede ser como cuando uno es testigo, la misma es conocida como testificandum. En cambio, la segunda forma de citaci\u00f3n seria conocida como duces tecum donde uno esta requerido a producir documentos. Los documentos que pueden ser producidos son fotograf\u00edas, facturas m\u00e9dicas, informaci\u00f3n de seguros m\u00e9dicos entre otras cosas. Los mismos son comandados por parte de la corte. En otras palabras, uno esta requerido a testificar o presentar informaci\u00f3n para brindar apoyo al caso. En el caso que uno se niegue a realizar uno de estos podr\u00eda afrontar cargos civiles. La misma puede ser tambi\u00e9n requerida por parte de un abogado y puede ser servido de varias medidas (en persona, por correo f\u00edsico y certificado).<\/p>\n<p style=\"text-align: center;\"><img decoding=\"async\" class=\"aligncenter wp-image-20477\" src=\"https:\/\/www.malloy-law.com\/wp-content\/uploads\/2023\/05\/pexels-pavel-danilyuk-8112178-1-1024x684.jpg\" alt=\"Que es una citaci\u00f3n y para qu\u00e9 es utilizada\" width=\"534\" height=\"357\" srcset=\"https:\/\/www.malloy-law.com\/wp-content\/uploads\/2023\/05\/pexels-pavel-danilyuk-8112178-1-1024x684.jpg 1024w, https:\/\/www.malloy-law.com\/wp-content\/uploads\/2023\/05\/pexels-pavel-danilyuk-8112178-1-300x200.jpg 300w, https:\/\/www.malloy-law.com\/wp-content\/uploads\/2023\/05\/pexels-pavel-danilyuk-8112178-1-768x513.jpg 768w, https:\/\/www.malloy-law.com\/wp-content\/uploads\/2023\/05\/pexels-pavel-danilyuk-8112178-1-1536x1025.jpg 1536w, https:\/\/www.malloy-law.com\/wp-content\/uploads\/2023\/05\/pexels-pavel-danilyuk-8112178-1-2048x1367.jpg 2048w\" sizes=\"(max-width: 534px) 100vw, 534px\" \/><\/p>\n<h3>\u00a1Contacte un abogado de Malloy Law Offices!<\/h3>\n<p>Si usted o alguien que conoce ha sido accidentado en el \u00e1rea de DMV, es importante saber que tiene opciones legales. En <a href=\"https:\/\/www.malloy-law.com\/es\/\">Malloy Law Offices<\/a> atendemos casos de lesiones personal. Es importante recalcar que todos los casos de lesiones personales son distintos. Priorizamos a nuestros clientes y luchamos incansablemente para obtener los mejores resultados posibles, sin importar cu\u00e1n complejo sea el caso. <a href=\"https:\/\/www.malloy-law.com\/es\/contactenos\/\">Cont\u00e1ctenos<\/a> para recibir una consulta gratuita.<\/p>\n","protected":false},"excerpt":{"rendered":"<p>Uno no puede predecir cu\u00e1ndo ser\u00e1 accidentado. Es por ello que siempre es recomendado contactar a un abogado experto en lesiones personales. El mismo manejara su caso y luchara por conseguir la compensaci\u00f3n m\u00e1xima que usted merece. Es importante recalcar que el tipo de accidente es importante para entender el proceso legal del mismo. Normalmente&#8230;<\/p>\n","protected":false},"author":1,"featured_media":0,"parent":10164,"menu_order":0,"comment_status":"closed","ping_status":"closed","template":"","meta":{"_acf_changed":false,"om_disable_all_campaigns":false,"advgb_blocks_editor_width":"","advgb_blocks_columns_visual_guide":"","footnotes":""},"class_list":["post-20476","page","type-page","status-publish","hentry"],"acf":[],"yoast_head":"<!-- This site is optimized with the Yoast SEO Premium plugin v27.4 (Yoast SEO v27.4) - https:\/\/yoast.com\/product\/yoast-seo-premium-wordpress\/ -->\n<title>\u00bfQue es una citaci\u00f3n? - Malloy Law<\/title>\n<meta name=\"description\" content=\"A medida que va progresando el caso de uno, se podr\u00edan solicitar documentos o apariencias en la corte. Esto es conocido como una citaci\u00f3n.\" \/>\n<meta name=\"robots\" content=\"index, follow, max-snippet:-1, max-image-preview:large, max-video-preview:-1\" \/>\n<link rel=\"canonical\" href=\"https:\/\/www.malloy-law.com\/es\/contenido\/que-es-una-citacion\/\" \/>\n<meta property=\"og:locale\" content=\"es_ES\" \/>\n<meta property=\"og:type\" content=\"article\" \/>\n<meta property=\"og:title\" content=\"\u00bfQue es una citaci\u00f3n?\" \/>\n<meta property=\"og:description\" content=\"A medida que va progresando el caso de uno, se podr\u00edan solicitar documentos o apariencias en la corte. Esto es conocido como una citaci\u00f3n.\" \/>\n<meta property=\"og:url\" content=\"https:\/\/www.malloy-law.com\/es\/contenido\/que-es-una-citacion\/\" \/>\n<meta property=\"og:site_name\" content=\"Malloy Law\" \/>\n<meta property=\"article:modified_time\" content=\"2025-08-13T17:23:28+00:00\" \/>\n<meta property=\"og:image\" content=\"https:\/\/www.malloy-law.com\/wp-content\/uploads\/2023\/05\/pexels-pavel-danilyuk-8112178-1-scaled.jpg\" \/>\n\t<meta property=\"og:image:width\" content=\"2560\" \/>\n\t<meta property=\"og:image:height\" content=\"1709\" \/>\n\t<meta property=\"og:image:type\" content=\"image\/jpeg\" \/>\n<meta name=\"twitter:card\" content=\"summary_large_image\" \/>\n<meta name=\"twitter:label1\" content=\"Tiempo de lectura\" \/>\n\t<meta name=\"twitter:data1\" content=\"2 minutos\" \/>\n<script type=\"application\/ld+json\" class=\"yoast-schema-graph\">{\"@context\":\"https:\\\/\\\/schema.org\",\"@graph\":[{\"@type\":\"WebPage\",\"@id\":\"https:\\\/\\\/www.malloy-law.com\\\/es\\\/contenido\\\/que-es-una-citacion\\\/\",\"url\":\"https:\\\/\\\/www.malloy-law.com\\\/es\\\/contenido\\\/que-es-una-citacion\\\/\",\"name\":\"\u00bfQue es una citaci\u00f3n? - Malloy Law\",\"isPartOf\":{\"@id\":\"https:\\\/\\\/www.malloy-law.com\\\/#website\"},\"primaryImageOfPage\":{\"@id\":\"https:\\\/\\\/www.malloy-law.com\\\/es\\\/contenido\\\/que-es-una-citacion\\\/#primaryimage\"},\"image\":{\"@id\":\"https:\\\/\\\/www.malloy-law.com\\\/es\\\/contenido\\\/que-es-una-citacion\\\/#primaryimage\"},\"thumbnailUrl\":\"https:\\\/\\\/www.malloy-law.com\\\/wp-content\\\/uploads\\\/2023\\\/05\\\/pexels-pavel-danilyuk-8112178-1-1024x684.jpg\",\"datePublished\":\"2023-05-19T13:23:25+00:00\",\"dateModified\":\"2025-08-13T17:23:28+00:00\",\"description\":\"A medida que va progresando el caso de uno, se podr\u00edan solicitar documentos o apariencias en la corte. Esto es conocido como una citaci\u00f3n.\",\"breadcrumb\":{\"@id\":\"https:\\\/\\\/www.malloy-law.com\\\/es\\\/contenido\\\/que-es-una-citacion\\\/#breadcrumb\"},\"inLanguage\":\"es\",\"potentialAction\":[{\"@type\":\"ReadAction\",\"target\":[\"https:\\\/\\\/www.malloy-law.com\\\/es\\\/contenido\\\/que-es-una-citacion\\\/\"]}]},{\"@type\":\"ImageObject\",\"inLanguage\":\"es\",\"@id\":\"https:\\\/\\\/www.malloy-law.com\\\/es\\\/contenido\\\/que-es-una-citacion\\\/#primaryimage\",\"url\":\"https:\\\/\\\/www.malloy-law.com\\\/wp-content\\\/uploads\\\/2023\\\/05\\\/pexels-pavel-danilyuk-8112178-1-1024x684.jpg\",\"contentUrl\":\"https:\\\/\\\/www.malloy-law.com\\\/wp-content\\\/uploads\\\/2023\\\/05\\\/pexels-pavel-danilyuk-8112178-1-1024x684.jpg\"},{\"@type\":\"BreadcrumbList\",\"@id\":\"https:\\\/\\\/www.malloy-law.com\\\/es\\\/contenido\\\/que-es-una-citacion\\\/#breadcrumb\",\"itemListElement\":[{\"@type\":\"ListItem\",\"position\":1,\"name\":\"Home\",\"item\":\"https:\\\/\\\/www.malloy-law.com\\\/es\\\/\"},{\"@type\":\"ListItem\",\"position\":2,\"name\":\"Contenido\",\"item\":\"https:\\\/\\\/www.malloy-law.com\\\/es\\\/contenido\\\/\"},{\"@type\":\"ListItem\",\"position\":3,\"name\":\"\u00bfQue es una citaci\u00f3n?\"}]},{\"@type\":\"WebSite\",\"@id\":\"https:\\\/\\\/www.malloy-law.com\\\/#website\",\"url\":\"https:\\\/\\\/www.malloy-law.com\\\/\",\"name\":\"Malloy Law\",\"description\":\"\",\"publisher\":{\"@id\":\"https:\\\/\\\/www.malloy-law.com\\\/#organization\"},\"potentialAction\":[{\"@type\":\"SearchAction\",\"target\":{\"@type\":\"EntryPoint\",\"urlTemplate\":\"https:\\\/\\\/www.malloy-law.com\\\/?s={search_term_string}\"},\"query-input\":{\"@type\":\"PropertyValueSpecification\",\"valueRequired\":true,\"valueName\":\"search_term_string\"}}],\"inLanguage\":\"es\"},{\"@type\":\"Organization\",\"@id\":\"https:\\\/\\\/www.malloy-law.com\\\/#organization\",\"name\":\"Malloy Law Offices, LLC\",\"url\":\"https:\\\/\\\/www.malloy-law.com\\\/\",\"logo\":{\"@type\":\"ImageObject\",\"inLanguage\":\"es\",\"@id\":\"https:\\\/\\\/www.malloy-law.com\\\/#\\\/schema\\\/logo\\\/image\\\/\",\"url\":\"https:\\\/\\\/www.malloy-law.com\\\/wp-content\\\/uploads\\\/2019\\\/08\\\/MalloyLaw_Logo_Transparent.png\",\"contentUrl\":\"https:\\\/\\\/www.malloy-law.com\\\/wp-content\\\/uploads\\\/2019\\\/08\\\/MalloyLaw_Logo_Transparent.png\",\"width\":2147,\"height\":558,\"caption\":\"Malloy Law Offices, LLC\"},\"image\":{\"@id\":\"https:\\\/\\\/www.malloy-law.com\\\/#\\\/schema\\\/logo\\\/image\\\/\"}}]}<\/script>\n<!-- \/ Yoast SEO Premium plugin. -->","yoast_head_json":{"title":"\u00bfQue es una citaci\u00f3n? - Malloy Law","description":"A medida que va progresando el caso de uno, se podr\u00edan solicitar documentos o apariencias en la corte. Esto es conocido como una citaci\u00f3n.","robots":{"index":"index","follow":"follow","max-snippet":"max-snippet:-1","max-image-preview":"max-image-preview:large","max-video-preview":"max-video-preview:-1"},"canonical":"https:\/\/www.malloy-law.com\/es\/contenido\/que-es-una-citacion\/","og_locale":"es_ES","og_type":"article","og_title":"\u00bfQue es una citaci\u00f3n?","og_description":"A medida que va progresando el caso de uno, se podr\u00edan solicitar documentos o apariencias en la corte. Esto es conocido como una citaci\u00f3n.","og_url":"https:\/\/www.malloy-law.com\/es\/contenido\/que-es-una-citacion\/","og_site_name":"Malloy Law","article_modified_time":"2025-08-13T17:23:28+00:00","og_image":[{"width":2560,"height":1709,"url":"https:\/\/www.malloy-law.com\/wp-content\/uploads\/2023\/05\/pexels-pavel-danilyuk-8112178-1-scaled.jpg","type":"image\/jpeg"}],"twitter_card":"summary_large_image","twitter_misc":{"Tiempo de lectura":"2 minutos"},"schema":{"@context":"https:\/\/schema.org","@graph":[{"@type":"WebPage","@id":"https:\/\/www.malloy-law.com\/es\/contenido\/que-es-una-citacion\/","url":"https:\/\/www.malloy-law.com\/es\/contenido\/que-es-una-citacion\/","name":"\u00bfQue es una citaci\u00f3n? - Malloy Law","isPartOf":{"@id":"https:\/\/www.malloy-law.com\/#website"},"primaryImageOfPage":{"@id":"https:\/\/www.malloy-law.com\/es\/contenido\/que-es-una-citacion\/#primaryimage"},"image":{"@id":"https:\/\/www.malloy-law.com\/es\/contenido\/que-es-una-citacion\/#primaryimage"},"thumbnailUrl":"https:\/\/www.malloy-law.com\/wp-content\/uploads\/2023\/05\/pexels-pavel-danilyuk-8112178-1-1024x684.jpg","datePublished":"2023-05-19T13:23:25+00:00","dateModified":"2025-08-13T17:23:28+00:00","description":"A medida que va progresando el caso de uno, se podr\u00edan solicitar documentos o apariencias en la corte. Esto es conocido como una citaci\u00f3n.","breadcrumb":{"@id":"https:\/\/www.malloy-law.com\/es\/contenido\/que-es-una-citacion\/#breadcrumb"},"inLanguage":"es","potentialAction":[{"@type":"ReadAction","target":["https:\/\/www.malloy-law.com\/es\/contenido\/que-es-una-citacion\/"]}]},{"@type":"ImageObject","inLanguage":"es","@id":"https:\/\/www.malloy-law.com\/es\/contenido\/que-es-una-citacion\/#primaryimage","url":"https:\/\/www.malloy-law.com\/wp-content\/uploads\/2023\/05\/pexels-pavel-danilyuk-8112178-1-1024x684.jpg","contentUrl":"https:\/\/www.malloy-law.com\/wp-content\/uploads\/2023\/05\/pexels-pavel-danilyuk-8112178-1-1024x684.jpg"},{"@type":"BreadcrumbList","@id":"https:\/\/www.malloy-law.com\/es\/contenido\/que-es-una-citacion\/#breadcrumb","itemListElement":[{"@type":"ListItem","position":1,"name":"Home","item":"https:\/\/www.malloy-law.com\/es\/"},{"@type":"ListItem","position":2,"name":"Contenido","item":"https:\/\/www.malloy-law.com\/es\/contenido\/"},{"@type":"ListItem","position":3,"name":"\u00bfQue es una citaci\u00f3n?"}]},{"@type":"WebSite","@id":"https:\/\/www.malloy-law.com\/#website","url":"https:\/\/www.malloy-law.com\/","name":"Malloy Law","description":"","publisher":{"@id":"https:\/\/www.malloy-law.com\/#organization"},"potentialAction":[{"@type":"SearchAction","target":{"@type":"EntryPoint","urlTemplate":"https:\/\/www.malloy-law.com\/?s={search_term_string}"},"query-input":{"@type":"PropertyValueSpecification","valueRequired":true,"valueName":"search_term_string"}}],"inLanguage":"es"},{"@type":"Organization","@id":"https:\/\/www.malloy-law.com\/#organization","name":"Malloy Law Offices, LLC","url":"https:\/\/www.malloy-law.com\/","logo":{"@type":"ImageObject","inLanguage":"es","@id":"https:\/\/www.malloy-law.com\/#\/schema\/logo\/image\/","url":"https:\/\/www.malloy-law.com\/wp-content\/uploads\/2019\/08\/MalloyLaw_Logo_Transparent.png","contentUrl":"https:\/\/www.malloy-law.com\/wp-content\/uploads\/2019\/08\/MalloyLaw_Logo_Transparent.png","width":2147,"height":558,"caption":"Malloy Law Offices, LLC"},"image":{"@id":"https:\/\/www.malloy-law.com\/#\/schema\/logo\/image\/"}}]}},"coauthors":[],"author_meta":{"author_link":"https:\/\/www.malloy-law.com\/es\/author\/admin\/","display_name":"admin"},"relative_dates":{"created":"Publicado 3 a\u00f1os hace","modified":"Actualizado 9 meses hace"},"absolute_dates":{"created":"Publicado el 19 de mayo de 2023","modified":"Actualizado el 13 de agosto de 2025"},"absolute_dates_time":{"created":"Publicado el 19 de mayo de 2023 09:23","modified":"Actualizado el 13 de agosto de 2025 13:23"},"featured_img_caption":"","featured_img":false,"series_order":"","_links":{"self":[{"href":"https:\/\/www.malloy-law.com\/es\/wp-json\/wp\/v2\/pages\/20476","targetHints":{"allow":["GET"]}}],"collection":[{"href":"https:\/\/www.malloy-law.com\/es\/wp-json\/wp\/v2\/pages"}],"about":[{"href":"https:\/\/www.malloy-law.com\/es\/wp-json\/wp\/v2\/types\/page"}],"author":[{"embeddable":true,"href":"https:\/\/www.malloy-law.com\/es\/wp-json\/wp\/v2\/users\/1"}],"replies":[{"embeddable":true,"href":"https:\/\/www.malloy-law.com\/es\/wp-json\/wp\/v2\/comments?post=20476"}],"version-history":[{"count":0,"href":"https:\/\/www.malloy-law.com\/es\/wp-json\/wp\/v2\/pages\/20476\/revisions"}],"up":[{"embeddable":true,"href":"https:\/\/www.malloy-law.com\/es\/wp-json\/wp\/v2\/pages\/10164"}],"wp:attachment":[{"href":"https:\/\/www.malloy-law.com\/es\/wp-json\/wp\/v2\/media?parent=20476"}],"curies":[{"name":"wp","href":"https:\/\/api.w.org\/{rel}","templated":true}]}}