{"id":20758,"date":"2023-06-26T13:42:05","date_gmt":"2023-06-26T17:42:05","guid":{"rendered":"https:\/\/malloytestcloud.kinsta.cloud\/?page_id=20758"},"modified":"2025-08-14T11:05:02","modified_gmt":"2025-08-14T15:05:02","slug":"los-peligros-de-las-colisiones-frontales","status":"publish","type":"page","link":"https:\/\/www.malloy-law.com\/es\/contenido\/los-peligros-de-las-colisiones-frontales\/","title":{"rendered":"Los peligros de las colisiones frontales"},"content":{"rendered":"<p class=\"p3\">Diariamente se registran accidentes de carro alrededor de los Estados Unidos. En el 2020 se <a href=\"https:\/\/crashstats.nhtsa.dot.gov\/Api\/Public\/ViewPublication\/813369\">registraron<\/a> un total de 38,824 fatalidades a causa de este tipo de accidente. De igual manera ocurrieron un total de 5,250,837 colisiones en este a\u00f1o. Los accidentes que resultaron en lesiones fueron 1,593,390. Estos accidentes pueden producirse de varias maneras, pero normalmente los mismos son provocados por conductores negligentes. Cuando un accidente automovil\u00edstico ocurre el carro puede ser colisionado a su costado, en la parte posterior y la m\u00e1s fatal ser\u00eda considerada la parte frontal. Las colisiones frontales son la causa m\u00e1s com\u00fan de fatalidades en cuando a los accidentes automovil\u00edstico por a\u00f1o. Se estima que casi un 40% de los accidentes automovil\u00edsticos fatales involucrando a otro autom\u00f3vil en movimiento son causadas por colisiones frontales. A continuaci\u00f3n, hablaremos en m\u00e1s detalle sobre las colisiones frontales.<\/p>\n<p><iframe loading=\"lazy\" title=\"What You Might Know About Head-On Collisions!\" width=\"500\" height=\"281\" src=\"https:\/\/www.youtube.com\/embed\/cl1eRB6f_xc?feature=oembed\" frameborder=\"0\" allow=\"accelerometer; autoplay; clipboard-write; encrypted-media; gyroscope; picture-in-picture; web-share\" referrerpolicy=\"strict-origin-when-cross-origin\" allowfullscreen><\/iframe><\/p>\n<h2 class=\"p3\"><span class=\"s1\">Las colisiones frontales<\/span><\/h2>\n<p class=\"p3\">Las colisiones frontales suelen ocurrir por conductores negligentes. Estos accidentes ocurren cuando un autom\u00f3vil se desv\u00eda de su carril y colisiona con otro veh\u00edculo que va en la direcci\u00f3n opuesta. Puede ocurrir porque el conductor se encuentra distra\u00eddo, bajo la influencia del alcohol\/drogas, por conducir agresivamente o por cruzar indebidamente al otro carril. Como lo hab\u00edamos mencionado anteriormente, la mayor\u00eda de estos accidentes resultan fatales. Cabe destacar que los mismos ocasionan lesiones graves. Uno puede sufrir traumatismo cerebral, da\u00f1os de \u00f3rganos internos, rotura de huesos y de espalda. Dependiendo del estado en el que uno se encuentre, si se encuentra que ambas partes atribuyeron a que ocurra el accidente, uno podr\u00eda reclamar su compensaci\u00f3n. Esto es conocido como negligencia contributiva. Siempre que uno se encuentre involucrado en una colisi\u00f3n automovil\u00edstica, aparte de buscar atenci\u00f3n medica debe tambi\u00e9n buscar contactar a un abogado de lesiones personales.<\/p>\n<p style=\"text-align: center;\"><img decoding=\"async\" class=\"aligncenter wp-image-19329\" src=\"https:\/\/www.malloy-law.com\/wp-content\/uploads\/2023\/04\/shutterstock_1996305623.jpg\" alt=\"Colisiones Frontales\" width=\"566\" height=\"378\" srcset=\"https:\/\/www.malloy-law.com\/wp-content\/uploads\/2023\/04\/shutterstock_1996305623.jpg 1000w, https:\/\/www.malloy-law.com\/wp-content\/uploads\/2023\/04\/shutterstock_1996305623-300x200.jpg 300w, https:\/\/www.malloy-law.com\/wp-content\/uploads\/2023\/04\/shutterstock_1996305623-768x512.jpg 768w\" sizes=\"(max-width: 566px) 100vw, 566px\" \/><\/p>\n<h3 class=\"p3\">\u00a1Contacte a un abogado de Malloy Law Offices hoy!<\/h3>\n<p class=\"p3\">Si se ha visto involucrado en un accidente, es importante buscar el asesoramiento de un abogado. Especialmente si estuvo involucrado en un accidente de colisi\u00f3n frontal. Un abogado de <a href=\"https:\/\/www.malloy-law.com\/es\/\">Malloy Law Offices<\/a> puede ayudarle a navegar por el complejo proceso legal. Tambi\u00e9n va a negociar con las compa\u00f1\u00edas de seguros. A las compa\u00f1\u00edas de seguros les interesa solo ganar dinero. A menudo intentan rebajar las ofertas de las v\u00edctimas de accidentes. Un abogado puede ayudarle a negociar con las compa\u00f1\u00edas de seguros para asegurarse de que recibe un acuerdo justo y que reciba la compensaci\u00f3n que usted se merece. <a href=\"https:\/\/www.malloy-law.com\/es\/contactenos\/\">Cont\u00e1ctenos<\/a> hoy para conseguir una consulta gratis.<\/p>\n","protected":false},"excerpt":{"rendered":"<p>Diariamente se registran accidentes de carro alrededor de los Estados Unidos. En el 2020 se registraron un total de 38,824 fatalidades a causa de este tipo de accidente. De igual manera ocurrieron un total de 5,250,837 colisiones en este a\u00f1o. Los accidentes que resultaron en lesiones fueron 1,593,390. Estos accidentes pueden producirse de varias maneras,&#8230;<\/p>\n","protected":false},"author":1,"featured_media":0,"parent":10164,"menu_order":0,"comment_status":"closed","ping_status":"closed","template":"","meta":{"_acf_changed":false,"om_disable_all_campaigns":false,"advgb_blocks_editor_width":"","advgb_blocks_columns_visual_guide":"","footnotes":""},"class_list":["post-20758","page","type-page","status-publish","hentry"],"acf":[],"yoast_head":"<!-- This site is optimized with the Yoast SEO Premium plugin v27.4 (Yoast SEO v27.4) - https:\/\/yoast.com\/product\/yoast-seo-premium-wordpress\/ -->\n<title>Los peligros de las colisiones frontales - Malloy Law<\/title>\n<meta name=\"description\" content=\"Las colisiones frontales suelen ocurrir por conductores negligentes. A continuaci\u00f3n, le diremos que hacer si sufri\u00f3 este tipo de accidente.\" \/>\n<meta name=\"robots\" content=\"index, follow, max-snippet:-1, max-image-preview:large, max-video-preview:-1\" \/>\n<link rel=\"canonical\" href=\"https:\/\/www.malloy-law.com\/es\/contenido\/los-peligros-de-las-colisiones-frontales\/\" \/>\n<meta property=\"og:locale\" content=\"es_ES\" \/>\n<meta property=\"og:type\" content=\"article\" \/>\n<meta property=\"og:title\" content=\"Los peligros de las colisiones frontales\" \/>\n<meta property=\"og:description\" content=\"Las colisiones frontales suelen ocurrir por conductores negligentes. A continuaci\u00f3n, le diremos que hacer si sufri\u00f3 este tipo de accidente.\" \/>\n<meta property=\"og:url\" content=\"https:\/\/www.malloy-law.com\/es\/contenido\/los-peligros-de-las-colisiones-frontales\/\" \/>\n<meta property=\"og:site_name\" content=\"Malloy Law\" \/>\n<meta property=\"article:modified_time\" content=\"2025-08-14T15:05:02+00:00\" \/>\n<meta property=\"og:image\" content=\"https:\/\/www.malloy-law.com\/wp-content\/uploads\/2023\/04\/shutterstock_1996305623.jpg\" \/>\n\t<meta property=\"og:image:width\" content=\"1000\" \/>\n\t<meta property=\"og:image:height\" content=\"667\" \/>\n\t<meta property=\"og:image:type\" content=\"image\/jpeg\" \/>\n<meta name=\"twitter:card\" content=\"summary_large_image\" \/>\n<meta name=\"twitter:label1\" content=\"Tiempo de lectura\" \/>\n\t<meta name=\"twitter:data1\" content=\"2 minutos\" \/>\n<script type=\"application\/ld+json\" class=\"yoast-schema-graph\">{\"@context\":\"https:\\\/\\\/schema.org\",\"@graph\":[{\"@type\":\"WebPage\",\"@id\":\"https:\\\/\\\/www.malloy-law.com\\\/es\\\/contenido\\\/los-peligros-de-las-colisiones-frontales\\\/\",\"url\":\"https:\\\/\\\/www.malloy-law.com\\\/es\\\/contenido\\\/los-peligros-de-las-colisiones-frontales\\\/\",\"name\":\"Los peligros de las colisiones frontales - Malloy Law\",\"isPartOf\":{\"@id\":\"https:\\\/\\\/www.malloy-law.com\\\/#website\"},\"primaryImageOfPage\":{\"@id\":\"https:\\\/\\\/www.malloy-law.com\\\/es\\\/contenido\\\/los-peligros-de-las-colisiones-frontales\\\/#primaryimage\"},\"image\":{\"@id\":\"https:\\\/\\\/www.malloy-law.com\\\/es\\\/contenido\\\/los-peligros-de-las-colisiones-frontales\\\/#primaryimage\"},\"thumbnailUrl\":\"https:\\\/\\\/www.malloy-law.com\\\/wp-content\\\/uploads\\\/2023\\\/04\\\/shutterstock_1996305623.jpg\",\"datePublished\":\"2023-06-26T17:42:05+00:00\",\"dateModified\":\"2025-08-14T15:05:02+00:00\",\"description\":\"Las colisiones frontales suelen ocurrir por conductores negligentes. A continuaci\u00f3n, le diremos que hacer si sufri\u00f3 este tipo de accidente.\",\"breadcrumb\":{\"@id\":\"https:\\\/\\\/www.malloy-law.com\\\/es\\\/contenido\\\/los-peligros-de-las-colisiones-frontales\\\/#breadcrumb\"},\"inLanguage\":\"es\",\"potentialAction\":[{\"@type\":\"ReadAction\",\"target\":[\"https:\\\/\\\/www.malloy-law.com\\\/es\\\/contenido\\\/los-peligros-de-las-colisiones-frontales\\\/\"]}]},{\"@type\":\"ImageObject\",\"inLanguage\":\"es\",\"@id\":\"https:\\\/\\\/www.malloy-law.com\\\/es\\\/contenido\\\/los-peligros-de-las-colisiones-frontales\\\/#primaryimage\",\"url\":\"https:\\\/\\\/www.malloy-law.com\\\/wp-content\\\/uploads\\\/2023\\\/04\\\/shutterstock_1996305623.jpg\",\"contentUrl\":\"https:\\\/\\\/www.malloy-law.com\\\/wp-content\\\/uploads\\\/2023\\\/04\\\/shutterstock_1996305623.jpg\"},{\"@type\":\"BreadcrumbList\",\"@id\":\"https:\\\/\\\/www.malloy-law.com\\\/es\\\/contenido\\\/los-peligros-de-las-colisiones-frontales\\\/#breadcrumb\",\"itemListElement\":[{\"@type\":\"ListItem\",\"position\":1,\"name\":\"Home\",\"item\":\"https:\\\/\\\/www.malloy-law.com\\\/es\\\/\"},{\"@type\":\"ListItem\",\"position\":2,\"name\":\"Contenido\",\"item\":\"https:\\\/\\\/www.malloy-law.com\\\/es\\\/contenido\\\/\"},{\"@type\":\"ListItem\",\"position\":3,\"name\":\"Los peligros de las colisiones frontales\"}]},{\"@type\":\"WebSite\",\"@id\":\"https:\\\/\\\/www.malloy-law.com\\\/#website\",\"url\":\"https:\\\/\\\/www.malloy-law.com\\\/\",\"name\":\"Malloy Law\",\"description\":\"\",\"publisher\":{\"@id\":\"https:\\\/\\\/www.malloy-law.com\\\/#organization\"},\"potentialAction\":[{\"@type\":\"SearchAction\",\"target\":{\"@type\":\"EntryPoint\",\"urlTemplate\":\"https:\\\/\\\/www.malloy-law.com\\\/?s={search_term_string}\"},\"query-input\":{\"@type\":\"PropertyValueSpecification\",\"valueRequired\":true,\"valueName\":\"search_term_string\"}}],\"inLanguage\":\"es\"},{\"@type\":\"Organization\",\"@id\":\"https:\\\/\\\/www.malloy-law.com\\\/#organization\",\"name\":\"Malloy Law Offices, LLC\",\"url\":\"https:\\\/\\\/www.malloy-law.com\\\/\",\"logo\":{\"@type\":\"ImageObject\",\"inLanguage\":\"es\",\"@id\":\"https:\\\/\\\/www.malloy-law.com\\\/#\\\/schema\\\/logo\\\/image\\\/\",\"url\":\"https:\\\/\\\/www.malloy-law.com\\\/wp-content\\\/uploads\\\/2019\\\/08\\\/MalloyLaw_Logo_Transparent.png\",\"contentUrl\":\"https:\\\/\\\/www.malloy-law.com\\\/wp-content\\\/uploads\\\/2019\\\/08\\\/MalloyLaw_Logo_Transparent.png\",\"width\":2147,\"height\":558,\"caption\":\"Malloy Law Offices, LLC\"},\"image\":{\"@id\":\"https:\\\/\\\/www.malloy-law.com\\\/#\\\/schema\\\/logo\\\/image\\\/\"}}]}<\/script>\n<!-- \/ Yoast SEO Premium plugin. -->","yoast_head_json":{"title":"Los peligros de las colisiones frontales - Malloy Law","description":"Las colisiones frontales suelen ocurrir por conductores negligentes. A continuaci\u00f3n, le diremos que hacer si sufri\u00f3 este tipo de accidente.","robots":{"index":"index","follow":"follow","max-snippet":"max-snippet:-1","max-image-preview":"max-image-preview:large","max-video-preview":"max-video-preview:-1"},"canonical":"https:\/\/www.malloy-law.com\/es\/contenido\/los-peligros-de-las-colisiones-frontales\/","og_locale":"es_ES","og_type":"article","og_title":"Los peligros de las colisiones frontales","og_description":"Las colisiones frontales suelen ocurrir por conductores negligentes. A continuaci\u00f3n, le diremos que hacer si sufri\u00f3 este tipo de accidente.","og_url":"https:\/\/www.malloy-law.com\/es\/contenido\/los-peligros-de-las-colisiones-frontales\/","og_site_name":"Malloy Law","article_modified_time":"2025-08-14T15:05:02+00:00","og_image":[{"width":1000,"height":667,"url":"https:\/\/www.malloy-law.com\/wp-content\/uploads\/2023\/04\/shutterstock_1996305623.jpg","type":"image\/jpeg"}],"twitter_card":"summary_large_image","twitter_misc":{"Tiempo de lectura":"2 minutos"},"schema":{"@context":"https:\/\/schema.org","@graph":[{"@type":"WebPage","@id":"https:\/\/www.malloy-law.com\/es\/contenido\/los-peligros-de-las-colisiones-frontales\/","url":"https:\/\/www.malloy-law.com\/es\/contenido\/los-peligros-de-las-colisiones-frontales\/","name":"Los peligros de las colisiones frontales - Malloy Law","isPartOf":{"@id":"https:\/\/www.malloy-law.com\/#website"},"primaryImageOfPage":{"@id":"https:\/\/www.malloy-law.com\/es\/contenido\/los-peligros-de-las-colisiones-frontales\/#primaryimage"},"image":{"@id":"https:\/\/www.malloy-law.com\/es\/contenido\/los-peligros-de-las-colisiones-frontales\/#primaryimage"},"thumbnailUrl":"https:\/\/www.malloy-law.com\/wp-content\/uploads\/2023\/04\/shutterstock_1996305623.jpg","datePublished":"2023-06-26T17:42:05+00:00","dateModified":"2025-08-14T15:05:02+00:00","description":"Las colisiones frontales suelen ocurrir por conductores negligentes. A continuaci\u00f3n, le diremos que hacer si sufri\u00f3 este tipo de accidente.","breadcrumb":{"@id":"https:\/\/www.malloy-law.com\/es\/contenido\/los-peligros-de-las-colisiones-frontales\/#breadcrumb"},"inLanguage":"es","potentialAction":[{"@type":"ReadAction","target":["https:\/\/www.malloy-law.com\/es\/contenido\/los-peligros-de-las-colisiones-frontales\/"]}]},{"@type":"ImageObject","inLanguage":"es","@id":"https:\/\/www.malloy-law.com\/es\/contenido\/los-peligros-de-las-colisiones-frontales\/#primaryimage","url":"https:\/\/www.malloy-law.com\/wp-content\/uploads\/2023\/04\/shutterstock_1996305623.jpg","contentUrl":"https:\/\/www.malloy-law.com\/wp-content\/uploads\/2023\/04\/shutterstock_1996305623.jpg"},{"@type":"BreadcrumbList","@id":"https:\/\/www.malloy-law.com\/es\/contenido\/los-peligros-de-las-colisiones-frontales\/#breadcrumb","itemListElement":[{"@type":"ListItem","position":1,"name":"Home","item":"https:\/\/www.malloy-law.com\/es\/"},{"@type":"ListItem","position":2,"name":"Contenido","item":"https:\/\/www.malloy-law.com\/es\/contenido\/"},{"@type":"ListItem","position":3,"name":"Los peligros de las colisiones frontales"}]},{"@type":"WebSite","@id":"https:\/\/www.malloy-law.com\/#website","url":"https:\/\/www.malloy-law.com\/","name":"Malloy Law","description":"","publisher":{"@id":"https:\/\/www.malloy-law.com\/#organization"},"potentialAction":[{"@type":"SearchAction","target":{"@type":"EntryPoint","urlTemplate":"https:\/\/www.malloy-law.com\/?s={search_term_string}"},"query-input":{"@type":"PropertyValueSpecification","valueRequired":true,"valueName":"search_term_string"}}],"inLanguage":"es"},{"@type":"Organization","@id":"https:\/\/www.malloy-law.com\/#organization","name":"Malloy Law Offices, LLC","url":"https:\/\/www.malloy-law.com\/","logo":{"@type":"ImageObject","inLanguage":"es","@id":"https:\/\/www.malloy-law.com\/#\/schema\/logo\/image\/","url":"https:\/\/www.malloy-law.com\/wp-content\/uploads\/2019\/08\/MalloyLaw_Logo_Transparent.png","contentUrl":"https:\/\/www.malloy-law.com\/wp-content\/uploads\/2019\/08\/MalloyLaw_Logo_Transparent.png","width":2147,"height":558,"caption":"Malloy Law Offices, LLC"},"image":{"@id":"https:\/\/www.malloy-law.com\/#\/schema\/logo\/image\/"}}]}},"coauthors":[],"author_meta":{"author_link":"https:\/\/www.malloy-law.com\/es\/author\/admin\/","display_name":"admin"},"relative_dates":{"created":"Publicado 3 a\u00f1os hace","modified":"Actualizado 9 meses hace"},"absolute_dates":{"created":"Publicado el 26 de junio de 2023","modified":"Actualizado el 14 de agosto de 2025"},"absolute_dates_time":{"created":"Publicado el 26 de junio de 2023 13:42","modified":"Actualizado el 14 de agosto de 2025 11:05"},"featured_img_caption":"","featured_img":false,"series_order":"","_links":{"self":[{"href":"https:\/\/www.malloy-law.com\/es\/wp-json\/wp\/v2\/pages\/20758","targetHints":{"allow":["GET"]}}],"collection":[{"href":"https:\/\/www.malloy-law.com\/es\/wp-json\/wp\/v2\/pages"}],"about":[{"href":"https:\/\/www.malloy-law.com\/es\/wp-json\/wp\/v2\/types\/page"}],"author":[{"embeddable":true,"href":"https:\/\/www.malloy-law.com\/es\/wp-json\/wp\/v2\/users\/1"}],"replies":[{"embeddable":true,"href":"https:\/\/www.malloy-law.com\/es\/wp-json\/wp\/v2\/comments?post=20758"}],"version-history":[{"count":0,"href":"https:\/\/www.malloy-law.com\/es\/wp-json\/wp\/v2\/pages\/20758\/revisions"}],"up":[{"embeddable":true,"href":"https:\/\/www.malloy-law.com\/es\/wp-json\/wp\/v2\/pages\/10164"}],"wp:attachment":[{"href":"https:\/\/www.malloy-law.com\/es\/wp-json\/wp\/v2\/media?parent=20758"}],"curies":[{"name":"wp","href":"https:\/\/api.w.org\/{rel}","templated":true}]}}