{"id":20928,"date":"2023-07-19T13:01:59","date_gmt":"2023-07-19T17:01:59","guid":{"rendered":"https:\/\/malloytestcloud.kinsta.cloud\/?page_id=20928"},"modified":"2025-08-14T11:13:28","modified_gmt":"2025-08-14T15:13:28","slug":"reclamos-por-negligencia-dental","status":"publish","type":"page","link":"https:\/\/www.malloy-law.com\/es\/contenido\/reclamos-por-negligencia-dental\/","title":{"rendered":"Reclamos por negligencia dental"},"content":{"rendered":"<p>Todos los a\u00f1os las personas est\u00e1n recomendadas realizarse chequeos m\u00e9dicos. Uno de los chequeos que est\u00e1 recomendado realizarse seria de los dientes. Los mismos son realizados por un dentista. El mismo tiene la funci\u00f3n de proveer el servicio profesionalmente. Cabe destacar que en ocasiones los dentistas tambi\u00e9n pueden ser negligentes en su profesi\u00f3n. El mismo es denominado como negligencia dental. Se <a href=\"https:\/\/www.aegismalpractice.com\/malpractice-insights\/how-often-are-doctors-sued-and-why\">estima<\/a> que un 80% de los dentistas estar\u00e1n involucrados en este tipo de demanda a lo largo de su carrera El mismo podr\u00eda ocurrir por complicaciones por anestesia, la extracci\u00f3n err\u00f3nea de los dientes y, las infecciones causadas por utensilios no limpiados apropiadamente. Tambi\u00e9n se deben considerar al fallar en diagnosticar alg\u00fan asunto medico apropiadamente. En ocasiones las negligencias dentales pueden resultar fatales. Es por ello que debe contactar a un abogado experto en lesiones personales. A continuaci\u00f3n, hablaremos de c\u00f3mo realizar los reclamos por negligencia dental.<\/p>\n<p><iframe loading=\"lazy\" title=\"Let Us Guide You Through Your Dental Malpractice Case!\" width=\"500\" height=\"281\" src=\"https:\/\/www.youtube.com\/embed\/p-ZtT5L-q6U?feature=oembed\" frameborder=\"0\" allow=\"accelerometer; autoplay; clipboard-write; encrypted-media; gyroscope; picture-in-picture; web-share\" referrerpolicy=\"strict-origin-when-cross-origin\" allowfullscreen><\/iframe><\/p>\n<h2>Como realizar los reclamos de negligencia dental<\/h2>\n<p>Como lo hab\u00edamos mencionado anteriormente los dentistas pueden ser demandados por negligencia. Esto puede ser realizado aun cuando los actos no son intencionales. En ocasiones estas demandas pueden ser establecidas fuera de una corte cuando el seguro del dentista realiza una oferta. Los dentistas tienen una p\u00f3liza de seguro para estos tipos de casos, como cualquier otro profesional m\u00e9dico. Las demandas son realizadas a bases de pruebas del acto negligente. Uno debe reunir las pruebas necesarias para demostrar que el dentista fallo a uno como cliente y tambi\u00e9n como causo los da\u00f1os. Para ello uno debe solicitar los documentos m\u00e9dicos sobre el incidente. Tambi\u00e9n debe considerar conseguir el testimonio de un profesional m\u00e9dico para testificar sobre su caso. M\u00e1s que nada, uno deber\u00eda considerar contratar a un abogado experto en lesiones personales. El mismo lo ayudara a reunir las pruebas necesarias para presentar un caso s\u00f3lido.<\/p>\n<p style=\"text-align: center;\"><img decoding=\"async\" class=\"aligncenter wp-image-20929\" src=\"https:\/\/www.malloy-law.com\/wp-content\/uploads\/2023\/07\/pexels-cottonbro-studio-6529219-683x1024.jpg\" alt=\"Reclamos por negligencia dental\" width=\"297\" height=\"445\" srcset=\"https:\/\/www.malloy-law.com\/wp-content\/uploads\/2023\/07\/pexels-cottonbro-studio-6529219-683x1024.jpg 683w, https:\/\/www.malloy-law.com\/wp-content\/uploads\/2023\/07\/pexels-cottonbro-studio-6529219-200x300.jpg 200w, https:\/\/www.malloy-law.com\/wp-content\/uploads\/2023\/07\/pexels-cottonbro-studio-6529219-768x1152.jpg 768w, https:\/\/www.malloy-law.com\/wp-content\/uploads\/2023\/07\/pexels-cottonbro-studio-6529219-1024x1536.jpg 1024w, https:\/\/www.malloy-law.com\/wp-content\/uploads\/2023\/07\/pexels-cottonbro-studio-6529219-1365x2048.jpg 1365w, https:\/\/www.malloy-law.com\/wp-content\/uploads\/2023\/07\/pexels-cottonbro-studio-6529219-scaled.jpg 1707w\" sizes=\"(max-width: 297px) 100vw, 297px\" \/><\/p>\n<h3>\u00a1Contacte a un abogado de Malloy Law Offices hoy!<\/h3>\n<p>Si a usted o a un ser querido ha sufrido una negligencia dental p\u00f3ngase en contacto con nosotros. Nuestros abogados en <a href=\"https:\/\/www.malloy-law.com\/es\/\">Malloy Law Offices<\/a> est\u00e1n altamente cualificados contra las negligencias m\u00e9dicas. Los mismas ya han realizado reclamos por negligencia dental exitosos anteriormente. Ellos revisar\u00e1n todos los registros m\u00e9dicos y la informaci\u00f3n de los productos para determinar si el fabricante ha marcado o etiquetado mal los riesgos, y luchar\u00e1n para obtener la compensaci\u00f3n que usted merece. <a href=\"https:\/\/www.malloy-law.com\/es\/contactenos\/\">Cont\u00e1ctenos<\/a> hoy para recibir una consulta gratuita sobre su caso.<\/p>\n","protected":false},"excerpt":{"rendered":"<p>Todos los a\u00f1os las personas est\u00e1n recomendadas realizarse chequeos m\u00e9dicos. Uno de los chequeos que est\u00e1 recomendado realizarse seria de los dientes. Los mismos son realizados por un dentista. El mismo tiene la funci\u00f3n de proveer el servicio profesionalmente. Cabe destacar que en ocasiones los dentistas tambi\u00e9n pueden ser negligentes en su profesi\u00f3n. El mismo&#8230;<\/p>\n","protected":false},"author":1,"featured_media":0,"parent":10164,"menu_order":0,"comment_status":"closed","ping_status":"closed","template":"","meta":{"_acf_changed":false,"om_disable_all_campaigns":false,"advgb_blocks_editor_width":"","advgb_blocks_columns_visual_guide":"","footnotes":""},"class_list":["post-20928","page","type-page","status-publish","hentry"],"acf":[],"yoast_head":"<!-- This site is optimized with the Yoast SEO Premium plugin v27.4 (Yoast SEO v27.4) - https:\/\/yoast.com\/product\/yoast-seo-premium-wordpress\/ -->\n<title>Reclamos por negligencia dental - Malloy Law<\/title>\n<meta name=\"description\" content=\"Esta recomendado en asistir al dentista al menos una vez al a\u00f1o. Se pueden realizar reclamos por negligencia dental si resulto lesionado.\" \/>\n<meta name=\"robots\" content=\"index, follow, max-snippet:-1, max-image-preview:large, max-video-preview:-1\" \/>\n<link rel=\"canonical\" href=\"https:\/\/www.malloy-law.com\/es\/contenido\/reclamos-por-negligencia-dental\/\" \/>\n<meta property=\"og:locale\" content=\"es_ES\" \/>\n<meta property=\"og:type\" content=\"article\" \/>\n<meta property=\"og:title\" content=\"Reclamos por negligencia dental\" \/>\n<meta property=\"og:description\" content=\"Esta recomendado en asistir al dentista al menos una vez al a\u00f1o. Se pueden realizar reclamos por negligencia dental si resulto lesionado.\" \/>\n<meta property=\"og:url\" content=\"https:\/\/www.malloy-law.com\/es\/contenido\/reclamos-por-negligencia-dental\/\" \/>\n<meta property=\"og:site_name\" content=\"Malloy Law\" \/>\n<meta property=\"article:modified_time\" content=\"2025-08-14T15:13:28+00:00\" \/>\n<meta property=\"og:image\" content=\"https:\/\/www.malloy-law.com\/wp-content\/uploads\/2023\/07\/pexels-cottonbro-studio-6529219-scaled.jpg\" \/>\n\t<meta property=\"og:image:width\" content=\"1707\" \/>\n\t<meta property=\"og:image:height\" content=\"2560\" \/>\n\t<meta property=\"og:image:type\" content=\"image\/jpeg\" \/>\n<meta name=\"twitter:card\" content=\"summary_large_image\" \/>\n<meta name=\"twitter:label1\" content=\"Tiempo de lectura\" \/>\n\t<meta name=\"twitter:data1\" content=\"2 minutos\" \/>\n<script type=\"application\/ld+json\" class=\"yoast-schema-graph\">{\"@context\":\"https:\\\/\\\/schema.org\",\"@graph\":[{\"@type\":\"WebPage\",\"@id\":\"https:\\\/\\\/www.malloy-law.com\\\/es\\\/contenido\\\/reclamos-por-negligencia-dental\\\/\",\"url\":\"https:\\\/\\\/www.malloy-law.com\\\/es\\\/contenido\\\/reclamos-por-negligencia-dental\\\/\",\"name\":\"Reclamos por negligencia dental - Malloy Law\",\"isPartOf\":{\"@id\":\"https:\\\/\\\/www.malloy-law.com\\\/#website\"},\"primaryImageOfPage\":{\"@id\":\"https:\\\/\\\/www.malloy-law.com\\\/es\\\/contenido\\\/reclamos-por-negligencia-dental\\\/#primaryimage\"},\"image\":{\"@id\":\"https:\\\/\\\/www.malloy-law.com\\\/es\\\/contenido\\\/reclamos-por-negligencia-dental\\\/#primaryimage\"},\"thumbnailUrl\":\"https:\\\/\\\/www.malloy-law.com\\\/wp-content\\\/uploads\\\/2023\\\/07\\\/pexels-cottonbro-studio-6529219-683x1024.jpg\",\"datePublished\":\"2023-07-19T17:01:59+00:00\",\"dateModified\":\"2025-08-14T15:13:28+00:00\",\"description\":\"Esta recomendado en asistir al dentista al menos una vez al a\u00f1o. Se pueden realizar reclamos por negligencia dental si resulto lesionado.\",\"breadcrumb\":{\"@id\":\"https:\\\/\\\/www.malloy-law.com\\\/es\\\/contenido\\\/reclamos-por-negligencia-dental\\\/#breadcrumb\"},\"inLanguage\":\"es\",\"potentialAction\":[{\"@type\":\"ReadAction\",\"target\":[\"https:\\\/\\\/www.malloy-law.com\\\/es\\\/contenido\\\/reclamos-por-negligencia-dental\\\/\"]}]},{\"@type\":\"ImageObject\",\"inLanguage\":\"es\",\"@id\":\"https:\\\/\\\/www.malloy-law.com\\\/es\\\/contenido\\\/reclamos-por-negligencia-dental\\\/#primaryimage\",\"url\":\"https:\\\/\\\/www.malloy-law.com\\\/wp-content\\\/uploads\\\/2023\\\/07\\\/pexels-cottonbro-studio-6529219-683x1024.jpg\",\"contentUrl\":\"https:\\\/\\\/www.malloy-law.com\\\/wp-content\\\/uploads\\\/2023\\\/07\\\/pexels-cottonbro-studio-6529219-683x1024.jpg\"},{\"@type\":\"BreadcrumbList\",\"@id\":\"https:\\\/\\\/www.malloy-law.com\\\/es\\\/contenido\\\/reclamos-por-negligencia-dental\\\/#breadcrumb\",\"itemListElement\":[{\"@type\":\"ListItem\",\"position\":1,\"name\":\"Home\",\"item\":\"https:\\\/\\\/www.malloy-law.com\\\/es\\\/\"},{\"@type\":\"ListItem\",\"position\":2,\"name\":\"Contenido\",\"item\":\"https:\\\/\\\/www.malloy-law.com\\\/es\\\/contenido\\\/\"},{\"@type\":\"ListItem\",\"position\":3,\"name\":\"Reclamos por negligencia dental\"}]},{\"@type\":\"WebSite\",\"@id\":\"https:\\\/\\\/www.malloy-law.com\\\/#website\",\"url\":\"https:\\\/\\\/www.malloy-law.com\\\/\",\"name\":\"Malloy Law\",\"description\":\"\",\"publisher\":{\"@id\":\"https:\\\/\\\/www.malloy-law.com\\\/#organization\"},\"potentialAction\":[{\"@type\":\"SearchAction\",\"target\":{\"@type\":\"EntryPoint\",\"urlTemplate\":\"https:\\\/\\\/www.malloy-law.com\\\/?s={search_term_string}\"},\"query-input\":{\"@type\":\"PropertyValueSpecification\",\"valueRequired\":true,\"valueName\":\"search_term_string\"}}],\"inLanguage\":\"es\"},{\"@type\":\"Organization\",\"@id\":\"https:\\\/\\\/www.malloy-law.com\\\/#organization\",\"name\":\"Malloy Law Offices, LLC\",\"url\":\"https:\\\/\\\/www.malloy-law.com\\\/\",\"logo\":{\"@type\":\"ImageObject\",\"inLanguage\":\"es\",\"@id\":\"https:\\\/\\\/www.malloy-law.com\\\/#\\\/schema\\\/logo\\\/image\\\/\",\"url\":\"https:\\\/\\\/www.malloy-law.com\\\/wp-content\\\/uploads\\\/2019\\\/08\\\/MalloyLaw_Logo_Transparent.png\",\"contentUrl\":\"https:\\\/\\\/www.malloy-law.com\\\/wp-content\\\/uploads\\\/2019\\\/08\\\/MalloyLaw_Logo_Transparent.png\",\"width\":2147,\"height\":558,\"caption\":\"Malloy Law Offices, LLC\"},\"image\":{\"@id\":\"https:\\\/\\\/www.malloy-law.com\\\/#\\\/schema\\\/logo\\\/image\\\/\"}}]}<\/script>\n<!-- \/ Yoast SEO Premium plugin. -->","yoast_head_json":{"title":"Reclamos por negligencia dental - Malloy Law","description":"Esta recomendado en asistir al dentista al menos una vez al a\u00f1o. Se pueden realizar reclamos por negligencia dental si resulto lesionado.","robots":{"index":"index","follow":"follow","max-snippet":"max-snippet:-1","max-image-preview":"max-image-preview:large","max-video-preview":"max-video-preview:-1"},"canonical":"https:\/\/www.malloy-law.com\/es\/contenido\/reclamos-por-negligencia-dental\/","og_locale":"es_ES","og_type":"article","og_title":"Reclamos por negligencia dental","og_description":"Esta recomendado en asistir al dentista al menos una vez al a\u00f1o. Se pueden realizar reclamos por negligencia dental si resulto lesionado.","og_url":"https:\/\/www.malloy-law.com\/es\/contenido\/reclamos-por-negligencia-dental\/","og_site_name":"Malloy Law","article_modified_time":"2025-08-14T15:13:28+00:00","og_image":[{"width":1707,"height":2560,"url":"https:\/\/www.malloy-law.com\/wp-content\/uploads\/2023\/07\/pexels-cottonbro-studio-6529219-scaled.jpg","type":"image\/jpeg"}],"twitter_card":"summary_large_image","twitter_misc":{"Tiempo de lectura":"2 minutos"},"schema":{"@context":"https:\/\/schema.org","@graph":[{"@type":"WebPage","@id":"https:\/\/www.malloy-law.com\/es\/contenido\/reclamos-por-negligencia-dental\/","url":"https:\/\/www.malloy-law.com\/es\/contenido\/reclamos-por-negligencia-dental\/","name":"Reclamos por negligencia dental - Malloy Law","isPartOf":{"@id":"https:\/\/www.malloy-law.com\/#website"},"primaryImageOfPage":{"@id":"https:\/\/www.malloy-law.com\/es\/contenido\/reclamos-por-negligencia-dental\/#primaryimage"},"image":{"@id":"https:\/\/www.malloy-law.com\/es\/contenido\/reclamos-por-negligencia-dental\/#primaryimage"},"thumbnailUrl":"https:\/\/www.malloy-law.com\/wp-content\/uploads\/2023\/07\/pexels-cottonbro-studio-6529219-683x1024.jpg","datePublished":"2023-07-19T17:01:59+00:00","dateModified":"2025-08-14T15:13:28+00:00","description":"Esta recomendado en asistir al dentista al menos una vez al a\u00f1o. Se pueden realizar reclamos por negligencia dental si resulto lesionado.","breadcrumb":{"@id":"https:\/\/www.malloy-law.com\/es\/contenido\/reclamos-por-negligencia-dental\/#breadcrumb"},"inLanguage":"es","potentialAction":[{"@type":"ReadAction","target":["https:\/\/www.malloy-law.com\/es\/contenido\/reclamos-por-negligencia-dental\/"]}]},{"@type":"ImageObject","inLanguage":"es","@id":"https:\/\/www.malloy-law.com\/es\/contenido\/reclamos-por-negligencia-dental\/#primaryimage","url":"https:\/\/www.malloy-law.com\/wp-content\/uploads\/2023\/07\/pexels-cottonbro-studio-6529219-683x1024.jpg","contentUrl":"https:\/\/www.malloy-law.com\/wp-content\/uploads\/2023\/07\/pexels-cottonbro-studio-6529219-683x1024.jpg"},{"@type":"BreadcrumbList","@id":"https:\/\/www.malloy-law.com\/es\/contenido\/reclamos-por-negligencia-dental\/#breadcrumb","itemListElement":[{"@type":"ListItem","position":1,"name":"Home","item":"https:\/\/www.malloy-law.com\/es\/"},{"@type":"ListItem","position":2,"name":"Contenido","item":"https:\/\/www.malloy-law.com\/es\/contenido\/"},{"@type":"ListItem","position":3,"name":"Reclamos por negligencia dental"}]},{"@type":"WebSite","@id":"https:\/\/www.malloy-law.com\/#website","url":"https:\/\/www.malloy-law.com\/","name":"Malloy Law","description":"","publisher":{"@id":"https:\/\/www.malloy-law.com\/#organization"},"potentialAction":[{"@type":"SearchAction","target":{"@type":"EntryPoint","urlTemplate":"https:\/\/www.malloy-law.com\/?s={search_term_string}"},"query-input":{"@type":"PropertyValueSpecification","valueRequired":true,"valueName":"search_term_string"}}],"inLanguage":"es"},{"@type":"Organization","@id":"https:\/\/www.malloy-law.com\/#organization","name":"Malloy Law Offices, LLC","url":"https:\/\/www.malloy-law.com\/","logo":{"@type":"ImageObject","inLanguage":"es","@id":"https:\/\/www.malloy-law.com\/#\/schema\/logo\/image\/","url":"https:\/\/www.malloy-law.com\/wp-content\/uploads\/2019\/08\/MalloyLaw_Logo_Transparent.png","contentUrl":"https:\/\/www.malloy-law.com\/wp-content\/uploads\/2019\/08\/MalloyLaw_Logo_Transparent.png","width":2147,"height":558,"caption":"Malloy Law Offices, LLC"},"image":{"@id":"https:\/\/www.malloy-law.com\/#\/schema\/logo\/image\/"}}]}},"coauthors":[],"author_meta":{"author_link":"https:\/\/www.malloy-law.com\/es\/author\/admin\/","display_name":"admin"},"relative_dates":{"created":"Publicado 3 a\u00f1os hace","modified":"Actualizado 9 meses hace"},"absolute_dates":{"created":"Publicado el 19 de julio de 2023","modified":"Actualizado el 14 de agosto de 2025"},"absolute_dates_time":{"created":"Publicado el 19 de julio de 2023 13:01","modified":"Actualizado el 14 de agosto de 2025 11:13"},"featured_img_caption":"","featured_img":false,"series_order":"","_links":{"self":[{"href":"https:\/\/www.malloy-law.com\/es\/wp-json\/wp\/v2\/pages\/20928","targetHints":{"allow":["GET"]}}],"collection":[{"href":"https:\/\/www.malloy-law.com\/es\/wp-json\/wp\/v2\/pages"}],"about":[{"href":"https:\/\/www.malloy-law.com\/es\/wp-json\/wp\/v2\/types\/page"}],"author":[{"embeddable":true,"href":"https:\/\/www.malloy-law.com\/es\/wp-json\/wp\/v2\/users\/1"}],"replies":[{"embeddable":true,"href":"https:\/\/www.malloy-law.com\/es\/wp-json\/wp\/v2\/comments?post=20928"}],"version-history":[{"count":0,"href":"https:\/\/www.malloy-law.com\/es\/wp-json\/wp\/v2\/pages\/20928\/revisions"}],"up":[{"embeddable":true,"href":"https:\/\/www.malloy-law.com\/es\/wp-json\/wp\/v2\/pages\/10164"}],"wp:attachment":[{"href":"https:\/\/www.malloy-law.com\/es\/wp-json\/wp\/v2\/media?parent=20928"}],"curies":[{"name":"wp","href":"https:\/\/api.w.org\/{rel}","templated":true}]}}