{"id":20976,"date":"2023-07-26T11:42:34","date_gmt":"2023-07-26T15:42:34","guid":{"rendered":"https:\/\/malloytestcloud.kinsta.cloud\/?page_id=20976"},"modified":"2025-08-14T11:16:24","modified_gmt":"2025-08-14T15:16:24","slug":"que-son-los-legajos","status":"publish","type":"page","link":"https:\/\/www.malloy-law.com\/es\/contenido\/que-son-los-legajos\/","title":{"rendered":"\u00bfQue son los legajos?"},"content":{"rendered":"<p>Cuando uno realiza una demanda, uno debe presentarlo en la corte. Existen varios tipos de demanda, pero cabe destacar que la misma puede ser encontrada en el mismo sitio. La misma informaci\u00f3n provista queda registrada en el sistema. Esto puede ser accedido f\u00e1cilmente por medio del internet. En otras palabras, los legajos sirven para almacenar documentos importantes en cuanto a su demanda.<\/p>\n<p>Los mismos pueden ser evidencias, papeleos. Es un lugar que puede ser accedido por todo el p\u00fablico, ya sea uno como cliente o el abogado de uno. Como cliente uno puede acceder a su demanda y verificar toda la informaci\u00f3n y el proceso. Adem\u00e1s, puede verificar cuales son las fechas pr\u00f3ximas si debe aparecer en una corte.<\/p>\n<p><iframe loading=\"lazy\" title=\"What Are Dockets?\" width=\"500\" height=\"281\" src=\"https:\/\/www.youtube.com\/embed\/Ueuob6e9oSQ?feature=oembed\" frameborder=\"0\" allow=\"accelerometer; autoplay; clipboard-write; encrypted-media; gyroscope; picture-in-picture; web-share\" referrerpolicy=\"strict-origin-when-cross-origin\" allowfullscreen><\/iframe><\/p>\n<h2>Como acceder a los legajos<\/h2>\n<p>Como lo mencionamos anteriormente, los legajos pueden ser accedidos en la web. El proceso es muy similar en Maryland y DC. Uno puede encontrar la informaci\u00f3n en una misma p\u00e1gina. En Maryland la misma es conocida como <a href=\"https:\/\/casesearch.courts.state.md.us\/casesearch\/\">Maryland Judiciary Case Search<\/a>. En DC la misma puede ser accedida por medio del <a href=\"https:\/\/www.dccourts.gov\/superior-court\/cases-online\">DC Superior Court Case<\/a>. Mientras que el proceso en Virginia es distinto. Es decir, los casos se encuentran divididos por condado. En este caso uno deber\u00e1 buscar su caso espec\u00edficamente dependiendo del condado donde fue presentado.<\/p>\n<p style=\"text-align: center;\"><img decoding=\"async\" class=\"aligncenter wp-image-20977\" src=\"https:\/\/www.malloy-law.com\/wp-content\/uploads\/2023\/07\/pexels-anete-lusina-4792282-684x1024.jpg\" alt=\"\u00bfQue son los legajos?\" width=\"368\" height=\"551\" srcset=\"https:\/\/www.malloy-law.com\/wp-content\/uploads\/2023\/07\/pexels-anete-lusina-4792282-684x1024.jpg 684w, https:\/\/www.malloy-law.com\/wp-content\/uploads\/2023\/07\/pexels-anete-lusina-4792282-200x300.jpg 200w, https:\/\/www.malloy-law.com\/wp-content\/uploads\/2023\/07\/pexels-anete-lusina-4792282-768x1150.jpg 768w, https:\/\/www.malloy-law.com\/wp-content\/uploads\/2023\/07\/pexels-anete-lusina-4792282-1025x1536.jpg 1025w, https:\/\/www.malloy-law.com\/wp-content\/uploads\/2023\/07\/pexels-anete-lusina-4792282-1367x2048.jpg 1367w, https:\/\/www.malloy-law.com\/wp-content\/uploads\/2023\/07\/pexels-anete-lusina-4792282-scaled.jpg 1709w\" sizes=\"(max-width: 368px) 100vw, 368px\" \/><\/p>\n<h3>\u00a1Comun\u00edquese hoy con un abogado experto de Malloy Law Offices!<\/h3>\n<p>En <a href=\"https:\/\/www.malloy-law.com\/es\/\">Malloy Law Offices, LLC<\/a> nuestros abogados en lesiones personales catastr\u00f3ficas le dan gran importancia a ayudar a nuestros clientes a alcanzar sus objetivos. Nuestros comprometidos abogados y personal se esfuerzan por hacer una diferencia positiva en la vida de nuestros clientes al proporcionarles un excelente servicio personalizado, un s\u00f3lido conocimiento legal y un trabajo duro constante.<\/p>\n<p>Valoramos las relaciones que tenemos con nuestros clientes. En primer lugar, creemos que es importante forjar una asociaci\u00f3n estrecha con quienes representamos. Sabemos lo importante que es que est\u00e9n informados sobre el proceso del reclamo o de la demanda, y los mantenemos informados de forma constante. <a href=\"https:\/\/www.malloy-law.com\/es\/contactenos\/\">Cont\u00e1ctenos<\/a> hoy para recibir una consulta gratuita.<\/p>\n","protected":false},"excerpt":{"rendered":"<p>Cuando uno realiza una demanda, uno debe presentarlo en la corte. Existen varios tipos de demanda, pero cabe destacar que la misma puede ser encontrada en el mismo sitio. La misma informaci\u00f3n provista queda registrada en el sistema. Esto puede ser accedido f\u00e1cilmente por medio del internet. En otras palabras, los legajos sirven para almacenar&#8230;<\/p>\n","protected":false},"author":1,"featured_media":0,"parent":10164,"menu_order":0,"comment_status":"closed","ping_status":"closed","template":"","meta":{"_acf_changed":false,"om_disable_all_campaigns":false,"advgb_blocks_editor_width":"","advgb_blocks_columns_visual_guide":"","footnotes":""},"class_list":["post-20976","page","type-page","status-publish","hentry"],"acf":[],"yoast_head":"<!-- This site is optimized with the Yoast SEO Premium plugin v27.4 (Yoast SEO v27.4) - https:\/\/yoast.com\/product\/yoast-seo-premium-wordpress\/ -->\n<title>\u00bfQue son los legajos? - Malloy Law<\/title>\n<meta name=\"description\" content=\"Los legajos sirven para almacenar documentos importantes en cuanto a su demanda. Para accederlo depender\u00e1 mucho del lugar donde se encuentre.\" \/>\n<meta name=\"robots\" content=\"index, follow, max-snippet:-1, max-image-preview:large, max-video-preview:-1\" \/>\n<link rel=\"canonical\" href=\"https:\/\/www.malloy-law.com\/es\/contenido\/que-son-los-legajos\/\" \/>\n<meta property=\"og:locale\" content=\"es_ES\" \/>\n<meta property=\"og:type\" content=\"article\" \/>\n<meta property=\"og:title\" content=\"\u00bfQue son los legajos?\" \/>\n<meta property=\"og:description\" content=\"Los legajos sirven para almacenar documentos importantes en cuanto a su demanda. Para accederlo depender\u00e1 mucho del lugar donde se encuentre.\" \/>\n<meta property=\"og:url\" content=\"https:\/\/www.malloy-law.com\/es\/contenido\/que-son-los-legajos\/\" \/>\n<meta property=\"og:site_name\" content=\"Malloy Law\" \/>\n<meta property=\"article:modified_time\" content=\"2025-08-14T15:16:24+00:00\" \/>\n<meta property=\"og:image\" content=\"https:\/\/www.malloy-law.com\/wp-content\/uploads\/2023\/07\/pexels-anete-lusina-4792282-scaled.jpg\" \/>\n\t<meta property=\"og:image:width\" content=\"1709\" \/>\n\t<meta property=\"og:image:height\" content=\"2560\" \/>\n\t<meta property=\"og:image:type\" content=\"image\/jpeg\" \/>\n<meta name=\"twitter:card\" content=\"summary_large_image\" \/>\n<meta name=\"twitter:label1\" content=\"Tiempo de lectura\" \/>\n\t<meta name=\"twitter:data1\" content=\"2 minutos\" \/>\n<script type=\"application\/ld+json\" class=\"yoast-schema-graph\">{\"@context\":\"https:\\\/\\\/schema.org\",\"@graph\":[{\"@type\":\"WebPage\",\"@id\":\"https:\\\/\\\/www.malloy-law.com\\\/es\\\/contenido\\\/que-son-los-legajos\\\/\",\"url\":\"https:\\\/\\\/www.malloy-law.com\\\/es\\\/contenido\\\/que-son-los-legajos\\\/\",\"name\":\"\u00bfQue son los legajos? - Malloy Law\",\"isPartOf\":{\"@id\":\"https:\\\/\\\/www.malloy-law.com\\\/#website\"},\"primaryImageOfPage\":{\"@id\":\"https:\\\/\\\/www.malloy-law.com\\\/es\\\/contenido\\\/que-son-los-legajos\\\/#primaryimage\"},\"image\":{\"@id\":\"https:\\\/\\\/www.malloy-law.com\\\/es\\\/contenido\\\/que-son-los-legajos\\\/#primaryimage\"},\"thumbnailUrl\":\"https:\\\/\\\/www.malloy-law.com\\\/wp-content\\\/uploads\\\/2023\\\/07\\\/pexels-anete-lusina-4792282-684x1024.jpg\",\"datePublished\":\"2023-07-26T15:42:34+00:00\",\"dateModified\":\"2025-08-14T15:16:24+00:00\",\"description\":\"Los legajos sirven para almacenar documentos importantes en cuanto a su demanda. Para accederlo depender\u00e1 mucho del lugar donde se encuentre.\",\"breadcrumb\":{\"@id\":\"https:\\\/\\\/www.malloy-law.com\\\/es\\\/contenido\\\/que-son-los-legajos\\\/#breadcrumb\"},\"inLanguage\":\"es\",\"potentialAction\":[{\"@type\":\"ReadAction\",\"target\":[\"https:\\\/\\\/www.malloy-law.com\\\/es\\\/contenido\\\/que-son-los-legajos\\\/\"]}]},{\"@type\":\"ImageObject\",\"inLanguage\":\"es\",\"@id\":\"https:\\\/\\\/www.malloy-law.com\\\/es\\\/contenido\\\/que-son-los-legajos\\\/#primaryimage\",\"url\":\"https:\\\/\\\/www.malloy-law.com\\\/wp-content\\\/uploads\\\/2023\\\/07\\\/pexels-anete-lusina-4792282-684x1024.jpg\",\"contentUrl\":\"https:\\\/\\\/www.malloy-law.com\\\/wp-content\\\/uploads\\\/2023\\\/07\\\/pexels-anete-lusina-4792282-684x1024.jpg\"},{\"@type\":\"BreadcrumbList\",\"@id\":\"https:\\\/\\\/www.malloy-law.com\\\/es\\\/contenido\\\/que-son-los-legajos\\\/#breadcrumb\",\"itemListElement\":[{\"@type\":\"ListItem\",\"position\":1,\"name\":\"Home\",\"item\":\"https:\\\/\\\/www.malloy-law.com\\\/es\\\/\"},{\"@type\":\"ListItem\",\"position\":2,\"name\":\"Contenido\",\"item\":\"https:\\\/\\\/www.malloy-law.com\\\/es\\\/contenido\\\/\"},{\"@type\":\"ListItem\",\"position\":3,\"name\":\"\u00bfQue son los legajos?\"}]},{\"@type\":\"WebSite\",\"@id\":\"https:\\\/\\\/www.malloy-law.com\\\/#website\",\"url\":\"https:\\\/\\\/www.malloy-law.com\\\/\",\"name\":\"Malloy Law\",\"description\":\"\",\"publisher\":{\"@id\":\"https:\\\/\\\/www.malloy-law.com\\\/#organization\"},\"potentialAction\":[{\"@type\":\"SearchAction\",\"target\":{\"@type\":\"EntryPoint\",\"urlTemplate\":\"https:\\\/\\\/www.malloy-law.com\\\/?s={search_term_string}\"},\"query-input\":{\"@type\":\"PropertyValueSpecification\",\"valueRequired\":true,\"valueName\":\"search_term_string\"}}],\"inLanguage\":\"es\"},{\"@type\":\"Organization\",\"@id\":\"https:\\\/\\\/www.malloy-law.com\\\/#organization\",\"name\":\"Malloy Law Offices, LLC\",\"url\":\"https:\\\/\\\/www.malloy-law.com\\\/\",\"logo\":{\"@type\":\"ImageObject\",\"inLanguage\":\"es\",\"@id\":\"https:\\\/\\\/www.malloy-law.com\\\/#\\\/schema\\\/logo\\\/image\\\/\",\"url\":\"https:\\\/\\\/www.malloy-law.com\\\/wp-content\\\/uploads\\\/2019\\\/08\\\/MalloyLaw_Logo_Transparent.png\",\"contentUrl\":\"https:\\\/\\\/www.malloy-law.com\\\/wp-content\\\/uploads\\\/2019\\\/08\\\/MalloyLaw_Logo_Transparent.png\",\"width\":2147,\"height\":558,\"caption\":\"Malloy Law Offices, LLC\"},\"image\":{\"@id\":\"https:\\\/\\\/www.malloy-law.com\\\/#\\\/schema\\\/logo\\\/image\\\/\"}}]}<\/script>\n<!-- \/ Yoast SEO Premium plugin. -->","yoast_head_json":{"title":"\u00bfQue son los legajos? - Malloy Law","description":"Los legajos sirven para almacenar documentos importantes en cuanto a su demanda. Para accederlo depender\u00e1 mucho del lugar donde se encuentre.","robots":{"index":"index","follow":"follow","max-snippet":"max-snippet:-1","max-image-preview":"max-image-preview:large","max-video-preview":"max-video-preview:-1"},"canonical":"https:\/\/www.malloy-law.com\/es\/contenido\/que-son-los-legajos\/","og_locale":"es_ES","og_type":"article","og_title":"\u00bfQue son los legajos?","og_description":"Los legajos sirven para almacenar documentos importantes en cuanto a su demanda. Para accederlo depender\u00e1 mucho del lugar donde se encuentre.","og_url":"https:\/\/www.malloy-law.com\/es\/contenido\/que-son-los-legajos\/","og_site_name":"Malloy Law","article_modified_time":"2025-08-14T15:16:24+00:00","og_image":[{"width":1709,"height":2560,"url":"https:\/\/www.malloy-law.com\/wp-content\/uploads\/2023\/07\/pexels-anete-lusina-4792282-scaled.jpg","type":"image\/jpeg"}],"twitter_card":"summary_large_image","twitter_misc":{"Tiempo de lectura":"2 minutos"},"schema":{"@context":"https:\/\/schema.org","@graph":[{"@type":"WebPage","@id":"https:\/\/www.malloy-law.com\/es\/contenido\/que-son-los-legajos\/","url":"https:\/\/www.malloy-law.com\/es\/contenido\/que-son-los-legajos\/","name":"\u00bfQue son los legajos? - Malloy Law","isPartOf":{"@id":"https:\/\/www.malloy-law.com\/#website"},"primaryImageOfPage":{"@id":"https:\/\/www.malloy-law.com\/es\/contenido\/que-son-los-legajos\/#primaryimage"},"image":{"@id":"https:\/\/www.malloy-law.com\/es\/contenido\/que-son-los-legajos\/#primaryimage"},"thumbnailUrl":"https:\/\/www.malloy-law.com\/wp-content\/uploads\/2023\/07\/pexels-anete-lusina-4792282-684x1024.jpg","datePublished":"2023-07-26T15:42:34+00:00","dateModified":"2025-08-14T15:16:24+00:00","description":"Los legajos sirven para almacenar documentos importantes en cuanto a su demanda. Para accederlo depender\u00e1 mucho del lugar donde se encuentre.","breadcrumb":{"@id":"https:\/\/www.malloy-law.com\/es\/contenido\/que-son-los-legajos\/#breadcrumb"},"inLanguage":"es","potentialAction":[{"@type":"ReadAction","target":["https:\/\/www.malloy-law.com\/es\/contenido\/que-son-los-legajos\/"]}]},{"@type":"ImageObject","inLanguage":"es","@id":"https:\/\/www.malloy-law.com\/es\/contenido\/que-son-los-legajos\/#primaryimage","url":"https:\/\/www.malloy-law.com\/wp-content\/uploads\/2023\/07\/pexels-anete-lusina-4792282-684x1024.jpg","contentUrl":"https:\/\/www.malloy-law.com\/wp-content\/uploads\/2023\/07\/pexels-anete-lusina-4792282-684x1024.jpg"},{"@type":"BreadcrumbList","@id":"https:\/\/www.malloy-law.com\/es\/contenido\/que-son-los-legajos\/#breadcrumb","itemListElement":[{"@type":"ListItem","position":1,"name":"Home","item":"https:\/\/www.malloy-law.com\/es\/"},{"@type":"ListItem","position":2,"name":"Contenido","item":"https:\/\/www.malloy-law.com\/es\/contenido\/"},{"@type":"ListItem","position":3,"name":"\u00bfQue son los legajos?"}]},{"@type":"WebSite","@id":"https:\/\/www.malloy-law.com\/#website","url":"https:\/\/www.malloy-law.com\/","name":"Malloy Law","description":"","publisher":{"@id":"https:\/\/www.malloy-law.com\/#organization"},"potentialAction":[{"@type":"SearchAction","target":{"@type":"EntryPoint","urlTemplate":"https:\/\/www.malloy-law.com\/?s={search_term_string}"},"query-input":{"@type":"PropertyValueSpecification","valueRequired":true,"valueName":"search_term_string"}}],"inLanguage":"es"},{"@type":"Organization","@id":"https:\/\/www.malloy-law.com\/#organization","name":"Malloy Law Offices, LLC","url":"https:\/\/www.malloy-law.com\/","logo":{"@type":"ImageObject","inLanguage":"es","@id":"https:\/\/www.malloy-law.com\/#\/schema\/logo\/image\/","url":"https:\/\/www.malloy-law.com\/wp-content\/uploads\/2019\/08\/MalloyLaw_Logo_Transparent.png","contentUrl":"https:\/\/www.malloy-law.com\/wp-content\/uploads\/2019\/08\/MalloyLaw_Logo_Transparent.png","width":2147,"height":558,"caption":"Malloy Law Offices, LLC"},"image":{"@id":"https:\/\/www.malloy-law.com\/#\/schema\/logo\/image\/"}}]}},"coauthors":[],"author_meta":{"author_link":"https:\/\/www.malloy-law.com\/es\/author\/admin\/","display_name":"admin"},"relative_dates":{"created":"Publicado 3 a\u00f1os hace","modified":"Actualizado 9 meses hace"},"absolute_dates":{"created":"Publicado el 26 de julio de 2023","modified":"Actualizado el 14 de agosto de 2025"},"absolute_dates_time":{"created":"Publicado el 26 de julio de 2023 11:42","modified":"Actualizado el 14 de agosto de 2025 11:16"},"featured_img_caption":"","featured_img":false,"series_order":"","_links":{"self":[{"href":"https:\/\/www.malloy-law.com\/es\/wp-json\/wp\/v2\/pages\/20976","targetHints":{"allow":["GET"]}}],"collection":[{"href":"https:\/\/www.malloy-law.com\/es\/wp-json\/wp\/v2\/pages"}],"about":[{"href":"https:\/\/www.malloy-law.com\/es\/wp-json\/wp\/v2\/types\/page"}],"author":[{"embeddable":true,"href":"https:\/\/www.malloy-law.com\/es\/wp-json\/wp\/v2\/users\/1"}],"replies":[{"embeddable":true,"href":"https:\/\/www.malloy-law.com\/es\/wp-json\/wp\/v2\/comments?post=20976"}],"version-history":[{"count":0,"href":"https:\/\/www.malloy-law.com\/es\/wp-json\/wp\/v2\/pages\/20976\/revisions"}],"up":[{"embeddable":true,"href":"https:\/\/www.malloy-law.com\/es\/wp-json\/wp\/v2\/pages\/10164"}],"wp:attachment":[{"href":"https:\/\/www.malloy-law.com\/es\/wp-json\/wp\/v2\/media?parent=20976"}],"curies":[{"name":"wp","href":"https:\/\/api.w.org\/{rel}","templated":true}]}}