{"id":21775,"date":"2023-11-30T10:43:24","date_gmt":"2023-11-30T14:43:24","guid":{"rendered":"https:\/\/malloytestcloud.kinsta.cloud\/?page_id=21775"},"modified":"2025-01-08T10:07:29","modified_gmt":"2025-01-08T14:07:29","slug":"choque-y-fuga-en-highland","status":"publish","type":"page","link":"https:\/\/www.malloy-law.com\/es\/lesiones-personales\/accidentes-de-choque-y-fuga\/choque-y-fuga-en-highland\/","title":{"rendered":"Los accidentes de choque y fuga en Highland"},"content":{"rendered":"<p>Highland se encuentra ubicada en una zona rural en Maryland. Es importante recalcar que los accidentes pueden ocurrir en cualquier momento. Especialmente los accidentes automovil\u00edsticos. Uno de los actos m\u00e1s negligentes que uno puede ocasionar es huir de la escena habiendo causado un accidente. Se report\u00f3 que en el 2020 cerca de 17% de los accidentes de carro que fueron reportados fueron accidentes de este tipo en los Estados Unidos. Estos accidentes no solamente pueden causar da\u00f1os de propiedad, sino que tambi\u00e9n pueden ocasionar lesiones graves. A continuaci\u00f3n, hablaremos de los accidentes de choque y fuga en Highland, como tambi\u00e9n de la manera que un abogado experto puede ayudarlo.<\/p>\n<p style=\"text-align: center;\"><img decoding=\"async\" class=\"aligncenter wp-image-20614\" src=\"https:\/\/www.malloy-law.com\/wp-content\/uploads\/2023\/06\/shutterstock_1494839807-1024x683.jpg\" alt=\"Accidentes de choque y fuga en Highland\" width=\"433\" height=\"289\" srcset=\"https:\/\/www.malloy-law.com\/wp-content\/uploads\/2023\/06\/shutterstock_1494839807-1024x683.jpg 1024w, https:\/\/www.malloy-law.com\/wp-content\/uploads\/2023\/06\/shutterstock_1494839807-300x200.jpg 300w, https:\/\/www.malloy-law.com\/wp-content\/uploads\/2023\/06\/shutterstock_1494839807-768x512.jpg 768w, https:\/\/www.malloy-law.com\/wp-content\/uploads\/2023\/06\/shutterstock_1494839807-1536x1024.jpg 1536w, https:\/\/www.malloy-law.com\/wp-content\/uploads\/2023\/06\/shutterstock_1494839807-2048x1365.jpg 2048w\" sizes=\"(max-width: 433px) 100vw, 433px\" \/><\/p>\n<h2>Sanciones en Maryland por Accidentes de choque y fuga<\/h2>\n<p>En el estado de Maryland los accidentes de choque y fuga pueden ser considerados solamente si causaron da\u00f1os f\u00edsicos o de propiedad. Las <a href=\"https:\/\/www.enjuris.com\/maryland\/car-accident\/hit-and-run\/\">sanciones<\/a> son estrictas, aun cuando uno no ve que ocasiono da\u00f1os es recomendado dejar su informaci\u00f3n cuando hablamos de da\u00f1os de propiedad. En caso de lesionar a alguien uno siempre debe auxiliar a la v\u00edctima. Si el accidente solo ocasiona da\u00f1os de propiedad la sanci\u00f3n seria de una multa m\u00e1xima de $500 y 60 d\u00edas en la c\u00e1rcel. En cambio, si la misma ocasiono lesiones y fugo la penalidad podr\u00eda ser aproximadamente a\u00f1os en prisi\u00f3n y una multa de $5,000. Finalmente, si la multa ocasiona una fatalidad la penalidad serian 10 a\u00f1os y una multa de $10,000. Adem\u00e1s, los accidentes de choque y fuga resultan en 8 a 12 puntos en la licencia de conducir.<\/p>\n<h2>Que hacer luego de un accidente de choque y fuga en Highland<\/h2>\n<p>Estar involucrado en un accidente de choque y fuga puede ser una experiencia estresante. Lo primordial es mantener la calma. Uno no debe tratar de perseguir al conductor del otro veh\u00edculo. Esto no solamente resulta peligroso, pero normalmente los mismos huyen de la escena del accidente por distintos motivos. Algunos pueden ser que carecen de seguro automovil\u00edsticos o por tener una orden de arresto. A continuaci\u00f3n, le diremos los pasos que uno debe tomar.<br \/>\nI. Mueva su veh\u00edculo a una zona segura y asesore la escena. Aseg\u00farese que usted y su pasajero se encuentren bien antes de proceder.<br \/>\nII. Llame a la polic\u00eda y realice un reporte. Un oficial se dirigir\u00e1 a la escena del accidente y asesorar\u00e1 los hechos. El mismo realizar\u00e1 un reporte, el cual uno podr\u00e1 usar para realizar un reclamo a su seguro.<br \/>\nIII. Documente la escena del accidente. Uno puede realizar esto por medio de su aparato m\u00f3vil. El mismo podr\u00e1 sostener como prueba a la hora de realizar un reclamo.<br \/>\nIV. Intercambie informaci\u00f3n con los testigos. Los mismos no solo proveer\u00e1n informaci\u00f3n sobre los hechos a la polic\u00eda, sino que su testimonio tambi\u00e9n podr\u00e1 ser utilizado para su reclamo a la compa\u00f1\u00eda de seguro.<br \/>\nV. Realice un reclamo a la compa\u00f1\u00eda de seguro. Debe de asegurarse de realizar el mismo de manera r\u00e1pida proviniendo el reporte policial, fotograf\u00edas y la informaci\u00f3n de los testigos.<br \/>\nVI. Contacte a un abogado. El mismo lo ayudara a recolectar la informaci\u00f3n necesaria para presentar su reclamo y as\u00ed conseguir la compensaci\u00f3n que uno merece.<\/p>\n<h2>\u00bfC\u00f3mo las compa\u00f1\u00edas de seguro manejan los casos de choque y fuga en Highland?<\/h2>\n<p>Normalmente en las colisiones m\u00faltiples, se presenta el reclamo a la compa\u00f1\u00eda de seguros de la parte culpable. En cambio, los accidentes de choque y fuga los reclamos pueden ser complicados. Esto se debe a que uno no tiene los detalles del conductor culpable. De igual manera uno puede realizar un reclamo por medio de la cobertura de motoristas sin seguro de la p\u00f3liza de uno mismo. Cabe destacar que esto depende del estado en el que uno se encuentre. Casi todos los estados requieren que los conductores obtengan este tipo de cobertura en su p\u00f3liza.<br \/>\nEn ocasiones un conductor podr\u00eda proveer informaci\u00f3n falsa en vez de huir de la escena del accidente. Aun as\u00ed, la compa\u00f1\u00eda de seguros manejara el reclamo de manera similar. Es por ello que es importante documentar la escena del accidente lo mayor posible. Si es posible uno tambi\u00e9n debe de fotografiar la chapa del conductor responsable.<\/p>\n<h3>Las ventajas de contratar a un abogado de Malloy Law Offices<\/h3>\n<p>Si se ha visto involucrado en un accidente de choque y fuga en Highland, es importante buscar el asesoramiento de un abogado cualificado lo antes posible. Un abogado de <a href=\"https:\/\/www.malloy-law.com\/es\/\">Malloy Law Offices<\/a> puede ayudarle a navegar por el complejo proceso legal. Tambi\u00e9n va a negociar con las compa\u00f1\u00edas de seguros. A las compa\u00f1\u00edas de seguros les interesa solo ganar dinero. A menudo intentan rebajar las ofertas de las v\u00edctimas de accidentes. Un abogado puede ayudarle a negociar con las compa\u00f1\u00edas de seguros para asegurarse de que recibe un acuerdo justo y que reciba la compensaci\u00f3n que usted se merece. <a href=\"https:\/\/www.malloy-law.com\/es\/contactenos\/\">Cont\u00e1ctenos<\/a> hoy para recibir una consulta gratuita.<\/p>\n","protected":false},"excerpt":{"rendered":"<p>Highland se encuentra ubicada en una zona rural en Maryland. Es importante recalcar que los accidentes pueden ocurrir en cualquier momento. Especialmente los accidentes automovil\u00edsticos. Uno de los actos m\u00e1s negligentes que uno puede ocasionar es huir de la escena habiendo causado un accidente. Se report\u00f3 que en el 2020 cerca de 17% de los&#8230;<\/p>\n","protected":false},"author":1,"featured_media":0,"parent":20051,"menu_order":0,"comment_status":"closed","ping_status":"closed","template":"","meta":{"_acf_changed":false,"om_disable_all_campaigns":false,"advgb_blocks_editor_width":"","advgb_blocks_columns_visual_guide":"","footnotes":""},"class_list":["post-21775","page","type-page","status-publish","hentry"],"acf":[],"yoast_head":"<!-- This site is optimized with the Yoast SEO Premium plugin v27.4 (Yoast SEO v27.4) - https:\/\/yoast.com\/product\/yoast-seo-premium-wordpress\/ -->\n<title>Los accidentes de choque y fuga en Highland<\/title>\n<meta name=\"description\" content=\"Si usted o un ser querido resulto lesionado por un accidente de choque y fuga en Highland, no dude en contactarnos.\" \/>\n<meta name=\"robots\" content=\"index, follow, max-snippet:-1, max-image-preview:large, max-video-preview:-1\" \/>\n<link rel=\"canonical\" href=\"https:\/\/www.malloy-law.com\/es\/lesiones-personales\/accidentes-de-choque-y-fuga\/choque-y-fuga-en-highland\/\" \/>\n<meta property=\"og:locale\" content=\"es_ES\" \/>\n<meta property=\"og:type\" content=\"article\" \/>\n<meta property=\"og:title\" content=\"Los accidentes de choque y fuga en Highland\" \/>\n<meta property=\"og:description\" content=\"Si usted o un ser querido resulto lesionado por un accidente de choque y fuga en Highland, no dude en contactarnos.\" \/>\n<meta property=\"og:url\" content=\"https:\/\/www.malloy-law.com\/es\/lesiones-personales\/accidentes-de-choque-y-fuga\/choque-y-fuga-en-highland\/\" \/>\n<meta property=\"og:site_name\" content=\"Malloy Law\" \/>\n<meta property=\"article:modified_time\" content=\"2025-01-08T14:07:29+00:00\" \/>\n<meta property=\"og:image\" content=\"https:\/\/www.malloy-law.com\/wp-content\/uploads\/2023\/06\/shutterstock_1494839807-scaled.jpg\" \/>\n\t<meta property=\"og:image:width\" content=\"2560\" \/>\n\t<meta property=\"og:image:height\" content=\"1707\" \/>\n\t<meta property=\"og:image:type\" content=\"image\/jpeg\" \/>\n<meta name=\"twitter:card\" content=\"summary_large_image\" \/>\n<meta name=\"twitter:label1\" content=\"Tiempo de lectura\" \/>\n\t<meta name=\"twitter:data1\" content=\"4 minutos\" \/>\n<script type=\"application\/ld+json\" class=\"yoast-schema-graph\">{\"@context\":\"https:\\\/\\\/schema.org\",\"@graph\":[{\"@type\":\"WebPage\",\"@id\":\"https:\\\/\\\/www.malloy-law.com\\\/es\\\/lesiones-personales\\\/accidentes-de-choque-y-fuga\\\/choque-y-fuga-en-highland\\\/\",\"url\":\"https:\\\/\\\/www.malloy-law.com\\\/es\\\/lesiones-personales\\\/accidentes-de-choque-y-fuga\\\/choque-y-fuga-en-highland\\\/\",\"name\":\"Los accidentes de choque y fuga en Highland\",\"isPartOf\":{\"@id\":\"https:\\\/\\\/www.malloy-law.com\\\/#website\"},\"primaryImageOfPage\":{\"@id\":\"https:\\\/\\\/www.malloy-law.com\\\/es\\\/lesiones-personales\\\/accidentes-de-choque-y-fuga\\\/choque-y-fuga-en-highland\\\/#primaryimage\"},\"image\":{\"@id\":\"https:\\\/\\\/www.malloy-law.com\\\/es\\\/lesiones-personales\\\/accidentes-de-choque-y-fuga\\\/choque-y-fuga-en-highland\\\/#primaryimage\"},\"thumbnailUrl\":\"https:\\\/\\\/www.malloy-law.com\\\/wp-content\\\/uploads\\\/2023\\\/06\\\/shutterstock_1494839807-1024x683.jpg\",\"datePublished\":\"2023-11-30T14:43:24+00:00\",\"dateModified\":\"2025-01-08T14:07:29+00:00\",\"description\":\"Si usted o un ser querido resulto lesionado por un accidente de choque y fuga en Highland, no dude en contactarnos.\",\"breadcrumb\":{\"@id\":\"https:\\\/\\\/www.malloy-law.com\\\/es\\\/lesiones-personales\\\/accidentes-de-choque-y-fuga\\\/choque-y-fuga-en-highland\\\/#breadcrumb\"},\"inLanguage\":\"es\",\"potentialAction\":[{\"@type\":\"ReadAction\",\"target\":[\"https:\\\/\\\/www.malloy-law.com\\\/es\\\/lesiones-personales\\\/accidentes-de-choque-y-fuga\\\/choque-y-fuga-en-highland\\\/\"]}]},{\"@type\":\"ImageObject\",\"inLanguage\":\"es\",\"@id\":\"https:\\\/\\\/www.malloy-law.com\\\/es\\\/lesiones-personales\\\/accidentes-de-choque-y-fuga\\\/choque-y-fuga-en-highland\\\/#primaryimage\",\"url\":\"https:\\\/\\\/www.malloy-law.com\\\/wp-content\\\/uploads\\\/2023\\\/06\\\/shutterstock_1494839807-1024x683.jpg\",\"contentUrl\":\"https:\\\/\\\/www.malloy-law.com\\\/wp-content\\\/uploads\\\/2023\\\/06\\\/shutterstock_1494839807-1024x683.jpg\"},{\"@type\":\"BreadcrumbList\",\"@id\":\"https:\\\/\\\/www.malloy-law.com\\\/es\\\/lesiones-personales\\\/accidentes-de-choque-y-fuga\\\/choque-y-fuga-en-highland\\\/#breadcrumb\",\"itemListElement\":[{\"@type\":\"ListItem\",\"position\":1,\"name\":\"Home\",\"item\":\"https:\\\/\\\/www.malloy-law.com\\\/es\\\/\"},{\"@type\":\"ListItem\",\"position\":2,\"name\":\"Lesiones Personales\",\"item\":\"https:\\\/\\\/www.malloy-law.com\\\/es\\\/lesiones-personales\\\/\"},{\"@type\":\"ListItem\",\"position\":3,\"name\":\"Los accidentes de choque y fuga\",\"item\":\"https:\\\/\\\/www.malloy-law.com\\\/es\\\/lesiones-personales\\\/accidentes-de-choque-y-fuga\\\/\"},{\"@type\":\"ListItem\",\"position\":4,\"name\":\"Los accidentes de choque y fuga en Highland\"}]},{\"@type\":\"WebSite\",\"@id\":\"https:\\\/\\\/www.malloy-law.com\\\/#website\",\"url\":\"https:\\\/\\\/www.malloy-law.com\\\/\",\"name\":\"Malloy Law\",\"description\":\"\",\"publisher\":{\"@id\":\"https:\\\/\\\/www.malloy-law.com\\\/#organization\"},\"potentialAction\":[{\"@type\":\"SearchAction\",\"target\":{\"@type\":\"EntryPoint\",\"urlTemplate\":\"https:\\\/\\\/www.malloy-law.com\\\/?s={search_term_string}\"},\"query-input\":{\"@type\":\"PropertyValueSpecification\",\"valueRequired\":true,\"valueName\":\"search_term_string\"}}],\"inLanguage\":\"es\"},{\"@type\":\"Organization\",\"@id\":\"https:\\\/\\\/www.malloy-law.com\\\/#organization\",\"name\":\"Malloy Law Offices, LLC\",\"url\":\"https:\\\/\\\/www.malloy-law.com\\\/\",\"logo\":{\"@type\":\"ImageObject\",\"inLanguage\":\"es\",\"@id\":\"https:\\\/\\\/www.malloy-law.com\\\/#\\\/schema\\\/logo\\\/image\\\/\",\"url\":\"https:\\\/\\\/www.malloy-law.com\\\/wp-content\\\/uploads\\\/2019\\\/08\\\/MalloyLaw_Logo_Transparent.png\",\"contentUrl\":\"https:\\\/\\\/www.malloy-law.com\\\/wp-content\\\/uploads\\\/2019\\\/08\\\/MalloyLaw_Logo_Transparent.png\",\"width\":2147,\"height\":558,\"caption\":\"Malloy Law Offices, LLC\"},\"image\":{\"@id\":\"https:\\\/\\\/www.malloy-law.com\\\/#\\\/schema\\\/logo\\\/image\\\/\"}}]}<\/script>\n<!-- \/ Yoast SEO Premium plugin. -->","yoast_head_json":{"title":"Los accidentes de choque y fuga en Highland","description":"Si usted o un ser querido resulto lesionado por un accidente de choque y fuga en Highland, no dude en contactarnos.","robots":{"index":"index","follow":"follow","max-snippet":"max-snippet:-1","max-image-preview":"max-image-preview:large","max-video-preview":"max-video-preview:-1"},"canonical":"https:\/\/www.malloy-law.com\/es\/lesiones-personales\/accidentes-de-choque-y-fuga\/choque-y-fuga-en-highland\/","og_locale":"es_ES","og_type":"article","og_title":"Los accidentes de choque y fuga en Highland","og_description":"Si usted o un ser querido resulto lesionado por un accidente de choque y fuga en Highland, no dude en contactarnos.","og_url":"https:\/\/www.malloy-law.com\/es\/lesiones-personales\/accidentes-de-choque-y-fuga\/choque-y-fuga-en-highland\/","og_site_name":"Malloy Law","article_modified_time":"2025-01-08T14:07:29+00:00","og_image":[{"width":2560,"height":1707,"url":"https:\/\/www.malloy-law.com\/wp-content\/uploads\/2023\/06\/shutterstock_1494839807-scaled.jpg","type":"image\/jpeg"}],"twitter_card":"summary_large_image","twitter_misc":{"Tiempo de lectura":"4 minutos"},"schema":{"@context":"https:\/\/schema.org","@graph":[{"@type":"WebPage","@id":"https:\/\/www.malloy-law.com\/es\/lesiones-personales\/accidentes-de-choque-y-fuga\/choque-y-fuga-en-highland\/","url":"https:\/\/www.malloy-law.com\/es\/lesiones-personales\/accidentes-de-choque-y-fuga\/choque-y-fuga-en-highland\/","name":"Los accidentes de choque y fuga en Highland","isPartOf":{"@id":"https:\/\/www.malloy-law.com\/#website"},"primaryImageOfPage":{"@id":"https:\/\/www.malloy-law.com\/es\/lesiones-personales\/accidentes-de-choque-y-fuga\/choque-y-fuga-en-highland\/#primaryimage"},"image":{"@id":"https:\/\/www.malloy-law.com\/es\/lesiones-personales\/accidentes-de-choque-y-fuga\/choque-y-fuga-en-highland\/#primaryimage"},"thumbnailUrl":"https:\/\/www.malloy-law.com\/wp-content\/uploads\/2023\/06\/shutterstock_1494839807-1024x683.jpg","datePublished":"2023-11-30T14:43:24+00:00","dateModified":"2025-01-08T14:07:29+00:00","description":"Si usted o un ser querido resulto lesionado por un accidente de choque y fuga en Highland, no dude en contactarnos.","breadcrumb":{"@id":"https:\/\/www.malloy-law.com\/es\/lesiones-personales\/accidentes-de-choque-y-fuga\/choque-y-fuga-en-highland\/#breadcrumb"},"inLanguage":"es","potentialAction":[{"@type":"ReadAction","target":["https:\/\/www.malloy-law.com\/es\/lesiones-personales\/accidentes-de-choque-y-fuga\/choque-y-fuga-en-highland\/"]}]},{"@type":"ImageObject","inLanguage":"es","@id":"https:\/\/www.malloy-law.com\/es\/lesiones-personales\/accidentes-de-choque-y-fuga\/choque-y-fuga-en-highland\/#primaryimage","url":"https:\/\/www.malloy-law.com\/wp-content\/uploads\/2023\/06\/shutterstock_1494839807-1024x683.jpg","contentUrl":"https:\/\/www.malloy-law.com\/wp-content\/uploads\/2023\/06\/shutterstock_1494839807-1024x683.jpg"},{"@type":"BreadcrumbList","@id":"https:\/\/www.malloy-law.com\/es\/lesiones-personales\/accidentes-de-choque-y-fuga\/choque-y-fuga-en-highland\/#breadcrumb","itemListElement":[{"@type":"ListItem","position":1,"name":"Home","item":"https:\/\/www.malloy-law.com\/es\/"},{"@type":"ListItem","position":2,"name":"Lesiones Personales","item":"https:\/\/www.malloy-law.com\/es\/lesiones-personales\/"},{"@type":"ListItem","position":3,"name":"Los accidentes de choque y fuga","item":"https:\/\/www.malloy-law.com\/es\/lesiones-personales\/accidentes-de-choque-y-fuga\/"},{"@type":"ListItem","position":4,"name":"Los accidentes de choque y fuga en Highland"}]},{"@type":"WebSite","@id":"https:\/\/www.malloy-law.com\/#website","url":"https:\/\/www.malloy-law.com\/","name":"Malloy Law","description":"","publisher":{"@id":"https:\/\/www.malloy-law.com\/#organization"},"potentialAction":[{"@type":"SearchAction","target":{"@type":"EntryPoint","urlTemplate":"https:\/\/www.malloy-law.com\/?s={search_term_string}"},"query-input":{"@type":"PropertyValueSpecification","valueRequired":true,"valueName":"search_term_string"}}],"inLanguage":"es"},{"@type":"Organization","@id":"https:\/\/www.malloy-law.com\/#organization","name":"Malloy Law Offices, LLC","url":"https:\/\/www.malloy-law.com\/","logo":{"@type":"ImageObject","inLanguage":"es","@id":"https:\/\/www.malloy-law.com\/#\/schema\/logo\/image\/","url":"https:\/\/www.malloy-law.com\/wp-content\/uploads\/2019\/08\/MalloyLaw_Logo_Transparent.png","contentUrl":"https:\/\/www.malloy-law.com\/wp-content\/uploads\/2019\/08\/MalloyLaw_Logo_Transparent.png","width":2147,"height":558,"caption":"Malloy Law Offices, LLC"},"image":{"@id":"https:\/\/www.malloy-law.com\/#\/schema\/logo\/image\/"}}]}},"coauthors":[],"author_meta":{"author_link":"https:\/\/www.malloy-law.com\/es\/author\/admin\/","display_name":"admin"},"relative_dates":{"created":"Publicado 2 a\u00f1os hace","modified":"Actualizado 1 a\u00f1o hace"},"absolute_dates":{"created":"Publicado el 30 de noviembre de 2023","modified":"Actualizado el 8 de enero de 2025"},"absolute_dates_time":{"created":"Publicado el 30 de noviembre de 2023 10:43","modified":"Actualizado el 8 de enero de 2025 10:07"},"featured_img_caption":"","featured_img":false,"series_order":"","_links":{"self":[{"href":"https:\/\/www.malloy-law.com\/es\/wp-json\/wp\/v2\/pages\/21775","targetHints":{"allow":["GET"]}}],"collection":[{"href":"https:\/\/www.malloy-law.com\/es\/wp-json\/wp\/v2\/pages"}],"about":[{"href":"https:\/\/www.malloy-law.com\/es\/wp-json\/wp\/v2\/types\/page"}],"author":[{"embeddable":true,"href":"https:\/\/www.malloy-law.com\/es\/wp-json\/wp\/v2\/users\/1"}],"replies":[{"embeddable":true,"href":"https:\/\/www.malloy-law.com\/es\/wp-json\/wp\/v2\/comments?post=21775"}],"version-history":[{"count":0,"href":"https:\/\/www.malloy-law.com\/es\/wp-json\/wp\/v2\/pages\/21775\/revisions"}],"up":[{"embeddable":true,"href":"https:\/\/www.malloy-law.com\/es\/wp-json\/wp\/v2\/pages\/20051"}],"wp:attachment":[{"href":"https:\/\/www.malloy-law.com\/es\/wp-json\/wp\/v2\/media?parent=21775"}],"curies":[{"name":"wp","href":"https:\/\/api.w.org\/{rel}","templated":true}]}}