{"id":21832,"date":"2023-12-07T11:33:14","date_gmt":"2023-12-07T15:33:14","guid":{"rendered":"https:\/\/malloytestcloud.kinsta.cloud\/?page_id=21832"},"modified":"2025-08-14T13:48:15","modified_gmt":"2025-08-14T17:48:15","slug":"el-intento-de-asesinato-de-ronald-reagan","status":"publish","type":"page","link":"https:\/\/www.malloy-law.com\/es\/contenido\/el-intento-de-asesinato-de-ronald-reagan\/","title":{"rendered":"El intento de asesinato de Ronald Reagan"},"content":{"rendered":"<p>En Malloy Law Offices valoremos a nuestra audiencia y clientes. No solamente tenemos la misi\u00f3n de asistir en temas legales, sino tambi\u00e9n tenemos en cuenta la educaci\u00f3n. Poseemos varias oficinas localizadas alrededor del \u00e1rea de DMV. Espec\u00edficamente la capital estadunidense fue testigo a varios eventos hist\u00f3ricos. Los mismos son acontecimientos que ser\u00e1n recordados durante muchos a\u00f1os. Lastimosamente uno de los eventos tr\u00e1gicos que fueron registrados en el pa\u00eds fue sobre el asesinato de JFK. \u00bfUsted sab\u00eda que no fue el \u00fanico presidente que fue atentado contra su vida? A continuaci\u00f3n, hablaremos del intento de asesinato de <a href=\"https:\/\/www.reaganlibrary.gov\/permanent-exhibits\/assassination-attempt\">Ronald Reagan<\/a>. El mismo ocurri\u00f3 en la capital estadounidense en gran cercan\u00eda al capitolio americano.<\/p>\n<p><iframe loading=\"lazy\" title=\"Where Was Ronald Reagan Shot In Washington D.C.??\" width=\"500\" height=\"281\" src=\"https:\/\/www.youtube.com\/embed\/YNdm_CvJugw?feature=oembed\" frameborder=\"0\" allow=\"accelerometer; autoplay; clipboard-write; encrypted-media; gyroscope; picture-in-picture; web-share\" referrerpolicy=\"strict-origin-when-cross-origin\" allowfullscreen><\/iframe><\/p>\n<h2>Intento de asesinato de Reagan<\/h2>\n<p>Ronald Reagan fue conocido como el presidente n\u00famero 40 de los Estados Unidos. El mismo fue proclamado presidente durante dos periodos presidenciales desde 1981 hasta 1989. Los eventos transcurridos tomaron lugar en el vecindario de Dupont Circle en 1901 Connecticut Avenue en el Hotel Hilton. En el mismo ocurrieron varios eventos sociales. El 30 de marzo de 1981 el presidente fue disparado por John Hinckley cuando se retiraba a su limosina luego de dar un discurso. Curiosamente ninguna bala fue disparada directamente al presidente, sino que la bala revoto y lesiono gravemente al mismo. De igual manera su secretario, James Brady, tambi\u00e9n result\u00f3 lesionado gravemente. Lastimosamente fue disparado en la cabeza y termino parapl\u00e9jico. Por estos sucesos se proclam\u00f3 una legislaci\u00f3n de control de armas llamado Brady Bill.<\/p>\n<p style=\"text-align: center;\"><img decoding=\"async\" class=\"aligncenter wp-image-21833\" src=\"https:\/\/www.malloy-law.com\/wp-content\/uploads\/2023\/12\/shutterstock_1435130912.jpg\" alt=\"El intento de asesinato de Ronald Reagan\" width=\"571\" height=\"448\" srcset=\"https:\/\/www.malloy-law.com\/wp-content\/uploads\/2023\/12\/shutterstock_1435130912.jpg 1000w, https:\/\/www.malloy-law.com\/wp-content\/uploads\/2023\/12\/shutterstock_1435130912-300x235.jpg 300w, https:\/\/www.malloy-law.com\/wp-content\/uploads\/2023\/12\/shutterstock_1435130912-768x602.jpg 768w\" sizes=\"(max-width: 571px) 100vw, 571px\" \/><\/p>\n<h3>Como un abogado de Malloy Law Offices puede ayudarlo si resulto accidentado<\/h3>\n<p><a href=\"https:\/\/www.malloy-law.com\/es\/\">Malloy Law Offices<\/a> comprende perfectamente que este es un momento muy estresante. Todos nuestros abogados en lesiones personales priorizan a nuestros clientes y luchan incansablemente para obtener los mejores resultados posibles, sin importar cu\u00e1n complejo sea el caso. Tratamos cada caso con la atenci\u00f3n especializada que merece, brindando asistencia y apoyo a los clientes en cada etapa del proceso legal. Nuestro bufete opera en base a una tarifa de contingencia, lo que significa que no tiene que pagarnos a menos que ganemos su caso. <a href=\"https:\/\/www.malloy-law.com\/es\/contactenos\/\">Cont\u00e1ctenos<\/a> hoy para recibir una consulta gratuita.<\/p>\n","protected":false},"excerpt":{"rendered":"<p>En Malloy Law Offices valoremos a nuestra audiencia y clientes. No solamente tenemos la misi\u00f3n de asistir en temas legales, sino tambi\u00e9n tenemos en cuenta la educaci\u00f3n. Poseemos varias oficinas localizadas alrededor del \u00e1rea de DMV. Espec\u00edficamente la capital estadunidense fue testigo a varios eventos hist\u00f3ricos. Los mismos son acontecimientos que ser\u00e1n recordados durante muchos&#8230;<\/p>\n","protected":false},"author":1,"featured_media":0,"parent":10164,"menu_order":0,"comment_status":"closed","ping_status":"closed","template":"","meta":{"_acf_changed":false,"om_disable_all_campaigns":false,"advgb_blocks_editor_width":"","advgb_blocks_columns_visual_guide":"","footnotes":""},"class_list":["post-21832","page","type-page","status-publish","hentry"],"acf":[],"yoast_head":"<!-- This site is optimized with the Yoast SEO Premium plugin v27.4 (Yoast SEO v27.4) - https:\/\/yoast.com\/product\/yoast-seo-premium-wordpress\/ -->\n<title>El intento de asesinato de Ronald Reagan - Malloy Law<\/title>\n<meta name=\"description\" content=\"A continuaci\u00f3n, hablaremos del intento de asesinato de Ronald Reagan. El mismo ocurri\u00f3 en la capital estadounidense.\" \/>\n<meta name=\"robots\" content=\"index, follow, max-snippet:-1, max-image-preview:large, max-video-preview:-1\" \/>\n<link rel=\"canonical\" href=\"https:\/\/www.malloy-law.com\/es\/contenido\/el-intento-de-asesinato-de-ronald-reagan\/\" \/>\n<meta property=\"og:locale\" content=\"es_ES\" \/>\n<meta property=\"og:type\" content=\"article\" \/>\n<meta property=\"og:title\" content=\"El intento de asesinato de Ronald Reagan\" \/>\n<meta property=\"og:description\" content=\"A continuaci\u00f3n, hablaremos del intento de asesinato de Ronald Reagan. El mismo ocurri\u00f3 en la capital estadounidense.\" \/>\n<meta property=\"og:url\" content=\"https:\/\/www.malloy-law.com\/es\/contenido\/el-intento-de-asesinato-de-ronald-reagan\/\" \/>\n<meta property=\"og:site_name\" content=\"Malloy Law\" \/>\n<meta property=\"article:modified_time\" content=\"2025-08-14T17:48:15+00:00\" \/>\n<meta property=\"og:image\" content=\"https:\/\/www.malloy-law.com\/wp-content\/uploads\/2023\/12\/shutterstock_1435130912.jpg\" \/>\n\t<meta property=\"og:image:width\" content=\"1000\" \/>\n\t<meta property=\"og:image:height\" content=\"784\" \/>\n\t<meta property=\"og:image:type\" content=\"image\/jpeg\" \/>\n<meta name=\"twitter:card\" content=\"summary_large_image\" \/>\n<meta name=\"twitter:label1\" content=\"Tiempo de lectura\" \/>\n\t<meta name=\"twitter:data1\" content=\"2 minutos\" \/>\n<script type=\"application\/ld+json\" class=\"yoast-schema-graph\">{\"@context\":\"https:\\\/\\\/schema.org\",\"@graph\":[{\"@type\":\"WebPage\",\"@id\":\"https:\\\/\\\/www.malloy-law.com\\\/es\\\/contenido\\\/el-intento-de-asesinato-de-ronald-reagan\\\/\",\"url\":\"https:\\\/\\\/www.malloy-law.com\\\/es\\\/contenido\\\/el-intento-de-asesinato-de-ronald-reagan\\\/\",\"name\":\"El intento de asesinato de Ronald Reagan - Malloy Law\",\"isPartOf\":{\"@id\":\"https:\\\/\\\/www.malloy-law.com\\\/#website\"},\"primaryImageOfPage\":{\"@id\":\"https:\\\/\\\/www.malloy-law.com\\\/es\\\/contenido\\\/el-intento-de-asesinato-de-ronald-reagan\\\/#primaryimage\"},\"image\":{\"@id\":\"https:\\\/\\\/www.malloy-law.com\\\/es\\\/contenido\\\/el-intento-de-asesinato-de-ronald-reagan\\\/#primaryimage\"},\"thumbnailUrl\":\"https:\\\/\\\/www.malloy-law.com\\\/wp-content\\\/uploads\\\/2023\\\/12\\\/shutterstock_1435130912.jpg\",\"datePublished\":\"2023-12-07T15:33:14+00:00\",\"dateModified\":\"2025-08-14T17:48:15+00:00\",\"description\":\"A continuaci\u00f3n, hablaremos del intento de asesinato de Ronald Reagan. El mismo ocurri\u00f3 en la capital estadounidense.\",\"breadcrumb\":{\"@id\":\"https:\\\/\\\/www.malloy-law.com\\\/es\\\/contenido\\\/el-intento-de-asesinato-de-ronald-reagan\\\/#breadcrumb\"},\"inLanguage\":\"es\",\"potentialAction\":[{\"@type\":\"ReadAction\",\"target\":[\"https:\\\/\\\/www.malloy-law.com\\\/es\\\/contenido\\\/el-intento-de-asesinato-de-ronald-reagan\\\/\"]}]},{\"@type\":\"ImageObject\",\"inLanguage\":\"es\",\"@id\":\"https:\\\/\\\/www.malloy-law.com\\\/es\\\/contenido\\\/el-intento-de-asesinato-de-ronald-reagan\\\/#primaryimage\",\"url\":\"https:\\\/\\\/www.malloy-law.com\\\/wp-content\\\/uploads\\\/2023\\\/12\\\/shutterstock_1435130912.jpg\",\"contentUrl\":\"https:\\\/\\\/www.malloy-law.com\\\/wp-content\\\/uploads\\\/2023\\\/12\\\/shutterstock_1435130912.jpg\"},{\"@type\":\"BreadcrumbList\",\"@id\":\"https:\\\/\\\/www.malloy-law.com\\\/es\\\/contenido\\\/el-intento-de-asesinato-de-ronald-reagan\\\/#breadcrumb\",\"itemListElement\":[{\"@type\":\"ListItem\",\"position\":1,\"name\":\"Home\",\"item\":\"https:\\\/\\\/www.malloy-law.com\\\/es\\\/\"},{\"@type\":\"ListItem\",\"position\":2,\"name\":\"Contenido\",\"item\":\"https:\\\/\\\/www.malloy-law.com\\\/es\\\/contenido\\\/\"},{\"@type\":\"ListItem\",\"position\":3,\"name\":\"El intento de asesinato de Ronald Reagan\"}]},{\"@type\":\"WebSite\",\"@id\":\"https:\\\/\\\/www.malloy-law.com\\\/#website\",\"url\":\"https:\\\/\\\/www.malloy-law.com\\\/\",\"name\":\"Malloy Law\",\"description\":\"\",\"publisher\":{\"@id\":\"https:\\\/\\\/www.malloy-law.com\\\/#organization\"},\"potentialAction\":[{\"@type\":\"SearchAction\",\"target\":{\"@type\":\"EntryPoint\",\"urlTemplate\":\"https:\\\/\\\/www.malloy-law.com\\\/?s={search_term_string}\"},\"query-input\":{\"@type\":\"PropertyValueSpecification\",\"valueRequired\":true,\"valueName\":\"search_term_string\"}}],\"inLanguage\":\"es\"},{\"@type\":\"Organization\",\"@id\":\"https:\\\/\\\/www.malloy-law.com\\\/#organization\",\"name\":\"Malloy Law Offices, LLC\",\"url\":\"https:\\\/\\\/www.malloy-law.com\\\/\",\"logo\":{\"@type\":\"ImageObject\",\"inLanguage\":\"es\",\"@id\":\"https:\\\/\\\/www.malloy-law.com\\\/#\\\/schema\\\/logo\\\/image\\\/\",\"url\":\"https:\\\/\\\/www.malloy-law.com\\\/wp-content\\\/uploads\\\/2019\\\/08\\\/MalloyLaw_Logo_Transparent.png\",\"contentUrl\":\"https:\\\/\\\/www.malloy-law.com\\\/wp-content\\\/uploads\\\/2019\\\/08\\\/MalloyLaw_Logo_Transparent.png\",\"width\":2147,\"height\":558,\"caption\":\"Malloy Law Offices, LLC\"},\"image\":{\"@id\":\"https:\\\/\\\/www.malloy-law.com\\\/#\\\/schema\\\/logo\\\/image\\\/\"}}]}<\/script>\n<!-- \/ Yoast SEO Premium plugin. -->","yoast_head_json":{"title":"El intento de asesinato de Ronald Reagan - Malloy Law","description":"A continuaci\u00f3n, hablaremos del intento de asesinato de Ronald Reagan. El mismo ocurri\u00f3 en la capital estadounidense.","robots":{"index":"index","follow":"follow","max-snippet":"max-snippet:-1","max-image-preview":"max-image-preview:large","max-video-preview":"max-video-preview:-1"},"canonical":"https:\/\/www.malloy-law.com\/es\/contenido\/el-intento-de-asesinato-de-ronald-reagan\/","og_locale":"es_ES","og_type":"article","og_title":"El intento de asesinato de Ronald Reagan","og_description":"A continuaci\u00f3n, hablaremos del intento de asesinato de Ronald Reagan. El mismo ocurri\u00f3 en la capital estadounidense.","og_url":"https:\/\/www.malloy-law.com\/es\/contenido\/el-intento-de-asesinato-de-ronald-reagan\/","og_site_name":"Malloy Law","article_modified_time":"2025-08-14T17:48:15+00:00","og_image":[{"width":1000,"height":784,"url":"https:\/\/www.malloy-law.com\/wp-content\/uploads\/2023\/12\/shutterstock_1435130912.jpg","type":"image\/jpeg"}],"twitter_card":"summary_large_image","twitter_misc":{"Tiempo de lectura":"2 minutos"},"schema":{"@context":"https:\/\/schema.org","@graph":[{"@type":"WebPage","@id":"https:\/\/www.malloy-law.com\/es\/contenido\/el-intento-de-asesinato-de-ronald-reagan\/","url":"https:\/\/www.malloy-law.com\/es\/contenido\/el-intento-de-asesinato-de-ronald-reagan\/","name":"El intento de asesinato de Ronald Reagan - Malloy Law","isPartOf":{"@id":"https:\/\/www.malloy-law.com\/#website"},"primaryImageOfPage":{"@id":"https:\/\/www.malloy-law.com\/es\/contenido\/el-intento-de-asesinato-de-ronald-reagan\/#primaryimage"},"image":{"@id":"https:\/\/www.malloy-law.com\/es\/contenido\/el-intento-de-asesinato-de-ronald-reagan\/#primaryimage"},"thumbnailUrl":"https:\/\/www.malloy-law.com\/wp-content\/uploads\/2023\/12\/shutterstock_1435130912.jpg","datePublished":"2023-12-07T15:33:14+00:00","dateModified":"2025-08-14T17:48:15+00:00","description":"A continuaci\u00f3n, hablaremos del intento de asesinato de Ronald Reagan. El mismo ocurri\u00f3 en la capital estadounidense.","breadcrumb":{"@id":"https:\/\/www.malloy-law.com\/es\/contenido\/el-intento-de-asesinato-de-ronald-reagan\/#breadcrumb"},"inLanguage":"es","potentialAction":[{"@type":"ReadAction","target":["https:\/\/www.malloy-law.com\/es\/contenido\/el-intento-de-asesinato-de-ronald-reagan\/"]}]},{"@type":"ImageObject","inLanguage":"es","@id":"https:\/\/www.malloy-law.com\/es\/contenido\/el-intento-de-asesinato-de-ronald-reagan\/#primaryimage","url":"https:\/\/www.malloy-law.com\/wp-content\/uploads\/2023\/12\/shutterstock_1435130912.jpg","contentUrl":"https:\/\/www.malloy-law.com\/wp-content\/uploads\/2023\/12\/shutterstock_1435130912.jpg"},{"@type":"BreadcrumbList","@id":"https:\/\/www.malloy-law.com\/es\/contenido\/el-intento-de-asesinato-de-ronald-reagan\/#breadcrumb","itemListElement":[{"@type":"ListItem","position":1,"name":"Home","item":"https:\/\/www.malloy-law.com\/es\/"},{"@type":"ListItem","position":2,"name":"Contenido","item":"https:\/\/www.malloy-law.com\/es\/contenido\/"},{"@type":"ListItem","position":3,"name":"El intento de asesinato de Ronald Reagan"}]},{"@type":"WebSite","@id":"https:\/\/www.malloy-law.com\/#website","url":"https:\/\/www.malloy-law.com\/","name":"Malloy Law","description":"","publisher":{"@id":"https:\/\/www.malloy-law.com\/#organization"},"potentialAction":[{"@type":"SearchAction","target":{"@type":"EntryPoint","urlTemplate":"https:\/\/www.malloy-law.com\/?s={search_term_string}"},"query-input":{"@type":"PropertyValueSpecification","valueRequired":true,"valueName":"search_term_string"}}],"inLanguage":"es"},{"@type":"Organization","@id":"https:\/\/www.malloy-law.com\/#organization","name":"Malloy Law Offices, LLC","url":"https:\/\/www.malloy-law.com\/","logo":{"@type":"ImageObject","inLanguage":"es","@id":"https:\/\/www.malloy-law.com\/#\/schema\/logo\/image\/","url":"https:\/\/www.malloy-law.com\/wp-content\/uploads\/2019\/08\/MalloyLaw_Logo_Transparent.png","contentUrl":"https:\/\/www.malloy-law.com\/wp-content\/uploads\/2019\/08\/MalloyLaw_Logo_Transparent.png","width":2147,"height":558,"caption":"Malloy Law Offices, LLC"},"image":{"@id":"https:\/\/www.malloy-law.com\/#\/schema\/logo\/image\/"}}]}},"coauthors":[],"author_meta":{"author_link":"https:\/\/www.malloy-law.com\/es\/author\/admin\/","display_name":"admin"},"relative_dates":{"created":"Publicado 2 a\u00f1os hace","modified":"Actualizado 9 meses hace"},"absolute_dates":{"created":"Publicado el 7 de diciembre de 2023","modified":"Actualizado el 14 de agosto de 2025"},"absolute_dates_time":{"created":"Publicado el 7 de diciembre de 2023 11:33","modified":"Actualizado el 14 de agosto de 2025 13:48"},"featured_img_caption":"","featured_img":false,"series_order":"","_links":{"self":[{"href":"https:\/\/www.malloy-law.com\/es\/wp-json\/wp\/v2\/pages\/21832","targetHints":{"allow":["GET"]}}],"collection":[{"href":"https:\/\/www.malloy-law.com\/es\/wp-json\/wp\/v2\/pages"}],"about":[{"href":"https:\/\/www.malloy-law.com\/es\/wp-json\/wp\/v2\/types\/page"}],"author":[{"embeddable":true,"href":"https:\/\/www.malloy-law.com\/es\/wp-json\/wp\/v2\/users\/1"}],"replies":[{"embeddable":true,"href":"https:\/\/www.malloy-law.com\/es\/wp-json\/wp\/v2\/comments?post=21832"}],"version-history":[{"count":0,"href":"https:\/\/www.malloy-law.com\/es\/wp-json\/wp\/v2\/pages\/21832\/revisions"}],"up":[{"embeddable":true,"href":"https:\/\/www.malloy-law.com\/es\/wp-json\/wp\/v2\/pages\/10164"}],"wp:attachment":[{"href":"https:\/\/www.malloy-law.com\/es\/wp-json\/wp\/v2\/media?parent=21832"}],"curies":[{"name":"wp","href":"https:\/\/api.w.org\/{rel}","templated":true}]}}