{"id":22522,"date":"2024-03-21T13:42:29","date_gmt":"2024-03-21T17:42:29","guid":{"rendered":"https:\/\/malloytestcloud.kinsta.cloud\/?page_id=22522"},"modified":"2025-09-09T15:04:54","modified_gmt":"2025-09-09T19:04:54","slug":"accidentes-causados-por-conductores-somnolientos","status":"publish","type":"page","link":"https:\/\/www.malloy-law.com\/es\/lesiones-personales\/accidentes-causados-por-conductores-somnolientos\/","title":{"rendered":"Accidentes causados por conductores somnolientos"},"content":{"rendered":"<p>Los accidentes automovil\u00edsticos pueden ocurrir por distintos motivos. Lastimosamente, en ocasiones, algunos de estos eventos son causados por el sue\u00f1o o la fatiga. Los mismos afectan la cognici\u00f3n y rendimiento de uno. Cuando uno opera un veh\u00edculo motorizado debe encontrarse en condiciones \u00f3ptimas. Los conductores siempre deben encontrarse alerta de lo que ocurre a su alrededor y en la ruta. El NHTSA proclama que miles de accidentes son causados por conductores somnolientos. Cuando uno resulta lesionado por un conductor somnoliento, tiene la posibilidad de realizar un reclamo de lesi\u00f3n personal. En este art\u00edculo le hablaremos de las estad\u00edsticas de estos accidentes, consejos para prevenir la conducci\u00f3n somnolienta y que hacer en caso de sospechar que resulto accidentado por un conductor somnoliento. Adem\u00e1s, le diremos como uno de nuestros abogados expertos puede ayudarlo a la hora de realizar su reclamo.<\/p>\n<p style=\"text-align: center;\"><img decoding=\"async\" class=\"aligncenter wp-image-20746\" src=\"https:\/\/www.malloy-law.com\/wp-content\/uploads\/2023\/06\/shutterstock_719935375.jpg\" alt=\"Accidentes causados por conductores somnolientos\" width=\"658\" height=\"439\" srcset=\"https:\/\/www.malloy-law.com\/wp-content\/uploads\/2023\/06\/shutterstock_719935375.jpg 1000w, https:\/\/www.malloy-law.com\/wp-content\/uploads\/2023\/06\/shutterstock_719935375-300x200.jpg 300w, https:\/\/www.malloy-law.com\/wp-content\/uploads\/2023\/06\/shutterstock_719935375-768x512.jpg 768w\" sizes=\"(max-width: 658px) 100vw, 658px\" \/><\/p>\n<h2>\u00bfQu\u00e9 tan comunes son los accidentes causados por conductores somnolientos?<\/h2>\n<p>El sue\u00f1o afecta el bienestar de una persona. Por este motivo, los conductores deben encontrarse bien descansados a la hora de conducir. Los accidentes causados por conductores somnolientos pueden ocurrir durante el d\u00eda o la noche. El NHTSA <a href=\"https:\/\/www.nhtsa.gov\/risky-driving\/drowsy-driving\">reclamo<\/a> que alrededor de 91,000 reportes policiales citaron que la conducci\u00f3n somnolienta ocasion\u00f3 los accidentes automovil\u00edsticos en el 2017. De esta cifra estimaron que 50,000 personas resultaron lesionadas y 800 fatalidades ocurrieron. Cabe destacar que existen 3 factores claves asociados a estos tipos de accidentes. El primer factor se encuentra asociado al horario, la mayor\u00eda de estos eventos ocurren entre la media noche y las 6 de la ma\u00f1ana o en la tarde. Siguientemente estos accidentes suelen ser causados por un conductor detr\u00e1s del volante, es decir, sin pasajeros. Finalmente, la mayor\u00eda de estos accidentes ocurren en zonas rurales o carreteras.<\/p>\n<h2>Consejos para evitar los accidentes ocasionados por conductores somnolientos<\/h2>\n<p>Aun cuando se registran miles de accidentes anualmente ocasionados por este tipo de accidente, los mismos pueden ser evitados. Existen varias razones por las cuales uno puede encontrarse conduciendo con sue\u00f1o. A continuaci\u00f3n, le proveeremos algunos consejos para evitar conducir bajo estas condiciones.<\/p>\n<p>1. Descanse adecuadamente de manera diaria. Los expertos recomiendan conseguir al menos 8 horas de sue\u00f1o. Si uno sufre de alg\u00fan desorden de sue\u00f1o, consulte con su doctor sobre alg\u00fan m\u00e9todo de tratamiento.<\/p>\n<p>2. Evite consumir alcohol antes de conducir. El consumo de este estupefaciente desinhibe el funcionamiento corporal de uno y la habilidad de razonamiento. Adem\u00e1s, incrementa el sue\u00f1o.<\/p>\n<p>3. Antes de consumir un medicamento, revise si el mismo ocasiona sue\u00f1o como alg\u00fan efecto secundario. Si este es el caso, evite encontrarse detr\u00e1s del volante y busque alternativamente otro medio de transportarse.<\/p>\n<p>4. Evite conducir tarde siempre que sea posible. Nuestro cuerpo se encuentra acostumbrado a un patr\u00f3n de sue\u00f1o. En el caso que uno deba conducir en un horario nocturno alternativas temporales pueden ser el consumo de caf\u00e9. Si se encuentra con sue\u00f1o busque alguna parada de sue\u00f1o designada.<\/p>\n<h2>Qu\u00e9 hacer si resulto accidentado<\/h2>\n<p>Uno se encuentra responsable de sus acciones en la ruta. En el caso que uno se encuentre conduciendo bajo los efectos del sue\u00f1o, uno estar\u00eda actuando negligentemente. Normalmente esos conductores se encuentran constantemente saliendo de su carril o no realizando las paradas requeridas. Por este motivo uno posee varias opciones legales a su disposici\u00f3n si fue lesionado por estos eventos. Los accidentes causados por conductores somnolientos ser\u00e1n investigados. Adem\u00e1s, un reporte policial ser\u00e1 realizado recalcando los eventos eliminatorios a la colisi\u00f3n. Es importante intercambiar la informaci\u00f3n con testigos siempre y cuando sea posible. Luego uno debe contactar a un abogado experto de lesiones personales.<\/p>\n<h3>Como un abogado experto de Malloy Law Offices puede ayudarlo<\/h3>\n<p>Los conductores somnolientos son protagonistas a miles de accidentes automovil\u00edsticos. En el casi que usted haya sido accidentado por un conductor en este estado, no dude en ponerse en contacto con un abogado. En <a href=\"https:\/\/www.malloy-law.com\/es\/\">Malloy Law Offices<\/a> la consulta es gratuita y no estar\u00e1 obligado a contratar un abogado. Sin embargo, se sorprender\u00e1 de lo mucho que puede ayudarle despu\u00e9s de un accidente. Nuestros abogados tienen m\u00e1s de 15 a\u00f1os de experiencia tomando casos de accidente de carros. <a href=\"https:\/\/www.malloy-law.com\/es\/contactenos\/\">Cont\u00e1ctenos<\/a> hoy mismo para una consulta gratuita por que nosotros queremos ganar su caso.<\/p>\n","protected":false},"excerpt":{"rendered":"<p>Los accidentes automovil\u00edsticos pueden ocurrir por distintos motivos. Lastimosamente, en ocasiones, algunos de estos eventos son causados por el sue\u00f1o o la fatiga. Los mismos afectan la cognici\u00f3n y rendimiento de uno. Cuando uno opera un veh\u00edculo motorizado debe encontrarse en condiciones \u00f3ptimas. Los conductores siempre deben encontrarse alerta de lo que ocurre a su&#8230;<\/p>\n","protected":false},"author":1,"featured_media":0,"parent":3740,"menu_order":0,"comment_status":"closed","ping_status":"closed","template":"","meta":{"_acf_changed":false,"om_disable_all_campaigns":false,"advgb_blocks_editor_width":"","advgb_blocks_columns_visual_guide":"","footnotes":""},"class_list":["post-22522","page","type-page","status-publish","hentry"],"acf":[],"yoast_head":"<!-- This site is optimized with the Yoast SEO Premium plugin v27.4 (Yoast SEO v27.4) - https:\/\/yoast.com\/product\/yoast-seo-premium-wordpress\/ -->\n<title>Accidentes causados por conductores somnolientos - Malloy Law<\/title>\n<meta name=\"description\" content=\"Los conductores somnolientos son protagonistas a miles de accidentes automovil\u00edsticos. Consulte sobre sus opciones legales en estos casos.\" \/>\n<meta name=\"robots\" content=\"index, follow, max-snippet:-1, max-image-preview:large, max-video-preview:-1\" \/>\n<link rel=\"canonical\" href=\"https:\/\/www.malloy-law.com\/es\/lesiones-personales\/accidentes-causados-por-conductores-somnolientos\/\" \/>\n<meta property=\"og:locale\" content=\"es_ES\" \/>\n<meta property=\"og:type\" content=\"article\" \/>\n<meta property=\"og:title\" content=\"Accidentes causados por conductores somnolientos\" \/>\n<meta property=\"og:description\" content=\"Los conductores somnolientos son protagonistas a miles de accidentes automovil\u00edsticos. Consulte sobre sus opciones legales en estos casos.\" \/>\n<meta property=\"og:url\" content=\"https:\/\/www.malloy-law.com\/es\/lesiones-personales\/accidentes-causados-por-conductores-somnolientos\/\" \/>\n<meta property=\"og:site_name\" content=\"Malloy Law\" \/>\n<meta property=\"article:modified_time\" content=\"2025-09-09T19:04:54+00:00\" \/>\n<meta property=\"og:image\" content=\"https:\/\/www.malloy-law.com\/wp-content\/uploads\/2023\/06\/shutterstock_719935375.jpg\" \/>\n\t<meta property=\"og:image:width\" content=\"1000\" \/>\n\t<meta property=\"og:image:height\" content=\"667\" \/>\n\t<meta property=\"og:image:type\" content=\"image\/jpeg\" \/>\n<meta name=\"twitter:card\" content=\"summary_large_image\" \/>\n<meta name=\"twitter:label1\" content=\"Tiempo de lectura\" \/>\n\t<meta name=\"twitter:data1\" content=\"4 minutos\" \/>\n<script type=\"application\/ld+json\" class=\"yoast-schema-graph\">{\"@context\":\"https:\\\/\\\/schema.org\",\"@graph\":[{\"@type\":\"WebPage\",\"@id\":\"https:\\\/\\\/www.malloy-law.com\\\/es\\\/lesiones-personales\\\/accidentes-causados-por-conductores-somnolientos\\\/\",\"url\":\"https:\\\/\\\/www.malloy-law.com\\\/es\\\/lesiones-personales\\\/accidentes-causados-por-conductores-somnolientos\\\/\",\"name\":\"Accidentes causados por conductores somnolientos - Malloy Law\",\"isPartOf\":{\"@id\":\"https:\\\/\\\/www.malloy-law.com\\\/#website\"},\"primaryImageOfPage\":{\"@id\":\"https:\\\/\\\/www.malloy-law.com\\\/es\\\/lesiones-personales\\\/accidentes-causados-por-conductores-somnolientos\\\/#primaryimage\"},\"image\":{\"@id\":\"https:\\\/\\\/www.malloy-law.com\\\/es\\\/lesiones-personales\\\/accidentes-causados-por-conductores-somnolientos\\\/#primaryimage\"},\"thumbnailUrl\":\"https:\\\/\\\/www.malloy-law.com\\\/wp-content\\\/uploads\\\/2023\\\/06\\\/shutterstock_719935375.jpg\",\"datePublished\":\"2024-03-21T17:42:29+00:00\",\"dateModified\":\"2025-09-09T19:04:54+00:00\",\"description\":\"Los conductores somnolientos son protagonistas a miles de accidentes automovil\u00edsticos. Consulte sobre sus opciones legales en estos casos.\",\"breadcrumb\":{\"@id\":\"https:\\\/\\\/www.malloy-law.com\\\/es\\\/lesiones-personales\\\/accidentes-causados-por-conductores-somnolientos\\\/#breadcrumb\"},\"inLanguage\":\"es\",\"potentialAction\":[{\"@type\":\"ReadAction\",\"target\":[\"https:\\\/\\\/www.malloy-law.com\\\/es\\\/lesiones-personales\\\/accidentes-causados-por-conductores-somnolientos\\\/\"]}]},{\"@type\":\"ImageObject\",\"inLanguage\":\"es\",\"@id\":\"https:\\\/\\\/www.malloy-law.com\\\/es\\\/lesiones-personales\\\/accidentes-causados-por-conductores-somnolientos\\\/#primaryimage\",\"url\":\"https:\\\/\\\/www.malloy-law.com\\\/wp-content\\\/uploads\\\/2023\\\/06\\\/shutterstock_719935375.jpg\",\"contentUrl\":\"https:\\\/\\\/www.malloy-law.com\\\/wp-content\\\/uploads\\\/2023\\\/06\\\/shutterstock_719935375.jpg\"},{\"@type\":\"BreadcrumbList\",\"@id\":\"https:\\\/\\\/www.malloy-law.com\\\/es\\\/lesiones-personales\\\/accidentes-causados-por-conductores-somnolientos\\\/#breadcrumb\",\"itemListElement\":[{\"@type\":\"ListItem\",\"position\":1,\"name\":\"Home\",\"item\":\"https:\\\/\\\/www.malloy-law.com\\\/es\\\/\"},{\"@type\":\"ListItem\",\"position\":2,\"name\":\"Lesiones Personales\",\"item\":\"https:\\\/\\\/www.malloy-law.com\\\/es\\\/lesiones-personales\\\/\"},{\"@type\":\"ListItem\",\"position\":3,\"name\":\"Accidentes causados por conductores somnolientos\"}]},{\"@type\":\"WebSite\",\"@id\":\"https:\\\/\\\/www.malloy-law.com\\\/#website\",\"url\":\"https:\\\/\\\/www.malloy-law.com\\\/\",\"name\":\"Malloy Law\",\"description\":\"\",\"publisher\":{\"@id\":\"https:\\\/\\\/www.malloy-law.com\\\/#organization\"},\"potentialAction\":[{\"@type\":\"SearchAction\",\"target\":{\"@type\":\"EntryPoint\",\"urlTemplate\":\"https:\\\/\\\/www.malloy-law.com\\\/?s={search_term_string}\"},\"query-input\":{\"@type\":\"PropertyValueSpecification\",\"valueRequired\":true,\"valueName\":\"search_term_string\"}}],\"inLanguage\":\"es\"},{\"@type\":\"Organization\",\"@id\":\"https:\\\/\\\/www.malloy-law.com\\\/#organization\",\"name\":\"Malloy Law Offices, LLC\",\"url\":\"https:\\\/\\\/www.malloy-law.com\\\/\",\"logo\":{\"@type\":\"ImageObject\",\"inLanguage\":\"es\",\"@id\":\"https:\\\/\\\/www.malloy-law.com\\\/#\\\/schema\\\/logo\\\/image\\\/\",\"url\":\"https:\\\/\\\/www.malloy-law.com\\\/wp-content\\\/uploads\\\/2019\\\/08\\\/MalloyLaw_Logo_Transparent.png\",\"contentUrl\":\"https:\\\/\\\/www.malloy-law.com\\\/wp-content\\\/uploads\\\/2019\\\/08\\\/MalloyLaw_Logo_Transparent.png\",\"width\":2147,\"height\":558,\"caption\":\"Malloy Law Offices, LLC\"},\"image\":{\"@id\":\"https:\\\/\\\/www.malloy-law.com\\\/#\\\/schema\\\/logo\\\/image\\\/\"}}]}<\/script>\n<!-- \/ Yoast SEO Premium plugin. -->","yoast_head_json":{"title":"Accidentes causados por conductores somnolientos - Malloy Law","description":"Los conductores somnolientos son protagonistas a miles de accidentes automovil\u00edsticos. Consulte sobre sus opciones legales en estos casos.","robots":{"index":"index","follow":"follow","max-snippet":"max-snippet:-1","max-image-preview":"max-image-preview:large","max-video-preview":"max-video-preview:-1"},"canonical":"https:\/\/www.malloy-law.com\/es\/lesiones-personales\/accidentes-causados-por-conductores-somnolientos\/","og_locale":"es_ES","og_type":"article","og_title":"Accidentes causados por conductores somnolientos","og_description":"Los conductores somnolientos son protagonistas a miles de accidentes automovil\u00edsticos. Consulte sobre sus opciones legales en estos casos.","og_url":"https:\/\/www.malloy-law.com\/es\/lesiones-personales\/accidentes-causados-por-conductores-somnolientos\/","og_site_name":"Malloy Law","article_modified_time":"2025-09-09T19:04:54+00:00","og_image":[{"width":1000,"height":667,"url":"https:\/\/www.malloy-law.com\/wp-content\/uploads\/2023\/06\/shutterstock_719935375.jpg","type":"image\/jpeg"}],"twitter_card":"summary_large_image","twitter_misc":{"Tiempo de lectura":"4 minutos"},"schema":{"@context":"https:\/\/schema.org","@graph":[{"@type":"WebPage","@id":"https:\/\/www.malloy-law.com\/es\/lesiones-personales\/accidentes-causados-por-conductores-somnolientos\/","url":"https:\/\/www.malloy-law.com\/es\/lesiones-personales\/accidentes-causados-por-conductores-somnolientos\/","name":"Accidentes causados por conductores somnolientos - Malloy Law","isPartOf":{"@id":"https:\/\/www.malloy-law.com\/#website"},"primaryImageOfPage":{"@id":"https:\/\/www.malloy-law.com\/es\/lesiones-personales\/accidentes-causados-por-conductores-somnolientos\/#primaryimage"},"image":{"@id":"https:\/\/www.malloy-law.com\/es\/lesiones-personales\/accidentes-causados-por-conductores-somnolientos\/#primaryimage"},"thumbnailUrl":"https:\/\/www.malloy-law.com\/wp-content\/uploads\/2023\/06\/shutterstock_719935375.jpg","datePublished":"2024-03-21T17:42:29+00:00","dateModified":"2025-09-09T19:04:54+00:00","description":"Los conductores somnolientos son protagonistas a miles de accidentes automovil\u00edsticos. Consulte sobre sus opciones legales en estos casos.","breadcrumb":{"@id":"https:\/\/www.malloy-law.com\/es\/lesiones-personales\/accidentes-causados-por-conductores-somnolientos\/#breadcrumb"},"inLanguage":"es","potentialAction":[{"@type":"ReadAction","target":["https:\/\/www.malloy-law.com\/es\/lesiones-personales\/accidentes-causados-por-conductores-somnolientos\/"]}]},{"@type":"ImageObject","inLanguage":"es","@id":"https:\/\/www.malloy-law.com\/es\/lesiones-personales\/accidentes-causados-por-conductores-somnolientos\/#primaryimage","url":"https:\/\/www.malloy-law.com\/wp-content\/uploads\/2023\/06\/shutterstock_719935375.jpg","contentUrl":"https:\/\/www.malloy-law.com\/wp-content\/uploads\/2023\/06\/shutterstock_719935375.jpg"},{"@type":"BreadcrumbList","@id":"https:\/\/www.malloy-law.com\/es\/lesiones-personales\/accidentes-causados-por-conductores-somnolientos\/#breadcrumb","itemListElement":[{"@type":"ListItem","position":1,"name":"Home","item":"https:\/\/www.malloy-law.com\/es\/"},{"@type":"ListItem","position":2,"name":"Lesiones Personales","item":"https:\/\/www.malloy-law.com\/es\/lesiones-personales\/"},{"@type":"ListItem","position":3,"name":"Accidentes causados por conductores somnolientos"}]},{"@type":"WebSite","@id":"https:\/\/www.malloy-law.com\/#website","url":"https:\/\/www.malloy-law.com\/","name":"Malloy Law","description":"","publisher":{"@id":"https:\/\/www.malloy-law.com\/#organization"},"potentialAction":[{"@type":"SearchAction","target":{"@type":"EntryPoint","urlTemplate":"https:\/\/www.malloy-law.com\/?s={search_term_string}"},"query-input":{"@type":"PropertyValueSpecification","valueRequired":true,"valueName":"search_term_string"}}],"inLanguage":"es"},{"@type":"Organization","@id":"https:\/\/www.malloy-law.com\/#organization","name":"Malloy Law Offices, LLC","url":"https:\/\/www.malloy-law.com\/","logo":{"@type":"ImageObject","inLanguage":"es","@id":"https:\/\/www.malloy-law.com\/#\/schema\/logo\/image\/","url":"https:\/\/www.malloy-law.com\/wp-content\/uploads\/2019\/08\/MalloyLaw_Logo_Transparent.png","contentUrl":"https:\/\/www.malloy-law.com\/wp-content\/uploads\/2019\/08\/MalloyLaw_Logo_Transparent.png","width":2147,"height":558,"caption":"Malloy Law Offices, LLC"},"image":{"@id":"https:\/\/www.malloy-law.com\/#\/schema\/logo\/image\/"}}]}},"coauthors":[],"author_meta":{"author_link":"https:\/\/www.malloy-law.com\/es\/author\/admin\/","display_name":"admin"},"relative_dates":{"created":"Publicado 2 a\u00f1os hace","modified":"Actualizado 8 meses hace"},"absolute_dates":{"created":"Publicado el 21 de marzo de 2024","modified":"Actualizado el 9 de septiembre de 2025"},"absolute_dates_time":{"created":"Publicado el 21 de marzo de 2024 13:42","modified":"Actualizado el 9 de septiembre de 2025 15:04"},"featured_img_caption":"","featured_img":false,"series_order":"","_links":{"self":[{"href":"https:\/\/www.malloy-law.com\/es\/wp-json\/wp\/v2\/pages\/22522","targetHints":{"allow":["GET"]}}],"collection":[{"href":"https:\/\/www.malloy-law.com\/es\/wp-json\/wp\/v2\/pages"}],"about":[{"href":"https:\/\/www.malloy-law.com\/es\/wp-json\/wp\/v2\/types\/page"}],"author":[{"embeddable":true,"href":"https:\/\/www.malloy-law.com\/es\/wp-json\/wp\/v2\/users\/1"}],"replies":[{"embeddable":true,"href":"https:\/\/www.malloy-law.com\/es\/wp-json\/wp\/v2\/comments?post=22522"}],"version-history":[{"count":0,"href":"https:\/\/www.malloy-law.com\/es\/wp-json\/wp\/v2\/pages\/22522\/revisions"}],"up":[{"embeddable":true,"href":"https:\/\/www.malloy-law.com\/es\/wp-json\/wp\/v2\/pages\/3740"}],"wp:attachment":[{"href":"https:\/\/www.malloy-law.com\/es\/wp-json\/wp\/v2\/media?parent=22522"}],"curies":[{"name":"wp","href":"https:\/\/api.w.org\/{rel}","templated":true}]}}