{"id":22772,"date":"2024-04-24T09:51:51","date_gmt":"2024-04-24T13:51:51","guid":{"rendered":"https:\/\/malloytestcloud.kinsta.cloud\/?page_id=22772"},"modified":"2025-01-09T15:40:50","modified_gmt":"2025-01-09T19:40:50","slug":"choque-y-fuga-en-falls-church","status":"publish","type":"page","link":"https:\/\/www.malloy-law.com\/es\/los-accidentes-de-choque-y-fuga-en-virginia\/choque-y-fuga-en-falls-church\/","title":{"rendered":"Los accidentes de choque y fuga en Falls Church"},"content":{"rendered":"<p>En Virginia, espec\u00edficamente en el 2022 se <a href=\"https:\/\/www.dmv.virginia.gov\/sites\/default\/files\/documents\/crash_facts_22.pdf\">registraron<\/a> 122,434 accidentes de carro donde 5,517 fueron considerados accidentes de choque y fuga. Los accidentes automovil\u00edsticos suelen ocurrir en las zonas transitadas, como ser\u00eda Falls Church. Cuando uno sufre un accidente, incluyendo los de choque y fuga, uno tiene opciones legales. A continuaci\u00f3n, hablaremos de los pasos que uno debe tomar luego de sufrir un choque y fuga en Falls Church.<\/p>\n<p style=\"text-align: center;\"><img decoding=\"async\" class=\"aligncenter wp-image-20989\" src=\"https:\/\/www.malloy-law.com\/wp-content\/uploads\/2023\/07\/shutterstock_1024887811-1024x608.jpg\" alt=\"Choque y fuga en Falls Church\" width=\"499\" height=\"296\" srcset=\"https:\/\/www.malloy-law.com\/wp-content\/uploads\/2023\/07\/shutterstock_1024887811-1024x608.jpg 1024w, https:\/\/www.malloy-law.com\/wp-content\/uploads\/2023\/07\/shutterstock_1024887811-300x178.jpg 300w, https:\/\/www.malloy-law.com\/wp-content\/uploads\/2023\/07\/shutterstock_1024887811-768x456.jpg 768w, https:\/\/www.malloy-law.com\/wp-content\/uploads\/2023\/07\/shutterstock_1024887811-1536x912.jpg 1536w, https:\/\/www.malloy-law.com\/wp-content\/uploads\/2023\/07\/shutterstock_1024887811-2048x1217.jpg 2048w\" sizes=\"(max-width: 499px) 100vw, 499px\" \/><\/p>\n<h2>Sanciones por accidentes de choque y fuga en Virginia<\/h2>\n<p>Como lo hab\u00edamos mencionado anteriormente, los accidentes de choque y fuga son comunes en Virginia. Cabe destacar que las sanciones son muy estrictas. No solo el conductor puede ser sancionado, sino que sus pasajeros tambi\u00e9n lo pueden ser. Las <a href=\"https:\/\/www.enjuris.com\/virginia\/car-accident\/hit-and-run\/\">sanciones<\/a> son establecidas de esta manera:<\/p>\n<h4>Conductor<\/h4>\n<p>I. Delito menor de clase 4 en un veh\u00edculo desatentado. Donde el da\u00f1o a propiedad fue de hasta $250 entonces la multa bastar\u00eda hasta $250.<br \/>\nII. Delito menor de clase 1 en un veh\u00edculo desatentado. Donde el da\u00f1o a propiedad fue mayor de $250 entonces la sanci\u00f3n ser\u00eda una multa de $2500 y hasta un a\u00f1o en prisi\u00f3n. En cambio, cuando es en un veh\u00edculo atentado de la misma categor\u00eda donde el da\u00f1o a la propiedad es mayor a $1,000 la multa y sanci\u00f3n ser\u00eda lo mismo.<br \/>\nIII. Delito grave de clase 5 en un veh\u00edculo atentado. Donde ocurri\u00f3 una lesi\u00f3n, fatalidad o m\u00e1s de $1,000 en da\u00f1os de propiedad la sanci\u00f3n seria de hasta 10 a\u00f1os en prisi\u00f3n. Tambi\u00e9n habr\u00eda una multa de $2,500.<\/p>\n<h4>Pasajeros<\/h4>\n<p>1. Delito menor de clase 4 en un veh\u00edculo desatentado. Donde el da\u00f1o a propiedad fue de hasta $250 entonces la multa bastar\u00eda hasta $250.<br \/>\n2. Delito menor de clase 1 en un veh\u00edculo desatentado. Donde el da\u00f1o a propiedad fue mayor de $250 entonces la sanci\u00f3n ser\u00eda una multa de $2500 y hasta un a\u00f1o en prisi\u00f3n. En cambio, cuando es en un veh\u00edculo atentado de la misma categor\u00eda donde ocurri\u00f3 da\u00f1o a una propiedad la sanci\u00f3n ser\u00eda lo mismo.<br \/>\n3. Delito grave de clase 5 en un veh\u00edculo atentado. Donde ocurri\u00f3 una lesi\u00f3n o fatalidad la sanci\u00f3n seria de hasta 5 a\u00f1os en prisi\u00f3n. Tambi\u00e9n habr\u00eda una multa de $2,500.<\/p>\n<h2>Que hacer luego de un accidente de choque y fuga en Falls Church<\/h2>\n<p>Estar involucrado en un accidente de choque y fuga puede ser una experiencia estresante. Lo primordial es mantener la calma. Uno no debe tratar de perseguir al conductor del otro veh\u00edculo. Esto no solamente resulta peligroso, pero normalmente los mismos huyen de la escena del accidente por distintos motivos. Algunos pueden ser que carecen de seguro automovil\u00edsticos o por tener una orden de arresto. A continuaci\u00f3n, le diremos los pasos que uno debe tomar.<br \/>\nI. Mueva su veh\u00edculo a una zona segura y asesore la escena. Aseg\u00farese que usted y su pasajero se encuentren bien antes de proceder.<br \/>\nII. Llame a la polic\u00eda y realice un reporte. Un oficial se dirigir\u00e1 a la escena del accidente y asesorar\u00e1 los hechos. El mismo realizar\u00e1 un reporte, el cual uno podr\u00e1 usar para realizar un reclamo a su seguro.<br \/>\nIII. Quite fotos de la escena. Puede ser realizado con su aparato m\u00f3vil. El mismo podr\u00e1 sostener como prueba a la hora de realizar un reclamo.<br \/>\nIV. Intercambie informaci\u00f3n con los testigos. Los mismos no solo proveer\u00e1n informaci\u00f3n sobre los hechos a la polic\u00eda, sino que su testimonio tambi\u00e9n podr\u00e1 ser utilizado para su reclamo a la compa\u00f1\u00eda de seguro.<br \/>\nV. Realice un reclamo a la compa\u00f1\u00eda de seguro. Debe de asegurarse de realizar el mismo de manera r\u00e1pida proviniendo el reporte policial, fotograf\u00edas y la informaci\u00f3n de los testigos.<br \/>\nVI. Contacte a un abogado. El mismo lo ayudara a recolectar la informaci\u00f3n necesaria para presentar su reclamo y as\u00ed conseguir la compensaci\u00f3n que uno merece.<\/p>\n<h2>\u00bfC\u00f3mo las compa\u00f1\u00edas de seguro manejan los casos de choque y fuga?<\/h2>\n<p>Normalmente en las colisiones m\u00faltiples, se presenta el reclamo a la compa\u00f1\u00eda de seguros de la parte culpable. En cambio, los accidentes de choque y fuga los reclamos pueden ser complicados. Esto se debe a que uno no tiene los detalles del conductor culpable. De igual manera uno puede realizar un reclamo por medio de la cobertura de motoristas sin seguro de la p\u00f3liza de uno mismo. Cabe destacar que esto depende del estado en el que uno se encuentre. Casi todos los estados requieren que los conductores obtengan este tipo de cobertura en su p\u00f3liza.<br \/>\nEn ocasiones un conductor podr\u00eda proveer informaci\u00f3n falsa en vez de huir de la escena del accidente. Aun as\u00ed, la compa\u00f1\u00eda de seguros manejara el reclamo de manera similar. Es por ello que es importante documentar la escena del accidente lo mayor posible. Si es posible uno tambi\u00e9n debe de fotografiar la chapa del conductor responsable.<\/p>\n<h3>Las ventajas de contratar a un abogado de Malloy Law Offices<\/h3>\n<p>Si se ha visto involucrado en un accidente de choque y fuga en Falls Church, es importante buscar el asesoramiento de un abogado cualificado lo antes posible. Un abogado de <a href=\"https:\/\/www.malloy-law.com\/es\/\">Malloy Law Offices<\/a> puede ayudarle a navegar por el complejo proceso legal. Tambi\u00e9n va a negociar con las compa\u00f1\u00edas de seguros. A las compa\u00f1\u00edas de seguros les interesa solo ganar dinero. A menudo intentan rebajar las ofertas de las v\u00edctimas de accidentes. Un abogado puede ayudarle a negociar con las compa\u00f1\u00edas de seguros para asegurarse de que recibe un acuerdo justo y que reciba la compensaci\u00f3n que usted se merece. <a href=\"https:\/\/www.malloy-law.com\/es\/contactenos\/\">Cont\u00e1ctenos<\/a> hoy para recibir una consulta gratuita.<\/p>\n","protected":false},"excerpt":{"rendered":"<p>En Virginia, espec\u00edficamente en el 2022 se registraron 122,434 accidentes de carro donde 5,517 fueron considerados accidentes de choque y fuga. Los accidentes automovil\u00edsticos suelen ocurrir en las zonas transitadas, como ser\u00eda Falls Church. Cuando uno sufre un accidente, incluyendo los de choque y fuga, uno tiene opciones legales. A continuaci\u00f3n, hablaremos de los pasos&#8230;<\/p>\n","protected":false},"author":1,"featured_media":0,"parent":22069,"menu_order":0,"comment_status":"closed","ping_status":"closed","template":"","meta":{"_acf_changed":false,"om_disable_all_campaigns":false,"advgb_blocks_editor_width":"","advgb_blocks_columns_visual_guide":"","footnotes":""},"class_list":["post-22772","page","type-page","status-publish","hentry"],"acf":[],"yoast_head":"<!-- This site is optimized with the Yoast SEO Premium plugin v27.4 (Yoast SEO v27.4) - https:\/\/yoast.com\/product\/yoast-seo-premium-wordpress\/ -->\n<title>Los accidentes de choque y fuga en Falls Church<\/title>\n<meta name=\"description\" content=\"Cuando los accidentes de choque y fuga en Falls Church ocurren, uno tiene varias opciones legales. Consulte gratuitamente hoy mismo.\" \/>\n<meta name=\"robots\" content=\"index, follow, max-snippet:-1, max-image-preview:large, max-video-preview:-1\" \/>\n<link rel=\"canonical\" href=\"https:\/\/www.malloy-law.com\/es\/los-accidentes-de-choque-y-fuga-en-virginia\/choque-y-fuga-en-falls-church\/\" \/>\n<meta property=\"og:locale\" content=\"es_ES\" \/>\n<meta property=\"og:type\" content=\"article\" \/>\n<meta property=\"og:title\" content=\"Los accidentes de choque y fuga en Falls Church\" \/>\n<meta property=\"og:description\" content=\"Cuando los accidentes de choque y fuga en Falls Church ocurren, uno tiene varias opciones legales. Consulte gratuitamente hoy mismo.\" \/>\n<meta property=\"og:url\" content=\"https:\/\/www.malloy-law.com\/es\/los-accidentes-de-choque-y-fuga-en-virginia\/choque-y-fuga-en-falls-church\/\" \/>\n<meta property=\"og:site_name\" content=\"Malloy Law\" \/>\n<meta property=\"article:modified_time\" content=\"2025-01-09T19:40:50+00:00\" \/>\n<meta property=\"og:image\" content=\"https:\/\/www.malloy-law.com\/wp-content\/uploads\/2023\/07\/shutterstock_1024887811-scaled.jpg\" \/>\n\t<meta property=\"og:image:width\" content=\"2560\" \/>\n\t<meta property=\"og:image:height\" content=\"1521\" \/>\n\t<meta property=\"og:image:type\" content=\"image\/jpeg\" \/>\n<meta name=\"twitter:card\" content=\"summary_large_image\" \/>\n<meta name=\"twitter:label1\" content=\"Tiempo de lectura\" \/>\n\t<meta name=\"twitter:data1\" content=\"5 minutos\" \/>\n<script type=\"application\/ld+json\" class=\"yoast-schema-graph\">{\"@context\":\"https:\\\/\\\/schema.org\",\"@graph\":[{\"@type\":\"WebPage\",\"@id\":\"https:\\\/\\\/www.malloy-law.com\\\/es\\\/los-accidentes-de-choque-y-fuga-en-virginia\\\/choque-y-fuga-en-falls-church\\\/\",\"url\":\"https:\\\/\\\/www.malloy-law.com\\\/es\\\/los-accidentes-de-choque-y-fuga-en-virginia\\\/choque-y-fuga-en-falls-church\\\/\",\"name\":\"Los accidentes de choque y fuga en Falls Church\",\"isPartOf\":{\"@id\":\"https:\\\/\\\/www.malloy-law.com\\\/#website\"},\"primaryImageOfPage\":{\"@id\":\"https:\\\/\\\/www.malloy-law.com\\\/es\\\/los-accidentes-de-choque-y-fuga-en-virginia\\\/choque-y-fuga-en-falls-church\\\/#primaryimage\"},\"image\":{\"@id\":\"https:\\\/\\\/www.malloy-law.com\\\/es\\\/los-accidentes-de-choque-y-fuga-en-virginia\\\/choque-y-fuga-en-falls-church\\\/#primaryimage\"},\"thumbnailUrl\":\"https:\\\/\\\/www.malloy-law.com\\\/wp-content\\\/uploads\\\/2023\\\/07\\\/shutterstock_1024887811-1024x608.jpg\",\"datePublished\":\"2024-04-24T13:51:51+00:00\",\"dateModified\":\"2025-01-09T19:40:50+00:00\",\"description\":\"Cuando los accidentes de choque y fuga en Falls Church ocurren, uno tiene varias opciones legales. Consulte gratuitamente hoy mismo.\",\"breadcrumb\":{\"@id\":\"https:\\\/\\\/www.malloy-law.com\\\/es\\\/los-accidentes-de-choque-y-fuga-en-virginia\\\/choque-y-fuga-en-falls-church\\\/#breadcrumb\"},\"inLanguage\":\"es\",\"potentialAction\":[{\"@type\":\"ReadAction\",\"target\":[\"https:\\\/\\\/www.malloy-law.com\\\/es\\\/los-accidentes-de-choque-y-fuga-en-virginia\\\/choque-y-fuga-en-falls-church\\\/\"]}]},{\"@type\":\"ImageObject\",\"inLanguage\":\"es\",\"@id\":\"https:\\\/\\\/www.malloy-law.com\\\/es\\\/los-accidentes-de-choque-y-fuga-en-virginia\\\/choque-y-fuga-en-falls-church\\\/#primaryimage\",\"url\":\"https:\\\/\\\/www.malloy-law.com\\\/wp-content\\\/uploads\\\/2023\\\/07\\\/shutterstock_1024887811-1024x608.jpg\",\"contentUrl\":\"https:\\\/\\\/www.malloy-law.com\\\/wp-content\\\/uploads\\\/2023\\\/07\\\/shutterstock_1024887811-1024x608.jpg\"},{\"@type\":\"BreadcrumbList\",\"@id\":\"https:\\\/\\\/www.malloy-law.com\\\/es\\\/los-accidentes-de-choque-y-fuga-en-virginia\\\/choque-y-fuga-en-falls-church\\\/#breadcrumb\",\"itemListElement\":[{\"@type\":\"ListItem\",\"position\":1,\"name\":\"Home\",\"item\":\"https:\\\/\\\/www.malloy-law.com\\\/es\\\/\"},{\"@type\":\"ListItem\",\"position\":2,\"name\":\"Los accidentes de choque y fuga en Virginia\",\"item\":\"https:\\\/\\\/www.malloy-law.com\\\/es\\\/los-accidentes-de-choque-y-fuga-en-virginia\\\/\"},{\"@type\":\"ListItem\",\"position\":3,\"name\":\"Los accidentes de choque y fuga en Falls Church\"}]},{\"@type\":\"WebSite\",\"@id\":\"https:\\\/\\\/www.malloy-law.com\\\/#website\",\"url\":\"https:\\\/\\\/www.malloy-law.com\\\/\",\"name\":\"Malloy Law\",\"description\":\"\",\"publisher\":{\"@id\":\"https:\\\/\\\/www.malloy-law.com\\\/#organization\"},\"potentialAction\":[{\"@type\":\"SearchAction\",\"target\":{\"@type\":\"EntryPoint\",\"urlTemplate\":\"https:\\\/\\\/www.malloy-law.com\\\/?s={search_term_string}\"},\"query-input\":{\"@type\":\"PropertyValueSpecification\",\"valueRequired\":true,\"valueName\":\"search_term_string\"}}],\"inLanguage\":\"es\"},{\"@type\":\"Organization\",\"@id\":\"https:\\\/\\\/www.malloy-law.com\\\/#organization\",\"name\":\"Malloy Law Offices, LLC\",\"url\":\"https:\\\/\\\/www.malloy-law.com\\\/\",\"logo\":{\"@type\":\"ImageObject\",\"inLanguage\":\"es\",\"@id\":\"https:\\\/\\\/www.malloy-law.com\\\/#\\\/schema\\\/logo\\\/image\\\/\",\"url\":\"https:\\\/\\\/www.malloy-law.com\\\/wp-content\\\/uploads\\\/2019\\\/08\\\/MalloyLaw_Logo_Transparent.png\",\"contentUrl\":\"https:\\\/\\\/www.malloy-law.com\\\/wp-content\\\/uploads\\\/2019\\\/08\\\/MalloyLaw_Logo_Transparent.png\",\"width\":2147,\"height\":558,\"caption\":\"Malloy Law Offices, LLC\"},\"image\":{\"@id\":\"https:\\\/\\\/www.malloy-law.com\\\/#\\\/schema\\\/logo\\\/image\\\/\"}}]}<\/script>\n<!-- \/ Yoast SEO Premium plugin. -->","yoast_head_json":{"title":"Los accidentes de choque y fuga en Falls Church","description":"Cuando los accidentes de choque y fuga en Falls Church ocurren, uno tiene varias opciones legales. Consulte gratuitamente hoy mismo.","robots":{"index":"index","follow":"follow","max-snippet":"max-snippet:-1","max-image-preview":"max-image-preview:large","max-video-preview":"max-video-preview:-1"},"canonical":"https:\/\/www.malloy-law.com\/es\/los-accidentes-de-choque-y-fuga-en-virginia\/choque-y-fuga-en-falls-church\/","og_locale":"es_ES","og_type":"article","og_title":"Los accidentes de choque y fuga en Falls Church","og_description":"Cuando los accidentes de choque y fuga en Falls Church ocurren, uno tiene varias opciones legales. Consulte gratuitamente hoy mismo.","og_url":"https:\/\/www.malloy-law.com\/es\/los-accidentes-de-choque-y-fuga-en-virginia\/choque-y-fuga-en-falls-church\/","og_site_name":"Malloy Law","article_modified_time":"2025-01-09T19:40:50+00:00","og_image":[{"width":2560,"height":1521,"url":"https:\/\/www.malloy-law.com\/wp-content\/uploads\/2023\/07\/shutterstock_1024887811-scaled.jpg","type":"image\/jpeg"}],"twitter_card":"summary_large_image","twitter_misc":{"Tiempo de lectura":"5 minutos"},"schema":{"@context":"https:\/\/schema.org","@graph":[{"@type":"WebPage","@id":"https:\/\/www.malloy-law.com\/es\/los-accidentes-de-choque-y-fuga-en-virginia\/choque-y-fuga-en-falls-church\/","url":"https:\/\/www.malloy-law.com\/es\/los-accidentes-de-choque-y-fuga-en-virginia\/choque-y-fuga-en-falls-church\/","name":"Los accidentes de choque y fuga en Falls Church","isPartOf":{"@id":"https:\/\/www.malloy-law.com\/#website"},"primaryImageOfPage":{"@id":"https:\/\/www.malloy-law.com\/es\/los-accidentes-de-choque-y-fuga-en-virginia\/choque-y-fuga-en-falls-church\/#primaryimage"},"image":{"@id":"https:\/\/www.malloy-law.com\/es\/los-accidentes-de-choque-y-fuga-en-virginia\/choque-y-fuga-en-falls-church\/#primaryimage"},"thumbnailUrl":"https:\/\/www.malloy-law.com\/wp-content\/uploads\/2023\/07\/shutterstock_1024887811-1024x608.jpg","datePublished":"2024-04-24T13:51:51+00:00","dateModified":"2025-01-09T19:40:50+00:00","description":"Cuando los accidentes de choque y fuga en Falls Church ocurren, uno tiene varias opciones legales. Consulte gratuitamente hoy mismo.","breadcrumb":{"@id":"https:\/\/www.malloy-law.com\/es\/los-accidentes-de-choque-y-fuga-en-virginia\/choque-y-fuga-en-falls-church\/#breadcrumb"},"inLanguage":"es","potentialAction":[{"@type":"ReadAction","target":["https:\/\/www.malloy-law.com\/es\/los-accidentes-de-choque-y-fuga-en-virginia\/choque-y-fuga-en-falls-church\/"]}]},{"@type":"ImageObject","inLanguage":"es","@id":"https:\/\/www.malloy-law.com\/es\/los-accidentes-de-choque-y-fuga-en-virginia\/choque-y-fuga-en-falls-church\/#primaryimage","url":"https:\/\/www.malloy-law.com\/wp-content\/uploads\/2023\/07\/shutterstock_1024887811-1024x608.jpg","contentUrl":"https:\/\/www.malloy-law.com\/wp-content\/uploads\/2023\/07\/shutterstock_1024887811-1024x608.jpg"},{"@type":"BreadcrumbList","@id":"https:\/\/www.malloy-law.com\/es\/los-accidentes-de-choque-y-fuga-en-virginia\/choque-y-fuga-en-falls-church\/#breadcrumb","itemListElement":[{"@type":"ListItem","position":1,"name":"Home","item":"https:\/\/www.malloy-law.com\/es\/"},{"@type":"ListItem","position":2,"name":"Los accidentes de choque y fuga en Virginia","item":"https:\/\/www.malloy-law.com\/es\/los-accidentes-de-choque-y-fuga-en-virginia\/"},{"@type":"ListItem","position":3,"name":"Los accidentes de choque y fuga en Falls Church"}]},{"@type":"WebSite","@id":"https:\/\/www.malloy-law.com\/#website","url":"https:\/\/www.malloy-law.com\/","name":"Malloy Law","description":"","publisher":{"@id":"https:\/\/www.malloy-law.com\/#organization"},"potentialAction":[{"@type":"SearchAction","target":{"@type":"EntryPoint","urlTemplate":"https:\/\/www.malloy-law.com\/?s={search_term_string}"},"query-input":{"@type":"PropertyValueSpecification","valueRequired":true,"valueName":"search_term_string"}}],"inLanguage":"es"},{"@type":"Organization","@id":"https:\/\/www.malloy-law.com\/#organization","name":"Malloy Law Offices, LLC","url":"https:\/\/www.malloy-law.com\/","logo":{"@type":"ImageObject","inLanguage":"es","@id":"https:\/\/www.malloy-law.com\/#\/schema\/logo\/image\/","url":"https:\/\/www.malloy-law.com\/wp-content\/uploads\/2019\/08\/MalloyLaw_Logo_Transparent.png","contentUrl":"https:\/\/www.malloy-law.com\/wp-content\/uploads\/2019\/08\/MalloyLaw_Logo_Transparent.png","width":2147,"height":558,"caption":"Malloy Law Offices, LLC"},"image":{"@id":"https:\/\/www.malloy-law.com\/#\/schema\/logo\/image\/"}}]}},"coauthors":[],"author_meta":{"author_link":"https:\/\/www.malloy-law.com\/es\/author\/admin\/","display_name":"admin"},"relative_dates":{"created":"Publicado 2 a\u00f1os hace","modified":"Actualizado 1 a\u00f1o hace"},"absolute_dates":{"created":"Publicado el 24 de abril de 2024","modified":"Actualizado el 9 de enero de 2025"},"absolute_dates_time":{"created":"Publicado el 24 de abril de 2024 09:51","modified":"Actualizado el 9 de enero de 2025 15:40"},"featured_img_caption":"","featured_img":false,"series_order":"","_links":{"self":[{"href":"https:\/\/www.malloy-law.com\/es\/wp-json\/wp\/v2\/pages\/22772","targetHints":{"allow":["GET"]}}],"collection":[{"href":"https:\/\/www.malloy-law.com\/es\/wp-json\/wp\/v2\/pages"}],"about":[{"href":"https:\/\/www.malloy-law.com\/es\/wp-json\/wp\/v2\/types\/page"}],"author":[{"embeddable":true,"href":"https:\/\/www.malloy-law.com\/es\/wp-json\/wp\/v2\/users\/1"}],"replies":[{"embeddable":true,"href":"https:\/\/www.malloy-law.com\/es\/wp-json\/wp\/v2\/comments?post=22772"}],"version-history":[{"count":0,"href":"https:\/\/www.malloy-law.com\/es\/wp-json\/wp\/v2\/pages\/22772\/revisions"}],"up":[{"embeddable":true,"href":"https:\/\/www.malloy-law.com\/es\/wp-json\/wp\/v2\/pages\/22069"}],"wp:attachment":[{"href":"https:\/\/www.malloy-law.com\/es\/wp-json\/wp\/v2\/media?parent=22772"}],"curies":[{"name":"wp","href":"https:\/\/api.w.org\/{rel}","templated":true}]}}