{"id":23026,"date":"2024-05-29T14:05:03","date_gmt":"2024-05-29T18:05:03","guid":{"rendered":"https:\/\/malloytestcloud.kinsta.cloud\/?page_id=23026"},"modified":"2026-02-23T08:40:09","modified_gmt":"2026-02-23T12:40:09","slug":"abogado-de-mordidas-de-perro","status":"publish","type":"page","link":"https:\/\/www.malloy-law.com\/es\/lesiones-personales\/abogado-de-mordidas-de-perro\/","title":{"rendered":"Abogado de Mordidas de Perro"},"content":{"rendered":"<p>Las mordidas de perro son accidentes muy comunes que ocurren alrededor del mundo. Se <a href=\"https:\/\/www.bankrate.com\/insurance\/homeowners-insurance\/pet-ownership-cost-statistics\/\">estima<\/a> que 69 millones de familias estadounidenses poseen al menos un perro. El Centro para el Control y la Prevenci\u00f3n de Enfermedades (CDC) <a href=\"https:\/\/www.avma.org\/resources-tools\/pet-owners\/dog-bite-prevention\">reporta<\/a> que en los Estados Unidos alrededor de 4.5 millones de personas son afectadas por a\u00f1o concerniente a este tipo de accidente. Teniendo en cuenta que el n\u00famero de estadounidenses fue de 331 mill\u00f3n de personas en el 2020, la cifra de mordidas nos indica que 1 de 73 personas son afectadas por eso. Se estima que 800 mil de estas mordidas requieren cuidados m\u00e9dicos. A continuaci\u00f3n, le aconsejaremos las medidas que uno debe tomar en caso de ser afectado por las mordidas de perros.<\/p>\n<p style=\"text-align: center;\"><img decoding=\"async\" class=\"aligncenter wp-image-20724\" src=\"https:\/\/www.malloy-law.com\/wp-content\/uploads\/2023\/06\/shutterstock_376623397-1024x681.jpg\" alt=\"Abogado de mordidas de perro\" width=\"520\" height=\"346\" srcset=\"https:\/\/www.malloy-law.com\/wp-content\/uploads\/2023\/06\/shutterstock_376623397-1024x681.jpg 1024w, https:\/\/www.malloy-law.com\/wp-content\/uploads\/2023\/06\/shutterstock_376623397-300x199.jpg 300w, https:\/\/www.malloy-law.com\/wp-content\/uploads\/2023\/06\/shutterstock_376623397-768x511.jpg 768w, https:\/\/www.malloy-law.com\/wp-content\/uploads\/2023\/06\/shutterstock_376623397-1536x1021.jpg 1536w, https:\/\/www.malloy-law.com\/wp-content\/uploads\/2023\/06\/shutterstock_376623397-2048x1362.jpg 2048w\" sizes=\"(max-width: 520px) 100vw, 520px\" \/><\/p>\n<h2>\u00bfPorque los perros muerden?<\/h2>\n<p>Existe una variedad de razones porque la que un perro o animal reaccione de manera agresiva. Normalmente se debe a una reacci\u00f3n por algo. Algunos de estos factores pueden atribuirse a una situaci\u00f3n estresante para el canino, normalmente muerden para defender su territorio o para defenderse a s\u00ed mismo. Adem\u00e1s, el perro se puede encontrar con miedo o amenazado al proteger algo como sus cr\u00edas, juguetes o comida.<\/p>\n<h2>Consejos para prevenir las mordidas de perro<\/h2>\n<p>Como lo hab\u00edamos mencionado anteriormente, existen varios factores que alteran la reacci\u00f3n de un perro. La severidad de la mordida var\u00eda mucho entre la situaci\u00f3n y el perro. Si el perro se encuentra en una situaci\u00f3n donde se encuentra amenazado o protegiendo algo, podr\u00eda reaccionar de manera negativa. Es muy importante saber c\u00f3mo actuar y reaccionar con perro, especialmente cuando el mismo es desconocido a uno. A continuaci\u00f3n, le proveeremos una lista de c\u00f3mo prevenir estos accidentes:<\/p>\n<p>I. Mantenerse alerta y mantenerse al tanto de su alrededor.<\/p>\n<p>II. Mantener el cuerpo relajado y mantener la calma.<\/p>\n<p>III. Aprender a reconocer todas las se\u00f1ales de advertencia como la exposici\u00f3n de dientes.<\/p>\n<p>IV. Mantener la distancia entre el perro y usted de a poco, nunca trate de correr.<\/p>\n<p>V. No acercarse a una perra con sus cr\u00edas.<\/p>\n<p>VI. No molestar a un perro mientras come.<\/p>\n<p>VII. Prevenir agitar o molestar a un perro, aunque sea jugando.<\/p>\n<p>VIII. No entrometerse entre un due\u00f1o y su perro.<\/p>\n<p>IX. Nunca trate de romper una pelea entre dos o m\u00e1s perros con sus propias manos. Es mejor usar otros objetos como una manguera con agua o una escoba.<\/p>\n<h2>Qu\u00e9 hacer cuando uno es mordido por un perro<\/h2>\n<p>Uno se puede encontrar caminando por la calle o estar jugando con un perro cuando un ataque ocurre inesperadamente. Uno debe tomar las precauciones debidas para evitar la infecci\u00f3n de las mismas. Le proveeremos una gu\u00eda de que hacer en caso de ser atacado por un perro:<\/p>\n<p>1. Buscar atenci\u00f3n medica: Dependiendo de la severidad de las lesiones, es importante contactar a emergencias m\u00e9dicas. Estas pueden ser llamando al 911 o ser trasladado a un hospital. El riesgo de infecci\u00f3n aumente por el tiempo transcurrido.<\/p>\n<p>2. Identificar al due\u00f1o: Esto puede ser hecho por usted mismo (si las lesiones no son severas), o por alg\u00fan testigo. Se debe obtener el nombre, prueba de vacunaci\u00f3n antirr\u00e1bica y la direcci\u00f3n de casa. Es imprescindible obtener la informaci\u00f3n de seguro para presentar el reclamo.<\/p>\n<p>3. Reportar a la polic\u00eda: Debe reportar el accidente a las autoridades correspondientes luego de ser tratado. Estos documentos ayudaran a comprobar su caso.<\/p>\n<p>4. Recolecte informaci\u00f3n: Adem\u00e1s de importante conseguir el historial del perro uno debe documentar y fotografiar sus lesiones. Tambi\u00e9n es recomendado transcribir sobre los hechos en una libreta para presentarlo como evidencia.<\/p>\n<p>5. Contacte un abogado: Los casos de mordidas suelen ser muy complejos, su abogado siempre tendr\u00e1 su mejor inter\u00e9s y peleara por su caso.<\/p>\n<h2>El seguro de propietarios de casa concerniente a casos de mordidas de perro<\/h2>\n<p>Este tipo de seguro puede cubrir los gastos m\u00e9dicos si usted se encuentra responsable el accidente ocasionado por su perro. Esto puede ser cubierto por la inclusi\u00f3n de cobertura de responsabilidad personal y cobertura de pago m\u00e9dico dentro del seguro. Es importante destacar que no todos los seguros cubren este tipo de accidentes. Esto depender\u00eda de distintos factores como la empresa de seguros, la pol\u00edtica de cobertura, la raza de perro y localizaci\u00f3n de uno. Si usted es v\u00edctima de un ataque, es importante solicitar este tipo de seguro del due\u00f1o cuando recolecte informaci\u00f3n.<\/p>\n<h3>\u00a1Contacte un abogado de Malloy Law Offices!<\/h3>\n<p>Si usted o alguien que conoce ha sido v\u00edctima de una mordedura de perro, es importante saber que tiene opciones legales. Atendemos casos de mordidas de perro en <a href=\"https:\/\/www.malloy-law.com\/es\/lesiones-personales-por-mordidas-de-perro-en-maryland\/\">Maryland<\/a>, <a href=\"https:\/\/www.malloy-law.com\/es\/lesiones-personales-en-dc\/mordidas-de-perro-en-washington-dc\/\">DC<\/a> y <a href=\"https:\/\/www.malloy-law.com\/es\/lesiones-personales-por-mordidas-de-perro-en-virginia\/\">Virginia<\/a>. En <a href=\"https:\/\/www.malloy-law.com\/es\/\">Malloy Law Offices<\/a> atendemos muchos casos de mordidas de perros y estamos dispuestos a ayudarle con su caso. Cont\u00e1ctenos hoy para agendar su consulta gratuita.<\/p>\n","protected":false},"excerpt":{"rendered":"<p>Las mordidas de perro son accidentes muy comunes que ocurren alrededor del mundo. Se estima que 69 millones de familias estadounidenses poseen al menos un perro. El Centro para el Control y la Prevenci\u00f3n de Enfermedades (CDC) reporta que en los Estados Unidos alrededor de 4.5 millones de personas son afectadas por a\u00f1o concerniente a&#8230;<\/p>\n","protected":false},"author":1,"featured_media":0,"parent":3740,"menu_order":0,"comment_status":"closed","ping_status":"closed","template":"","meta":{"_acf_changed":false,"om_disable_all_campaigns":false,"advgb_blocks_editor_width":"","advgb_blocks_columns_visual_guide":"","footnotes":""},"class_list":["post-23026","page","type-page","status-publish","hentry"],"acf":[],"yoast_head":"<!-- This site is optimized with the Yoast SEO Premium plugin v27.4 (Yoast SEO v27.4) - https:\/\/yoast.com\/product\/yoast-seo-premium-wordpress\/ -->\n<title>Abogado de Mordidas de Perro - Malloy Law<\/title>\n<meta name=\"description\" content=\"Consulte de manera gratuita sobre sus opciones legales con uno de nuestros abogados expertos en mordidas de perro hoy mismo.\" \/>\n<meta name=\"robots\" content=\"index, follow, max-snippet:-1, max-image-preview:large, max-video-preview:-1\" \/>\n<link rel=\"canonical\" href=\"https:\/\/www.malloy-law.com\/es\/lesiones-personales\/abogado-de-mordidas-de-perro\/\" \/>\n<meta property=\"og:locale\" content=\"es_ES\" \/>\n<meta property=\"og:type\" content=\"article\" \/>\n<meta property=\"og:title\" content=\"Abogado de Mordidas de Perro\" \/>\n<meta property=\"og:description\" content=\"Consulte de manera gratuita sobre sus opciones legales con uno de nuestros abogados expertos en mordidas de perro hoy mismo.\" \/>\n<meta property=\"og:url\" content=\"https:\/\/www.malloy-law.com\/es\/lesiones-personales\/abogado-de-mordidas-de-perro\/\" \/>\n<meta property=\"og:site_name\" content=\"Malloy Law\" \/>\n<meta property=\"article:modified_time\" content=\"2026-02-23T12:40:09+00:00\" \/>\n<meta property=\"og:image\" content=\"https:\/\/www.malloy-law.com\/wp-content\/uploads\/2023\/06\/shutterstock_376623397-scaled.jpg\" \/>\n\t<meta property=\"og:image:width\" content=\"2560\" \/>\n\t<meta property=\"og:image:height\" content=\"1702\" \/>\n\t<meta property=\"og:image:type\" content=\"image\/jpeg\" \/>\n<meta name=\"twitter:card\" content=\"summary_large_image\" \/>\n<meta name=\"twitter:label1\" content=\"Tiempo de lectura\" \/>\n\t<meta name=\"twitter:data1\" content=\"4 minutos\" \/>\n<script type=\"application\/ld+json\" class=\"yoast-schema-graph\">{\"@context\":\"https:\\\/\\\/schema.org\",\"@graph\":[{\"@type\":\"WebPage\",\"@id\":\"https:\\\/\\\/www.malloy-law.com\\\/es\\\/lesiones-personales\\\/abogado-de-mordidas-de-perro\\\/\",\"url\":\"https:\\\/\\\/www.malloy-law.com\\\/es\\\/lesiones-personales\\\/abogado-de-mordidas-de-perro\\\/\",\"name\":\"Abogado de Mordidas de Perro - Malloy Law\",\"isPartOf\":{\"@id\":\"https:\\\/\\\/www.malloy-law.com\\\/#website\"},\"primaryImageOfPage\":{\"@id\":\"https:\\\/\\\/www.malloy-law.com\\\/es\\\/lesiones-personales\\\/abogado-de-mordidas-de-perro\\\/#primaryimage\"},\"image\":{\"@id\":\"https:\\\/\\\/www.malloy-law.com\\\/es\\\/lesiones-personales\\\/abogado-de-mordidas-de-perro\\\/#primaryimage\"},\"thumbnailUrl\":\"https:\\\/\\\/www.malloy-law.com\\\/wp-content\\\/uploads\\\/2023\\\/06\\\/shutterstock_376623397-1024x681.jpg\",\"datePublished\":\"2024-05-29T18:05:03+00:00\",\"dateModified\":\"2026-02-23T12:40:09+00:00\",\"description\":\"Consulte de manera gratuita sobre sus opciones legales con uno de nuestros abogados expertos en mordidas de perro hoy mismo.\",\"breadcrumb\":{\"@id\":\"https:\\\/\\\/www.malloy-law.com\\\/es\\\/lesiones-personales\\\/abogado-de-mordidas-de-perro\\\/#breadcrumb\"},\"inLanguage\":\"es\",\"potentialAction\":[{\"@type\":\"ReadAction\",\"target\":[\"https:\\\/\\\/www.malloy-law.com\\\/es\\\/lesiones-personales\\\/abogado-de-mordidas-de-perro\\\/\"]}]},{\"@type\":\"ImageObject\",\"inLanguage\":\"es\",\"@id\":\"https:\\\/\\\/www.malloy-law.com\\\/es\\\/lesiones-personales\\\/abogado-de-mordidas-de-perro\\\/#primaryimage\",\"url\":\"https:\\\/\\\/www.malloy-law.com\\\/wp-content\\\/uploads\\\/2023\\\/06\\\/shutterstock_376623397-1024x681.jpg\",\"contentUrl\":\"https:\\\/\\\/www.malloy-law.com\\\/wp-content\\\/uploads\\\/2023\\\/06\\\/shutterstock_376623397-1024x681.jpg\"},{\"@type\":\"BreadcrumbList\",\"@id\":\"https:\\\/\\\/www.malloy-law.com\\\/es\\\/lesiones-personales\\\/abogado-de-mordidas-de-perro\\\/#breadcrumb\",\"itemListElement\":[{\"@type\":\"ListItem\",\"position\":1,\"name\":\"Home\",\"item\":\"https:\\\/\\\/www.malloy-law.com\\\/es\\\/\"},{\"@type\":\"ListItem\",\"position\":2,\"name\":\"Lesiones Personales\",\"item\":\"https:\\\/\\\/www.malloy-law.com\\\/es\\\/lesiones-personales\\\/\"},{\"@type\":\"ListItem\",\"position\":3,\"name\":\"Abogado de Mordidas de Perro\"}]},{\"@type\":\"WebSite\",\"@id\":\"https:\\\/\\\/www.malloy-law.com\\\/#website\",\"url\":\"https:\\\/\\\/www.malloy-law.com\\\/\",\"name\":\"Malloy Law\",\"description\":\"\",\"publisher\":{\"@id\":\"https:\\\/\\\/www.malloy-law.com\\\/#organization\"},\"potentialAction\":[{\"@type\":\"SearchAction\",\"target\":{\"@type\":\"EntryPoint\",\"urlTemplate\":\"https:\\\/\\\/www.malloy-law.com\\\/?s={search_term_string}\"},\"query-input\":{\"@type\":\"PropertyValueSpecification\",\"valueRequired\":true,\"valueName\":\"search_term_string\"}}],\"inLanguage\":\"es\"},{\"@type\":\"Organization\",\"@id\":\"https:\\\/\\\/www.malloy-law.com\\\/#organization\",\"name\":\"Malloy Law Offices, LLC\",\"url\":\"https:\\\/\\\/www.malloy-law.com\\\/\",\"logo\":{\"@type\":\"ImageObject\",\"inLanguage\":\"es\",\"@id\":\"https:\\\/\\\/www.malloy-law.com\\\/#\\\/schema\\\/logo\\\/image\\\/\",\"url\":\"https:\\\/\\\/www.malloy-law.com\\\/wp-content\\\/uploads\\\/2019\\\/08\\\/MalloyLaw_Logo_Transparent.png\",\"contentUrl\":\"https:\\\/\\\/www.malloy-law.com\\\/wp-content\\\/uploads\\\/2019\\\/08\\\/MalloyLaw_Logo_Transparent.png\",\"width\":2147,\"height\":558,\"caption\":\"Malloy Law Offices, LLC\"},\"image\":{\"@id\":\"https:\\\/\\\/www.malloy-law.com\\\/#\\\/schema\\\/logo\\\/image\\\/\"}}]}<\/script>\n<!-- \/ Yoast SEO Premium plugin. -->","yoast_head_json":{"title":"Abogado de Mordidas de Perro - Malloy Law","description":"Consulte de manera gratuita sobre sus opciones legales con uno de nuestros abogados expertos en mordidas de perro hoy mismo.","robots":{"index":"index","follow":"follow","max-snippet":"max-snippet:-1","max-image-preview":"max-image-preview:large","max-video-preview":"max-video-preview:-1"},"canonical":"https:\/\/www.malloy-law.com\/es\/lesiones-personales\/abogado-de-mordidas-de-perro\/","og_locale":"es_ES","og_type":"article","og_title":"Abogado de Mordidas de Perro","og_description":"Consulte de manera gratuita sobre sus opciones legales con uno de nuestros abogados expertos en mordidas de perro hoy mismo.","og_url":"https:\/\/www.malloy-law.com\/es\/lesiones-personales\/abogado-de-mordidas-de-perro\/","og_site_name":"Malloy Law","article_modified_time":"2026-02-23T12:40:09+00:00","og_image":[{"width":2560,"height":1702,"url":"https:\/\/www.malloy-law.com\/wp-content\/uploads\/2023\/06\/shutterstock_376623397-scaled.jpg","type":"image\/jpeg"}],"twitter_card":"summary_large_image","twitter_misc":{"Tiempo de lectura":"4 minutos"},"schema":{"@context":"https:\/\/schema.org","@graph":[{"@type":"WebPage","@id":"https:\/\/www.malloy-law.com\/es\/lesiones-personales\/abogado-de-mordidas-de-perro\/","url":"https:\/\/www.malloy-law.com\/es\/lesiones-personales\/abogado-de-mordidas-de-perro\/","name":"Abogado de Mordidas de Perro - Malloy Law","isPartOf":{"@id":"https:\/\/www.malloy-law.com\/#website"},"primaryImageOfPage":{"@id":"https:\/\/www.malloy-law.com\/es\/lesiones-personales\/abogado-de-mordidas-de-perro\/#primaryimage"},"image":{"@id":"https:\/\/www.malloy-law.com\/es\/lesiones-personales\/abogado-de-mordidas-de-perro\/#primaryimage"},"thumbnailUrl":"https:\/\/www.malloy-law.com\/wp-content\/uploads\/2023\/06\/shutterstock_376623397-1024x681.jpg","datePublished":"2024-05-29T18:05:03+00:00","dateModified":"2026-02-23T12:40:09+00:00","description":"Consulte de manera gratuita sobre sus opciones legales con uno de nuestros abogados expertos en mordidas de perro hoy mismo.","breadcrumb":{"@id":"https:\/\/www.malloy-law.com\/es\/lesiones-personales\/abogado-de-mordidas-de-perro\/#breadcrumb"},"inLanguage":"es","potentialAction":[{"@type":"ReadAction","target":["https:\/\/www.malloy-law.com\/es\/lesiones-personales\/abogado-de-mordidas-de-perro\/"]}]},{"@type":"ImageObject","inLanguage":"es","@id":"https:\/\/www.malloy-law.com\/es\/lesiones-personales\/abogado-de-mordidas-de-perro\/#primaryimage","url":"https:\/\/www.malloy-law.com\/wp-content\/uploads\/2023\/06\/shutterstock_376623397-1024x681.jpg","contentUrl":"https:\/\/www.malloy-law.com\/wp-content\/uploads\/2023\/06\/shutterstock_376623397-1024x681.jpg"},{"@type":"BreadcrumbList","@id":"https:\/\/www.malloy-law.com\/es\/lesiones-personales\/abogado-de-mordidas-de-perro\/#breadcrumb","itemListElement":[{"@type":"ListItem","position":1,"name":"Home","item":"https:\/\/www.malloy-law.com\/es\/"},{"@type":"ListItem","position":2,"name":"Lesiones Personales","item":"https:\/\/www.malloy-law.com\/es\/lesiones-personales\/"},{"@type":"ListItem","position":3,"name":"Abogado de Mordidas de Perro"}]},{"@type":"WebSite","@id":"https:\/\/www.malloy-law.com\/#website","url":"https:\/\/www.malloy-law.com\/","name":"Malloy Law","description":"","publisher":{"@id":"https:\/\/www.malloy-law.com\/#organization"},"potentialAction":[{"@type":"SearchAction","target":{"@type":"EntryPoint","urlTemplate":"https:\/\/www.malloy-law.com\/?s={search_term_string}"},"query-input":{"@type":"PropertyValueSpecification","valueRequired":true,"valueName":"search_term_string"}}],"inLanguage":"es"},{"@type":"Organization","@id":"https:\/\/www.malloy-law.com\/#organization","name":"Malloy Law Offices, LLC","url":"https:\/\/www.malloy-law.com\/","logo":{"@type":"ImageObject","inLanguage":"es","@id":"https:\/\/www.malloy-law.com\/#\/schema\/logo\/image\/","url":"https:\/\/www.malloy-law.com\/wp-content\/uploads\/2019\/08\/MalloyLaw_Logo_Transparent.png","contentUrl":"https:\/\/www.malloy-law.com\/wp-content\/uploads\/2019\/08\/MalloyLaw_Logo_Transparent.png","width":2147,"height":558,"caption":"Malloy Law Offices, LLC"},"image":{"@id":"https:\/\/www.malloy-law.com\/#\/schema\/logo\/image\/"}}]}},"coauthors":[],"author_meta":{"author_link":"https:\/\/www.malloy-law.com\/es\/author\/admin\/","display_name":"admin"},"relative_dates":{"created":"Publicado 2 a\u00f1os hace","modified":"Actualizado 3 meses hace"},"absolute_dates":{"created":"Publicado el 29 de mayo de 2024","modified":"Actualizado el 23 de febrero de 2026"},"absolute_dates_time":{"created":"Publicado el 29 de mayo de 2024 14:05","modified":"Actualizado el 23 de febrero de 2026 08:40"},"featured_img_caption":"","featured_img":false,"series_order":"","_links":{"self":[{"href":"https:\/\/www.malloy-law.com\/es\/wp-json\/wp\/v2\/pages\/23026","targetHints":{"allow":["GET"]}}],"collection":[{"href":"https:\/\/www.malloy-law.com\/es\/wp-json\/wp\/v2\/pages"}],"about":[{"href":"https:\/\/www.malloy-law.com\/es\/wp-json\/wp\/v2\/types\/page"}],"author":[{"embeddable":true,"href":"https:\/\/www.malloy-law.com\/es\/wp-json\/wp\/v2\/users\/1"}],"replies":[{"embeddable":true,"href":"https:\/\/www.malloy-law.com\/es\/wp-json\/wp\/v2\/comments?post=23026"}],"version-history":[{"count":0,"href":"https:\/\/www.malloy-law.com\/es\/wp-json\/wp\/v2\/pages\/23026\/revisions"}],"up":[{"embeddable":true,"href":"https:\/\/www.malloy-law.com\/es\/wp-json\/wp\/v2\/pages\/3740"}],"wp:attachment":[{"href":"https:\/\/www.malloy-law.com\/es\/wp-json\/wp\/v2\/media?parent=23026"}],"curies":[{"name":"wp","href":"https:\/\/api.w.org\/{rel}","templated":true}]}}