{"id":26802,"date":"2025-04-29T16:24:17","date_gmt":"2025-04-29T20:24:17","guid":{"rendered":"https:\/\/malloytestcloud.kinsta.cloud\/?page_id=26802"},"modified":"2025-09-09T14:55:01","modified_gmt":"2025-09-09T18:55:01","slug":"abogado-de-accidentes-automovilisticos","status":"publish","type":"page","link":"https:\/\/www.malloy-law.com\/es\/lesiones-personales\/abogado-de-accidentes-automovilisticos\/","title":{"rendered":"Abogado de Accidentes Automovil\u00edsticos"},"content":{"rendered":"<p>Anualmente se registran millones de tipos de accidentes. Entre los mas comunes se encuentran los relacionados a veh\u00edculos. Desafortunadamente, los accidentes automovil\u00edsticos suelen ocasionar lesiones severes debido a la involucraci\u00f3n de estos. El impacto puede ser catastr\u00f3ficos e inclusive devastador.<\/p>\n<p>Las victimas pueden sufrir de lesiones permanentes e inclusive fatales debido a estos. Afortunadamente, las victimas y los familiares tienen derecho en realizar reclamos o demandas. A continuaci\u00f3n, le hablaremos sobre los distintos tipos de accidentes automovil\u00edsticos y las lesiones mas comunes. Adem\u00e1s, le diremos cuales son los pasos mas importantes para tomar en estos casos y como nosotros podemos ayudarlo en su proceso legal.<\/p>\n<p><img decoding=\"async\" class=\"aligncenter wp-image-26348\" src=\"https:\/\/www.malloy-law.com\/wp-content\/uploads\/2025\/03\/drunk-driving-02.jpg\" alt=\"Abogado de Accidentes Automovil\u00edsticos\" width=\"476\" height=\"317\" srcset=\"https:\/\/www.malloy-law.com\/wp-content\/uploads\/2025\/03\/drunk-driving-02.jpg 768w, https:\/\/www.malloy-law.com\/wp-content\/uploads\/2025\/03\/drunk-driving-02-300x200.jpg 300w\" sizes=\"(max-width: 476px) 100vw, 476px\" \/><\/p>\n<h2>Tipos de Accidentes Automovil\u00edsticos<\/h2>\n<p>Los veh\u00edculos hoy en d\u00eda vienen en distintos tama\u00f1os, pesos y modelos. Por este motivo, las consecuencias de estos involucr\u00e1ndose en una colisi\u00f3n pueden ser catastr\u00f3ficas. Como lo mencionado anteriormente, estos pueden variar grandemente en tama\u00f1o. Desde una bicicleta o monopat\u00edn a un cami\u00f3n comercial. Estos \u00faltimos especialmente pueden ser dif\u00edciles de manejar por lo que uno deber\u00eda de mantener una distancia segura. Entre los accidentes automovil\u00edsticos m\u00e1s comunes se encuentran los siguientes:<\/p>\n<ul>\n<li>Accidentes de Carro<\/li>\n<li>Accidentes de Bicicleta<\/li>\n<li>Accidentes de Motocicleta<\/li>\n<li>Accidentes de Autob\u00fas<\/li>\n<li>Accidentes de Monopat\u00edn<\/li>\n<li>Accidentes de Cami\u00f3n<\/li>\n<li>Accidentes de Uber o Lyft<\/li>\n<li>Colisiones M\u00faltiples<\/li>\n<li>Colisiones Traseras<\/li>\n<li>Colisiones Fronteras<\/li>\n<li>Colisiones Laterales<\/li>\n<li>Accidentes Peatonales<\/li>\n<\/ul>\n<h2>Consecuencias de sufrir accidentes automovil\u00edsticos<\/h2>\n<p>Anteriormente, mencionamos que tan graves pueden ser estos eventos. Estos pueden ser eventos que cambian la vida de uno por completo. En estos casos es importante priorizar su bienestar. Aun cuando sus lesiones aparenten leves, debe conseguir la atenci\u00f3n medica lo antes posible. En ocasiones, estas pueden tardar horas e inclusive d\u00edas en manifestarse. Entre las lesiones m\u00e1s comunes que uno puede sufrir luego de un accidente automovil\u00edstico se encuentran las siguientes:<\/p>\n<ul>\n<li>Lesiones Cerebrales traum\u00e1ticas<\/li>\n<li>Lesiones de Columna<\/li>\n<li>Concusiones<\/li>\n<li>Rotura de Huesos<\/li>\n<li>Dislocaciones<\/li>\n<li>Laceraciones<\/li>\n<li>Amputaciones<\/li>\n<li>Quemaduras<\/li>\n<li>Moretones<\/li>\n<\/ul>\n<h2>\u00bfC\u00f3mo uno debe proceder en estos casos?<\/h2>\n<p>Siempre es importante tratar de mantener la calma en estos casos. Siempre que sea posible mu\u00e9vase a una zona segura. En caso de sufrir de lesiones graves, mant\u00e9ngase donde se encuentre. Es importante contactar a los servicios de emergencias lo antes posible. Entre ellos se encontrar\u00e1n agentes policiales. En el caso de considerar realizar un reclamo o demanda, debe tomar las siguientes medidas<\/p>\n<ol>\n<li>Intercambie informaci\u00f3n. Esto debe ser realizado tanto por el conductor responsable (es decir, su seguro automotriz) y la informaci\u00f3n de contacto con testigos. Estos pueden respaldar los sucesos en su caso.<\/li>\n<li>Documente la escena del accidente. Puede ser realizado por medio de fotograf\u00edas y videos tanto de la escena del accidente, la propiedad da\u00f1ada y las lesiones de uno.<\/li>\n<li>Consiga el <a href=\"https:\/\/www.nolo.com\/legal-encyclopedia\/car-accidents-police-reports.html\">reporte policial<\/a>. Estos son recuentos objetivos del accidente. Es esencial a la hora de presentar un caso de lesi\u00f3n personal.<\/li>\n<li>Consulte con un abogado experto. El mismo lo ayudara en el complejo proceso legal.<\/li>\n<\/ol>\n<h3>Contacte a un abogado experto de Malloy Law Offices<\/h3>\n<p>Los accidentes pueden ocurrir en un abrir y cerrar de ojos. El proceso legal puede ser intimidante. Por ello es importante ser representado por un abogado experto en el \u00e1rea de lesiones personales. En <a href=\"https:\/\/www.malloy-law.com\/es\/\">Malloy Law Offices<\/a> tenemos m\u00e1s de 15 a\u00f1os tomando casos de lesiones personales. Tomamos casos en <a href=\"https:\/\/www.malloy-law.com\/es\/lesiones-personales\/abogado-de-accidentes-automovilisticos\/abogado-de-accidentes-automovilisticos-en-maryland\/\">Maryland<\/a>, <a href=\"https:\/\/www.malloy-law.com\/es\/lesiones-personales-en-dc\/accidentes-automovilisticos-en-washington-dc\/\">DC<\/a> y <a href=\"https:\/\/www.malloy-law.com\/es\/lesiones-personales\/abogado-de-accidentes-automovilisticos\/accidentes-automovilisticos-en-virginia\/\">Virginia<\/a>. El mismo brindara su opini\u00f3n experta y recursos necesarios para presentar un caso s\u00f3lido mientras usted se recupera. Nuestros abogados son especialistas en accidentes automovil\u00edsticos. <a href=\"https:\/\/www.malloy-law.com\/es\/contactenos\/\">Cont\u00e1ctenos<\/a> hoy mismo para agendar su consulta gratuita.<\/p>\n","protected":false},"excerpt":{"rendered":"<p>Anualmente se registran millones de tipos de accidentes. Entre los mas comunes se encuentran los relacionados a veh\u00edculos. Desafortunadamente, los accidentes automovil\u00edsticos suelen ocasionar lesiones severes debido a la involucraci\u00f3n de estos. El impacto puede ser catastr\u00f3ficos e inclusive devastador. Las victimas pueden sufrir de lesiones permanentes e inclusive fatales debido a estos. Afortunadamente, las&#8230;<\/p>\n","protected":false},"author":1,"featured_media":0,"parent":3740,"menu_order":0,"comment_status":"closed","ping_status":"closed","template":"","meta":{"_acf_changed":false,"om_disable_all_campaigns":false,"advgb_blocks_editor_width":"","advgb_blocks_columns_visual_guide":"","footnotes":""},"class_list":["post-26802","page","type-page","status-publish","hentry"],"acf":[],"yoast_head":"<!-- This site is optimized with the Yoast SEO Premium plugin v27.4 (Yoast SEO v27.4) - https:\/\/yoast.com\/product\/yoast-seo-premium-wordpress\/ -->\n<title>Abogado de Accidentes Automovil\u00edsticos - Malloy Law<\/title>\n<meta name=\"description\" content=\"No dude en consultar con uno de nuestros abogados expertos en accidentes automovil\u00edsticos hoy mismo sobre sus derechos gratuitamente.\" \/>\n<meta name=\"robots\" content=\"index, follow, max-snippet:-1, max-image-preview:large, max-video-preview:-1\" \/>\n<link rel=\"canonical\" href=\"https:\/\/www.malloy-law.com\/es\/lesiones-personales\/abogado-de-accidentes-automovilisticos\/\" \/>\n<meta property=\"og:locale\" content=\"es_ES\" \/>\n<meta property=\"og:type\" content=\"article\" \/>\n<meta property=\"og:title\" content=\"Abogado de Accidentes Automovil\u00edsticos\" \/>\n<meta property=\"og:description\" content=\"No dude en consultar con uno de nuestros abogados expertos en accidentes automovil\u00edsticos hoy mismo sobre sus derechos gratuitamente.\" \/>\n<meta property=\"og:url\" content=\"https:\/\/www.malloy-law.com\/es\/lesiones-personales\/abogado-de-accidentes-automovilisticos\/\" \/>\n<meta property=\"og:site_name\" content=\"Malloy Law\" \/>\n<meta property=\"article:modified_time\" content=\"2025-09-09T18:55:01+00:00\" \/>\n<meta property=\"og:image\" content=\"https:\/\/www.malloy-law.com\/wp-content\/uploads\/2025\/03\/drunk-driving-02.jpg\" \/>\n\t<meta property=\"og:image:width\" content=\"768\" \/>\n\t<meta property=\"og:image:height\" content=\"512\" \/>\n\t<meta property=\"og:image:type\" content=\"image\/jpeg\" \/>\n<meta name=\"twitter:card\" content=\"summary_large_image\" \/>\n<meta name=\"twitter:label1\" content=\"Tiempo de lectura\" \/>\n\t<meta name=\"twitter:data1\" content=\"3 minutos\" \/>\n<script type=\"application\/ld+json\" class=\"yoast-schema-graph\">{\"@context\":\"https:\\\/\\\/schema.org\",\"@graph\":[{\"@type\":\"WebPage\",\"@id\":\"https:\\\/\\\/www.malloy-law.com\\\/es\\\/lesiones-personales\\\/abogado-de-accidentes-automovilisticos\\\/\",\"url\":\"https:\\\/\\\/www.malloy-law.com\\\/es\\\/lesiones-personales\\\/abogado-de-accidentes-automovilisticos\\\/\",\"name\":\"Abogado de Accidentes Automovil\u00edsticos - Malloy Law\",\"isPartOf\":{\"@id\":\"https:\\\/\\\/www.malloy-law.com\\\/#website\"},\"primaryImageOfPage\":{\"@id\":\"https:\\\/\\\/www.malloy-law.com\\\/es\\\/lesiones-personales\\\/abogado-de-accidentes-automovilisticos\\\/#primaryimage\"},\"image\":{\"@id\":\"https:\\\/\\\/www.malloy-law.com\\\/es\\\/lesiones-personales\\\/abogado-de-accidentes-automovilisticos\\\/#primaryimage\"},\"thumbnailUrl\":\"https:\\\/\\\/www.malloy-law.com\\\/wp-content\\\/uploads\\\/2025\\\/03\\\/drunk-driving-02.jpg\",\"datePublished\":\"2025-04-29T20:24:17+00:00\",\"dateModified\":\"2025-09-09T18:55:01+00:00\",\"description\":\"No dude en consultar con uno de nuestros abogados expertos en accidentes automovil\u00edsticos hoy mismo sobre sus derechos gratuitamente.\",\"breadcrumb\":{\"@id\":\"https:\\\/\\\/www.malloy-law.com\\\/es\\\/lesiones-personales\\\/abogado-de-accidentes-automovilisticos\\\/#breadcrumb\"},\"inLanguage\":\"es\",\"potentialAction\":[{\"@type\":\"ReadAction\",\"target\":[\"https:\\\/\\\/www.malloy-law.com\\\/es\\\/lesiones-personales\\\/abogado-de-accidentes-automovilisticos\\\/\"]}]},{\"@type\":\"ImageObject\",\"inLanguage\":\"es\",\"@id\":\"https:\\\/\\\/www.malloy-law.com\\\/es\\\/lesiones-personales\\\/abogado-de-accidentes-automovilisticos\\\/#primaryimage\",\"url\":\"https:\\\/\\\/www.malloy-law.com\\\/wp-content\\\/uploads\\\/2025\\\/03\\\/drunk-driving-02.jpg\",\"contentUrl\":\"https:\\\/\\\/www.malloy-law.com\\\/wp-content\\\/uploads\\\/2025\\\/03\\\/drunk-driving-02.jpg\"},{\"@type\":\"BreadcrumbList\",\"@id\":\"https:\\\/\\\/www.malloy-law.com\\\/es\\\/lesiones-personales\\\/abogado-de-accidentes-automovilisticos\\\/#breadcrumb\",\"itemListElement\":[{\"@type\":\"ListItem\",\"position\":1,\"name\":\"Home\",\"item\":\"https:\\\/\\\/www.malloy-law.com\\\/es\\\/\"},{\"@type\":\"ListItem\",\"position\":2,\"name\":\"Lesiones Personales\",\"item\":\"https:\\\/\\\/www.malloy-law.com\\\/es\\\/lesiones-personales\\\/\"},{\"@type\":\"ListItem\",\"position\":3,\"name\":\"Abogado de Accidentes Automovil\u00edsticos\"}]},{\"@type\":\"WebSite\",\"@id\":\"https:\\\/\\\/www.malloy-law.com\\\/#website\",\"url\":\"https:\\\/\\\/www.malloy-law.com\\\/\",\"name\":\"Malloy Law\",\"description\":\"\",\"publisher\":{\"@id\":\"https:\\\/\\\/www.malloy-law.com\\\/#organization\"},\"potentialAction\":[{\"@type\":\"SearchAction\",\"target\":{\"@type\":\"EntryPoint\",\"urlTemplate\":\"https:\\\/\\\/www.malloy-law.com\\\/?s={search_term_string}\"},\"query-input\":{\"@type\":\"PropertyValueSpecification\",\"valueRequired\":true,\"valueName\":\"search_term_string\"}}],\"inLanguage\":\"es\"},{\"@type\":\"Organization\",\"@id\":\"https:\\\/\\\/www.malloy-law.com\\\/#organization\",\"name\":\"Malloy Law Offices, LLC\",\"url\":\"https:\\\/\\\/www.malloy-law.com\\\/\",\"logo\":{\"@type\":\"ImageObject\",\"inLanguage\":\"es\",\"@id\":\"https:\\\/\\\/www.malloy-law.com\\\/#\\\/schema\\\/logo\\\/image\\\/\",\"url\":\"https:\\\/\\\/www.malloy-law.com\\\/wp-content\\\/uploads\\\/2019\\\/08\\\/MalloyLaw_Logo_Transparent.png\",\"contentUrl\":\"https:\\\/\\\/www.malloy-law.com\\\/wp-content\\\/uploads\\\/2019\\\/08\\\/MalloyLaw_Logo_Transparent.png\",\"width\":2147,\"height\":558,\"caption\":\"Malloy Law Offices, LLC\"},\"image\":{\"@id\":\"https:\\\/\\\/www.malloy-law.com\\\/#\\\/schema\\\/logo\\\/image\\\/\"}}]}<\/script>\n<!-- \/ Yoast SEO Premium plugin. -->","yoast_head_json":{"title":"Abogado de Accidentes Automovil\u00edsticos - Malloy Law","description":"No dude en consultar con uno de nuestros abogados expertos en accidentes automovil\u00edsticos hoy mismo sobre sus derechos gratuitamente.","robots":{"index":"index","follow":"follow","max-snippet":"max-snippet:-1","max-image-preview":"max-image-preview:large","max-video-preview":"max-video-preview:-1"},"canonical":"https:\/\/www.malloy-law.com\/es\/lesiones-personales\/abogado-de-accidentes-automovilisticos\/","og_locale":"es_ES","og_type":"article","og_title":"Abogado de Accidentes Automovil\u00edsticos","og_description":"No dude en consultar con uno de nuestros abogados expertos en accidentes automovil\u00edsticos hoy mismo sobre sus derechos gratuitamente.","og_url":"https:\/\/www.malloy-law.com\/es\/lesiones-personales\/abogado-de-accidentes-automovilisticos\/","og_site_name":"Malloy Law","article_modified_time":"2025-09-09T18:55:01+00:00","og_image":[{"width":768,"height":512,"url":"https:\/\/www.malloy-law.com\/wp-content\/uploads\/2025\/03\/drunk-driving-02.jpg","type":"image\/jpeg"}],"twitter_card":"summary_large_image","twitter_misc":{"Tiempo de lectura":"3 minutos"},"schema":{"@context":"https:\/\/schema.org","@graph":[{"@type":"WebPage","@id":"https:\/\/www.malloy-law.com\/es\/lesiones-personales\/abogado-de-accidentes-automovilisticos\/","url":"https:\/\/www.malloy-law.com\/es\/lesiones-personales\/abogado-de-accidentes-automovilisticos\/","name":"Abogado de Accidentes Automovil\u00edsticos - Malloy Law","isPartOf":{"@id":"https:\/\/www.malloy-law.com\/#website"},"primaryImageOfPage":{"@id":"https:\/\/www.malloy-law.com\/es\/lesiones-personales\/abogado-de-accidentes-automovilisticos\/#primaryimage"},"image":{"@id":"https:\/\/www.malloy-law.com\/es\/lesiones-personales\/abogado-de-accidentes-automovilisticos\/#primaryimage"},"thumbnailUrl":"https:\/\/www.malloy-law.com\/wp-content\/uploads\/2025\/03\/drunk-driving-02.jpg","datePublished":"2025-04-29T20:24:17+00:00","dateModified":"2025-09-09T18:55:01+00:00","description":"No dude en consultar con uno de nuestros abogados expertos en accidentes automovil\u00edsticos hoy mismo sobre sus derechos gratuitamente.","breadcrumb":{"@id":"https:\/\/www.malloy-law.com\/es\/lesiones-personales\/abogado-de-accidentes-automovilisticos\/#breadcrumb"},"inLanguage":"es","potentialAction":[{"@type":"ReadAction","target":["https:\/\/www.malloy-law.com\/es\/lesiones-personales\/abogado-de-accidentes-automovilisticos\/"]}]},{"@type":"ImageObject","inLanguage":"es","@id":"https:\/\/www.malloy-law.com\/es\/lesiones-personales\/abogado-de-accidentes-automovilisticos\/#primaryimage","url":"https:\/\/www.malloy-law.com\/wp-content\/uploads\/2025\/03\/drunk-driving-02.jpg","contentUrl":"https:\/\/www.malloy-law.com\/wp-content\/uploads\/2025\/03\/drunk-driving-02.jpg"},{"@type":"BreadcrumbList","@id":"https:\/\/www.malloy-law.com\/es\/lesiones-personales\/abogado-de-accidentes-automovilisticos\/#breadcrumb","itemListElement":[{"@type":"ListItem","position":1,"name":"Home","item":"https:\/\/www.malloy-law.com\/es\/"},{"@type":"ListItem","position":2,"name":"Lesiones Personales","item":"https:\/\/www.malloy-law.com\/es\/lesiones-personales\/"},{"@type":"ListItem","position":3,"name":"Abogado de Accidentes Automovil\u00edsticos"}]},{"@type":"WebSite","@id":"https:\/\/www.malloy-law.com\/#website","url":"https:\/\/www.malloy-law.com\/","name":"Malloy Law","description":"","publisher":{"@id":"https:\/\/www.malloy-law.com\/#organization"},"potentialAction":[{"@type":"SearchAction","target":{"@type":"EntryPoint","urlTemplate":"https:\/\/www.malloy-law.com\/?s={search_term_string}"},"query-input":{"@type":"PropertyValueSpecification","valueRequired":true,"valueName":"search_term_string"}}],"inLanguage":"es"},{"@type":"Organization","@id":"https:\/\/www.malloy-law.com\/#organization","name":"Malloy Law Offices, LLC","url":"https:\/\/www.malloy-law.com\/","logo":{"@type":"ImageObject","inLanguage":"es","@id":"https:\/\/www.malloy-law.com\/#\/schema\/logo\/image\/","url":"https:\/\/www.malloy-law.com\/wp-content\/uploads\/2019\/08\/MalloyLaw_Logo_Transparent.png","contentUrl":"https:\/\/www.malloy-law.com\/wp-content\/uploads\/2019\/08\/MalloyLaw_Logo_Transparent.png","width":2147,"height":558,"caption":"Malloy Law Offices, LLC"},"image":{"@id":"https:\/\/www.malloy-law.com\/#\/schema\/logo\/image\/"}}]}},"coauthors":[],"author_meta":{"author_link":"https:\/\/www.malloy-law.com\/es\/author\/admin\/","display_name":"admin"},"relative_dates":{"created":"Publicado 1 a\u00f1o hace","modified":"Actualizado 8 meses hace"},"absolute_dates":{"created":"Publicado el 29 de abril de 2025","modified":"Actualizado el 9 de septiembre de 2025"},"absolute_dates_time":{"created":"Publicado el 29 de abril de 2025 16:24","modified":"Actualizado el 9 de septiembre de 2025 14:55"},"featured_img_caption":"","featured_img":false,"series_order":"","_links":{"self":[{"href":"https:\/\/www.malloy-law.com\/es\/wp-json\/wp\/v2\/pages\/26802","targetHints":{"allow":["GET"]}}],"collection":[{"href":"https:\/\/www.malloy-law.com\/es\/wp-json\/wp\/v2\/pages"}],"about":[{"href":"https:\/\/www.malloy-law.com\/es\/wp-json\/wp\/v2\/types\/page"}],"author":[{"embeddable":true,"href":"https:\/\/www.malloy-law.com\/es\/wp-json\/wp\/v2\/users\/1"}],"replies":[{"embeddable":true,"href":"https:\/\/www.malloy-law.com\/es\/wp-json\/wp\/v2\/comments?post=26802"}],"version-history":[{"count":0,"href":"https:\/\/www.malloy-law.com\/es\/wp-json\/wp\/v2\/pages\/26802\/revisions"}],"up":[{"embeddable":true,"href":"https:\/\/www.malloy-law.com\/es\/wp-json\/wp\/v2\/pages\/3740"}],"wp:attachment":[{"href":"https:\/\/www.malloy-law.com\/es\/wp-json\/wp\/v2\/media?parent=26802"}],"curies":[{"name":"wp","href":"https:\/\/api.w.org\/{rel}","templated":true}]}}