{"id":27486,"date":"2025-06-25T16:05:31","date_gmt":"2025-06-25T20:05:31","guid":{"rendered":"https:\/\/www.malloy-law.com\/?page_id=27486"},"modified":"2025-10-15T11:00:07","modified_gmt":"2025-10-15T15:00:07","slug":"accidentes-automovilisticos-en-poolesville","status":"publish","type":"page","link":"https:\/\/www.malloy-law.com\/es\/lesiones-personales\/abogado-de-accidentes-automovilisticos\/abogado-de-accidentes-automovilisticos-en-maryland\/accidentes-automovilisticos-en-poolesville\/","title":{"rendered":"Accidentes Automovil\u00edsticos en Poolesville"},"content":{"rendered":"<p>Cuando se encuentra manejando, debe tener en cuenta sobre los peligros potenciales en su camino. Existen distintos tipos de accidentes automovil\u00edsticos. Es importante destacar que en Malloy Law Offices buscamos defender su caso. A continuaci\u00f3n, hablaremos en m\u00e1s profundidad sobre los accidentes automovil\u00edsticos en Poolesville, las potenciales consecuencias y los pasos que debe tomar uno bajo estas circunstancias.<\/p>\n<p style=\"text-align: center;\"><img decoding=\"async\" class=\"aligncenter wp-image-25913\" src=\"https:\/\/www.malloy-law.com\/wp-content\/uploads\/2025\/01\/shutterstock_2463381917-1.jpg\" alt=\"Accidentes Automovil\u00edsticos en Poolesville\" width=\"650\" height=\"371\" srcset=\"https:\/\/www.malloy-law.com\/wp-content\/uploads\/2025\/01\/shutterstock_2463381917-1.jpg 1000w, https:\/\/www.malloy-law.com\/wp-content\/uploads\/2025\/01\/shutterstock_2463381917-1-300x171.jpg 300w, https:\/\/www.malloy-law.com\/wp-content\/uploads\/2025\/01\/shutterstock_2463381917-1-768x439.jpg 768w\" sizes=\"(max-width: 650px) 100vw, 650px\" \/><\/p>\n<h2>Tipos de Accidentes Automovil\u00edsticos en Poolesville<\/h2>\n<p>Las circunstancias de su accidente var\u00edan dependiendo de su vehiculo. Desde una bicicleta o monopat\u00edn a un cami\u00f3n comercial. Estos \u00faltimos especialmente pueden ser dif\u00edciles de manejar por lo que uno deber\u00eda de mantener una distancia segura. Entre los accidentes automovil\u00edsticos m\u00e1s comunes se encuentran los siguientes:<\/p>\n<ul>\n<li>Accidentes de Carro<\/li>\n<li>Accidentes de Bicicleta<\/li>\n<li>Accidentes de Motocicleta<\/li>\n<li>Accidentes de Autob\u00fas<\/li>\n<li>Accidentes de Monopat\u00edn<\/li>\n<li>Accidentes de Cami\u00f3n<\/li>\n<li>Accidentes de Uber o Lyft<\/li>\n<li>Colisiones M\u00faltiples<\/li>\n<li>Colisiones Traseras<\/li>\n<li>Colisiones Fronteras<\/li>\n<li>Colisiones Laterales<\/li>\n<li>Accidentes Peatonales<\/li>\n<\/ul>\n<h2>Consecuencias de sufrir accidentes automovil\u00edsticos en Poolesville<\/h2>\n<p>Anualmente, se registran distintos tipos de accidentes automovil\u00edsticos en Poolesville. Aun cuando sus lesiones aparenten leves, debe conseguir la atenci\u00f3n medica lo antes posible. En ocasiones, estas pueden tardar horas e inclusive d\u00edas en manifestarse. Entre las lesiones m\u00e1s comunes que uno puede sufrir luego de un accidente automovil\u00edstico se encuentran las siguientes:<\/p>\n<ul>\n<li>Lesiones Cerebrales traum\u00e1ticas<\/li>\n<li>Lesiones de Columna<\/li>\n<li>Concusiones<\/li>\n<li>Rotura de Huesos<\/li>\n<li>Dislocaciones<\/li>\n<li>Laceraciones<\/li>\n<li>Amputaciones<\/li>\n<li>Quemaduras<\/li>\n<li>Moretones<\/li>\n<\/ul>\n<h2>\u00bfC\u00f3mo uno debe proceder en estos casos?<\/h2>\n<p>Uno debe considerar tomar ciertos pasos si resulta accidentado. Si es posible mu\u00e9vase a una zona segura. En caso de sufrir de lesiones graves, mant\u00e9ngase donde se encuentre. Es importante contactar a los servicios de emergencias lo antes posible. Entre ellos se encontrar\u00e1n agentes policiales. En el caso de considerar realizar un reclamo o demanda, debe tomar las siguientes medidas<\/p>\n<p>1. Intercambie informaci\u00f3n. Esto debe ser realizado tanto por el conductor responsable (es decir, su seguro automotriz) y la informaci\u00f3n de contacto con testigos. Estos pueden respaldar los sucesos en su caso.<\/p>\n<p>2. Documente la escena del accidente. Puede ser realizado por medio de fotograf\u00edas y videos tanto de la escena del accidente, la propiedad da\u00f1ada y las lesiones de uno.<\/p>\n<p>3. Consiga el reporte policial. Estos son recuentos objetivos del accidente. Es esencial a la hora de presentar un caso de lesi\u00f3n personal.<\/p>\n<p>4. Consulte con un abogado experto. El mismo lo ayudara en el complejo proceso legal.<\/p>\n<h3>Contacte a un abogado experto de Malloy Law Offices<\/h3>\n<p>Cuando uno o seres queridos sufren de accidentes automovilisticos en Poolesville, recomendamos tomar acci\u00f3n legal. En <a href=\"https:\/\/www.malloy-law.com\/es\/\">Malloy Law Offices<\/a> tenemos m\u00e1s de 15 a\u00f1os tomando casos de lesiones personales. El mismo brindara su opini\u00f3n experta y recursos necesarios para presentar un caso s\u00f3lido mientras usted se recupera. Nuestros abogados son especialistas en accidentes automovil\u00edsticos. <a href=\"https:\/\/www.malloy-law.com\/es\/contactenos\/\">Cont\u00e1ctenos<\/a> hoy mismo para agendar su consulta gratuita.<\/p>\n","protected":false},"excerpt":{"rendered":"<p>Cuando se encuentra manejando, debe tener en cuenta sobre los peligros potenciales en su camino. Existen distintos tipos de accidentes automovil\u00edsticos. Es importante destacar que en Malloy Law Offices buscamos defender su caso. A continuaci\u00f3n, hablaremos en m\u00e1s profundidad sobre los accidentes automovil\u00edsticos en Poolesville, las potenciales consecuencias y los pasos que debe tomar uno&#8230;<\/p>\n","protected":false},"author":1,"featured_media":0,"parent":27176,"menu_order":0,"comment_status":"closed","ping_status":"closed","template":"","meta":{"_acf_changed":false,"om_disable_all_campaigns":false,"advgb_blocks_editor_width":"","advgb_blocks_columns_visual_guide":"","footnotes":""},"class_list":["post-27486","page","type-page","status-publish","hentry"],"acf":[],"yoast_head":"<!-- This site is optimized with the Yoast SEO Premium plugin v27.4 (Yoast SEO v27.4) - https:\/\/yoast.com\/product\/yoast-seo-premium-wordpress\/ -->\n<title>Accidentes Automovil\u00edsticos en Poolesville - Malloy Law<\/title>\n<meta name=\"description\" content=\"Es importante saber que puede consultar gratuitamente con nuestro equipo especializado en accidentes automovil\u00edsticos en Poolesville.\" \/>\n<meta name=\"robots\" content=\"index, follow, max-snippet:-1, max-image-preview:large, max-video-preview:-1\" \/>\n<link rel=\"canonical\" href=\"https:\/\/www.malloy-law.com\/es\/lesiones-personales\/abogado-de-accidentes-automovilisticos\/abogado-de-accidentes-automovilisticos-en-maryland\/accidentes-automovilisticos-en-poolesville\/\" \/>\n<meta property=\"og:locale\" content=\"es_ES\" \/>\n<meta property=\"og:type\" content=\"article\" \/>\n<meta property=\"og:title\" content=\"Accidentes Automovil\u00edsticos en Poolesville\" \/>\n<meta property=\"og:description\" content=\"Es importante saber que puede consultar gratuitamente con nuestro equipo especializado en accidentes automovil\u00edsticos en Poolesville.\" \/>\n<meta property=\"og:url\" content=\"https:\/\/www.malloy-law.com\/es\/lesiones-personales\/abogado-de-accidentes-automovilisticos\/abogado-de-accidentes-automovilisticos-en-maryland\/accidentes-automovilisticos-en-poolesville\/\" \/>\n<meta property=\"og:site_name\" content=\"Malloy Law\" \/>\n<meta property=\"article:modified_time\" content=\"2025-10-15T15:00:07+00:00\" \/>\n<meta property=\"og:image\" content=\"https:\/\/www.malloy-law.com\/wp-content\/uploads\/2025\/01\/shutterstock_2463381917-1.jpg\" \/>\n\t<meta property=\"og:image:width\" content=\"1000\" \/>\n\t<meta property=\"og:image:height\" content=\"571\" \/>\n\t<meta property=\"og:image:type\" content=\"image\/jpeg\" \/>\n<meta name=\"twitter:card\" content=\"summary_large_image\" \/>\n<meta name=\"twitter:label1\" content=\"Tiempo de lectura\" \/>\n\t<meta name=\"twitter:data1\" content=\"3 minutos\" \/>\n<script type=\"application\/ld+json\" class=\"yoast-schema-graph\">{\"@context\":\"https:\\\/\\\/schema.org\",\"@graph\":[{\"@type\":\"WebPage\",\"@id\":\"https:\\\/\\\/www.malloy-law.com\\\/es\\\/lesiones-personales\\\/abogado-de-accidentes-automovilisticos\\\/abogado-de-accidentes-automovilisticos-en-maryland\\\/accidentes-automovilisticos-en-poolesville\\\/\",\"url\":\"https:\\\/\\\/www.malloy-law.com\\\/es\\\/lesiones-personales\\\/abogado-de-accidentes-automovilisticos\\\/abogado-de-accidentes-automovilisticos-en-maryland\\\/accidentes-automovilisticos-en-poolesville\\\/\",\"name\":\"Accidentes Automovil\u00edsticos en Poolesville - Malloy Law\",\"isPartOf\":{\"@id\":\"https:\\\/\\\/www.malloy-law.com\\\/#website\"},\"primaryImageOfPage\":{\"@id\":\"https:\\\/\\\/www.malloy-law.com\\\/es\\\/lesiones-personales\\\/abogado-de-accidentes-automovilisticos\\\/abogado-de-accidentes-automovilisticos-en-maryland\\\/accidentes-automovilisticos-en-poolesville\\\/#primaryimage\"},\"image\":{\"@id\":\"https:\\\/\\\/www.malloy-law.com\\\/es\\\/lesiones-personales\\\/abogado-de-accidentes-automovilisticos\\\/abogado-de-accidentes-automovilisticos-en-maryland\\\/accidentes-automovilisticos-en-poolesville\\\/#primaryimage\"},\"thumbnailUrl\":\"https:\\\/\\\/www.malloy-law.com\\\/wp-content\\\/uploads\\\/2025\\\/01\\\/shutterstock_2463381917-1.jpg\",\"datePublished\":\"2025-06-25T20:05:31+00:00\",\"dateModified\":\"2025-10-15T15:00:07+00:00\",\"description\":\"Es importante saber que puede consultar gratuitamente con nuestro equipo especializado en accidentes automovil\u00edsticos en Poolesville.\",\"breadcrumb\":{\"@id\":\"https:\\\/\\\/www.malloy-law.com\\\/es\\\/lesiones-personales\\\/abogado-de-accidentes-automovilisticos\\\/abogado-de-accidentes-automovilisticos-en-maryland\\\/accidentes-automovilisticos-en-poolesville\\\/#breadcrumb\"},\"inLanguage\":\"es\",\"potentialAction\":[{\"@type\":\"ReadAction\",\"target\":[\"https:\\\/\\\/www.malloy-law.com\\\/es\\\/lesiones-personales\\\/abogado-de-accidentes-automovilisticos\\\/abogado-de-accidentes-automovilisticos-en-maryland\\\/accidentes-automovilisticos-en-poolesville\\\/\"]}]},{\"@type\":\"ImageObject\",\"inLanguage\":\"es\",\"@id\":\"https:\\\/\\\/www.malloy-law.com\\\/es\\\/lesiones-personales\\\/abogado-de-accidentes-automovilisticos\\\/abogado-de-accidentes-automovilisticos-en-maryland\\\/accidentes-automovilisticos-en-poolesville\\\/#primaryimage\",\"url\":\"https:\\\/\\\/www.malloy-law.com\\\/wp-content\\\/uploads\\\/2025\\\/01\\\/shutterstock_2463381917-1.jpg\",\"contentUrl\":\"https:\\\/\\\/www.malloy-law.com\\\/wp-content\\\/uploads\\\/2025\\\/01\\\/shutterstock_2463381917-1.jpg\"},{\"@type\":\"BreadcrumbList\",\"@id\":\"https:\\\/\\\/www.malloy-law.com\\\/es\\\/lesiones-personales\\\/abogado-de-accidentes-automovilisticos\\\/abogado-de-accidentes-automovilisticos-en-maryland\\\/accidentes-automovilisticos-en-poolesville\\\/#breadcrumb\",\"itemListElement\":[{\"@type\":\"ListItem\",\"position\":1,\"name\":\"Home\",\"item\":\"https:\\\/\\\/www.malloy-law.com\\\/es\\\/\"},{\"@type\":\"ListItem\",\"position\":2,\"name\":\"Lesiones Personales\",\"item\":\"https:\\\/\\\/www.malloy-law.com\\\/es\\\/lesiones-personales\\\/\"},{\"@type\":\"ListItem\",\"position\":3,\"name\":\"Abogado de Accidentes Automovil\u00edsticos\",\"item\":\"https:\\\/\\\/www.malloy-law.com\\\/es\\\/lesiones-personales\\\/abogado-de-accidentes-automovilisticos\\\/\"},{\"@type\":\"ListItem\",\"position\":4,\"name\":\"Abogado de Accidentes Automovil\u00edsticos en Maryland\",\"item\":\"https:\\\/\\\/www.malloy-law.com\\\/es\\\/lesiones-personales\\\/abogado-de-accidentes-automovilisticos\\\/abogado-de-accidentes-automovilisticos-en-maryland\\\/\"},{\"@type\":\"ListItem\",\"position\":5,\"name\":\"Accidentes Automovil\u00edsticos en Poolesville\"}]},{\"@type\":\"WebSite\",\"@id\":\"https:\\\/\\\/www.malloy-law.com\\\/#website\",\"url\":\"https:\\\/\\\/www.malloy-law.com\\\/\",\"name\":\"Malloy Law\",\"description\":\"\",\"publisher\":{\"@id\":\"https:\\\/\\\/www.malloy-law.com\\\/#organization\"},\"potentialAction\":[{\"@type\":\"SearchAction\",\"target\":{\"@type\":\"EntryPoint\",\"urlTemplate\":\"https:\\\/\\\/www.malloy-law.com\\\/?s={search_term_string}\"},\"query-input\":{\"@type\":\"PropertyValueSpecification\",\"valueRequired\":true,\"valueName\":\"search_term_string\"}}],\"inLanguage\":\"es\"},{\"@type\":\"Organization\",\"@id\":\"https:\\\/\\\/www.malloy-law.com\\\/#organization\",\"name\":\"Malloy Law Offices, LLC\",\"url\":\"https:\\\/\\\/www.malloy-law.com\\\/\",\"logo\":{\"@type\":\"ImageObject\",\"inLanguage\":\"es\",\"@id\":\"https:\\\/\\\/www.malloy-law.com\\\/#\\\/schema\\\/logo\\\/image\\\/\",\"url\":\"https:\\\/\\\/www.malloy-law.com\\\/wp-content\\\/uploads\\\/2019\\\/08\\\/MalloyLaw_Logo_Transparent.png\",\"contentUrl\":\"https:\\\/\\\/www.malloy-law.com\\\/wp-content\\\/uploads\\\/2019\\\/08\\\/MalloyLaw_Logo_Transparent.png\",\"width\":2147,\"height\":558,\"caption\":\"Malloy Law Offices, LLC\"},\"image\":{\"@id\":\"https:\\\/\\\/www.malloy-law.com\\\/#\\\/schema\\\/logo\\\/image\\\/\"}}]}<\/script>\n<!-- \/ Yoast SEO Premium plugin. -->","yoast_head_json":{"title":"Accidentes Automovil\u00edsticos en Poolesville - Malloy Law","description":"Es importante saber que puede consultar gratuitamente con nuestro equipo especializado en accidentes automovil\u00edsticos en Poolesville.","robots":{"index":"index","follow":"follow","max-snippet":"max-snippet:-1","max-image-preview":"max-image-preview:large","max-video-preview":"max-video-preview:-1"},"canonical":"https:\/\/www.malloy-law.com\/es\/lesiones-personales\/abogado-de-accidentes-automovilisticos\/abogado-de-accidentes-automovilisticos-en-maryland\/accidentes-automovilisticos-en-poolesville\/","og_locale":"es_ES","og_type":"article","og_title":"Accidentes Automovil\u00edsticos en Poolesville","og_description":"Es importante saber que puede consultar gratuitamente con nuestro equipo especializado en accidentes automovil\u00edsticos en Poolesville.","og_url":"https:\/\/www.malloy-law.com\/es\/lesiones-personales\/abogado-de-accidentes-automovilisticos\/abogado-de-accidentes-automovilisticos-en-maryland\/accidentes-automovilisticos-en-poolesville\/","og_site_name":"Malloy Law","article_modified_time":"2025-10-15T15:00:07+00:00","og_image":[{"width":1000,"height":571,"url":"https:\/\/www.malloy-law.com\/wp-content\/uploads\/2025\/01\/shutterstock_2463381917-1.jpg","type":"image\/jpeg"}],"twitter_card":"summary_large_image","twitter_misc":{"Tiempo de lectura":"3 minutos"},"schema":{"@context":"https:\/\/schema.org","@graph":[{"@type":"WebPage","@id":"https:\/\/www.malloy-law.com\/es\/lesiones-personales\/abogado-de-accidentes-automovilisticos\/abogado-de-accidentes-automovilisticos-en-maryland\/accidentes-automovilisticos-en-poolesville\/","url":"https:\/\/www.malloy-law.com\/es\/lesiones-personales\/abogado-de-accidentes-automovilisticos\/abogado-de-accidentes-automovilisticos-en-maryland\/accidentes-automovilisticos-en-poolesville\/","name":"Accidentes Automovil\u00edsticos en Poolesville - Malloy Law","isPartOf":{"@id":"https:\/\/www.malloy-law.com\/#website"},"primaryImageOfPage":{"@id":"https:\/\/www.malloy-law.com\/es\/lesiones-personales\/abogado-de-accidentes-automovilisticos\/abogado-de-accidentes-automovilisticos-en-maryland\/accidentes-automovilisticos-en-poolesville\/#primaryimage"},"image":{"@id":"https:\/\/www.malloy-law.com\/es\/lesiones-personales\/abogado-de-accidentes-automovilisticos\/abogado-de-accidentes-automovilisticos-en-maryland\/accidentes-automovilisticos-en-poolesville\/#primaryimage"},"thumbnailUrl":"https:\/\/www.malloy-law.com\/wp-content\/uploads\/2025\/01\/shutterstock_2463381917-1.jpg","datePublished":"2025-06-25T20:05:31+00:00","dateModified":"2025-10-15T15:00:07+00:00","description":"Es importante saber que puede consultar gratuitamente con nuestro equipo especializado en accidentes automovil\u00edsticos en Poolesville.","breadcrumb":{"@id":"https:\/\/www.malloy-law.com\/es\/lesiones-personales\/abogado-de-accidentes-automovilisticos\/abogado-de-accidentes-automovilisticos-en-maryland\/accidentes-automovilisticos-en-poolesville\/#breadcrumb"},"inLanguage":"es","potentialAction":[{"@type":"ReadAction","target":["https:\/\/www.malloy-law.com\/es\/lesiones-personales\/abogado-de-accidentes-automovilisticos\/abogado-de-accidentes-automovilisticos-en-maryland\/accidentes-automovilisticos-en-poolesville\/"]}]},{"@type":"ImageObject","inLanguage":"es","@id":"https:\/\/www.malloy-law.com\/es\/lesiones-personales\/abogado-de-accidentes-automovilisticos\/abogado-de-accidentes-automovilisticos-en-maryland\/accidentes-automovilisticos-en-poolesville\/#primaryimage","url":"https:\/\/www.malloy-law.com\/wp-content\/uploads\/2025\/01\/shutterstock_2463381917-1.jpg","contentUrl":"https:\/\/www.malloy-law.com\/wp-content\/uploads\/2025\/01\/shutterstock_2463381917-1.jpg"},{"@type":"BreadcrumbList","@id":"https:\/\/www.malloy-law.com\/es\/lesiones-personales\/abogado-de-accidentes-automovilisticos\/abogado-de-accidentes-automovilisticos-en-maryland\/accidentes-automovilisticos-en-poolesville\/#breadcrumb","itemListElement":[{"@type":"ListItem","position":1,"name":"Home","item":"https:\/\/www.malloy-law.com\/es\/"},{"@type":"ListItem","position":2,"name":"Lesiones Personales","item":"https:\/\/www.malloy-law.com\/es\/lesiones-personales\/"},{"@type":"ListItem","position":3,"name":"Abogado de Accidentes Automovil\u00edsticos","item":"https:\/\/www.malloy-law.com\/es\/lesiones-personales\/abogado-de-accidentes-automovilisticos\/"},{"@type":"ListItem","position":4,"name":"Abogado de Accidentes Automovil\u00edsticos en Maryland","item":"https:\/\/www.malloy-law.com\/es\/lesiones-personales\/abogado-de-accidentes-automovilisticos\/abogado-de-accidentes-automovilisticos-en-maryland\/"},{"@type":"ListItem","position":5,"name":"Accidentes Automovil\u00edsticos en Poolesville"}]},{"@type":"WebSite","@id":"https:\/\/www.malloy-law.com\/#website","url":"https:\/\/www.malloy-law.com\/","name":"Malloy Law","description":"","publisher":{"@id":"https:\/\/www.malloy-law.com\/#organization"},"potentialAction":[{"@type":"SearchAction","target":{"@type":"EntryPoint","urlTemplate":"https:\/\/www.malloy-law.com\/?s={search_term_string}"},"query-input":{"@type":"PropertyValueSpecification","valueRequired":true,"valueName":"search_term_string"}}],"inLanguage":"es"},{"@type":"Organization","@id":"https:\/\/www.malloy-law.com\/#organization","name":"Malloy Law Offices, LLC","url":"https:\/\/www.malloy-law.com\/","logo":{"@type":"ImageObject","inLanguage":"es","@id":"https:\/\/www.malloy-law.com\/#\/schema\/logo\/image\/","url":"https:\/\/www.malloy-law.com\/wp-content\/uploads\/2019\/08\/MalloyLaw_Logo_Transparent.png","contentUrl":"https:\/\/www.malloy-law.com\/wp-content\/uploads\/2019\/08\/MalloyLaw_Logo_Transparent.png","width":2147,"height":558,"caption":"Malloy Law Offices, LLC"},"image":{"@id":"https:\/\/www.malloy-law.com\/#\/schema\/logo\/image\/"}}]}},"coauthors":[],"author_meta":{"author_link":"https:\/\/www.malloy-law.com\/es\/author\/admin\/","display_name":"admin"},"relative_dates":{"created":"Publicado 11 meses hace","modified":"Actualizado 7 meses hace"},"absolute_dates":{"created":"Publicado el 25 de junio de 2025","modified":"Actualizado el 15 de octubre de 2025"},"absolute_dates_time":{"created":"Publicado el 25 de junio de 2025 16:05","modified":"Actualizado el 15 de octubre de 2025 11:00"},"featured_img_caption":"","featured_img":false,"series_order":"","_links":{"self":[{"href":"https:\/\/www.malloy-law.com\/es\/wp-json\/wp\/v2\/pages\/27486","targetHints":{"allow":["GET"]}}],"collection":[{"href":"https:\/\/www.malloy-law.com\/es\/wp-json\/wp\/v2\/pages"}],"about":[{"href":"https:\/\/www.malloy-law.com\/es\/wp-json\/wp\/v2\/types\/page"}],"author":[{"embeddable":true,"href":"https:\/\/www.malloy-law.com\/es\/wp-json\/wp\/v2\/users\/1"}],"replies":[{"embeddable":true,"href":"https:\/\/www.malloy-law.com\/es\/wp-json\/wp\/v2\/comments?post=27486"}],"version-history":[{"count":0,"href":"https:\/\/www.malloy-law.com\/es\/wp-json\/wp\/v2\/pages\/27486\/revisions"}],"up":[{"embeddable":true,"href":"https:\/\/www.malloy-law.com\/es\/wp-json\/wp\/v2\/pages\/27176"}],"wp:attachment":[{"href":"https:\/\/www.malloy-law.com\/es\/wp-json\/wp\/v2\/media?parent=27486"}],"curies":[{"name":"wp","href":"https:\/\/api.w.org\/{rel}","templated":true}]}}