{"id":27974,"date":"2025-07-18T15:48:25","date_gmt":"2025-07-18T19:48:25","guid":{"rendered":"https:\/\/www.malloy-law.com\/?page_id=27974"},"modified":"2025-07-18T15:48:25","modified_gmt":"2025-07-18T19:48:25","slug":"accidentes-automovilisticos-en-laytonsville","status":"publish","type":"page","link":"https:\/\/www.malloy-law.com\/es\/lesiones-personales\/abogado-de-accidentes-automovilisticos\/abogado-de-accidentes-automovilisticos-en-maryland\/accidentes-automovilisticos-en-laytonsville\/","title":{"rendered":"Accidentes Automovil\u00edsticos en Laytonsville"},"content":{"rendered":"<p>Los accidentes automovil\u00edsticos ocurren alarmante frecuencia. No cabe duda de que estos accidentes pueden tener un impacto profundo en la vida de las v\u00edctimas. Adem\u00e1s, en la mayor\u00eda de los casos las v\u00edctimas no saben c\u00f3mo proceder legalmente. Por esta raz\u00f3n es importante conocer sus derechos. A continuaci\u00f3n, hablaremos sobre los distintos tipos de accidentes automovil\u00edsticos en Laytonsville, las consecuencias de estos eventos y sobre los procesos legales.<\/p>\n<p style=\"text-align: center;\"><img decoding=\"async\" class=\"aligncenter wp-image-27061\" src=\"https:\/\/www.malloy-law.com\/wp-content\/uploads\/2025\/05\/Spanish_02-4.jpg\" alt=\"Accidentes Automovil\u00edsticos en Laytonsville\" width=\"470\" height=\"313\" srcset=\"https:\/\/www.malloy-law.com\/wp-content\/uploads\/2025\/05\/Spanish_02-4.jpg 768w, https:\/\/www.malloy-law.com\/wp-content\/uploads\/2025\/05\/Spanish_02-4-300x200.jpg 300w\" sizes=\"(max-width: 470px) 100vw, 470px\" \/><\/p>\n<h2>Tipos de Accidentes Automovil\u00edsticos en Laytonsville<\/h2>\n<p>Existen distintos tipos de autom\u00f3viles hoy en d\u00eda. Cuando hablamos de los accidentes automovil\u00edsticos en Laytonsville, estos podr\u00edan variar debido a las circunstancias y el tipo de vehiculo. Generalmente entre los m\u00e1s comunes se encuentran los siguientes:<\/p>\n<ol>\n<li>Accidentes de Carro<\/li>\n<li>Accidentes de Bicicleta<\/li>\n<li>Accidentes de Motocicleta<\/li>\n<li>Accidentes de Autob\u00fas<\/li>\n<li>Accidentes de Monopat\u00edn<\/li>\n<li>Accidentes de Cami\u00f3n<\/li>\n<li>Accidentes de Uber o Lyft<\/li>\n<li>Colisiones M\u00faltiples<\/li>\n<li>Colisiones Traseras<\/li>\n<li>Colisiones Fronteras<\/li>\n<li>Colisiones Laterales<\/li>\n<\/ol>\n<h2>Consecuencias de sufrir accidentes automovil\u00edsticos en Laytonsville<\/h2>\n<p>Las consecuencias de los accidentes automovil\u00edsticos en Laytonsville pueden ir m\u00e1s all\u00e1 de las heridas f\u00edsicas. Muchas v\u00edctimas enfrentan largos periodos de recuperaci\u00f3n, tratamientos, perdidas salariales e inclusive traumas emocionales. De hecho, recomendamos a las v\u00edctimas en conseguir la atenci\u00f3n medica lo antes posible. Entre las lesiones m\u00e1s comunes que uno puede sufrir luego de un accidente automovil\u00edstico se encuentran las siguientes:<\/p>\n<ul>\n<li>Lesiones Cerebrales traum\u00e1ticas<\/li>\n<li>Lesiones de Columna<\/li>\n<li>Concusiones<\/li>\n<li>Rotura de Huesos<\/li>\n<li>Dislocaciones<\/li>\n<li>Laceraciones<\/li>\n<li>Amputaciones<\/li>\n<li>Quemaduras<\/li>\n<li>Moretones<\/li>\n<\/ul>\n<h2>\u00bfC\u00f3mo uno debe proceder en estos casos?<\/h2>\n<p>Despu\u00e9s de sufrir un accidente automovil\u00edstico, debe <a href=\"https:\/\/www.nolo.com\/legal-encyclopedia\/what-to-do-after-a-car-accident.html\">actuar<\/a> r\u00e1pidamente para proteger sus derechos. Aun cuando sus lesiones aparenten leves, la atenci\u00f3n medica es sumamente importante. Luego debe reunir varias piezas claves para solidificar su caso. Entre ellas se encuentran los reportes policiales, gastos y tratamientos m\u00e9dicos, documentar la escena del accidente (por medio de su aparato m\u00f3vil) e intercambiar informaci\u00f3n con el otro conductor y testigos. Finalmente, recomendamos en contactar y consultar con un abogado experto. Estos lo ayudaran a navegar el complicado proceso legal.<\/p>\n<h3>Contacte a un abogado experto de Malloy Law Offices<\/h3>\n<p>Para finalizar siempre recomendamos en conseguir la mejor representaci\u00f3n legal posible por accidentes automovil\u00edsticos en Laytonsville. En <a href=\"https:\/\/www.malloy-law.com\/es\/\">Malloy Law Offices<\/a> tenemos m\u00e1s de 15 a\u00f1os tomando casos de lesiones personales. Nuestros abogados son especialistas en accidentes automovil\u00edsticos. Su abogado brindara su opini\u00f3n experta y recursos necesarios para presentar un caso s\u00f3lido mientras usted se recupera. Adem\u00e1s, negociaran con las compa\u00f1\u00edas de seguro para conseguirle la compensaci\u00f3n que usted merece mientras usted se recupera. <a href=\"https:\/\/www.malloy-law.com\/es\/contactenos\/\">Cont\u00e1ctenos<\/a> hoy mismo para agendar su consulta gratuita.<\/p>\n","protected":false},"excerpt":{"rendered":"<p>Los accidentes automovil\u00edsticos ocurren alarmante frecuencia. No cabe duda de que estos accidentes pueden tener un impacto profundo en la vida de las v\u00edctimas. Adem\u00e1s, en la mayor\u00eda de los casos las v\u00edctimas no saben c\u00f3mo proceder legalmente. Por esta raz\u00f3n es importante conocer sus derechos. A continuaci\u00f3n, hablaremos sobre los distintos tipos de accidentes&#8230;<\/p>\n","protected":false},"author":1,"featured_media":0,"parent":27176,"menu_order":0,"comment_status":"closed","ping_status":"closed","template":"","meta":{"_acf_changed":false,"om_disable_all_campaigns":false,"advgb_blocks_editor_width":"","advgb_blocks_columns_visual_guide":"","footnotes":""},"class_list":["post-27974","page","type-page","status-publish","hentry"],"acf":[],"yoast_head":"<!-- This site is optimized with the Yoast SEO Premium plugin v27.4 (Yoast SEO v27.4) - https:\/\/yoast.com\/product\/yoast-seo-premium-wordpress\/ -->\n<title>Accidentes Automovil\u00edsticos en Laytonsville - Malloy Law<\/title>\n<meta name=\"description\" content=\"No dude en consultar con nuestro equipo especializado en accidentes automovil\u00edsticos en Laytonsville sobre sus derechos gratuitamente.\" \/>\n<meta name=\"robots\" content=\"index, follow, max-snippet:-1, max-image-preview:large, max-video-preview:-1\" \/>\n<link rel=\"canonical\" href=\"https:\/\/www.malloy-law.com\/es\/lesiones-personales\/abogado-de-accidentes-automovilisticos\/abogado-de-accidentes-automovilisticos-en-maryland\/accidentes-automovilisticos-en-laytonsville\/\" \/>\n<meta property=\"og:locale\" content=\"es_ES\" \/>\n<meta property=\"og:type\" content=\"article\" \/>\n<meta property=\"og:title\" content=\"Accidentes Automovil\u00edsticos en Laytonsville\" \/>\n<meta property=\"og:description\" content=\"No dude en consultar con nuestro equipo especializado en accidentes automovil\u00edsticos en Laytonsville sobre sus derechos gratuitamente.\" \/>\n<meta property=\"og:url\" content=\"https:\/\/www.malloy-law.com\/es\/lesiones-personales\/abogado-de-accidentes-automovilisticos\/abogado-de-accidentes-automovilisticos-en-maryland\/accidentes-automovilisticos-en-laytonsville\/\" \/>\n<meta property=\"og:site_name\" content=\"Malloy Law\" \/>\n<meta property=\"og:image\" content=\"https:\/\/www.malloy-law.com\/wp-content\/uploads\/2025\/05\/Spanish_02-4.jpg\" \/>\n\t<meta property=\"og:image:width\" content=\"768\" \/>\n\t<meta property=\"og:image:height\" content=\"512\" \/>\n\t<meta property=\"og:image:type\" content=\"image\/jpeg\" \/>\n<meta name=\"twitter:card\" content=\"summary_large_image\" \/>\n<meta name=\"twitter:label1\" content=\"Tiempo de lectura\" \/>\n\t<meta name=\"twitter:data1\" content=\"2 minutos\" \/>\n<script type=\"application\/ld+json\" class=\"yoast-schema-graph\">{\"@context\":\"https:\\\/\\\/schema.org\",\"@graph\":[{\"@type\":\"WebPage\",\"@id\":\"https:\\\/\\\/www.malloy-law.com\\\/es\\\/lesiones-personales\\\/abogado-de-accidentes-automovilisticos\\\/abogado-de-accidentes-automovilisticos-en-maryland\\\/accidentes-automovilisticos-en-laytonsville\\\/\",\"url\":\"https:\\\/\\\/www.malloy-law.com\\\/es\\\/lesiones-personales\\\/abogado-de-accidentes-automovilisticos\\\/abogado-de-accidentes-automovilisticos-en-maryland\\\/accidentes-automovilisticos-en-laytonsville\\\/\",\"name\":\"Accidentes Automovil\u00edsticos en Laytonsville - Malloy Law\",\"isPartOf\":{\"@id\":\"https:\\\/\\\/www.malloy-law.com\\\/#website\"},\"primaryImageOfPage\":{\"@id\":\"https:\\\/\\\/www.malloy-law.com\\\/es\\\/lesiones-personales\\\/abogado-de-accidentes-automovilisticos\\\/abogado-de-accidentes-automovilisticos-en-maryland\\\/accidentes-automovilisticos-en-laytonsville\\\/#primaryimage\"},\"image\":{\"@id\":\"https:\\\/\\\/www.malloy-law.com\\\/es\\\/lesiones-personales\\\/abogado-de-accidentes-automovilisticos\\\/abogado-de-accidentes-automovilisticos-en-maryland\\\/accidentes-automovilisticos-en-laytonsville\\\/#primaryimage\"},\"thumbnailUrl\":\"https:\\\/\\\/www.malloy-law.com\\\/wp-content\\\/uploads\\\/2025\\\/05\\\/Spanish_02-4.jpg\",\"datePublished\":\"2025-07-18T19:48:25+00:00\",\"description\":\"No dude en consultar con nuestro equipo especializado en accidentes automovil\u00edsticos en Laytonsville sobre sus derechos gratuitamente.\",\"breadcrumb\":{\"@id\":\"https:\\\/\\\/www.malloy-law.com\\\/es\\\/lesiones-personales\\\/abogado-de-accidentes-automovilisticos\\\/abogado-de-accidentes-automovilisticos-en-maryland\\\/accidentes-automovilisticos-en-laytonsville\\\/#breadcrumb\"},\"inLanguage\":\"es\",\"potentialAction\":[{\"@type\":\"ReadAction\",\"target\":[\"https:\\\/\\\/www.malloy-law.com\\\/es\\\/lesiones-personales\\\/abogado-de-accidentes-automovilisticos\\\/abogado-de-accidentes-automovilisticos-en-maryland\\\/accidentes-automovilisticos-en-laytonsville\\\/\"]}]},{\"@type\":\"ImageObject\",\"inLanguage\":\"es\",\"@id\":\"https:\\\/\\\/www.malloy-law.com\\\/es\\\/lesiones-personales\\\/abogado-de-accidentes-automovilisticos\\\/abogado-de-accidentes-automovilisticos-en-maryland\\\/accidentes-automovilisticos-en-laytonsville\\\/#primaryimage\",\"url\":\"https:\\\/\\\/www.malloy-law.com\\\/wp-content\\\/uploads\\\/2025\\\/05\\\/Spanish_02-4.jpg\",\"contentUrl\":\"https:\\\/\\\/www.malloy-law.com\\\/wp-content\\\/uploads\\\/2025\\\/05\\\/Spanish_02-4.jpg\"},{\"@type\":\"BreadcrumbList\",\"@id\":\"https:\\\/\\\/www.malloy-law.com\\\/es\\\/lesiones-personales\\\/abogado-de-accidentes-automovilisticos\\\/abogado-de-accidentes-automovilisticos-en-maryland\\\/accidentes-automovilisticos-en-laytonsville\\\/#breadcrumb\",\"itemListElement\":[{\"@type\":\"ListItem\",\"position\":1,\"name\":\"Home\",\"item\":\"https:\\\/\\\/www.malloy-law.com\\\/es\\\/\"},{\"@type\":\"ListItem\",\"position\":2,\"name\":\"Lesiones Personales\",\"item\":\"https:\\\/\\\/www.malloy-law.com\\\/es\\\/lesiones-personales\\\/\"},{\"@type\":\"ListItem\",\"position\":3,\"name\":\"Abogado de Accidentes Automovil\u00edsticos\",\"item\":\"https:\\\/\\\/www.malloy-law.com\\\/es\\\/lesiones-personales\\\/abogado-de-accidentes-automovilisticos\\\/\"},{\"@type\":\"ListItem\",\"position\":4,\"name\":\"Abogado de Accidentes Automovil\u00edsticos en Maryland\",\"item\":\"https:\\\/\\\/www.malloy-law.com\\\/es\\\/lesiones-personales\\\/abogado-de-accidentes-automovilisticos\\\/abogado-de-accidentes-automovilisticos-en-maryland\\\/\"},{\"@type\":\"ListItem\",\"position\":5,\"name\":\"Accidentes Automovil\u00edsticos en Laytonsville\"}]},{\"@type\":\"WebSite\",\"@id\":\"https:\\\/\\\/www.malloy-law.com\\\/#website\",\"url\":\"https:\\\/\\\/www.malloy-law.com\\\/\",\"name\":\"Malloy Law\",\"description\":\"\",\"publisher\":{\"@id\":\"https:\\\/\\\/www.malloy-law.com\\\/#organization\"},\"potentialAction\":[{\"@type\":\"SearchAction\",\"target\":{\"@type\":\"EntryPoint\",\"urlTemplate\":\"https:\\\/\\\/www.malloy-law.com\\\/?s={search_term_string}\"},\"query-input\":{\"@type\":\"PropertyValueSpecification\",\"valueRequired\":true,\"valueName\":\"search_term_string\"}}],\"inLanguage\":\"es\"},{\"@type\":\"Organization\",\"@id\":\"https:\\\/\\\/www.malloy-law.com\\\/#organization\",\"name\":\"Malloy Law Offices, LLC\",\"url\":\"https:\\\/\\\/www.malloy-law.com\\\/\",\"logo\":{\"@type\":\"ImageObject\",\"inLanguage\":\"es\",\"@id\":\"https:\\\/\\\/www.malloy-law.com\\\/#\\\/schema\\\/logo\\\/image\\\/\",\"url\":\"https:\\\/\\\/www.malloy-law.com\\\/wp-content\\\/uploads\\\/2019\\\/08\\\/MalloyLaw_Logo_Transparent.png\",\"contentUrl\":\"https:\\\/\\\/www.malloy-law.com\\\/wp-content\\\/uploads\\\/2019\\\/08\\\/MalloyLaw_Logo_Transparent.png\",\"width\":2147,\"height\":558,\"caption\":\"Malloy Law Offices, LLC\"},\"image\":{\"@id\":\"https:\\\/\\\/www.malloy-law.com\\\/#\\\/schema\\\/logo\\\/image\\\/\"}}]}<\/script>\n<!-- \/ Yoast SEO Premium plugin. -->","yoast_head_json":{"title":"Accidentes Automovil\u00edsticos en Laytonsville - Malloy Law","description":"No dude en consultar con nuestro equipo especializado en accidentes automovil\u00edsticos en Laytonsville sobre sus derechos gratuitamente.","robots":{"index":"index","follow":"follow","max-snippet":"max-snippet:-1","max-image-preview":"max-image-preview:large","max-video-preview":"max-video-preview:-1"},"canonical":"https:\/\/www.malloy-law.com\/es\/lesiones-personales\/abogado-de-accidentes-automovilisticos\/abogado-de-accidentes-automovilisticos-en-maryland\/accidentes-automovilisticos-en-laytonsville\/","og_locale":"es_ES","og_type":"article","og_title":"Accidentes Automovil\u00edsticos en Laytonsville","og_description":"No dude en consultar con nuestro equipo especializado en accidentes automovil\u00edsticos en Laytonsville sobre sus derechos gratuitamente.","og_url":"https:\/\/www.malloy-law.com\/es\/lesiones-personales\/abogado-de-accidentes-automovilisticos\/abogado-de-accidentes-automovilisticos-en-maryland\/accidentes-automovilisticos-en-laytonsville\/","og_site_name":"Malloy Law","og_image":[{"width":768,"height":512,"url":"https:\/\/www.malloy-law.com\/wp-content\/uploads\/2025\/05\/Spanish_02-4.jpg","type":"image\/jpeg"}],"twitter_card":"summary_large_image","twitter_misc":{"Tiempo de lectura":"2 minutos"},"schema":{"@context":"https:\/\/schema.org","@graph":[{"@type":"WebPage","@id":"https:\/\/www.malloy-law.com\/es\/lesiones-personales\/abogado-de-accidentes-automovilisticos\/abogado-de-accidentes-automovilisticos-en-maryland\/accidentes-automovilisticos-en-laytonsville\/","url":"https:\/\/www.malloy-law.com\/es\/lesiones-personales\/abogado-de-accidentes-automovilisticos\/abogado-de-accidentes-automovilisticos-en-maryland\/accidentes-automovilisticos-en-laytonsville\/","name":"Accidentes Automovil\u00edsticos en Laytonsville - Malloy Law","isPartOf":{"@id":"https:\/\/www.malloy-law.com\/#website"},"primaryImageOfPage":{"@id":"https:\/\/www.malloy-law.com\/es\/lesiones-personales\/abogado-de-accidentes-automovilisticos\/abogado-de-accidentes-automovilisticos-en-maryland\/accidentes-automovilisticos-en-laytonsville\/#primaryimage"},"image":{"@id":"https:\/\/www.malloy-law.com\/es\/lesiones-personales\/abogado-de-accidentes-automovilisticos\/abogado-de-accidentes-automovilisticos-en-maryland\/accidentes-automovilisticos-en-laytonsville\/#primaryimage"},"thumbnailUrl":"https:\/\/www.malloy-law.com\/wp-content\/uploads\/2025\/05\/Spanish_02-4.jpg","datePublished":"2025-07-18T19:48:25+00:00","description":"No dude en consultar con nuestro equipo especializado en accidentes automovil\u00edsticos en Laytonsville sobre sus derechos gratuitamente.","breadcrumb":{"@id":"https:\/\/www.malloy-law.com\/es\/lesiones-personales\/abogado-de-accidentes-automovilisticos\/abogado-de-accidentes-automovilisticos-en-maryland\/accidentes-automovilisticos-en-laytonsville\/#breadcrumb"},"inLanguage":"es","potentialAction":[{"@type":"ReadAction","target":["https:\/\/www.malloy-law.com\/es\/lesiones-personales\/abogado-de-accidentes-automovilisticos\/abogado-de-accidentes-automovilisticos-en-maryland\/accidentes-automovilisticos-en-laytonsville\/"]}]},{"@type":"ImageObject","inLanguage":"es","@id":"https:\/\/www.malloy-law.com\/es\/lesiones-personales\/abogado-de-accidentes-automovilisticos\/abogado-de-accidentes-automovilisticos-en-maryland\/accidentes-automovilisticos-en-laytonsville\/#primaryimage","url":"https:\/\/www.malloy-law.com\/wp-content\/uploads\/2025\/05\/Spanish_02-4.jpg","contentUrl":"https:\/\/www.malloy-law.com\/wp-content\/uploads\/2025\/05\/Spanish_02-4.jpg"},{"@type":"BreadcrumbList","@id":"https:\/\/www.malloy-law.com\/es\/lesiones-personales\/abogado-de-accidentes-automovilisticos\/abogado-de-accidentes-automovilisticos-en-maryland\/accidentes-automovilisticos-en-laytonsville\/#breadcrumb","itemListElement":[{"@type":"ListItem","position":1,"name":"Home","item":"https:\/\/www.malloy-law.com\/es\/"},{"@type":"ListItem","position":2,"name":"Lesiones Personales","item":"https:\/\/www.malloy-law.com\/es\/lesiones-personales\/"},{"@type":"ListItem","position":3,"name":"Abogado de Accidentes Automovil\u00edsticos","item":"https:\/\/www.malloy-law.com\/es\/lesiones-personales\/abogado-de-accidentes-automovilisticos\/"},{"@type":"ListItem","position":4,"name":"Abogado de Accidentes Automovil\u00edsticos en Maryland","item":"https:\/\/www.malloy-law.com\/es\/lesiones-personales\/abogado-de-accidentes-automovilisticos\/abogado-de-accidentes-automovilisticos-en-maryland\/"},{"@type":"ListItem","position":5,"name":"Accidentes Automovil\u00edsticos en Laytonsville"}]},{"@type":"WebSite","@id":"https:\/\/www.malloy-law.com\/#website","url":"https:\/\/www.malloy-law.com\/","name":"Malloy Law","description":"","publisher":{"@id":"https:\/\/www.malloy-law.com\/#organization"},"potentialAction":[{"@type":"SearchAction","target":{"@type":"EntryPoint","urlTemplate":"https:\/\/www.malloy-law.com\/?s={search_term_string}"},"query-input":{"@type":"PropertyValueSpecification","valueRequired":true,"valueName":"search_term_string"}}],"inLanguage":"es"},{"@type":"Organization","@id":"https:\/\/www.malloy-law.com\/#organization","name":"Malloy Law Offices, LLC","url":"https:\/\/www.malloy-law.com\/","logo":{"@type":"ImageObject","inLanguage":"es","@id":"https:\/\/www.malloy-law.com\/#\/schema\/logo\/image\/","url":"https:\/\/www.malloy-law.com\/wp-content\/uploads\/2019\/08\/MalloyLaw_Logo_Transparent.png","contentUrl":"https:\/\/www.malloy-law.com\/wp-content\/uploads\/2019\/08\/MalloyLaw_Logo_Transparent.png","width":2147,"height":558,"caption":"Malloy Law Offices, LLC"},"image":{"@id":"https:\/\/www.malloy-law.com\/#\/schema\/logo\/image\/"}}]}},"coauthors":[],"author_meta":{"author_link":"https:\/\/www.malloy-law.com\/es\/author\/admin\/","display_name":"admin"},"relative_dates":{"created":"Publicado 10 meses hace","modified":"Actualizado 10 meses hace"},"absolute_dates":{"created":"Publicado el 18 de julio de 2025","modified":"Actualizado el 18 de julio de 2025"},"absolute_dates_time":{"created":"Publicado el 18 de julio de 2025 15:48","modified":"Actualizado el 18 de julio de 2025 15:48"},"featured_img_caption":"","featured_img":false,"series_order":"","_links":{"self":[{"href":"https:\/\/www.malloy-law.com\/es\/wp-json\/wp\/v2\/pages\/27974","targetHints":{"allow":["GET"]}}],"collection":[{"href":"https:\/\/www.malloy-law.com\/es\/wp-json\/wp\/v2\/pages"}],"about":[{"href":"https:\/\/www.malloy-law.com\/es\/wp-json\/wp\/v2\/types\/page"}],"author":[{"embeddable":true,"href":"https:\/\/www.malloy-law.com\/es\/wp-json\/wp\/v2\/users\/1"}],"replies":[{"embeddable":true,"href":"https:\/\/www.malloy-law.com\/es\/wp-json\/wp\/v2\/comments?post=27974"}],"version-history":[{"count":0,"href":"https:\/\/www.malloy-law.com\/es\/wp-json\/wp\/v2\/pages\/27974\/revisions"}],"up":[{"embeddable":true,"href":"https:\/\/www.malloy-law.com\/es\/wp-json\/wp\/v2\/pages\/27176"}],"wp:attachment":[{"href":"https:\/\/www.malloy-law.com\/es\/wp-json\/wp\/v2\/media?parent=27974"}],"curies":[{"name":"wp","href":"https:\/\/api.w.org\/{rel}","templated":true}]}}