{"id":28703,"date":"2025-08-05T15:15:43","date_gmt":"2025-08-05T19:15:43","guid":{"rendered":"https:\/\/www.malloy-law.com\/?page_id=28703"},"modified":"2025-08-05T15:15:43","modified_gmt":"2025-08-05T19:15:43","slug":"accidentes-automovilisticos-en-brentwood","status":"publish","type":"page","link":"https:\/\/www.malloy-law.com\/es\/lesiones-personales\/abogado-de-accidentes-automovilisticos\/abogado-de-accidentes-automovilisticos-en-maryland\/accidentes-automovilisticos-en-brentwood\/","title":{"rendered":"Accidentes Automovil\u00edsticos en Brentwood"},"content":{"rendered":"<p>Uno puede encontrarse involucrado en un accidente automovil\u00edstico imprevistamente. Desafortunadamente, estos sucesos ocurren diariamente alrededor del pa\u00eds. En cierto modo, las victimas no sufren solamente de da\u00f1os f\u00edsicos. Tambi\u00e9n pueden sufrir de da\u00f1os emocionales y financieros. Por ello, es importante recalcar sobre los derechos. Pueden realizar demandas o reclamos para encontrarse compensados por su accidente. A continuaci\u00f3n, nos enfocaremos en los accidentes automovil\u00edsticos en Brentwood, sus consecuencias y como uno de nuestros abogados expertos puede asistirlo.<\/p>\n<p><img decoding=\"async\" class=\"aligncenter wp-image-27064\" src=\"https:\/\/www.malloy-law.com\/wp-content\/uploads\/2025\/05\/DISTRACTED-02.jpg\" alt=\"Accidentes Automovil\u00edsticos en Brentwood\" width=\"515\" height=\"343\" srcset=\"https:\/\/www.malloy-law.com\/wp-content\/uploads\/2025\/05\/DISTRACTED-02.jpg 768w, https:\/\/www.malloy-law.com\/wp-content\/uploads\/2025\/05\/DISTRACTED-02-300x200.jpg 300w\" sizes=\"(max-width: 515px) 100vw, 515px\" \/><\/p>\n<h2>Tipos de Accidentes Automovil\u00edsticos en Brentwood<\/h2>\n<p>Como se ha notado, existen distintos tipos de veh\u00edculos motorizados hoy en d\u00eda. Debido a esto, las circunstancias y consecuencias var\u00edan en gravedad. Generalmente entre los m\u00e1s comunes se encuentran los siguientes:<\/p>\n<ol>\n<li>Accidentes de Carro<\/li>\n<li>Accidentes de Bicicleta<\/li>\n<li>Accidentes de Motocicleta<\/li>\n<li>Accidentes de Autob\u00fas<\/li>\n<li>Accidentes de Monopat\u00edn<\/li>\n<li>Accidentes de Cami\u00f3n<\/li>\n<li>Accidentes de Uber o Lyft<\/li>\n<li>Colisiones M\u00faltiples<\/li>\n<li>Colisiones Traseras<\/li>\n<li>Colisiones Fronteras<\/li>\n<li>Colisiones Laterales<\/li>\n<\/ol>\n<h2>Consecuencias de sufrir accidentes automovil\u00edsticos en Brentwood<\/h2>\n<p>Es incuestionable que las victimas tienden a sufrir de varios tipos de consecuencias. Siempre que uno sufre de un accidente, debe conseguir la atenci\u00f3n medica lo antes posible. Aun cuando estas aparenten ser menores ya que pueden tardar horas e inclusive d\u00edas en manifestarse. Es m\u00e1s, pueden presentar complicaciones. Entre las lesiones m\u00e1s comunes que uno puede sufrir luego de un accidente automovil\u00edstico se encuentran las siguientes:<\/p>\n<ul>\n<li>Lesiones Cerebrales traum\u00e1ticas<\/li>\n<li>Lesiones de Columna<\/li>\n<li>Concusiones<\/li>\n<li>Rotura de Huesos<\/li>\n<li>Dislocaciones<\/li>\n<li>Laceraciones<\/li>\n<li>Amputaciones<\/li>\n<li>Quemaduras<\/li>\n<li>Moretones<\/li>\n<\/ul>\n<h2>\u00bfC\u00f3mo uno debe proceder en estos casos?<\/h2>\n<p>Primero que nada, recomendamos en seguir ciertos <a href=\"https:\/\/www.nolo.com\/legal-encyclopedia\/what-to-do-after-a-car-accident.html\">pasos<\/a> para proteger sus derechos. Es primordial contactar a los servicios de emergencias necesarios. Estos incluyen a los servicios m\u00e9dicos y policiales. Los \u00faltimos se encargar\u00e1n de realizar reportes policiales detallando su accidente. Est\u00e1 claro que esta es una pieza elemental en casos de lesiones personales.<\/p>\n<p>Adem\u00e1s, animamos a las v\u00edctimas a intercambiar informaci\u00f3n con el conductor responsable y testigos. Adem\u00e1s, debe documentar la escena del accidente por medio de videos y fotograf\u00edas con su aparato m\u00f3vil. Finalmente contacte a un abogado experto de lesiones personales. Estos lo ayudaran a navegar el complicado proceso legal. Negociaran con las compa\u00f1\u00edas de seguro mientras usted se recupera.<\/p>\n<h3>Contacte a un abogado experto de Malloy Law Offices<\/h3>\n<p>Por supuesto que las v\u00edctimas de accidentes automovil\u00edsticos en Brentwood tienen derechos. Sobre todo, aconsejamos en conseguir la mejor representaci\u00f3n legal posible. En <a href=\"https:\/\/www.malloy-law.com\/es\/\">Malloy Law Offices<\/a> tenemos m\u00e1s de 15 a\u00f1os tomando casos de lesiones personales. Podemos ayudarle a presentar un caso s\u00f3lido. Luchamos por sus derechos mientras usted se recupera. Nuestros abogados brindaran su opini\u00f3n experta y recursos necesarios para conseguirle la compensaci\u00f3n que merece. Nuestros abogados son especialistas en accidentes automovil\u00edsticos. <a href=\"https:\/\/www.malloy-law.com\/es\/contactenos\/\">Cont\u00e1ctenos<\/a> hoy mismo para agendar su consulta gratuita.<\/p>\n","protected":false},"excerpt":{"rendered":"<p>Uno puede encontrarse involucrado en un accidente automovil\u00edstico imprevistamente. Desafortunadamente, estos sucesos ocurren diariamente alrededor del pa\u00eds. En cierto modo, las victimas no sufren solamente de da\u00f1os f\u00edsicos. Tambi\u00e9n pueden sufrir de da\u00f1os emocionales y financieros. Por ello, es importante recalcar sobre los derechos. Pueden realizar demandas o reclamos para encontrarse compensados por su accidente&#8230;.<\/p>\n","protected":false},"author":1,"featured_media":0,"parent":27176,"menu_order":0,"comment_status":"closed","ping_status":"closed","template":"","meta":{"_acf_changed":false,"om_disable_all_campaigns":false,"advgb_blocks_editor_width":"","advgb_blocks_columns_visual_guide":"","footnotes":""},"class_list":["post-28703","page","type-page","status-publish","hentry"],"acf":[],"yoast_head":"<!-- This site is optimized with the Yoast SEO Premium plugin v27.4 (Yoast SEO v27.4) - https:\/\/yoast.com\/product\/yoast-seo-premium-wordpress\/ -->\n<title>Accidentes Automovil\u00edsticos en Brentwood - Malloy Law<\/title>\n<meta name=\"description\" content=\"No dude en consultar con nuestro equipo especializado en accidentes automovil\u00edsticos en Brentwood sobre sus derechos gratuitamente.\" \/>\n<meta name=\"robots\" content=\"index, follow, max-snippet:-1, max-image-preview:large, max-video-preview:-1\" \/>\n<link rel=\"canonical\" href=\"https:\/\/www.malloy-law.com\/es\/lesiones-personales\/abogado-de-accidentes-automovilisticos\/abogado-de-accidentes-automovilisticos-en-maryland\/accidentes-automovilisticos-en-brentwood\/\" \/>\n<meta property=\"og:locale\" content=\"es_ES\" \/>\n<meta property=\"og:type\" content=\"article\" \/>\n<meta property=\"og:title\" content=\"Accidentes Automovil\u00edsticos en Brentwood\" \/>\n<meta property=\"og:description\" content=\"No dude en consultar con nuestro equipo especializado en accidentes automovil\u00edsticos en Brentwood sobre sus derechos gratuitamente.\" \/>\n<meta property=\"og:url\" content=\"https:\/\/www.malloy-law.com\/es\/lesiones-personales\/abogado-de-accidentes-automovilisticos\/abogado-de-accidentes-automovilisticos-en-maryland\/accidentes-automovilisticos-en-brentwood\/\" \/>\n<meta property=\"og:site_name\" content=\"Malloy Law\" \/>\n<meta property=\"og:image\" content=\"https:\/\/www.malloy-law.com\/wp-content\/uploads\/2025\/05\/DISTRACTED-02.jpg\" \/>\n\t<meta property=\"og:image:width\" content=\"768\" \/>\n\t<meta property=\"og:image:height\" content=\"512\" \/>\n\t<meta property=\"og:image:type\" content=\"image\/jpeg\" \/>\n<meta name=\"twitter:card\" content=\"summary_large_image\" \/>\n<meta name=\"twitter:label1\" content=\"Tiempo de lectura\" \/>\n\t<meta name=\"twitter:data1\" content=\"3 minutos\" \/>\n<script type=\"application\/ld+json\" class=\"yoast-schema-graph\">{\"@context\":\"https:\\\/\\\/schema.org\",\"@graph\":[{\"@type\":\"WebPage\",\"@id\":\"https:\\\/\\\/www.malloy-law.com\\\/es\\\/lesiones-personales\\\/abogado-de-accidentes-automovilisticos\\\/abogado-de-accidentes-automovilisticos-en-maryland\\\/accidentes-automovilisticos-en-brentwood\\\/\",\"url\":\"https:\\\/\\\/www.malloy-law.com\\\/es\\\/lesiones-personales\\\/abogado-de-accidentes-automovilisticos\\\/abogado-de-accidentes-automovilisticos-en-maryland\\\/accidentes-automovilisticos-en-brentwood\\\/\",\"name\":\"Accidentes Automovil\u00edsticos en Brentwood - Malloy Law\",\"isPartOf\":{\"@id\":\"https:\\\/\\\/www.malloy-law.com\\\/#website\"},\"primaryImageOfPage\":{\"@id\":\"https:\\\/\\\/www.malloy-law.com\\\/es\\\/lesiones-personales\\\/abogado-de-accidentes-automovilisticos\\\/abogado-de-accidentes-automovilisticos-en-maryland\\\/accidentes-automovilisticos-en-brentwood\\\/#primaryimage\"},\"image\":{\"@id\":\"https:\\\/\\\/www.malloy-law.com\\\/es\\\/lesiones-personales\\\/abogado-de-accidentes-automovilisticos\\\/abogado-de-accidentes-automovilisticos-en-maryland\\\/accidentes-automovilisticos-en-brentwood\\\/#primaryimage\"},\"thumbnailUrl\":\"https:\\\/\\\/www.malloy-law.com\\\/wp-content\\\/uploads\\\/2025\\\/05\\\/DISTRACTED-02.jpg\",\"datePublished\":\"2025-08-05T19:15:43+00:00\",\"description\":\"No dude en consultar con nuestro equipo especializado en accidentes automovil\u00edsticos en Brentwood sobre sus derechos gratuitamente.\",\"breadcrumb\":{\"@id\":\"https:\\\/\\\/www.malloy-law.com\\\/es\\\/lesiones-personales\\\/abogado-de-accidentes-automovilisticos\\\/abogado-de-accidentes-automovilisticos-en-maryland\\\/accidentes-automovilisticos-en-brentwood\\\/#breadcrumb\"},\"inLanguage\":\"es\",\"potentialAction\":[{\"@type\":\"ReadAction\",\"target\":[\"https:\\\/\\\/www.malloy-law.com\\\/es\\\/lesiones-personales\\\/abogado-de-accidentes-automovilisticos\\\/abogado-de-accidentes-automovilisticos-en-maryland\\\/accidentes-automovilisticos-en-brentwood\\\/\"]}]},{\"@type\":\"ImageObject\",\"inLanguage\":\"es\",\"@id\":\"https:\\\/\\\/www.malloy-law.com\\\/es\\\/lesiones-personales\\\/abogado-de-accidentes-automovilisticos\\\/abogado-de-accidentes-automovilisticos-en-maryland\\\/accidentes-automovilisticos-en-brentwood\\\/#primaryimage\",\"url\":\"https:\\\/\\\/www.malloy-law.com\\\/wp-content\\\/uploads\\\/2025\\\/05\\\/DISTRACTED-02.jpg\",\"contentUrl\":\"https:\\\/\\\/www.malloy-law.com\\\/wp-content\\\/uploads\\\/2025\\\/05\\\/DISTRACTED-02.jpg\"},{\"@type\":\"BreadcrumbList\",\"@id\":\"https:\\\/\\\/www.malloy-law.com\\\/es\\\/lesiones-personales\\\/abogado-de-accidentes-automovilisticos\\\/abogado-de-accidentes-automovilisticos-en-maryland\\\/accidentes-automovilisticos-en-brentwood\\\/#breadcrumb\",\"itemListElement\":[{\"@type\":\"ListItem\",\"position\":1,\"name\":\"Home\",\"item\":\"https:\\\/\\\/www.malloy-law.com\\\/es\\\/\"},{\"@type\":\"ListItem\",\"position\":2,\"name\":\"Lesiones Personales\",\"item\":\"https:\\\/\\\/www.malloy-law.com\\\/es\\\/lesiones-personales\\\/\"},{\"@type\":\"ListItem\",\"position\":3,\"name\":\"Abogado de Accidentes Automovil\u00edsticos\",\"item\":\"https:\\\/\\\/www.malloy-law.com\\\/es\\\/lesiones-personales\\\/abogado-de-accidentes-automovilisticos\\\/\"},{\"@type\":\"ListItem\",\"position\":4,\"name\":\"Abogado de Accidentes Automovil\u00edsticos en Maryland\",\"item\":\"https:\\\/\\\/www.malloy-law.com\\\/es\\\/lesiones-personales\\\/abogado-de-accidentes-automovilisticos\\\/abogado-de-accidentes-automovilisticos-en-maryland\\\/\"},{\"@type\":\"ListItem\",\"position\":5,\"name\":\"Accidentes Automovil\u00edsticos en Brentwood\"}]},{\"@type\":\"WebSite\",\"@id\":\"https:\\\/\\\/www.malloy-law.com\\\/#website\",\"url\":\"https:\\\/\\\/www.malloy-law.com\\\/\",\"name\":\"Malloy Law\",\"description\":\"\",\"publisher\":{\"@id\":\"https:\\\/\\\/www.malloy-law.com\\\/#organization\"},\"potentialAction\":[{\"@type\":\"SearchAction\",\"target\":{\"@type\":\"EntryPoint\",\"urlTemplate\":\"https:\\\/\\\/www.malloy-law.com\\\/?s={search_term_string}\"},\"query-input\":{\"@type\":\"PropertyValueSpecification\",\"valueRequired\":true,\"valueName\":\"search_term_string\"}}],\"inLanguage\":\"es\"},{\"@type\":\"Organization\",\"@id\":\"https:\\\/\\\/www.malloy-law.com\\\/#organization\",\"name\":\"Malloy Law Offices, LLC\",\"url\":\"https:\\\/\\\/www.malloy-law.com\\\/\",\"logo\":{\"@type\":\"ImageObject\",\"inLanguage\":\"es\",\"@id\":\"https:\\\/\\\/www.malloy-law.com\\\/#\\\/schema\\\/logo\\\/image\\\/\",\"url\":\"https:\\\/\\\/www.malloy-law.com\\\/wp-content\\\/uploads\\\/2019\\\/08\\\/MalloyLaw_Logo_Transparent.png\",\"contentUrl\":\"https:\\\/\\\/www.malloy-law.com\\\/wp-content\\\/uploads\\\/2019\\\/08\\\/MalloyLaw_Logo_Transparent.png\",\"width\":2147,\"height\":558,\"caption\":\"Malloy Law Offices, LLC\"},\"image\":{\"@id\":\"https:\\\/\\\/www.malloy-law.com\\\/#\\\/schema\\\/logo\\\/image\\\/\"}}]}<\/script>\n<!-- \/ Yoast SEO Premium plugin. -->","yoast_head_json":{"title":"Accidentes Automovil\u00edsticos en Brentwood - Malloy Law","description":"No dude en consultar con nuestro equipo especializado en accidentes automovil\u00edsticos en Brentwood sobre sus derechos gratuitamente.","robots":{"index":"index","follow":"follow","max-snippet":"max-snippet:-1","max-image-preview":"max-image-preview:large","max-video-preview":"max-video-preview:-1"},"canonical":"https:\/\/www.malloy-law.com\/es\/lesiones-personales\/abogado-de-accidentes-automovilisticos\/abogado-de-accidentes-automovilisticos-en-maryland\/accidentes-automovilisticos-en-brentwood\/","og_locale":"es_ES","og_type":"article","og_title":"Accidentes Automovil\u00edsticos en Brentwood","og_description":"No dude en consultar con nuestro equipo especializado en accidentes automovil\u00edsticos en Brentwood sobre sus derechos gratuitamente.","og_url":"https:\/\/www.malloy-law.com\/es\/lesiones-personales\/abogado-de-accidentes-automovilisticos\/abogado-de-accidentes-automovilisticos-en-maryland\/accidentes-automovilisticos-en-brentwood\/","og_site_name":"Malloy Law","og_image":[{"width":768,"height":512,"url":"https:\/\/www.malloy-law.com\/wp-content\/uploads\/2025\/05\/DISTRACTED-02.jpg","type":"image\/jpeg"}],"twitter_card":"summary_large_image","twitter_misc":{"Tiempo de lectura":"3 minutos"},"schema":{"@context":"https:\/\/schema.org","@graph":[{"@type":"WebPage","@id":"https:\/\/www.malloy-law.com\/es\/lesiones-personales\/abogado-de-accidentes-automovilisticos\/abogado-de-accidentes-automovilisticos-en-maryland\/accidentes-automovilisticos-en-brentwood\/","url":"https:\/\/www.malloy-law.com\/es\/lesiones-personales\/abogado-de-accidentes-automovilisticos\/abogado-de-accidentes-automovilisticos-en-maryland\/accidentes-automovilisticos-en-brentwood\/","name":"Accidentes Automovil\u00edsticos en Brentwood - Malloy Law","isPartOf":{"@id":"https:\/\/www.malloy-law.com\/#website"},"primaryImageOfPage":{"@id":"https:\/\/www.malloy-law.com\/es\/lesiones-personales\/abogado-de-accidentes-automovilisticos\/abogado-de-accidentes-automovilisticos-en-maryland\/accidentes-automovilisticos-en-brentwood\/#primaryimage"},"image":{"@id":"https:\/\/www.malloy-law.com\/es\/lesiones-personales\/abogado-de-accidentes-automovilisticos\/abogado-de-accidentes-automovilisticos-en-maryland\/accidentes-automovilisticos-en-brentwood\/#primaryimage"},"thumbnailUrl":"https:\/\/www.malloy-law.com\/wp-content\/uploads\/2025\/05\/DISTRACTED-02.jpg","datePublished":"2025-08-05T19:15:43+00:00","description":"No dude en consultar con nuestro equipo especializado en accidentes automovil\u00edsticos en Brentwood sobre sus derechos gratuitamente.","breadcrumb":{"@id":"https:\/\/www.malloy-law.com\/es\/lesiones-personales\/abogado-de-accidentes-automovilisticos\/abogado-de-accidentes-automovilisticos-en-maryland\/accidentes-automovilisticos-en-brentwood\/#breadcrumb"},"inLanguage":"es","potentialAction":[{"@type":"ReadAction","target":["https:\/\/www.malloy-law.com\/es\/lesiones-personales\/abogado-de-accidentes-automovilisticos\/abogado-de-accidentes-automovilisticos-en-maryland\/accidentes-automovilisticos-en-brentwood\/"]}]},{"@type":"ImageObject","inLanguage":"es","@id":"https:\/\/www.malloy-law.com\/es\/lesiones-personales\/abogado-de-accidentes-automovilisticos\/abogado-de-accidentes-automovilisticos-en-maryland\/accidentes-automovilisticos-en-brentwood\/#primaryimage","url":"https:\/\/www.malloy-law.com\/wp-content\/uploads\/2025\/05\/DISTRACTED-02.jpg","contentUrl":"https:\/\/www.malloy-law.com\/wp-content\/uploads\/2025\/05\/DISTRACTED-02.jpg"},{"@type":"BreadcrumbList","@id":"https:\/\/www.malloy-law.com\/es\/lesiones-personales\/abogado-de-accidentes-automovilisticos\/abogado-de-accidentes-automovilisticos-en-maryland\/accidentes-automovilisticos-en-brentwood\/#breadcrumb","itemListElement":[{"@type":"ListItem","position":1,"name":"Home","item":"https:\/\/www.malloy-law.com\/es\/"},{"@type":"ListItem","position":2,"name":"Lesiones Personales","item":"https:\/\/www.malloy-law.com\/es\/lesiones-personales\/"},{"@type":"ListItem","position":3,"name":"Abogado de Accidentes Automovil\u00edsticos","item":"https:\/\/www.malloy-law.com\/es\/lesiones-personales\/abogado-de-accidentes-automovilisticos\/"},{"@type":"ListItem","position":4,"name":"Abogado de Accidentes Automovil\u00edsticos en Maryland","item":"https:\/\/www.malloy-law.com\/es\/lesiones-personales\/abogado-de-accidentes-automovilisticos\/abogado-de-accidentes-automovilisticos-en-maryland\/"},{"@type":"ListItem","position":5,"name":"Accidentes Automovil\u00edsticos en Brentwood"}]},{"@type":"WebSite","@id":"https:\/\/www.malloy-law.com\/#website","url":"https:\/\/www.malloy-law.com\/","name":"Malloy Law","description":"","publisher":{"@id":"https:\/\/www.malloy-law.com\/#organization"},"potentialAction":[{"@type":"SearchAction","target":{"@type":"EntryPoint","urlTemplate":"https:\/\/www.malloy-law.com\/?s={search_term_string}"},"query-input":{"@type":"PropertyValueSpecification","valueRequired":true,"valueName":"search_term_string"}}],"inLanguage":"es"},{"@type":"Organization","@id":"https:\/\/www.malloy-law.com\/#organization","name":"Malloy Law Offices, LLC","url":"https:\/\/www.malloy-law.com\/","logo":{"@type":"ImageObject","inLanguage":"es","@id":"https:\/\/www.malloy-law.com\/#\/schema\/logo\/image\/","url":"https:\/\/www.malloy-law.com\/wp-content\/uploads\/2019\/08\/MalloyLaw_Logo_Transparent.png","contentUrl":"https:\/\/www.malloy-law.com\/wp-content\/uploads\/2019\/08\/MalloyLaw_Logo_Transparent.png","width":2147,"height":558,"caption":"Malloy Law Offices, LLC"},"image":{"@id":"https:\/\/www.malloy-law.com\/#\/schema\/logo\/image\/"}}]}},"coauthors":[],"author_meta":{"author_link":"https:\/\/www.malloy-law.com\/es\/author\/admin\/","display_name":"admin"},"relative_dates":{"created":"Publicado 9 meses hace","modified":"Actualizado 9 meses hace"},"absolute_dates":{"created":"Publicado el 5 de agosto de 2025","modified":"Actualizado el 5 de agosto de 2025"},"absolute_dates_time":{"created":"Publicado el 5 de agosto de 2025 15:15","modified":"Actualizado el 5 de agosto de 2025 15:15"},"featured_img_caption":"","featured_img":false,"series_order":"","_links":{"self":[{"href":"https:\/\/www.malloy-law.com\/es\/wp-json\/wp\/v2\/pages\/28703","targetHints":{"allow":["GET"]}}],"collection":[{"href":"https:\/\/www.malloy-law.com\/es\/wp-json\/wp\/v2\/pages"}],"about":[{"href":"https:\/\/www.malloy-law.com\/es\/wp-json\/wp\/v2\/types\/page"}],"author":[{"embeddable":true,"href":"https:\/\/www.malloy-law.com\/es\/wp-json\/wp\/v2\/users\/1"}],"replies":[{"embeddable":true,"href":"https:\/\/www.malloy-law.com\/es\/wp-json\/wp\/v2\/comments?post=28703"}],"version-history":[{"count":0,"href":"https:\/\/www.malloy-law.com\/es\/wp-json\/wp\/v2\/pages\/28703\/revisions"}],"up":[{"embeddable":true,"href":"https:\/\/www.malloy-law.com\/es\/wp-json\/wp\/v2\/pages\/27176"}],"wp:attachment":[{"href":"https:\/\/www.malloy-law.com\/es\/wp-json\/wp\/v2\/media?parent=28703"}],"curies":[{"name":"wp","href":"https:\/\/api.w.org\/{rel}","templated":true}]}}