{"id":32995,"date":"2026-05-01T08:00:40","date_gmt":"2026-05-01T12:00:40","guid":{"rendered":"https:\/\/www.malloy-law.com\/?page_id=32995"},"modified":"2026-04-28T15:02:44","modified_gmt":"2026-04-28T19:02:44","slug":"noticiario-semanal-choque-en-las-vias-de-metro","status":"publish","type":"page","link":"https:\/\/www.malloy-law.com\/es\/noticiario-semanal-choque-en-las-vias-de-metro\/","title":{"rendered":"Noticiario Semanal: Choque en las v\u00edas de Metro"},"content":{"rendered":"<p>Un choque en las v\u00edas de Metro de Washington DC ha generado gran preocupaci\u00f3n entre residentes y autoridades. Este incidente dejo m\u00faltiples heridos y provoco interrupciones significativas en el servicio. El accidente fue registrado durante las altas horas de la noche. Aunque estos son poco frecuentes, aparte de generar interrupciones significativas. Afectan a miles de usuarios y requieren una respuesta inmediata por partes de los equipos de emergencias. La evaluaci\u00f3n de pasajeros, los da\u00f1os y la atenci\u00f3n medica son algunas de las acciones que se llevan a cabo tras un suceso de esta magnitud.<\/p>\n<p>Las causas de un choque de trenes pueden variar. Desde fallas mec\u00e1nicas hasta errores humanos e inclusive problemas en los sistemas de control y se\u00f1alizaci\u00f3n. Estos tipos de situaciones resaltan la importancia de los protocolos de seguridad estrictos. Como tambien los sistemas de monitoreos eficientes dentro del sistema de transporte p\u00fablico. Adem\u00e1s, destacan la necesidad de realizar investigaciones exhaustivas para prevenir futuros accidentes y garantizar la seguridad de quienes dependen diariamente del Metro como medio de transporte. A continuaci\u00f3n, hablaremos sobre el choque de trenes en el Metro de Washington DC, que hacer en estos casos y como Malloy Law puede ayudarlo en su reclamo legal.<\/p>\n<p style=\"text-align: center;\"><img decoding=\"async\" class=\"aligncenter  wp-image-32996\" src=\"https:\/\/www.malloy-law.com\/wp-content\/uploads\/2026\/04\/Spanish_01-3-1024x474.webp\" alt=\"Choque en las v\u00edas de Metro de Washington DC\" width=\"743\" height=\"344\" srcset=\"https:\/\/www.malloy-law.com\/wp-content\/uploads\/2026\/04\/Spanish_01-3-1024x474.webp 1024w, https:\/\/www.malloy-law.com\/wp-content\/uploads\/2026\/04\/Spanish_01-3-300x139.webp 300w, https:\/\/www.malloy-law.com\/wp-content\/uploads\/2026\/04\/Spanish_01-3-768x356.webp 768w, https:\/\/www.malloy-law.com\/wp-content\/uploads\/2026\/04\/Spanish_01-3.webp 1200w\" sizes=\"(max-width: 743px) 100vw, 743px\" \/><\/p>\n<h2>Detalles sobre el choque en las v\u00edas de Metro de Washington DC<\/h2>\n<p>Diariamente, miles de usuarios utilizan transportes p\u00fablicos en el \u00e1rea del DMV, uno de los mas utilizados es el Metro. Recientemente, el 22 de abril para ser m\u00e1s exactos, un vehiculo de trabajo choco contra tren de pasajeros de la l\u00ednea Silver despu\u00e9s de la media noche. Alrededor de 27 pasajeros se encontraban a bordo en el momento del choque, donde 11 personas resultaron lesionadas. Luego de una investigaci\u00f3n las autoridades declararon que no hubo problemas graves con la infraestructura. Adem\u00e1s, el accidente genero retrasos en ambas direcciones. Limito as\u00ed las opciones de viaje para pasajeros viajando en las l\u00edneas Silver, Orange y Blue.<\/p>\n<p style=\"text-align: center;\"><img decoding=\"async\" class=\"aligncenter  wp-image-32997\" src=\"https:\/\/www.malloy-law.com\/wp-content\/uploads\/2026\/04\/Spanish_02-3-1024x474.webp\" alt=\"Detalles sobre el choque en las v\u00edas de Metro de Washington DC\" width=\"871\" height=\"403\" srcset=\"https:\/\/www.malloy-law.com\/wp-content\/uploads\/2026\/04\/Spanish_02-3-1024x474.webp 1024w, https:\/\/www.malloy-law.com\/wp-content\/uploads\/2026\/04\/Spanish_02-3-300x139.webp 300w, https:\/\/www.malloy-law.com\/wp-content\/uploads\/2026\/04\/Spanish_02-3-768x356.webp 768w, https:\/\/www.malloy-law.com\/wp-content\/uploads\/2026\/04\/Spanish_02-3.webp 1200w\" sizes=\"(max-width: 871px) 100vw, 871px\" \/><\/p>\n<h2>\u00bfQu\u00e9 debe hacer si resulta accidentado de esta manera?<\/h2>\n<p>Como lo mencionamos, estos accidentes son de gran escala. Las victimas pueden resultar abrumadas por la magnitud del accidente. Por ello, si resulta involucrado en un choque en las v\u00edas de Metro, es importante tomar ciertos pasos para proteger su bienestar y sus derechos. En primer lugar, La seguridad personal siempre debe ser su prioridad, por lo que es importante seguir las indicaciones de los equipos de emergencias y evacuar el \u00e1rea. Luego debe buscar la atenci\u00f3n medica inmediata, incluso si cree que sus lesiones son leves ya que estas pueden tomar horas e inclusive d\u00edas en manifestarse. As\u00ed mismo recomendamos en documentar todo lo relacionado con el accidente. Tome fotograf\u00edas y videos de la escena del accidente con su celular y anote detalles sobre lo ocurrido. Siempre que sea posible, obtenga la informaci\u00f3n de contacto de testigos.<\/p>\n<p>Las victimas afectadas deben reportar el incidente a las autoridades correspondientes, especialmente los agentes en la escena del accidente. Tambi\u00e9n es importante conservar cualquier reporte medico o documentos relacionados a las consecuencias del accidente. Finalmente recomendamos en contactar a un abogado especializado para orientarlo durante su proceso legal.<\/p>\n<p style=\"text-align: center;\"><img decoding=\"async\" class=\"aligncenter size-large wp-image-32998\" src=\"https:\/\/www.malloy-law.com\/wp-content\/uploads\/2026\/04\/Spanish_03-1-1024x474.webp\" alt=\"\u00bfQu\u00e9 debe hacer si resulta accidentado de esta manera?\" width=\"1024\" height=\"474\" srcset=\"https:\/\/www.malloy-law.com\/wp-content\/uploads\/2026\/04\/Spanish_03-1-1024x474.webp 1024w, https:\/\/www.malloy-law.com\/wp-content\/uploads\/2026\/04\/Spanish_03-1-300x139.webp 300w, https:\/\/www.malloy-law.com\/wp-content\/uploads\/2026\/04\/Spanish_03-1-768x356.webp 768w, https:\/\/www.malloy-law.com\/wp-content\/uploads\/2026\/04\/Spanish_03-1.webp 1200w\" sizes=\"(max-width: 1024px) 100vw, 1024px\" \/><\/p>\n<h3>Porque elegir a Malloy Law Offices<\/h3>\n<p>Aunque los choques en las v\u00edas de Metro no son accidentes comunes, pueden ocurrir y resultar en consecuencias graves. Las victimas merecen justicia y enfatizamos que actuar de manera informada puede marcar una gran diferencia en el proceso de recuperaci\u00f3n tanto f\u00edsica como legal. En <a href=\"https:\/\/www.malloy-law.com\/es\/\">Malloy Law Offices<\/a> tenemos m\u00e1s de 15 a\u00f1os tomando casos de lesiones personales. No solamente contamos con un equipo especializado en esta \u00e1rea, sino que tambi\u00e9n nos encontramos ubicamos alrededor del \u00e1rea de DMV para su conveniencia. <a href=\"https:\/\/www.malloy-law.com\/es\/contactenos\/\">Cont\u00e1ctenos<\/a> hoy mismo para agendar su consulta gratuita con nosotros.<\/p>\n","protected":false},"excerpt":{"rendered":"<p>Un choque en las v\u00edas de Metro de Washington DC ha generado gran preocupaci\u00f3n entre residentes y autoridades. Este incidente dejo m\u00faltiples heridos y provoco interrupciones significativas en el servicio. El accidente fue registrado durante las altas horas de la noche. Aunque estos son poco frecuentes, aparte de generar interrupciones significativas. Afectan a miles de&#8230;<\/p>\n","protected":false},"author":1,"featured_media":0,"parent":0,"menu_order":0,"comment_status":"closed","ping_status":"closed","template":"","meta":{"_acf_changed":false,"om_disable_all_campaigns":false,"advgb_blocks_editor_width":"","advgb_blocks_columns_visual_guide":"","footnotes":""},"class_list":["post-32995","page","type-page","status-publish","hentry"],"acf":[],"yoast_head":"<!-- This site is optimized with the Yoast SEO Premium plugin v27.4 (Yoast SEO v27.4) - https:\/\/yoast.com\/product\/yoast-seo-premium-wordpress\/ -->\n<title>Noticiario Semanal: Choque en las v\u00edas de Metro<\/title>\n<meta name=\"description\" content=\"La semana anterior los servicios de emergencias atendieron un choque en las v\u00edas de Metro. En este articulo hablaremos sobre los detalles.\" \/>\n<meta name=\"robots\" content=\"index, follow, max-snippet:-1, max-image-preview:large, max-video-preview:-1\" \/>\n<link rel=\"canonical\" href=\"https:\/\/www.malloy-law.com\/es\/noticiario-semanal-choque-en-las-vias-de-metro\/\" \/>\n<meta property=\"og:locale\" content=\"es_ES\" \/>\n<meta property=\"og:type\" content=\"article\" \/>\n<meta property=\"og:title\" content=\"Noticiario Semanal: Choque en las v\u00edas de Metro\" \/>\n<meta property=\"og:description\" content=\"La semana anterior los servicios de emergencias atendieron un choque en las v\u00edas de Metro. En este articulo hablaremos sobre los detalles.\" \/>\n<meta property=\"og:url\" content=\"https:\/\/www.malloy-law.com\/es\/noticiario-semanal-choque-en-las-vias-de-metro\/\" \/>\n<meta property=\"og:site_name\" content=\"Malloy Law\" \/>\n<meta property=\"og:image\" content=\"https:\/\/www.malloy-law.com\/wp-content\/uploads\/2026\/04\/Spanish_01-3.webp\" \/>\n\t<meta property=\"og:image:width\" content=\"1200\" \/>\n\t<meta property=\"og:image:height\" content=\"556\" \/>\n\t<meta property=\"og:image:type\" content=\"image\/webp\" \/>\n<meta name=\"twitter:card\" content=\"summary_large_image\" \/>\n<meta name=\"twitter:label1\" content=\"Tiempo de lectura\" \/>\n\t<meta name=\"twitter:data1\" content=\"4 minutos\" \/>\n<script type=\"application\/ld+json\" class=\"yoast-schema-graph\">{\"@context\":\"https:\\\/\\\/schema.org\",\"@graph\":[{\"@type\":\"WebPage\",\"@id\":\"https:\\\/\\\/www.malloy-law.com\\\/es\\\/noticiario-semanal-choque-en-las-vias-de-metro\\\/\",\"url\":\"https:\\\/\\\/www.malloy-law.com\\\/es\\\/noticiario-semanal-choque-en-las-vias-de-metro\\\/\",\"name\":\"Noticiario Semanal: Choque en las v\u00edas de Metro\",\"isPartOf\":{\"@id\":\"https:\\\/\\\/www.malloy-law.com\\\/#website\"},\"primaryImageOfPage\":{\"@id\":\"https:\\\/\\\/www.malloy-law.com\\\/es\\\/noticiario-semanal-choque-en-las-vias-de-metro\\\/#primaryimage\"},\"image\":{\"@id\":\"https:\\\/\\\/www.malloy-law.com\\\/es\\\/noticiario-semanal-choque-en-las-vias-de-metro\\\/#primaryimage\"},\"thumbnailUrl\":\"https:\\\/\\\/www.malloy-law.com\\\/wp-content\\\/uploads\\\/2026\\\/04\\\/Spanish_01-3-1024x474.webp\",\"datePublished\":\"2026-05-01T12:00:40+00:00\",\"description\":\"La semana anterior los servicios de emergencias atendieron un choque en las v\u00edas de Metro. En este articulo hablaremos sobre los detalles.\",\"breadcrumb\":{\"@id\":\"https:\\\/\\\/www.malloy-law.com\\\/es\\\/noticiario-semanal-choque-en-las-vias-de-metro\\\/#breadcrumb\"},\"inLanguage\":\"es\",\"potentialAction\":[{\"@type\":\"ReadAction\",\"target\":[\"https:\\\/\\\/www.malloy-law.com\\\/es\\\/noticiario-semanal-choque-en-las-vias-de-metro\\\/\"]}]},{\"@type\":\"ImageObject\",\"inLanguage\":\"es\",\"@id\":\"https:\\\/\\\/www.malloy-law.com\\\/es\\\/noticiario-semanal-choque-en-las-vias-de-metro\\\/#primaryimage\",\"url\":\"https:\\\/\\\/www.malloy-law.com\\\/wp-content\\\/uploads\\\/2026\\\/04\\\/Spanish_01-3-1024x474.webp\",\"contentUrl\":\"https:\\\/\\\/www.malloy-law.com\\\/wp-content\\\/uploads\\\/2026\\\/04\\\/Spanish_01-3-1024x474.webp\"},{\"@type\":\"BreadcrumbList\",\"@id\":\"https:\\\/\\\/www.malloy-law.com\\\/es\\\/noticiario-semanal-choque-en-las-vias-de-metro\\\/#breadcrumb\",\"itemListElement\":[{\"@type\":\"ListItem\",\"position\":1,\"name\":\"Home\",\"item\":\"https:\\\/\\\/www.malloy-law.com\\\/es\\\/\"},{\"@type\":\"ListItem\",\"position\":2,\"name\":\"Noticiario Semanal: Choque en las v\u00edas de Metro\"}]},{\"@type\":\"WebSite\",\"@id\":\"https:\\\/\\\/www.malloy-law.com\\\/#website\",\"url\":\"https:\\\/\\\/www.malloy-law.com\\\/\",\"name\":\"Malloy Law\",\"description\":\"\",\"publisher\":{\"@id\":\"https:\\\/\\\/www.malloy-law.com\\\/#organization\"},\"potentialAction\":[{\"@type\":\"SearchAction\",\"target\":{\"@type\":\"EntryPoint\",\"urlTemplate\":\"https:\\\/\\\/www.malloy-law.com\\\/?s={search_term_string}\"},\"query-input\":{\"@type\":\"PropertyValueSpecification\",\"valueRequired\":true,\"valueName\":\"search_term_string\"}}],\"inLanguage\":\"es\"},{\"@type\":\"Organization\",\"@id\":\"https:\\\/\\\/www.malloy-law.com\\\/#organization\",\"name\":\"Malloy Law Offices, LLC\",\"url\":\"https:\\\/\\\/www.malloy-law.com\\\/\",\"logo\":{\"@type\":\"ImageObject\",\"inLanguage\":\"es\",\"@id\":\"https:\\\/\\\/www.malloy-law.com\\\/#\\\/schema\\\/logo\\\/image\\\/\",\"url\":\"https:\\\/\\\/www.malloy-law.com\\\/wp-content\\\/uploads\\\/2019\\\/08\\\/MalloyLaw_Logo_Transparent.png\",\"contentUrl\":\"https:\\\/\\\/www.malloy-law.com\\\/wp-content\\\/uploads\\\/2019\\\/08\\\/MalloyLaw_Logo_Transparent.png\",\"width\":2147,\"height\":558,\"caption\":\"Malloy Law Offices, LLC\"},\"image\":{\"@id\":\"https:\\\/\\\/www.malloy-law.com\\\/#\\\/schema\\\/logo\\\/image\\\/\"}}]}<\/script>\n<!-- \/ Yoast SEO Premium plugin. -->","yoast_head_json":{"title":"Noticiario Semanal: Choque en las v\u00edas de Metro","description":"La semana anterior los servicios de emergencias atendieron un choque en las v\u00edas de Metro. En este articulo hablaremos sobre los detalles.","robots":{"index":"index","follow":"follow","max-snippet":"max-snippet:-1","max-image-preview":"max-image-preview:large","max-video-preview":"max-video-preview:-1"},"canonical":"https:\/\/www.malloy-law.com\/es\/noticiario-semanal-choque-en-las-vias-de-metro\/","og_locale":"es_ES","og_type":"article","og_title":"Noticiario Semanal: Choque en las v\u00edas de Metro","og_description":"La semana anterior los servicios de emergencias atendieron un choque en las v\u00edas de Metro. En este articulo hablaremos sobre los detalles.","og_url":"https:\/\/www.malloy-law.com\/es\/noticiario-semanal-choque-en-las-vias-de-metro\/","og_site_name":"Malloy Law","og_image":[{"width":1200,"height":556,"url":"https:\/\/www.malloy-law.com\/wp-content\/uploads\/2026\/04\/Spanish_01-3.webp","type":"image\/webp"}],"twitter_card":"summary_large_image","twitter_misc":{"Tiempo de lectura":"4 minutos"},"schema":{"@context":"https:\/\/schema.org","@graph":[{"@type":"WebPage","@id":"https:\/\/www.malloy-law.com\/es\/noticiario-semanal-choque-en-las-vias-de-metro\/","url":"https:\/\/www.malloy-law.com\/es\/noticiario-semanal-choque-en-las-vias-de-metro\/","name":"Noticiario Semanal: Choque en las v\u00edas de Metro","isPartOf":{"@id":"https:\/\/www.malloy-law.com\/#website"},"primaryImageOfPage":{"@id":"https:\/\/www.malloy-law.com\/es\/noticiario-semanal-choque-en-las-vias-de-metro\/#primaryimage"},"image":{"@id":"https:\/\/www.malloy-law.com\/es\/noticiario-semanal-choque-en-las-vias-de-metro\/#primaryimage"},"thumbnailUrl":"https:\/\/www.malloy-law.com\/wp-content\/uploads\/2026\/04\/Spanish_01-3-1024x474.webp","datePublished":"2026-05-01T12:00:40+00:00","description":"La semana anterior los servicios de emergencias atendieron un choque en las v\u00edas de Metro. En este articulo hablaremos sobre los detalles.","breadcrumb":{"@id":"https:\/\/www.malloy-law.com\/es\/noticiario-semanal-choque-en-las-vias-de-metro\/#breadcrumb"},"inLanguage":"es","potentialAction":[{"@type":"ReadAction","target":["https:\/\/www.malloy-law.com\/es\/noticiario-semanal-choque-en-las-vias-de-metro\/"]}]},{"@type":"ImageObject","inLanguage":"es","@id":"https:\/\/www.malloy-law.com\/es\/noticiario-semanal-choque-en-las-vias-de-metro\/#primaryimage","url":"https:\/\/www.malloy-law.com\/wp-content\/uploads\/2026\/04\/Spanish_01-3-1024x474.webp","contentUrl":"https:\/\/www.malloy-law.com\/wp-content\/uploads\/2026\/04\/Spanish_01-3-1024x474.webp"},{"@type":"BreadcrumbList","@id":"https:\/\/www.malloy-law.com\/es\/noticiario-semanal-choque-en-las-vias-de-metro\/#breadcrumb","itemListElement":[{"@type":"ListItem","position":1,"name":"Home","item":"https:\/\/www.malloy-law.com\/es\/"},{"@type":"ListItem","position":2,"name":"Noticiario Semanal: Choque en las v\u00edas de Metro"}]},{"@type":"WebSite","@id":"https:\/\/www.malloy-law.com\/#website","url":"https:\/\/www.malloy-law.com\/","name":"Malloy Law","description":"","publisher":{"@id":"https:\/\/www.malloy-law.com\/#organization"},"potentialAction":[{"@type":"SearchAction","target":{"@type":"EntryPoint","urlTemplate":"https:\/\/www.malloy-law.com\/?s={search_term_string}"},"query-input":{"@type":"PropertyValueSpecification","valueRequired":true,"valueName":"search_term_string"}}],"inLanguage":"es"},{"@type":"Organization","@id":"https:\/\/www.malloy-law.com\/#organization","name":"Malloy Law Offices, LLC","url":"https:\/\/www.malloy-law.com\/","logo":{"@type":"ImageObject","inLanguage":"es","@id":"https:\/\/www.malloy-law.com\/#\/schema\/logo\/image\/","url":"https:\/\/www.malloy-law.com\/wp-content\/uploads\/2019\/08\/MalloyLaw_Logo_Transparent.png","contentUrl":"https:\/\/www.malloy-law.com\/wp-content\/uploads\/2019\/08\/MalloyLaw_Logo_Transparent.png","width":2147,"height":558,"caption":"Malloy Law Offices, LLC"},"image":{"@id":"https:\/\/www.malloy-law.com\/#\/schema\/logo\/image\/"}}]}},"coauthors":[],"author_meta":{"author_link":"https:\/\/www.malloy-law.com\/es\/author\/admin\/","display_name":"admin"},"relative_dates":{"created":"Publicado 2 semanas hace","modified":"Actualizado 2 semanas hace"},"absolute_dates":{"created":"Publicado el 1 de mayo de 2026","modified":"Actualizado el 28 de abril de 2026"},"absolute_dates_time":{"created":"Publicado el 1 de mayo de 2026 08:00","modified":"Actualizado el 28 de abril de 2026 15:02"},"featured_img_caption":"","featured_img":false,"series_order":"","_links":{"self":[{"href":"https:\/\/www.malloy-law.com\/es\/wp-json\/wp\/v2\/pages\/32995","targetHints":{"allow":["GET"]}}],"collection":[{"href":"https:\/\/www.malloy-law.com\/es\/wp-json\/wp\/v2\/pages"}],"about":[{"href":"https:\/\/www.malloy-law.com\/es\/wp-json\/wp\/v2\/types\/page"}],"author":[{"embeddable":true,"href":"https:\/\/www.malloy-law.com\/es\/wp-json\/wp\/v2\/users\/1"}],"replies":[{"embeddable":true,"href":"https:\/\/www.malloy-law.com\/es\/wp-json\/wp\/v2\/comments?post=32995"}],"version-history":[{"count":0,"href":"https:\/\/www.malloy-law.com\/es\/wp-json\/wp\/v2\/pages\/32995\/revisions"}],"wp:attachment":[{"href":"https:\/\/www.malloy-law.com\/es\/wp-json\/wp\/v2\/media?parent=32995"}],"curies":[{"name":"wp","href":"https:\/\/api.w.org\/{rel}","templated":true}]}}