{"id":3689,"date":"2020-07-06T03:07:18","date_gmt":"2020-07-06T07:07:18","guid":{"rendered":"https:\/\/malloytestcloud.kinsta.cloud\/?page_id=3689"},"modified":"2025-08-19T08:59:19","modified_gmt":"2025-08-19T12:59:19","slug":"aleks-shubin","status":"publish","type":"page","link":"https:\/\/www.malloy-law.com\/es\/abogados\/aleks-shubin\/","title":{"rendered":"Aleksandr Shubin, Esq."},"content":{"rendered":"","protected":false},"excerpt":{"rendered":"","protected":false},"author":1,"featured_media":0,"parent":3751,"menu_order":0,"comment_status":"closed","ping_status":"closed","template":"template-profile.php","meta":{"_acf_changed":false,"om_disable_all_campaigns":false,"advgb_blocks_editor_width":"","advgb_blocks_columns_visual_guide":"","footnotes":""},"class_list":["post-3689","page","type-page","status-publish","hentry"],"acf":[],"yoast_head":"<!-- This site is optimized with the Yoast SEO Premium plugin v27.4 (Yoast SEO v27.4) - https:\/\/yoast.com\/product\/yoast-seo-premium-wordpress\/ -->\n<title>Aleksandr Shubin, Esq. - Malloy Law<\/title>\n<meta name=\"description\" content=\"El Sr. Shubin ha litigado y defendido una variedad de casos en tribunales de Maryland, del Distrito de Columba y del norte de Virginia frente a jueces y jurados. Su enfoque principal es representar a v\u00edctimas en asuntos de lesiones personales, como por ejemplo casos de accidentes de autom\u00f3viles y de responsabilidad en instalaciones. Adem\u00e1s, el Sr. Shubin representa a clientes en una variedad de asuntos empresariales. Habitualmente proporciona asesoramiento legal a nuevos negocios y redacta documentos org\u00e1nicos para tales negocios.\" \/>\n<meta name=\"robots\" content=\"index, follow, max-snippet:-1, max-image-preview:large, max-video-preview:-1\" \/>\n<link rel=\"canonical\" href=\"https:\/\/www.malloy-law.com\/es\/abogados\/aleks-shubin\/\" \/>\n<meta property=\"og:locale\" content=\"es_ES\" \/>\n<meta property=\"og:type\" content=\"article\" \/>\n<meta property=\"og:title\" content=\"Aleksandr Shubin, Esq.\" \/>\n<meta property=\"og:description\" content=\"El Sr. Shubin ha litigado y defendido una variedad de casos en tribunales de Maryland, del Distrito de Columba y del norte de Virginia frente a jueces y jurados. Su enfoque principal es representar a v\u00edctimas en asuntos de lesiones personales, como por ejemplo casos de accidentes de autom\u00f3viles y de responsabilidad en instalaciones. Adem\u00e1s, el Sr. Shubin representa a clientes en una variedad de asuntos empresariales. Habitualmente proporciona asesoramiento legal a nuevos negocios y redacta documentos org\u00e1nicos para tales negocios.\" \/>\n<meta property=\"og:url\" content=\"https:\/\/www.malloy-law.com\/es\/abogados\/aleks-shubin\/\" \/>\n<meta property=\"og:site_name\" content=\"Malloy Law\" \/>\n<meta property=\"article:modified_time\" content=\"2025-08-19T12:59:19+00:00\" \/>\n<meta name=\"twitter:card\" content=\"summary_large_image\" \/>\n<script type=\"application\/ld+json\" class=\"yoast-schema-graph\">{\"@context\":\"https:\\\/\\\/schema.org\",\"@graph\":[{\"@type\":\"WebPage\",\"@id\":\"https:\\\/\\\/www.malloy-law.com\\\/es\\\/abogados\\\/aleks-shubin\\\/\",\"url\":\"https:\\\/\\\/www.malloy-law.com\\\/es\\\/abogados\\\/aleks-shubin\\\/\",\"name\":\"Aleksandr Shubin, Esq. - Malloy Law\",\"isPartOf\":{\"@id\":\"https:\\\/\\\/www.malloy-law.com\\\/#website\"},\"datePublished\":\"2020-07-06T07:07:18+00:00\",\"dateModified\":\"2025-08-19T12:59:19+00:00\",\"description\":\"El Sr. Shubin ha litigado y defendido una variedad de casos en tribunales de Maryland, del Distrito de Columba y del norte de Virginia frente a jueces y jurados. Su enfoque principal es representar a v\u00edctimas en asuntos de lesiones personales, como por ejemplo casos de accidentes de autom\u00f3viles y de responsabilidad en instalaciones. Adem\u00e1s, el Sr. Shubin representa a clientes en una variedad de asuntos empresariales. Habitualmente proporciona asesoramiento legal a nuevos negocios y redacta documentos org\u00e1nicos para tales negocios.\",\"breadcrumb\":{\"@id\":\"https:\\\/\\\/www.malloy-law.com\\\/es\\\/abogados\\\/aleks-shubin\\\/#breadcrumb\"},\"inLanguage\":\"es\",\"potentialAction\":[{\"@type\":\"ReadAction\",\"target\":[\"https:\\\/\\\/www.malloy-law.com\\\/es\\\/abogados\\\/aleks-shubin\\\/\"]}]},{\"@type\":\"BreadcrumbList\",\"@id\":\"https:\\\/\\\/www.malloy-law.com\\\/es\\\/abogados\\\/aleks-shubin\\\/#breadcrumb\",\"itemListElement\":[{\"@type\":\"ListItem\",\"position\":1,\"name\":\"Home\",\"item\":\"https:\\\/\\\/www.malloy-law.com\\\/es\\\/\"},{\"@type\":\"ListItem\",\"position\":2,\"name\":\"Conoce el Equipo\",\"item\":\"https:\\\/\\\/www.malloy-law.com\\\/es\\\/abogados\\\/\"},{\"@type\":\"ListItem\",\"position\":3,\"name\":\"Aleksandr Shubin, Esq.\"}]},{\"@type\":\"WebSite\",\"@id\":\"https:\\\/\\\/www.malloy-law.com\\\/#website\",\"url\":\"https:\\\/\\\/www.malloy-law.com\\\/\",\"name\":\"Malloy Law\",\"description\":\"\",\"publisher\":{\"@id\":\"https:\\\/\\\/www.malloy-law.com\\\/#organization\"},\"potentialAction\":[{\"@type\":\"SearchAction\",\"target\":{\"@type\":\"EntryPoint\",\"urlTemplate\":\"https:\\\/\\\/www.malloy-law.com\\\/?s={search_term_string}\"},\"query-input\":{\"@type\":\"PropertyValueSpecification\",\"valueRequired\":true,\"valueName\":\"search_term_string\"}}],\"inLanguage\":\"es\"},{\"@type\":\"Organization\",\"@id\":\"https:\\\/\\\/www.malloy-law.com\\\/#organization\",\"name\":\"Malloy Law Offices, LLC\",\"url\":\"https:\\\/\\\/www.malloy-law.com\\\/\",\"logo\":{\"@type\":\"ImageObject\",\"inLanguage\":\"es\",\"@id\":\"https:\\\/\\\/www.malloy-law.com\\\/#\\\/schema\\\/logo\\\/image\\\/\",\"url\":\"https:\\\/\\\/www.malloy-law.com\\\/wp-content\\\/uploads\\\/2019\\\/08\\\/MalloyLaw_Logo_Transparent.png\",\"contentUrl\":\"https:\\\/\\\/www.malloy-law.com\\\/wp-content\\\/uploads\\\/2019\\\/08\\\/MalloyLaw_Logo_Transparent.png\",\"width\":2147,\"height\":558,\"caption\":\"Malloy Law Offices, LLC\"},\"image\":{\"@id\":\"https:\\\/\\\/www.malloy-law.com\\\/#\\\/schema\\\/logo\\\/image\\\/\"}}]}<\/script>\n<!-- \/ Yoast SEO Premium plugin. -->","yoast_head_json":{"title":"Aleksandr Shubin, Esq. - Malloy Law","description":"El Sr. Shubin ha litigado y defendido una variedad de casos en tribunales de Maryland, del Distrito de Columba y del norte de Virginia frente a jueces y jurados. Su enfoque principal es representar a v\u00edctimas en asuntos de lesiones personales, como por ejemplo casos de accidentes de autom\u00f3viles y de responsabilidad en instalaciones. Adem\u00e1s, el Sr. Shubin representa a clientes en una variedad de asuntos empresariales. Habitualmente proporciona asesoramiento legal a nuevos negocios y redacta documentos org\u00e1nicos para tales negocios.","robots":{"index":"index","follow":"follow","max-snippet":"max-snippet:-1","max-image-preview":"max-image-preview:large","max-video-preview":"max-video-preview:-1"},"canonical":"https:\/\/www.malloy-law.com\/es\/abogados\/aleks-shubin\/","og_locale":"es_ES","og_type":"article","og_title":"Aleksandr Shubin, Esq.","og_description":"El Sr. Shubin ha litigado y defendido una variedad de casos en tribunales de Maryland, del Distrito de Columba y del norte de Virginia frente a jueces y jurados. Su enfoque principal es representar a v\u00edctimas en asuntos de lesiones personales, como por ejemplo casos de accidentes de autom\u00f3viles y de responsabilidad en instalaciones. Adem\u00e1s, el Sr. Shubin representa a clientes en una variedad de asuntos empresariales. Habitualmente proporciona asesoramiento legal a nuevos negocios y redacta documentos org\u00e1nicos para tales negocios.","og_url":"https:\/\/www.malloy-law.com\/es\/abogados\/aleks-shubin\/","og_site_name":"Malloy Law","article_modified_time":"2025-08-19T12:59:19+00:00","twitter_card":"summary_large_image","schema":{"@context":"https:\/\/schema.org","@graph":[{"@type":"WebPage","@id":"https:\/\/www.malloy-law.com\/es\/abogados\/aleks-shubin\/","url":"https:\/\/www.malloy-law.com\/es\/abogados\/aleks-shubin\/","name":"Aleksandr Shubin, Esq. - Malloy Law","isPartOf":{"@id":"https:\/\/www.malloy-law.com\/#website"},"datePublished":"2020-07-06T07:07:18+00:00","dateModified":"2025-08-19T12:59:19+00:00","description":"El Sr. Shubin ha litigado y defendido una variedad de casos en tribunales de Maryland, del Distrito de Columba y del norte de Virginia frente a jueces y jurados. Su enfoque principal es representar a v\u00edctimas en asuntos de lesiones personales, como por ejemplo casos de accidentes de autom\u00f3viles y de responsabilidad en instalaciones. Adem\u00e1s, el Sr. Shubin representa a clientes en una variedad de asuntos empresariales. Habitualmente proporciona asesoramiento legal a nuevos negocios y redacta documentos org\u00e1nicos para tales negocios.","breadcrumb":{"@id":"https:\/\/www.malloy-law.com\/es\/abogados\/aleks-shubin\/#breadcrumb"},"inLanguage":"es","potentialAction":[{"@type":"ReadAction","target":["https:\/\/www.malloy-law.com\/es\/abogados\/aleks-shubin\/"]}]},{"@type":"BreadcrumbList","@id":"https:\/\/www.malloy-law.com\/es\/abogados\/aleks-shubin\/#breadcrumb","itemListElement":[{"@type":"ListItem","position":1,"name":"Home","item":"https:\/\/www.malloy-law.com\/es\/"},{"@type":"ListItem","position":2,"name":"Conoce el Equipo","item":"https:\/\/www.malloy-law.com\/es\/abogados\/"},{"@type":"ListItem","position":3,"name":"Aleksandr Shubin, Esq."}]},{"@type":"WebSite","@id":"https:\/\/www.malloy-law.com\/#website","url":"https:\/\/www.malloy-law.com\/","name":"Malloy Law","description":"","publisher":{"@id":"https:\/\/www.malloy-law.com\/#organization"},"potentialAction":[{"@type":"SearchAction","target":{"@type":"EntryPoint","urlTemplate":"https:\/\/www.malloy-law.com\/?s={search_term_string}"},"query-input":{"@type":"PropertyValueSpecification","valueRequired":true,"valueName":"search_term_string"}}],"inLanguage":"es"},{"@type":"Organization","@id":"https:\/\/www.malloy-law.com\/#organization","name":"Malloy Law Offices, LLC","url":"https:\/\/www.malloy-law.com\/","logo":{"@type":"ImageObject","inLanguage":"es","@id":"https:\/\/www.malloy-law.com\/#\/schema\/logo\/image\/","url":"https:\/\/www.malloy-law.com\/wp-content\/uploads\/2019\/08\/MalloyLaw_Logo_Transparent.png","contentUrl":"https:\/\/www.malloy-law.com\/wp-content\/uploads\/2019\/08\/MalloyLaw_Logo_Transparent.png","width":2147,"height":558,"caption":"Malloy Law Offices, LLC"},"image":{"@id":"https:\/\/www.malloy-law.com\/#\/schema\/logo\/image\/"}}]}},"coauthors":[],"author_meta":{"author_link":"https:\/\/www.malloy-law.com\/es\/author\/admin\/","display_name":"admin"},"relative_dates":{"created":"Publicado 6 a\u00f1os hace","modified":"Actualizado 9 meses hace"},"absolute_dates":{"created":"Publicado el 6 de julio de 2020","modified":"Actualizado el 19 de agosto de 2025"},"absolute_dates_time":{"created":"Publicado el 6 de julio de 2020 03:07","modified":"Actualizado el 19 de agosto de 2025 08:59"},"featured_img_caption":"","featured_img":false,"series_order":"","_links":{"self":[{"href":"https:\/\/www.malloy-law.com\/es\/wp-json\/wp\/v2\/pages\/3689","targetHints":{"allow":["GET"]}}],"collection":[{"href":"https:\/\/www.malloy-law.com\/es\/wp-json\/wp\/v2\/pages"}],"about":[{"href":"https:\/\/www.malloy-law.com\/es\/wp-json\/wp\/v2\/types\/page"}],"author":[{"embeddable":true,"href":"https:\/\/www.malloy-law.com\/es\/wp-json\/wp\/v2\/users\/1"}],"replies":[{"embeddable":true,"href":"https:\/\/www.malloy-law.com\/es\/wp-json\/wp\/v2\/comments?post=3689"}],"version-history":[{"count":0,"href":"https:\/\/www.malloy-law.com\/es\/wp-json\/wp\/v2\/pages\/3689\/revisions"}],"up":[{"embeddable":true,"href":"https:\/\/www.malloy-law.com\/es\/wp-json\/wp\/v2\/pages\/3751"}],"wp:attachment":[{"href":"https:\/\/www.malloy-law.com\/es\/wp-json\/wp\/v2\/media?parent=3689"}],"curies":[{"name":"wp","href":"https:\/\/api.w.org\/{rel}","templated":true}]}}