{"id":3702,"date":"2020-07-06T03:32:25","date_gmt":"2020-07-06T07:32:25","guid":{"rendered":"https:\/\/malloytestcloud.kinsta.cloud\/?page_id=3702"},"modified":"2025-08-08T15:40:00","modified_gmt":"2025-08-08T19:40:00","slug":"lesiones-catastroficas","status":"publish","type":"page","link":"https:\/\/www.malloy-law.com\/es\/lesiones-personales\/lesiones-catastroficas\/","title":{"rendered":"Abogado de Lesiones Catastr\u00f3ficas"},"content":{"rendered":"<p><img decoding=\"async\" class=\"alignright wp-image-2195 size-medium\" src=\"https:\/\/www.malloy-law.com\/wp-content\/uploads\/2019\/06\/Broken-Bone-1024x639-300x187.jpg\" alt=\"Abogado de Lesiones Catastr\u00f3ficas\" width=\"300\" height=\"187\" srcset=\"https:\/\/www.malloy-law.com\/wp-content\/uploads\/2019\/06\/Broken-Bone-1024x639-300x187.jpg 300w, https:\/\/www.malloy-law.com\/wp-content\/uploads\/2019\/06\/Broken-Bone-1024x639-768x479.jpg 768w, https:\/\/www.malloy-law.com\/wp-content\/uploads\/2019\/06\/Broken-Bone-1024x639.jpg 1024w\" sizes=\"(max-width: 300px) 100vw, 300px\" \/><\/p>\n<p>Desafortunadamente, los accidentes ocurren diariamente alrededor del pa\u00eds. Dependiendo de la naturaleza de su accidente, uno puede sufrir lesiones leves o graves. Entre las categorizadas como graves, se encuentran las lesiones catastr\u00f3ficas. Estas lesiones pueden ocasionar efectos de largo plazo e inclusive pueden ser consideradas permanentes. Las lesiones concernientes al cerebro, medula espinal, perdida de extremidades e inclusive quemaduras pueden tener efectos profundos.<\/p>\n<p>Las mismas pueden afectar la vida de uno y realizar cargas financieras. Cuando esto ocurre, uno tiene varias opciones legales a su disposici\u00f3n. Un abogado experto en lesiones personales luchara por conseguir la compensaci\u00f3n que usted merece. A continuaci\u00f3n, hablaremos en m\u00e1s profundidad sobre las lesiones catastr\u00f3ficas. Tambi\u00e9n le diremos que hacer en caso de resultar accidentado y porque est\u00e1 en su mejor inter\u00e9s contactarnos para representarlo.<\/p>\n<h2>\u00bfQu\u00e9 es una Lesi\u00f3n Catastr\u00f3fica?<\/h2>\n<p>Como lo hab\u00edamos mencionado antes, las lesiones catastr\u00f3ficas son eventos que cambian la vida de uno. En <a href=\"https:\/\/www.forbes.com\/advisor\/legal\/personal-injury\/catastrophic-injury\/\">general<\/a>, una lesi\u00f3n catastr\u00f3fica presenta un traumatismo en el cuerpo de alguien. El mismo podr\u00eda estar dirigido a la cabeza, el cuello, el pecho o las extremidades, o en m\u00faltiples \u00e1reas del cuerpo. Por lo general, estos son repentinos e inesperados, especialmente concernientes a los accidentes laborales o automovil\u00edsticos.<\/p>\n<p>Es mas, transportes p\u00fablicos tambi\u00e9n puede ser una causa potencial de una lesi\u00f3n catastr\u00f3fica, como accidentes de tren o autob\u00fas. Especialmente porque los mismos carecen de medidas de protecci\u00f3n b\u00e1sicas como el cintur\u00f3n de seguridad o bolsa de aire. Las lesiones catastr\u00f3ficas pueden incluso tener un efecto negativo en el sistema nervioso central, haciendo que la persona sea m\u00e1s susceptible a enfermedades como la neumon\u00eda o problemas pulmonares, por nombras algunos.<\/p>\n<p style=\"text-align: center;\"><img decoding=\"async\" class=\"aligncenter wp-image-20939\" src=\"https:\/\/www.malloy-law.com\/wp-content\/uploads\/2023\/07\/shutterstock_1930897430-1024x790.jpg\" alt=\"Abogado de lesiones catastr\u00f3ficas\" width=\"588\" height=\"454\" srcset=\"https:\/\/www.malloy-law.com\/wp-content\/uploads\/2023\/07\/shutterstock_1930897430-1024x790.jpg 1024w, https:\/\/www.malloy-law.com\/wp-content\/uploads\/2023\/07\/shutterstock_1930897430-300x231.jpg 300w, https:\/\/www.malloy-law.com\/wp-content\/uploads\/2023\/07\/shutterstock_1930897430-768x593.jpg 768w, https:\/\/www.malloy-law.com\/wp-content\/uploads\/2023\/07\/shutterstock_1930897430-1536x1185.jpg 1536w, https:\/\/www.malloy-law.com\/wp-content\/uploads\/2023\/07\/shutterstock_1930897430-2048x1580.jpg 2048w\" sizes=\"(max-width: 588px) 100vw, 588px\" \/><\/p>\n<h2>Tipos de Lesiones Catastr\u00f3ficas<\/h2>\n<p>Las lesiones catastr\u00f3ficas pueden ocurrir de varias maneras. Algunas de las formas m\u00e1s comunes incluyen los accidentes automovil\u00edsticos, accidentes de camiones, accidentes de motocicleta, productos defectuosos, accidentes laborales, negligencia m\u00e9dica, accidentes de transporte p\u00fablico e incluso actos intencionales contra otra persona o personas. Algunas lesiones que alguien puede recibir incluyen, entre otras, las siguientes:<\/p>\n<h4>Lesi\u00f3n cerebral traum\u00e1tica<\/h4>\n<p>El impacto sobre la vida de la v\u00edctima puede ser significativo, incluyendo discapacidades permanentes, tanto f\u00edsicas como cognitivas, coma, o estado vegetativo.<\/p>\n<h4>Quemaduras severas<\/h4>\n<p>Las quemaduras graves pueden afectar la movilidad, afectar la apariencia de forma permanente y requerir un conjunto largo y doloroso de tratamientos, incluyendo m\u00faltiples cirug\u00edas, injertos de piel y otros procedimientos costosos realizados por especialistas en quemaduras.<\/p>\n<h4>Amputaci\u00f3n parcial o completa<\/h4>\n<p>La p\u00e9rdida de una extremidad cambiar\u00e1 su vida para siempre. Un caso de amputaci\u00f3n accidental debe abordarse con gran habilidad legal para garantizar que todas las consecuencias sufridas por la v\u00edctima sean compensadas de manera justa.<\/p>\n<h4>Rotura de huesos<\/h4>\n<p>Una fractura menor sanar\u00e1 en aproximadamente seis semanas \u2013 pero muchos huesos rotos provocan da\u00f1os a largo plazo, riesgos asociados con infecciones graves que son dif\u00edciles de resolver y discapacidades permanentes.<\/p>\n<h4>Lesiones oculares<\/h4>\n<p>Su visi\u00f3n es un sentido vital, y si pierde la visi\u00f3n en uno o ambos ojos debido a las acciones negligentes de otra parte, su vida cambiar\u00e1 para siempre. La indemnizaci\u00f3n que se busca obtener debe reflejar el alcance de las p\u00e9rdidas personales y financieras asociadas con la p\u00e9rdida de visi\u00f3n, parcial o total.<\/p>\n<h4>Lesiones faciales<\/h4>\n<p>Las cicatrices faciales son un resultado tr\u00e1gico de un acto de negligencia, a menudo el resultado de un accidente automovil\u00edstico o asalto. Cuando una persona ha quedado desfigurada, la indemnizaci\u00f3n que se busca obtener debe tener un impacto en la experiencia de vida futura de la v\u00edctima, de forma social, profesional y emocionalmente.<\/p>\n<h4>Lesiones en el cuello<\/h4>\n<p>Una lesi\u00f3n grave en el cuello puede conducir a tetraplejia si se lastima la medula espinal. Si se aplasta o se da\u00f1a parcialmente la m\u00e9dula, las consecuencias a largo plazo son significativas y se requiere la ayuda de un abogado con experiencia en lesiones personales para garantizar que se busque conseguir la mayor indemnizaci\u00f3n posible.<\/p>\n<h4>Lesiones de la m\u00e9dula espinal<\/h4>\n<p>Una lesi\u00f3n de la m\u00e9dula espinal afectar\u00e1 la movilidad debajo del \u00e1rea da\u00f1ada. Cuanto m\u00e1s alta sea la lesi\u00f3n en la m\u00e9dula espinal, m\u00e1s extremas ser\u00e1n las consecuencias, lo que lleva a tetraplejia o paraplejia, cambiando para siempre la vida de la v\u00edctima.<\/p>\n<h4>Par\u00e1lisis, incluyendo paraplejia y cuadriplejia<\/h4>\n<p>Una lesi\u00f3n de la m\u00e9dula espinal puede dejar a una persona paralizada. Si bien los tratamientos han avanzado, actualmente no es posible obtener una recuperaci\u00f3n completa con movilidad restaurada.<\/p>\n<h4>Des\u00f3rdenes neurol\u00f3gicos<\/h4>\n<p>Cuando se da\u00f1an los nervios, esto afecta a otras \u00e1reas del cuerpo. Estos incluyen los \u00f3rganos, la movilidad, la circulaci\u00f3n y tiene el potencial de causar trastornos emocionales y cambios en la personalidad.<\/p>\n<h4>Lesiones en articulaciones y extremidades<\/h4>\n<p>El tobillo, el hombro, la rodilla, el cuello y la cadera, cuando estos sufren da\u00f1os se afecta la movilidad, se produce dolor e incomodidad a largo plazo, adem\u00e1s de afectar la capacidad de disfrutar de la vida. Un reclamo o demanda presentada debe reflejar el impacto en la vida futura de la v\u00edctima.<\/p>\n<h2>Da\u00f1os y Perjuicios en Casos de Lesiones Catastr\u00f3ficas<\/h2>\n<p>Las lesiones catastr\u00f3ficas cambian la vida. Debido a esto, y al hecho de que la persona que sufri\u00f3 estas lesiones ya no podr\u00e1 mantener la calidad de vida que disfrutaba antes de su accidente. Adem\u00e1s del dolor y el sufrimiento, tambi\u00e9n tiene derecho a recibir da\u00f1os y perjuicios. Un abogado experto en lesiones catastr\u00f3ficas sabr\u00e1 si el caso es o no viable, as\u00ed como a qui\u00e9n y qu\u00e9 perseguir.<\/p>\n<p>Los sobrevivientes de lesiones catastr\u00f3ficas son elegibles para recibir da\u00f1os compensatorios y punitivos. Un ajustador de seguros utilizar\u00e1 una f\u00f3rmula para determinar la cantidad de indemnizaci\u00f3n que alguien podr\u00eda recibir seg\u00fan los factores anteriores, con un multiplicador de entre 1.5 y 5 dependiendo de la gravedad de las lesiones. A partir de ah\u00ed, un abogado podr\u00e1 determinar si la cantidad es justa o si es necesario pelear por una cantidad mayor. El abogado tambi\u00e9n determinar\u00e1 si el caso debe resolverse dentro o fuera de la corte.<\/p>\n<h4>Da\u00f1os Compensatorios<\/h4>\n<p>Alguien que ha sufrido lesiones catastr\u00f3ficas es elegible para recibir da\u00f1os compensatorios. Estos incluyen da\u00f1os econ\u00f3micos y no econ\u00f3micos. Los da\u00f1os no econ\u00f3micos son las cosas no tangibles que experimenta una persona. Esto incluye dolor y sufrimiento pasados y futuros p\u00e9rdida de experiencias familiares, sociales y educativas. Las mismas tambi\u00e9n causan trauma emocional y p\u00e9rdida de calidad de vida.<\/p>\n<p>Cabe se\u00f1alar que existen l\u00edmites para los da\u00f1os no econ\u00f3micos. Actualmente, el l\u00edmite para los da\u00f1os no econ\u00f3micos se establece en $845,000. Los da\u00f1os econ\u00f3micos son cuantificables. Estos incluyen facturas m\u00e9dicas, facturas de rehabilitaci\u00f3n, p\u00e9rdida de ingresos, p\u00e9rdida de pensi\u00f3n y, si corresponde, da\u00f1os a la propiedad. Un experimentado abogado en lesiones catastr\u00f3ficas podr\u00e1 determinar qu\u00e9 da\u00f1os perseguir en un caso de lesiones catastr\u00f3ficas.<\/p>\n<h4>Da\u00f1os Punitivos<\/h4>\n<p>Alguien que ha sufrido lesiones catastr\u00f3ficas tambi\u00e9n puede ser potencialmente elegible para recibir da\u00f1os punitivos. Estoy se otorgan muy rara vez. Se reservan para cuando un individuo ha cometido un acto grave de negligencia, mala praxis, u otro da\u00f1o. Los da\u00f1os punitivos sirven tanto para castigar a la persona o entidad que caus\u00f3 da\u00f1o al demandante como para disuadir a las persona o entidades que de otra manera podr\u00edan actuar de manera similar. Se puede asignar hasta diez veces la cantidad de da\u00f1os compensatorios. Sin embargo, le corresponde al juez o al jurado determinar si se deben perseguir da\u00f1os punitivos en estos casos.<\/p>\n<h2>Importancia de un Abogado en Lesiones Catastr\u00f3ficas<\/h2>\n<p>Una lesi\u00f3n catastr\u00f3fica dejar\u00e1 a la v\u00edctima enfrentado toda una vida de desaf\u00edos. En muchos casos, un miembro de la familia cuidar\u00e1 a la persona lesionada, incapaz de trabajar. Los costos asociados con el cuidado de una persona con una lesi\u00f3n catastr\u00f3fica generalmente incluyen:<\/p>\n<p>I. Tratamientos m\u00e9dicos continuos<\/p>\n<p>II. Tratamientos de rehabilitaci\u00f3n<\/p>\n<p>III. Cuidados de enfermer\u00eda<\/p>\n<p>IV. Costos asociados con modificaciones en el hogar para permitir el acceso de sillas de ruedas<\/p>\n<p>V. Costos de medicamentos<\/p>\n<p>VI. Costos de transporte<\/p>\n<p>VII. Costos hospitalarios<\/p>\n<p>VIII. Costos de especialistas, como neur\u00f3logos, t\u00e9cnicos especializados, terapeutas, etc.<\/p>\n<p>IX. Costos de equipo m\u00e9dico<\/p>\n<p>X. P\u00e9rdida de capacidad para generar ingresos<\/p>\n<p>XI. P\u00e9rdida de ingresos del trabajo<\/p>\n<p>XII. Costos de reentrenamiento<\/p>\n<h2>\u00bfPor Qu\u00e9 Necesita un Abogado Despu\u00e9s de Sufrir Lesiones Catastr\u00f3fica?<\/h2>\n<p>Una lesi\u00f3n catastr\u00f3fica conlleva consecuencias de por vida \u2013 f\u00edsica, emocional y personalmente. Los costos asociados con la atenci\u00f3n m\u00e9dica y cuidados necesarios, las modificaciones a un hogar para permitir el acceso de sillas de ruedas, la necesidad de pr\u00f3tesis personalizadas y la necesidad de tratamiento m\u00e9dico continuo, oscilar\u00e1n entre los cientos de miles de d\u00f3lares en solo unos pocos meses, y en millones a lo largo de una vida. Simplemente no puede arriesgarse a perder la capacidad de obtener una indemnizaci\u00f3n total por los da\u00f1os. Es entonces cuando su abogado de lesiones personales desempe\u00f1a un papel fundamental.<\/p>\n<h2>\u00bfPor Qu\u00e9 Esta En Su Mejor Inter\u00e9s Elegirnos?<\/h2>\n<p>En Malloy Law Offices, LLC, su caso de lesiones ser\u00e1 manejado por un equipo de abogados adversos en el \u00e1rea de lesiones catastr\u00f3ficas. Contamos con una amplia experiencia y \u00e9xito en casos de lesiones graves. Nuestro bufete ofrece grandes beneficios en estos casos, incluyendo:<\/p>\n<p>1. Asesor\u00eda legal en ingl\u00e9s, espa\u00f1ol y ruso para atender a un mayor n\u00famero de residentes.<\/p>\n<p>2. Representaci\u00f3n legal profesional, confiable y de honorarios de contingencia, lo que le permitir\u00e1 acceder al sistema legal y a la capacidad de obtener justicia y compensaci\u00f3n total. No cobramos honorarios legales a menos que ganemos.<\/p>\n<p>3. M\u00e1s de 15 a\u00f1os de experiencia nos permiten comprender el proceso para obtener una indemnizaci\u00f3n en casos de lesiones catastr\u00f3ficas.<\/p>\n<p>Creemos que, si tiene que vivir con las consecuencias de una lesi\u00f3n catastr\u00f3fica, entonces tiene derecho a reclamar lo que merece. Estamos motivamos a ayudar a nuestros clientes a obtener la m\u00e1xima indemnizaci\u00f3n posible.<\/p>\n<p>En Malloy Law Offices, LLC nuestros abogados en lesiones personales catastr\u00f3ficas le dan gran importancia a ayudar a nuestros clientes a alcanzar sus objetivos. Nuestros comprometidos abogados y personal se esfuerzan por hacer una diferencia positiva en la vida de nuestros clientes al proporcionarles un excelente servicio personalizado, un s\u00f3lido conocimiento legal y un trabajo duro constante.<\/p>\n<p>Valoramos las relaciones que tenemos con nuestros clientes. En primer lugar, creemos que es importante forjar una asociaci\u00f3n estrecha con quienes representamos. Sabemos lo importante que es que est\u00e9n informados sobre el proceso del reclamo o de la demanda, y los mantenemos informados de forma constante.<\/p>\n<h3>Comun\u00edquese Hoy Con Malloy Law Offices, LLC<\/h3>\n<p>En el caso de sufrir de lesiones catastr\u00f3ficas comun\u00edquese hoy mismo con nuestros abogados en lesiones catastr\u00f3ficas. Tomamos casos en <a href=\"https:\/\/www.malloy-law.com\/es\/lesiones-catastroficas-en-maryland\/\">Maryland<\/a>, DC y <a href=\"https:\/\/www.malloy-law.com\/es\/lesiones-catastroficas-en-virginia\/\">Virginia<\/a>. El comunicarse con un abogado de lesiones catastr\u00f3ficas es primordial. En <a href=\"https:\/\/www.malloy-law.com\/es\/\">Malloy Law Offices<\/a> nuestros abogados se asegurar\u00e1n de que usted o su familiar reciban la indemnizaci\u00f3n que les deben. Tambi\u00e9n lo ayudaran a lidiar con las compa\u00f1\u00edas de seguros y los estatutos de limitaciones. <a href=\"https:\/\/www.malloy-law.com\/es\/contactenos\/\">Cont\u00e1ctenos<\/a> para conseguir una consulta gratuita.<\/p>\n","protected":false},"excerpt":{"rendered":"<p>Desafortunadamente, los accidentes ocurren diariamente alrededor del pa\u00eds. Dependiendo de la naturaleza de su accidente, uno puede sufrir lesiones leves o graves. Entre las categorizadas como graves, se encuentran las lesiones catastr\u00f3ficas. Estas lesiones pueden ocasionar efectos de largo plazo e inclusive pueden ser consideradas permanentes. Las lesiones concernientes al cerebro, medula espinal, perdida de&#8230;<\/p>\n","protected":false},"author":1,"featured_media":0,"parent":3740,"menu_order":0,"comment_status":"closed","ping_status":"closed","template":"","meta":{"_acf_changed":false,"om_disable_all_campaigns":false,"advgb_blocks_editor_width":"","advgb_blocks_columns_visual_guide":"","footnotes":""},"class_list":["post-3702","page","type-page","status-publish","hentry"],"acf":[],"yoast_head":"<!-- This site is optimized with the Yoast SEO Premium plugin v27.4 (Yoast SEO v27.4) - https:\/\/yoast.com\/product\/yoast-seo-premium-wordpress\/ -->\n<title>Abogado de Lesiones Catastr\u00f3ficas - Malloy Law<\/title>\n<meta name=\"description\" content=\"\u00bfNecesita un abogado de lesiones catastr\u00f3ficas? Solicite su consulta gratuita con un abogado experto de Malloy Law Offices, LLC.\" \/>\n<meta name=\"robots\" content=\"index, follow, max-snippet:-1, max-image-preview:large, max-video-preview:-1\" \/>\n<link rel=\"canonical\" href=\"https:\/\/www.malloy-law.com\/es\/lesiones-personales\/lesiones-catastroficas\/\" \/>\n<meta property=\"og:locale\" content=\"es_ES\" \/>\n<meta property=\"og:type\" content=\"article\" \/>\n<meta property=\"og:title\" content=\"Abogado de Lesiones Catastr\u00f3ficas\" \/>\n<meta property=\"og:description\" content=\"\u00bfNecesita un abogado de lesiones catastr\u00f3ficas? Solicite su consulta gratuita con un abogado experto de Malloy Law Offices, LLC.\" \/>\n<meta property=\"og:url\" content=\"https:\/\/www.malloy-law.com\/es\/lesiones-personales\/lesiones-catastroficas\/\" \/>\n<meta property=\"og:site_name\" content=\"Malloy Law\" \/>\n<meta property=\"article:modified_time\" content=\"2025-08-08T19:40:00+00:00\" \/>\n<meta property=\"og:image\" content=\"https:\/\/www.malloy-law.com\/wp-content\/uploads\/2019\/06\/Broken-Bone-1024x639.jpg\" \/>\n\t<meta property=\"og:image:width\" content=\"1024\" \/>\n\t<meta property=\"og:image:height\" content=\"639\" \/>\n\t<meta property=\"og:image:type\" content=\"image\/jpeg\" \/>\n<meta name=\"twitter:card\" content=\"summary_large_image\" \/>\n<meta name=\"twitter:label1\" content=\"Tiempo de lectura\" \/>\n\t<meta name=\"twitter:data1\" content=\"9 minutos\" \/>\n<script type=\"application\/ld+json\" class=\"yoast-schema-graph\">{\"@context\":\"https:\\\/\\\/schema.org\",\"@graph\":[{\"@type\":\"WebPage\",\"@id\":\"https:\\\/\\\/www.malloy-law.com\\\/es\\\/lesiones-personales\\\/lesiones-catastroficas\\\/\",\"url\":\"https:\\\/\\\/www.malloy-law.com\\\/es\\\/lesiones-personales\\\/lesiones-catastroficas\\\/\",\"name\":\"Abogado de Lesiones Catastr\u00f3ficas - Malloy Law\",\"isPartOf\":{\"@id\":\"https:\\\/\\\/www.malloy-law.com\\\/#website\"},\"primaryImageOfPage\":{\"@id\":\"https:\\\/\\\/www.malloy-law.com\\\/es\\\/lesiones-personales\\\/lesiones-catastroficas\\\/#primaryimage\"},\"image\":{\"@id\":\"https:\\\/\\\/www.malloy-law.com\\\/es\\\/lesiones-personales\\\/lesiones-catastroficas\\\/#primaryimage\"},\"thumbnailUrl\":\"https:\\\/\\\/www.malloy-law.com\\\/wp-content\\\/uploads\\\/2019\\\/06\\\/Broken-Bone-1024x639-300x187.jpg\",\"datePublished\":\"2020-07-06T07:32:25+00:00\",\"dateModified\":\"2025-08-08T19:40:00+00:00\",\"description\":\"\u00bfNecesita un abogado de lesiones catastr\u00f3ficas? Solicite su consulta gratuita con un abogado experto de Malloy Law Offices, LLC.\",\"breadcrumb\":{\"@id\":\"https:\\\/\\\/www.malloy-law.com\\\/es\\\/lesiones-personales\\\/lesiones-catastroficas\\\/#breadcrumb\"},\"inLanguage\":\"es\",\"potentialAction\":[{\"@type\":\"ReadAction\",\"target\":[\"https:\\\/\\\/www.malloy-law.com\\\/es\\\/lesiones-personales\\\/lesiones-catastroficas\\\/\"]}]},{\"@type\":\"ImageObject\",\"inLanguage\":\"es\",\"@id\":\"https:\\\/\\\/www.malloy-law.com\\\/es\\\/lesiones-personales\\\/lesiones-catastroficas\\\/#primaryimage\",\"url\":\"https:\\\/\\\/www.malloy-law.com\\\/wp-content\\\/uploads\\\/2019\\\/06\\\/Broken-Bone-1024x639-300x187.jpg\",\"contentUrl\":\"https:\\\/\\\/www.malloy-law.com\\\/wp-content\\\/uploads\\\/2019\\\/06\\\/Broken-Bone-1024x639-300x187.jpg\"},{\"@type\":\"BreadcrumbList\",\"@id\":\"https:\\\/\\\/www.malloy-law.com\\\/es\\\/lesiones-personales\\\/lesiones-catastroficas\\\/#breadcrumb\",\"itemListElement\":[{\"@type\":\"ListItem\",\"position\":1,\"name\":\"Home\",\"item\":\"https:\\\/\\\/www.malloy-law.com\\\/es\\\/\"},{\"@type\":\"ListItem\",\"position\":2,\"name\":\"Lesiones Personales\",\"item\":\"https:\\\/\\\/www.malloy-law.com\\\/es\\\/lesiones-personales\\\/\"},{\"@type\":\"ListItem\",\"position\":3,\"name\":\"Abogado de Lesiones Catastr\u00f3ficas\"}]},{\"@type\":\"WebSite\",\"@id\":\"https:\\\/\\\/www.malloy-law.com\\\/#website\",\"url\":\"https:\\\/\\\/www.malloy-law.com\\\/\",\"name\":\"Malloy Law\",\"description\":\"\",\"publisher\":{\"@id\":\"https:\\\/\\\/www.malloy-law.com\\\/#organization\"},\"potentialAction\":[{\"@type\":\"SearchAction\",\"target\":{\"@type\":\"EntryPoint\",\"urlTemplate\":\"https:\\\/\\\/www.malloy-law.com\\\/?s={search_term_string}\"},\"query-input\":{\"@type\":\"PropertyValueSpecification\",\"valueRequired\":true,\"valueName\":\"search_term_string\"}}],\"inLanguage\":\"es\"},{\"@type\":\"Organization\",\"@id\":\"https:\\\/\\\/www.malloy-law.com\\\/#organization\",\"name\":\"Malloy Law Offices, LLC\",\"url\":\"https:\\\/\\\/www.malloy-law.com\\\/\",\"logo\":{\"@type\":\"ImageObject\",\"inLanguage\":\"es\",\"@id\":\"https:\\\/\\\/www.malloy-law.com\\\/#\\\/schema\\\/logo\\\/image\\\/\",\"url\":\"https:\\\/\\\/www.malloy-law.com\\\/wp-content\\\/uploads\\\/2019\\\/08\\\/MalloyLaw_Logo_Transparent.png\",\"contentUrl\":\"https:\\\/\\\/www.malloy-law.com\\\/wp-content\\\/uploads\\\/2019\\\/08\\\/MalloyLaw_Logo_Transparent.png\",\"width\":2147,\"height\":558,\"caption\":\"Malloy Law Offices, LLC\"},\"image\":{\"@id\":\"https:\\\/\\\/www.malloy-law.com\\\/#\\\/schema\\\/logo\\\/image\\\/\"}}]}<\/script>\n<!-- \/ Yoast SEO Premium plugin. -->","yoast_head_json":{"title":"Abogado de Lesiones Catastr\u00f3ficas - Malloy Law","description":"\u00bfNecesita un abogado de lesiones catastr\u00f3ficas? Solicite su consulta gratuita con un abogado experto de Malloy Law Offices, LLC.","robots":{"index":"index","follow":"follow","max-snippet":"max-snippet:-1","max-image-preview":"max-image-preview:large","max-video-preview":"max-video-preview:-1"},"canonical":"https:\/\/www.malloy-law.com\/es\/lesiones-personales\/lesiones-catastroficas\/","og_locale":"es_ES","og_type":"article","og_title":"Abogado de Lesiones Catastr\u00f3ficas","og_description":"\u00bfNecesita un abogado de lesiones catastr\u00f3ficas? Solicite su consulta gratuita con un abogado experto de Malloy Law Offices, LLC.","og_url":"https:\/\/www.malloy-law.com\/es\/lesiones-personales\/lesiones-catastroficas\/","og_site_name":"Malloy Law","article_modified_time":"2025-08-08T19:40:00+00:00","og_image":[{"width":1024,"height":639,"url":"https:\/\/www.malloy-law.com\/wp-content\/uploads\/2019\/06\/Broken-Bone-1024x639.jpg","type":"image\/jpeg"}],"twitter_card":"summary_large_image","twitter_misc":{"Tiempo de lectura":"9 minutos"},"schema":{"@context":"https:\/\/schema.org","@graph":[{"@type":"WebPage","@id":"https:\/\/www.malloy-law.com\/es\/lesiones-personales\/lesiones-catastroficas\/","url":"https:\/\/www.malloy-law.com\/es\/lesiones-personales\/lesiones-catastroficas\/","name":"Abogado de Lesiones Catastr\u00f3ficas - Malloy Law","isPartOf":{"@id":"https:\/\/www.malloy-law.com\/#website"},"primaryImageOfPage":{"@id":"https:\/\/www.malloy-law.com\/es\/lesiones-personales\/lesiones-catastroficas\/#primaryimage"},"image":{"@id":"https:\/\/www.malloy-law.com\/es\/lesiones-personales\/lesiones-catastroficas\/#primaryimage"},"thumbnailUrl":"https:\/\/www.malloy-law.com\/wp-content\/uploads\/2019\/06\/Broken-Bone-1024x639-300x187.jpg","datePublished":"2020-07-06T07:32:25+00:00","dateModified":"2025-08-08T19:40:00+00:00","description":"\u00bfNecesita un abogado de lesiones catastr\u00f3ficas? Solicite su consulta gratuita con un abogado experto de Malloy Law Offices, LLC.","breadcrumb":{"@id":"https:\/\/www.malloy-law.com\/es\/lesiones-personales\/lesiones-catastroficas\/#breadcrumb"},"inLanguage":"es","potentialAction":[{"@type":"ReadAction","target":["https:\/\/www.malloy-law.com\/es\/lesiones-personales\/lesiones-catastroficas\/"]}]},{"@type":"ImageObject","inLanguage":"es","@id":"https:\/\/www.malloy-law.com\/es\/lesiones-personales\/lesiones-catastroficas\/#primaryimage","url":"https:\/\/www.malloy-law.com\/wp-content\/uploads\/2019\/06\/Broken-Bone-1024x639-300x187.jpg","contentUrl":"https:\/\/www.malloy-law.com\/wp-content\/uploads\/2019\/06\/Broken-Bone-1024x639-300x187.jpg"},{"@type":"BreadcrumbList","@id":"https:\/\/www.malloy-law.com\/es\/lesiones-personales\/lesiones-catastroficas\/#breadcrumb","itemListElement":[{"@type":"ListItem","position":1,"name":"Home","item":"https:\/\/www.malloy-law.com\/es\/"},{"@type":"ListItem","position":2,"name":"Lesiones Personales","item":"https:\/\/www.malloy-law.com\/es\/lesiones-personales\/"},{"@type":"ListItem","position":3,"name":"Abogado de Lesiones Catastr\u00f3ficas"}]},{"@type":"WebSite","@id":"https:\/\/www.malloy-law.com\/#website","url":"https:\/\/www.malloy-law.com\/","name":"Malloy Law","description":"","publisher":{"@id":"https:\/\/www.malloy-law.com\/#organization"},"potentialAction":[{"@type":"SearchAction","target":{"@type":"EntryPoint","urlTemplate":"https:\/\/www.malloy-law.com\/?s={search_term_string}"},"query-input":{"@type":"PropertyValueSpecification","valueRequired":true,"valueName":"search_term_string"}}],"inLanguage":"es"},{"@type":"Organization","@id":"https:\/\/www.malloy-law.com\/#organization","name":"Malloy Law Offices, LLC","url":"https:\/\/www.malloy-law.com\/","logo":{"@type":"ImageObject","inLanguage":"es","@id":"https:\/\/www.malloy-law.com\/#\/schema\/logo\/image\/","url":"https:\/\/www.malloy-law.com\/wp-content\/uploads\/2019\/08\/MalloyLaw_Logo_Transparent.png","contentUrl":"https:\/\/www.malloy-law.com\/wp-content\/uploads\/2019\/08\/MalloyLaw_Logo_Transparent.png","width":2147,"height":558,"caption":"Malloy Law Offices, LLC"},"image":{"@id":"https:\/\/www.malloy-law.com\/#\/schema\/logo\/image\/"}}]}},"coauthors":[],"author_meta":{"author_link":"https:\/\/www.malloy-law.com\/es\/author\/admin\/","display_name":"admin"},"relative_dates":{"created":"Publicado 6 a\u00f1os hace","modified":"Actualizado 9 meses hace"},"absolute_dates":{"created":"Publicado el 6 de julio de 2020","modified":"Actualizado el 8 de agosto de 2025"},"absolute_dates_time":{"created":"Publicado el 6 de julio de 2020 03:32","modified":"Actualizado el 8 de agosto de 2025 15:40"},"featured_img_caption":"","featured_img":false,"series_order":"","_links":{"self":[{"href":"https:\/\/www.malloy-law.com\/es\/wp-json\/wp\/v2\/pages\/3702","targetHints":{"allow":["GET"]}}],"collection":[{"href":"https:\/\/www.malloy-law.com\/es\/wp-json\/wp\/v2\/pages"}],"about":[{"href":"https:\/\/www.malloy-law.com\/es\/wp-json\/wp\/v2\/types\/page"}],"author":[{"embeddable":true,"href":"https:\/\/www.malloy-law.com\/es\/wp-json\/wp\/v2\/users\/1"}],"replies":[{"embeddable":true,"href":"https:\/\/www.malloy-law.com\/es\/wp-json\/wp\/v2\/comments?post=3702"}],"version-history":[{"count":0,"href":"https:\/\/www.malloy-law.com\/es\/wp-json\/wp\/v2\/pages\/3702\/revisions"}],"up":[{"embeddable":true,"href":"https:\/\/www.malloy-law.com\/es\/wp-json\/wp\/v2\/pages\/3740"}],"wp:attachment":[{"href":"https:\/\/www.malloy-law.com\/es\/wp-json\/wp\/v2\/media?parent=3702"}],"curies":[{"name":"wp","href":"https:\/\/api.w.org\/{rel}","templated":true}]}}