{"id":3717,"date":"2020-07-06T03:45:23","date_gmt":"2020-07-06T07:45:23","guid":{"rendered":"https:\/\/malloytestcloud.kinsta.cloud\/?page_id=3717"},"modified":"2026-03-19T11:00:34","modified_gmt":"2026-03-19T15:00:34","slug":"stephen-caramenico-esq","status":"publish","type":"page","link":"https:\/\/www.malloy-law.com\/es\/abogados\/stephen-caramenico-esq\/","title":{"rendered":"Stephen Caramenico, Esq."},"content":{"rendered":"","protected":false},"excerpt":{"rendered":"","protected":false},"author":1,"featured_media":0,"parent":3751,"menu_order":0,"comment_status":"closed","ping_status":"closed","template":"template-profile.php","meta":{"_acf_changed":false,"om_disable_all_campaigns":false,"advgb_blocks_editor_width":"","advgb_blocks_columns_visual_guide":"","footnotes":""},"class_list":["post-3717","page","type-page","status-publish","hentry"],"acf":[],"yoast_head":"<!-- This site is optimized with the Yoast SEO Premium plugin v27.4 (Yoast SEO v27.4) - https:\/\/yoast.com\/product\/yoast-seo-premium-wordpress\/ -->\n<title>Stephen Caramenico, Esq.<\/title>\n<meta name=\"description\" content=\"El Sr. Stephen Caramenico se uni\u00f3 a Malloy Law Offices, LLC en diciembre de 2018. Durante los \u00faltimos 7 a\u00f1os ha representado a personas heridas en accidentes de coche, en resbalones y ca\u00eddas y en accidentes relacionados con el trabajo. Adem\u00e1s, ha defendido a personas acusadas de delitos de tr\u00e1fico y otros asuntos penales variados. Anteriormente trabaj\u00f3 en despachos de abogados en Rockville y Baltimore. Actualmente est\u00e1 contratado como abogado asociado en Malloy Law Offices, LLC y se ocupa de ayudar a clientes a recibir la justicia que merecen.\" \/>\n<meta name=\"robots\" content=\"index, follow, max-snippet:-1, max-image-preview:large, max-video-preview:-1\" \/>\n<link rel=\"canonical\" href=\"https:\/\/www.malloy-law.com\/es\/abogados\/stephen-caramenico-esq\/\" \/>\n<meta property=\"og:locale\" content=\"es_ES\" \/>\n<meta property=\"og:type\" content=\"article\" \/>\n<meta property=\"og:title\" content=\"Stephen Caramenico, Esq.\" \/>\n<meta property=\"og:description\" content=\"El Sr. Stephen Caramenico se uni\u00f3 a Malloy Law Offices, LLC en diciembre de 2018. Durante los \u00faltimos 7 a\u00f1os ha representado a personas heridas en accidentes de coche, en resbalones y ca\u00eddas y en accidentes relacionados con el trabajo. Adem\u00e1s, ha defendido a personas acusadas de delitos de tr\u00e1fico y otros asuntos penales variados. Anteriormente trabaj\u00f3 en despachos de abogados en Rockville y Baltimore. Actualmente est\u00e1 contratado como abogado asociado en Malloy Law Offices, LLC y se ocupa de ayudar a clientes a recibir la justicia que merecen.\" \/>\n<meta property=\"og:url\" content=\"https:\/\/www.malloy-law.com\/es\/abogados\/stephen-caramenico-esq\/\" \/>\n<meta property=\"og:site_name\" content=\"Malloy Law\" \/>\n<meta property=\"article:modified_time\" content=\"2026-03-19T15:00:34+00:00\" \/>\n<meta name=\"twitter:card\" content=\"summary_large_image\" \/>\n<script type=\"application\/ld+json\" class=\"yoast-schema-graph\">{\"@context\":\"https:\\\/\\\/schema.org\",\"@graph\":[{\"@type\":\"WebPage\",\"@id\":\"https:\\\/\\\/www.malloy-law.com\\\/es\\\/abogados\\\/stephen-caramenico-esq\\\/\",\"url\":\"https:\\\/\\\/www.malloy-law.com\\\/es\\\/abogados\\\/stephen-caramenico-esq\\\/\",\"name\":\"Stephen Caramenico, Esq.\",\"isPartOf\":{\"@id\":\"https:\\\/\\\/www.malloy-law.com\\\/#website\"},\"datePublished\":\"2020-07-06T07:45:23+00:00\",\"dateModified\":\"2026-03-19T15:00:34+00:00\",\"description\":\"El Sr. Stephen Caramenico se uni\u00f3 a Malloy Law Offices, LLC en diciembre de 2018. Durante los \u00faltimos 7 a\u00f1os ha representado a personas heridas en accidentes de coche, en resbalones y ca\u00eddas y en accidentes relacionados con el trabajo. Adem\u00e1s, ha defendido a personas acusadas de delitos de tr\u00e1fico y otros asuntos penales variados. Anteriormente trabaj\u00f3 en despachos de abogados en Rockville y Baltimore. Actualmente est\u00e1 contratado como abogado asociado en Malloy Law Offices, LLC y se ocupa de ayudar a clientes a recibir la justicia que merecen.\",\"breadcrumb\":{\"@id\":\"https:\\\/\\\/www.malloy-law.com\\\/es\\\/abogados\\\/stephen-caramenico-esq\\\/#breadcrumb\"},\"inLanguage\":\"es\",\"potentialAction\":[{\"@type\":\"ReadAction\",\"target\":[\"https:\\\/\\\/www.malloy-law.com\\\/es\\\/abogados\\\/stephen-caramenico-esq\\\/\"]}]},{\"@type\":\"BreadcrumbList\",\"@id\":\"https:\\\/\\\/www.malloy-law.com\\\/es\\\/abogados\\\/stephen-caramenico-esq\\\/#breadcrumb\",\"itemListElement\":[{\"@type\":\"ListItem\",\"position\":1,\"name\":\"Home\",\"item\":\"https:\\\/\\\/www.malloy-law.com\\\/es\\\/\"},{\"@type\":\"ListItem\",\"position\":2,\"name\":\"Conoce el Equipo\",\"item\":\"https:\\\/\\\/www.malloy-law.com\\\/es\\\/abogados\\\/\"},{\"@type\":\"ListItem\",\"position\":3,\"name\":\"Stephen Caramenico, Esq.\"}]},{\"@type\":\"WebSite\",\"@id\":\"https:\\\/\\\/www.malloy-law.com\\\/#website\",\"url\":\"https:\\\/\\\/www.malloy-law.com\\\/\",\"name\":\"Malloy Law\",\"description\":\"\",\"publisher\":{\"@id\":\"https:\\\/\\\/www.malloy-law.com\\\/#organization\"},\"potentialAction\":[{\"@type\":\"SearchAction\",\"target\":{\"@type\":\"EntryPoint\",\"urlTemplate\":\"https:\\\/\\\/www.malloy-law.com\\\/?s={search_term_string}\"},\"query-input\":{\"@type\":\"PropertyValueSpecification\",\"valueRequired\":true,\"valueName\":\"search_term_string\"}}],\"inLanguage\":\"es\"},{\"@type\":\"Organization\",\"@id\":\"https:\\\/\\\/www.malloy-law.com\\\/#organization\",\"name\":\"Malloy Law Offices, LLC\",\"url\":\"https:\\\/\\\/www.malloy-law.com\\\/\",\"logo\":{\"@type\":\"ImageObject\",\"inLanguage\":\"es\",\"@id\":\"https:\\\/\\\/www.malloy-law.com\\\/#\\\/schema\\\/logo\\\/image\\\/\",\"url\":\"https:\\\/\\\/www.malloy-law.com\\\/wp-content\\\/uploads\\\/2019\\\/08\\\/MalloyLaw_Logo_Transparent.png\",\"contentUrl\":\"https:\\\/\\\/www.malloy-law.com\\\/wp-content\\\/uploads\\\/2019\\\/08\\\/MalloyLaw_Logo_Transparent.png\",\"width\":2147,\"height\":558,\"caption\":\"Malloy Law Offices, LLC\"},\"image\":{\"@id\":\"https:\\\/\\\/www.malloy-law.com\\\/#\\\/schema\\\/logo\\\/image\\\/\"}}]}<\/script>\n<!-- \/ Yoast SEO Premium plugin. -->","yoast_head_json":{"title":"Stephen Caramenico, Esq.","description":"El Sr. Stephen Caramenico se uni\u00f3 a Malloy Law Offices, LLC en diciembre de 2018. Durante los \u00faltimos 7 a\u00f1os ha representado a personas heridas en accidentes de coche, en resbalones y ca\u00eddas y en accidentes relacionados con el trabajo. Adem\u00e1s, ha defendido a personas acusadas de delitos de tr\u00e1fico y otros asuntos penales variados. Anteriormente trabaj\u00f3 en despachos de abogados en Rockville y Baltimore. Actualmente est\u00e1 contratado como abogado asociado en Malloy Law Offices, LLC y se ocupa de ayudar a clientes a recibir la justicia que merecen.","robots":{"index":"index","follow":"follow","max-snippet":"max-snippet:-1","max-image-preview":"max-image-preview:large","max-video-preview":"max-video-preview:-1"},"canonical":"https:\/\/www.malloy-law.com\/es\/abogados\/stephen-caramenico-esq\/","og_locale":"es_ES","og_type":"article","og_title":"Stephen Caramenico, Esq.","og_description":"El Sr. Stephen Caramenico se uni\u00f3 a Malloy Law Offices, LLC en diciembre de 2018. Durante los \u00faltimos 7 a\u00f1os ha representado a personas heridas en accidentes de coche, en resbalones y ca\u00eddas y en accidentes relacionados con el trabajo. Adem\u00e1s, ha defendido a personas acusadas de delitos de tr\u00e1fico y otros asuntos penales variados. Anteriormente trabaj\u00f3 en despachos de abogados en Rockville y Baltimore. Actualmente est\u00e1 contratado como abogado asociado en Malloy Law Offices, LLC y se ocupa de ayudar a clientes a recibir la justicia que merecen.","og_url":"https:\/\/www.malloy-law.com\/es\/abogados\/stephen-caramenico-esq\/","og_site_name":"Malloy Law","article_modified_time":"2026-03-19T15:00:34+00:00","twitter_card":"summary_large_image","schema":{"@context":"https:\/\/schema.org","@graph":[{"@type":"WebPage","@id":"https:\/\/www.malloy-law.com\/es\/abogados\/stephen-caramenico-esq\/","url":"https:\/\/www.malloy-law.com\/es\/abogados\/stephen-caramenico-esq\/","name":"Stephen Caramenico, Esq.","isPartOf":{"@id":"https:\/\/www.malloy-law.com\/#website"},"datePublished":"2020-07-06T07:45:23+00:00","dateModified":"2026-03-19T15:00:34+00:00","description":"El Sr. Stephen Caramenico se uni\u00f3 a Malloy Law Offices, LLC en diciembre de 2018. Durante los \u00faltimos 7 a\u00f1os ha representado a personas heridas en accidentes de coche, en resbalones y ca\u00eddas y en accidentes relacionados con el trabajo. Adem\u00e1s, ha defendido a personas acusadas de delitos de tr\u00e1fico y otros asuntos penales variados. Anteriormente trabaj\u00f3 en despachos de abogados en Rockville y Baltimore. Actualmente est\u00e1 contratado como abogado asociado en Malloy Law Offices, LLC y se ocupa de ayudar a clientes a recibir la justicia que merecen.","breadcrumb":{"@id":"https:\/\/www.malloy-law.com\/es\/abogados\/stephen-caramenico-esq\/#breadcrumb"},"inLanguage":"es","potentialAction":[{"@type":"ReadAction","target":["https:\/\/www.malloy-law.com\/es\/abogados\/stephen-caramenico-esq\/"]}]},{"@type":"BreadcrumbList","@id":"https:\/\/www.malloy-law.com\/es\/abogados\/stephen-caramenico-esq\/#breadcrumb","itemListElement":[{"@type":"ListItem","position":1,"name":"Home","item":"https:\/\/www.malloy-law.com\/es\/"},{"@type":"ListItem","position":2,"name":"Conoce el Equipo","item":"https:\/\/www.malloy-law.com\/es\/abogados\/"},{"@type":"ListItem","position":3,"name":"Stephen Caramenico, Esq."}]},{"@type":"WebSite","@id":"https:\/\/www.malloy-law.com\/#website","url":"https:\/\/www.malloy-law.com\/","name":"Malloy Law","description":"","publisher":{"@id":"https:\/\/www.malloy-law.com\/#organization"},"potentialAction":[{"@type":"SearchAction","target":{"@type":"EntryPoint","urlTemplate":"https:\/\/www.malloy-law.com\/?s={search_term_string}"},"query-input":{"@type":"PropertyValueSpecification","valueRequired":true,"valueName":"search_term_string"}}],"inLanguage":"es"},{"@type":"Organization","@id":"https:\/\/www.malloy-law.com\/#organization","name":"Malloy Law Offices, LLC","url":"https:\/\/www.malloy-law.com\/","logo":{"@type":"ImageObject","inLanguage":"es","@id":"https:\/\/www.malloy-law.com\/#\/schema\/logo\/image\/","url":"https:\/\/www.malloy-law.com\/wp-content\/uploads\/2019\/08\/MalloyLaw_Logo_Transparent.png","contentUrl":"https:\/\/www.malloy-law.com\/wp-content\/uploads\/2019\/08\/MalloyLaw_Logo_Transparent.png","width":2147,"height":558,"caption":"Malloy Law Offices, LLC"},"image":{"@id":"https:\/\/www.malloy-law.com\/#\/schema\/logo\/image\/"}}]}},"coauthors":[],"author_meta":{"author_link":"https:\/\/www.malloy-law.com\/es\/author\/admin\/","display_name":"admin"},"relative_dates":{"created":"Publicado 6 a\u00f1os hace","modified":"Actualizado 2 meses hace"},"absolute_dates":{"created":"Publicado el 6 de julio de 2020","modified":"Actualizado el 19 de marzo de 2026"},"absolute_dates_time":{"created":"Publicado el 6 de julio de 2020 03:45","modified":"Actualizado el 19 de marzo de 2026 11:00"},"featured_img_caption":"","featured_img":false,"series_order":"","_links":{"self":[{"href":"https:\/\/www.malloy-law.com\/es\/wp-json\/wp\/v2\/pages\/3717","targetHints":{"allow":["GET"]}}],"collection":[{"href":"https:\/\/www.malloy-law.com\/es\/wp-json\/wp\/v2\/pages"}],"about":[{"href":"https:\/\/www.malloy-law.com\/es\/wp-json\/wp\/v2\/types\/page"}],"author":[{"embeddable":true,"href":"https:\/\/www.malloy-law.com\/es\/wp-json\/wp\/v2\/users\/1"}],"replies":[{"embeddable":true,"href":"https:\/\/www.malloy-law.com\/es\/wp-json\/wp\/v2\/comments?post=3717"}],"version-history":[{"count":0,"href":"https:\/\/www.malloy-law.com\/es\/wp-json\/wp\/v2\/pages\/3717\/revisions"}],"up":[{"embeddable":true,"href":"https:\/\/www.malloy-law.com\/es\/wp-json\/wp\/v2\/pages\/3751"}],"wp:attachment":[{"href":"https:\/\/www.malloy-law.com\/es\/wp-json\/wp\/v2\/media?parent=3717"}],"curies":[{"name":"wp","href":"https:\/\/api.w.org\/{rel}","templated":true}]}}