{"id":3732,"date":"2020-07-06T04:07:36","date_gmt":"2020-07-06T08:07:36","guid":{"rendered":"https:\/\/malloytestcloud.kinsta.cloud\/?page_id=3732"},"modified":"2025-08-08T15:51:14","modified_gmt":"2025-08-08T19:51:14","slug":"responsabilidad-locativa","status":"publish","type":"page","link":"https:\/\/www.malloy-law.com\/es\/lesiones-personales\/responsabilidad-locativa\/","title":{"rendered":"Abogado en Responsabilidad Locativa"},"content":{"rendered":"<p>La responsabilidad locativa es un t\u00e9rmino general bastante amplio que abarca m\u00faltiples casos de lesiones personales que pueden ocurrir en una variedad de \u00e1reas, incluyendo propiedades p\u00fablicas y privadas, apartamentos, el lugar de trabajo,entre otros. Las leyes de responsabilidad locativa ayudan a determinar qui\u00e9n puede ser hecho responsable por estas lesiones cuando ocurren. Si usted ha resultado lesionado en una propiedad p\u00fablica o privada, es posible que tenga derecho a recibir una indemnizaci\u00f3n. El contactar a un Abogado en Responsabilidad Locativa altamente calificado al (888) 291- 6445 para analizar su caso en una consulta gratuita es la mejor manera de determinar si tiene derecho a esto. Nuestros abogados podr\u00e1n evaluar su caso y ver qu\u00e9 se puede recuperar.<\/p>\n<h2>\u00bfPor Qu\u00e9 Elegir a Malloy Law Offices, LLC?<\/h2>\n<p>En Malloy Law Offices, ofrecemos asesor\u00eda legal profesional altamente personalizada en una variedad de casos de responsabilidad locativa. Las ventajas de trabajar con nuestro bufete incluyen:<\/p>\n<ul>\n<li>Hablamos ingl\u00e9s, espa\u00f1ol y ruso.<\/li>\n<li>Nuestros casos se toman en base a honorarios de contingencia. No tiene que pagar honorarios legales a menos que ganemos.<\/li>\n<li>Contamos con m\u00e1s de quince a\u00f1os de experiencia como abogados litigantes y entendemos c\u00f3mo manejar todo tipo de casos de responsabilidad locativa.<\/li>\n<li>Creemos que usted tiene derecho a reclamar una indemnizaci\u00f3n total por lo que le sucedi\u00f3. Centramos nuestros esfuerzos en ayudar a nuestros clientes a conseguir la m\u00e1xima indemnizaci\u00f3n posible.<\/li>\n<li>Nuestro equipo legal en Malloy Law Offices, LLC otorga importancia a ayudar a cada cliente a alcanzar sus objetivos. Nuestro comprometido personal y <a href=\"https:\/\/www.malloy-law.com\/attorneys\/\">Abogados en Responsabilidad Locativa<\/a> se esfuerzan por marcar la diferencia en la vida de nuestros clientes a trav\u00e9s de un servicio superior y personalizado, un s\u00f3lido conocimiento legal y, sobre todo, un arduo trabajo en sus casos de lesiones personales.<\/li>\n<\/ul>\n<h2>Categor\u00edas en Casos de Responsabilidad Locativa<\/h2>\n<p>En los casos de responsabilidad locativa, se puede clasificar a una persona en una de cuatro designaciones:<\/p>\n<h4><strong>Invitado<\/strong><\/h4>\n<p>Un invitado es alguien que ha sido invitado a las instalaciones y el propietario u ocupante, expresamente,quiere que est\u00e9n ah\u00ed. El propietario u ocupante del local tiene el deber de mantener y reparar razonablemente el local para que el invitado no resulte herido. El ejemplo m\u00e1s com\u00fan de un invitado ser\u00eda un cliente en una tienda.<\/p>\n<h4><strong>Licenciatario por Invitaci\u00f3n<\/strong><\/h4>\n<p>Un licenciatario por invitaci\u00f3n es alguien a quien se le permite estar en las instalaciones. La diferencia entre un invitado y un licenciatario por invitaci\u00f3n es que se desea que el invitado est\u00e9 en las instalaciones, mientras que al licenciatario por invitaci\u00f3n se le permite estar en las instalaciones si el propietario u ocupante desea que as\u00ed sea. A los licenciatarios por invitaci\u00f3n se les debe un menor grado de responsabilidad que a un invitado. El propietario u ocupante debe alertar al titular de la licencia por invitaci\u00f3n de cualquier peligro que no sea obvio para el titular de la licencia por invitaci\u00f3n, pero fuera de eso no tiene la obligaci\u00f3n de mantener las instalaciones de la manera en que deber\u00eda hacerlo si la persona fuera un invitado. Los invitados sociales y los miembros de la familia se consideran licenciatarios por invitaci\u00f3n.<\/p>\n<h4><strong>Licenciatario Expuesto<\/strong><\/h4>\n<p>Un licenciatario expuesto tiene incluso menos privilegios que un licenciatario por invitaci\u00f3n. Se les permite estar en las instalaciones con el permiso del propietario o del ocupante, pero solo para sus propios fines. El propietario u ocupante de las instalaciones no tiene ninguna obligaci\u00f3n con el licenciatario expuesto, con la excepci\u00f3n de no crear situaciones peligrosas, ya sea a prop\u00f3sito o de forma accidental, o crear nuevas fuentes de peligro sin avisar primero al licenciatario expuesto.<\/p>\n<h4><strong>Invasor<\/strong><\/h4>\n<p>Un invasor es una persona que no tiene permiso para estar en las instalaciones en absoluto. No se tiene ninguna obligaci\u00f3n antes el intruso aparte de evitar lesiones intencionales que no sean para defensa propia. La \u00fanica excepci\u00f3n a esta regla es si el intruso es un ni\u00f1o y las instalaciones se han creado o mantenido de una manera que atraiga a un ni\u00f1o a jugar en ellas. En este caso, se llama la \u201cdoctrina del peligro atractivo\u201d, y el propietario u ocupante puede ser considerado responsable de las lesiones del ni\u00f1o, si est\u00e9 llegara a lesionarse.<\/p>\n<p>Aunque estas son las cuatro distinciones para las personas involucradas en un caso de responsabilidad locativa, su estado puede cambiar dependiendo de las circunstancias del caso. Por ejemplo, un licenciatario expuesto puede necesitar usar o acceder a algo dentro de las instalaciones, por lo quedar\u00eda siendo invitado. Esto puede cambiar su estado a licenciatario por invitaci\u00f3n, dependiendo de lo que decida el tribunal y, por lo tanto, se puede determinar que se le deb\u00eda un mayor nivel de cuidado.<\/p>\n<h2>Tipos de Casos de Responsabilidad Locativa<\/h2>\n<p>Cualquier lesi\u00f3n que ocurra en la propiedad de otra persona o parte puede permitir que se presente un <a href=\"https:\/\/www.hg.org\/premises-liability.html\">caso de responsabilidad locativa<\/a> para tratar de obtener una indemnizaci\u00f3n. Algunos de los tipos de casos incluyen:<\/p>\n<ul>\n<li><a href=\"https:\/\/www.malloy-law.com\/personal-injury\/slip-fall\/\">Resbalones y Ca\u00eddas<\/a><\/li>\n<li>Tropiezos y Ca\u00eddas<\/li>\n<li>Asaltos\/Ataques \u2013 Seguridad Inadecuada<\/li>\n<li>Ahogamientos<\/li>\n<li>Nieve y Hielo que Conducen a Ca\u00eddas<\/li>\n<li>Escaleras Defectuosas<\/li>\n<li>Accidentes en Ascensores y Escaleras Mec\u00e1nicas<\/li>\n<li><a href=\"https:\/\/www.malloy-law.com\/personal-injury\/dog-bite\/\">Ataques Violentos de Perros<\/a><\/li>\n<li>Incendios<\/li>\n<li>Exposici\u00f3n T\u00f3xica<\/li>\n<li>Falta de Iluminaci\u00f3n Segura<\/li>\n<li>Puertas, Portones, Habitaciones con Sistemas de Bloqueo Defectuosos<\/li>\n<\/ul>\n<h2>Por Qu\u00e9 Necesita un Abogado de Responsabilidad Locativa Para un Caso<\/h2>\n<p>Si ha sufrido lesiones graves mientras estaba en la propiedad de otra persona o entidad que no ejerci\u00f3 un cuidado razonable en el mantenimiento de las instalaciones, o no lo protegi\u00f3 a usted de sufrir da\u00f1os debido a puertas, portones, o \u00e1reas de entra a piscinas defectuosos, o lo protegi\u00f3 con el personal de seguridad adecuado, su caso se incluye bajo el t\u00e9rmino general de \u201cresponsabilidad locativa\u201d. Estos casos, particularmente en casos de lesiones permanentes, discapacidad a largo plazo o muerte, son defendidos por equipos de abogados defensores de la compa\u00f1\u00eda de seguros. El trabajo de estos abogados es encontrar cualquier aspecto del caso que pueda reducir el valor de un acuerdo o decisi\u00f3n del jurado.<\/p>\n<p>Cuando es representado por los abogados en responsabilidad locativa de <a href=\"https:\/\/www.malloy-law.com\/attorneys\/\">Malloy Law Offices<\/a>, LLC, usted estar\u00e1 en manos de un equipo altamente calificado y experimentado que cuenta con confianza y experiencia profesional, que es capaz y que nunca se siente intimidado. El objetivo del caso es establecer completamente que el propietario o administrador de la propiedad no cumpli\u00f3 con su deber de protegerlo a usted de da\u00f1os. Esta no es una situaci\u00f3n que usted deba tratar por su cuenta, ya que es posible que se le termine negando la indemnizaci\u00f3n que merece o se le ofrezca un acuerdo que sea injustamente bajo.<\/p>\n<h2>Deber de Proteger Contra Da\u00f1os<\/h2>\n<p>El deber del propietario u ocupante de proteger de da\u00f1os es el deber de cuidado que ellos le deben a cada invitado y, en menor medida, licenciatario, que ingresa a su propiedad. Los tres elementos que un propietario u ocupante debe poder enfrentar en la corte son:<\/p>\n<ul>\n<li>El propietario u ocupante era consciente de, o deber\u00eda haber sido consciente de, la condici\u00f3n de las instalaciones, deb\u00eda haber comprendido el riesgo irrazonable de amenaza que esto representaba para un visitante, y deber\u00eda haber anticipado que el visitante no era consciente del peligro.<\/li>\n<li>El propietario u ocupante no cumpli\u00f3 con su deber de cuida al individuo y hacer que el \u00e1rea fuera segura o notificar al visitante que hab\u00eda condiciones inseguras.<\/li>\n<li>El visitante desconoc\u00eda las condiciones del lugar y los riesgos que pod\u00edan estar involucrados.<\/li>\n<\/ul>\n<p>Seg\u00fan la ley, una persona est\u00e1 en posesi\u00f3n de una propiedad cuando la ocupa con la intenci\u00f3n de controlarla, la ha ocupado previamente con la intenci\u00f3n de controlarla o la ubicaci\u00f3n est\u00e1 actualmente vacante y nadie m\u00e1s la ha ocupado con la intenci\u00f3n de controlarla en el \u00ednterin, o la persona tiene derecho a la ocupaci\u00f3n inmediata de las instalaciones sin ninguna otra persona est\u00e1 actualmente en posesi\u00f3n de la propiedad.<\/p>\n<h2>Prima Facie<\/h2>\n<p>Prima facie significa \u201ca primera vista\u201d. A menudo hay un caso de prima facie en casos de responsabilidad locativa. En este caso, la carga de aportar pruebas recae en el demandante. Este debe poder demostrar que el acusado fue negligente. Es decir, no proporcion\u00f3 una atenci\u00f3n razonable al mantenimiento o reparaci\u00f3n de las instalaciones. Tampoco advirti\u00f3 sobre el peligro, lo que luego provoc\u00f3 las lesiones del demandante.<\/p>\n<h2>Responsabilidad del Visitante en Casos de Responsabilidad Locativa<\/h2>\n<p>La ley tiene algo llamado negligencia contributiva. Si una v\u00edctima fue remotamente responsable de su accidente; se le puede prohibir la recuperaci\u00f3n de cualquier tipo de indemnizaci\u00f3n. En algunos casos como cuando hayan colocado letreros con respecto a condiciones inseguras. Si el propietario u ocupante le dio al visitante una advertencia clara o el peligro era obvio; y de igual manera el visitante procedi\u00f3 de todos modos, lo que entonces result\u00f3 en lesiones. Es muy poco probable que se pueda presentar un reclamo y recibir una indemnizaci\u00f3n.<\/p>\n<p>La asunci\u00f3n de riesgo tambi\u00e9n entra en juego aqu\u00ed. Si la persona lesionada era consciente del peligro, entonces apreciaba plenamente que pod\u00eda lesionarse. Cuando aun as\u00ed continuo con sus acciones era consciente de los riesgos. Si result\u00f3 lesionada no se podr\u00e1 obtener una indemnizaci\u00f3n. Seg\u00fan la regla de negligencia contributiva de Maryland, esto significa que la persona era plenamente consciente del peligro y entend\u00eda el riesgo que corr\u00eda y las consecuencias que esto pod\u00eda conllevar.<\/p>\n<h2>Deberes Estatutarios<\/h2>\n<p>Adem\u00e1s del deber de cuidado ya discutido, los propietarios u ocupantes de locales tambi\u00e9n deben estar sujetos a deberes estatutarios. Estos son obligaciones que se imponen en base a estatutos. Como por gobierno estatal o municipal para espacio de oficina o vivienda. Se considera negligencia si una persona ignora o act\u00faa en contra de los estatutos. Se debe a que estos est\u00e1n dise\u00f1ados para proteger una clasificaci\u00f3n espec\u00edfica. Incluso si la parte lesionada no encaja en una de las categor\u00edas anteriores en circunstancias normales. Como un invasor o ser clasificado como un licenciatario expuesto. Si caen dentro de la categor\u00eda correcta de personas para los deberes estatutarios, se puede perseguir da\u00f1os y perjuicios. Solo si se ha determinado que sus lesiones fueran causadas directa, o pr\u00f3ximamente, por el incumplimiento de los estatutos.<\/p>\n<h2>\u00bfCu\u00e1l es el Valor de un Caso de Responsabilidad Locativa en Indemnizaci\u00f3n de Da\u00f1os?<\/h2>\n<p>Cada caso es \u00fanico, tanto en lo que ocurri\u00f3 como en la extensi\u00f3n de las lesiones sufridas por la v\u00edctima. Para determinar el valor del caso, entran en juego los siguientes puntos:<\/p>\n<ul>\n<li>El impacto a largo plazo de las lesiones en la capacidad del lesionado de ganarse la vida.<\/li>\n<li>El alcance de las p\u00e9rdidas financieras sufridas despu\u00e9s del accidente y las p\u00e9rdidas financieras futuras como resultado de las lesiones.<\/li>\n<li>Costos m\u00e9dicos, costos de tratamientos continuos, rehabilitaci\u00f3n, cuidados, medicamentos, transporte, etc.<\/li>\n<li>Dolor y sufrimiento, p\u00e9rdida de calidad de vida, angustia emocional, etc.<\/li>\n<\/ul>\n<h2>Comun\u00edquese Con Un Abogado En Responsabilidad Locativa<\/h2>\n<p>Si ha resultado lesionado en una propiedad p\u00fablica o privada, es posible que pueda presentar un reclamo de responsabilidad locativa. P\u00f3ngase en contacto con un experimentado abogado en responsabilidad locativa de<a href=\"https:\/\/www.malloy-law.com\/\">Malloy Law Offices, LLC<\/a>. Llame hoy mismo al (888) 291- 6445 para recibir una consulta gratis. Nuestros abogados revisar\u00e1n los hechos de su caso. Se asegurar\u00e1n de que se hayan examinado todos los derechos consuetudinarios y deberes estatuarios que el acusado le debe. Discutir\u00e1n diligentemente su caso para que pueda recibir la indemnizaci\u00f3n que merece.<\/p>\n","protected":false},"excerpt":{"rendered":"<p>La responsabilidad locativa es un t\u00e9rmino general bastante amplio que abarca m\u00faltiples casos de lesiones personales que pueden ocurrir en una variedad de \u00e1reas, incluyendo propiedades p\u00fablicas y privadas, apartamentos, el lugar de trabajo,entre otros. Las leyes de responsabilidad locativa ayudan a determinar qui\u00e9n puede ser hecho responsable por estas lesiones cuando ocurren. Si usted&#8230;<\/p>\n","protected":false},"author":1,"featured_media":0,"parent":3740,"menu_order":0,"comment_status":"closed","ping_status":"closed","template":"template-default-with-video.php","meta":{"_acf_changed":false,"om_disable_all_campaigns":false,"advgb_blocks_editor_width":"","advgb_blocks_columns_visual_guide":"","footnotes":""},"class_list":["post-3732","page","type-page","status-publish","hentry"],"acf":[],"yoast_head":"<!-- This site is optimized with the Yoast SEO Premium plugin v27.4 (Yoast SEO v27.4) - https:\/\/yoast.com\/product\/yoast-seo-premium-wordpress\/ -->\n<title>Abogado en Responsabilidad Locativa - Malloy Law<\/title>\n<meta name=\"description\" content=\"\u00bfNecesita un Abogado en Responsabilidad Locativa? P\u00f3ngase en contacto hoy mismo con Malloy Law Offices, LLC al (888) 291- 6445\" \/>\n<meta name=\"robots\" content=\"index, follow, max-snippet:-1, max-image-preview:large, max-video-preview:-1\" \/>\n<link rel=\"canonical\" href=\"https:\/\/www.malloy-law.com\/es\/lesiones-personales\/responsabilidad-locativa\/\" \/>\n<meta property=\"og:locale\" content=\"es_ES\" \/>\n<meta property=\"og:type\" content=\"article\" \/>\n<meta property=\"og:title\" content=\"Abogado en Responsabilidad Locativa\" \/>\n<meta property=\"og:description\" content=\"\u00bfNecesita un Abogado en Responsabilidad Locativa? P\u00f3ngase en contacto hoy mismo con Malloy Law Offices, LLC al (888) 291- 6445\" \/>\n<meta property=\"og:url\" content=\"https:\/\/www.malloy-law.com\/es\/lesiones-personales\/responsabilidad-locativa\/\" \/>\n<meta property=\"og:site_name\" content=\"Malloy Law\" \/>\n<meta property=\"article:modified_time\" content=\"2025-08-08T19:51:14+00:00\" \/>\n<meta name=\"twitter:card\" content=\"summary_large_image\" \/>\n<meta name=\"twitter:label1\" content=\"Tiempo de lectura\" \/>\n\t<meta name=\"twitter:data1\" content=\"9 minutos\" \/>\n<script type=\"application\/ld+json\" class=\"yoast-schema-graph\">{\"@context\":\"https:\\\/\\\/schema.org\",\"@graph\":[{\"@type\":\"WebPage\",\"@id\":\"https:\\\/\\\/www.malloy-law.com\\\/es\\\/lesiones-personales\\\/responsabilidad-locativa\\\/\",\"url\":\"https:\\\/\\\/www.malloy-law.com\\\/es\\\/lesiones-personales\\\/responsabilidad-locativa\\\/\",\"name\":\"Abogado en Responsabilidad Locativa - Malloy Law\",\"isPartOf\":{\"@id\":\"https:\\\/\\\/www.malloy-law.com\\\/#website\"},\"datePublished\":\"2020-07-06T08:07:36+00:00\",\"dateModified\":\"2025-08-08T19:51:14+00:00\",\"description\":\"\u00bfNecesita un Abogado en Responsabilidad Locativa? P\u00f3ngase en contacto hoy mismo con Malloy Law Offices, LLC al (888) 291- 6445\",\"breadcrumb\":{\"@id\":\"https:\\\/\\\/www.malloy-law.com\\\/es\\\/lesiones-personales\\\/responsabilidad-locativa\\\/#breadcrumb\"},\"inLanguage\":\"es\",\"potentialAction\":[{\"@type\":\"ReadAction\",\"target\":[\"https:\\\/\\\/www.malloy-law.com\\\/es\\\/lesiones-personales\\\/responsabilidad-locativa\\\/\"]}]},{\"@type\":\"BreadcrumbList\",\"@id\":\"https:\\\/\\\/www.malloy-law.com\\\/es\\\/lesiones-personales\\\/responsabilidad-locativa\\\/#breadcrumb\",\"itemListElement\":[{\"@type\":\"ListItem\",\"position\":1,\"name\":\"Home\",\"item\":\"https:\\\/\\\/www.malloy-law.com\\\/es\\\/\"},{\"@type\":\"ListItem\",\"position\":2,\"name\":\"Lesiones Personales\",\"item\":\"https:\\\/\\\/www.malloy-law.com\\\/es\\\/lesiones-personales\\\/\"},{\"@type\":\"ListItem\",\"position\":3,\"name\":\"Abogado en Responsabilidad Locativa\"}]},{\"@type\":\"WebSite\",\"@id\":\"https:\\\/\\\/www.malloy-law.com\\\/#website\",\"url\":\"https:\\\/\\\/www.malloy-law.com\\\/\",\"name\":\"Malloy Law\",\"description\":\"\",\"publisher\":{\"@id\":\"https:\\\/\\\/www.malloy-law.com\\\/#organization\"},\"potentialAction\":[{\"@type\":\"SearchAction\",\"target\":{\"@type\":\"EntryPoint\",\"urlTemplate\":\"https:\\\/\\\/www.malloy-law.com\\\/?s={search_term_string}\"},\"query-input\":{\"@type\":\"PropertyValueSpecification\",\"valueRequired\":true,\"valueName\":\"search_term_string\"}}],\"inLanguage\":\"es\"},{\"@type\":\"Organization\",\"@id\":\"https:\\\/\\\/www.malloy-law.com\\\/#organization\",\"name\":\"Malloy Law Offices, LLC\",\"url\":\"https:\\\/\\\/www.malloy-law.com\\\/\",\"logo\":{\"@type\":\"ImageObject\",\"inLanguage\":\"es\",\"@id\":\"https:\\\/\\\/www.malloy-law.com\\\/#\\\/schema\\\/logo\\\/image\\\/\",\"url\":\"https:\\\/\\\/www.malloy-law.com\\\/wp-content\\\/uploads\\\/2019\\\/08\\\/MalloyLaw_Logo_Transparent.png\",\"contentUrl\":\"https:\\\/\\\/www.malloy-law.com\\\/wp-content\\\/uploads\\\/2019\\\/08\\\/MalloyLaw_Logo_Transparent.png\",\"width\":2147,\"height\":558,\"caption\":\"Malloy Law Offices, LLC\"},\"image\":{\"@id\":\"https:\\\/\\\/www.malloy-law.com\\\/#\\\/schema\\\/logo\\\/image\\\/\"}}]}<\/script>\n<!-- \/ Yoast SEO Premium plugin. -->","yoast_head_json":{"title":"Abogado en Responsabilidad Locativa - Malloy Law","description":"\u00bfNecesita un Abogado en Responsabilidad Locativa? P\u00f3ngase en contacto hoy mismo con Malloy Law Offices, LLC al (888) 291- 6445","robots":{"index":"index","follow":"follow","max-snippet":"max-snippet:-1","max-image-preview":"max-image-preview:large","max-video-preview":"max-video-preview:-1"},"canonical":"https:\/\/www.malloy-law.com\/es\/lesiones-personales\/responsabilidad-locativa\/","og_locale":"es_ES","og_type":"article","og_title":"Abogado en Responsabilidad Locativa","og_description":"\u00bfNecesita un Abogado en Responsabilidad Locativa? P\u00f3ngase en contacto hoy mismo con Malloy Law Offices, LLC al (888) 291- 6445","og_url":"https:\/\/www.malloy-law.com\/es\/lesiones-personales\/responsabilidad-locativa\/","og_site_name":"Malloy Law","article_modified_time":"2025-08-08T19:51:14+00:00","twitter_card":"summary_large_image","twitter_misc":{"Tiempo de lectura":"9 minutos"},"schema":{"@context":"https:\/\/schema.org","@graph":[{"@type":"WebPage","@id":"https:\/\/www.malloy-law.com\/es\/lesiones-personales\/responsabilidad-locativa\/","url":"https:\/\/www.malloy-law.com\/es\/lesiones-personales\/responsabilidad-locativa\/","name":"Abogado en Responsabilidad Locativa - Malloy Law","isPartOf":{"@id":"https:\/\/www.malloy-law.com\/#website"},"datePublished":"2020-07-06T08:07:36+00:00","dateModified":"2025-08-08T19:51:14+00:00","description":"\u00bfNecesita un Abogado en Responsabilidad Locativa? P\u00f3ngase en contacto hoy mismo con Malloy Law Offices, LLC al (888) 291- 6445","breadcrumb":{"@id":"https:\/\/www.malloy-law.com\/es\/lesiones-personales\/responsabilidad-locativa\/#breadcrumb"},"inLanguage":"es","potentialAction":[{"@type":"ReadAction","target":["https:\/\/www.malloy-law.com\/es\/lesiones-personales\/responsabilidad-locativa\/"]}]},{"@type":"BreadcrumbList","@id":"https:\/\/www.malloy-law.com\/es\/lesiones-personales\/responsabilidad-locativa\/#breadcrumb","itemListElement":[{"@type":"ListItem","position":1,"name":"Home","item":"https:\/\/www.malloy-law.com\/es\/"},{"@type":"ListItem","position":2,"name":"Lesiones Personales","item":"https:\/\/www.malloy-law.com\/es\/lesiones-personales\/"},{"@type":"ListItem","position":3,"name":"Abogado en Responsabilidad Locativa"}]},{"@type":"WebSite","@id":"https:\/\/www.malloy-law.com\/#website","url":"https:\/\/www.malloy-law.com\/","name":"Malloy Law","description":"","publisher":{"@id":"https:\/\/www.malloy-law.com\/#organization"},"potentialAction":[{"@type":"SearchAction","target":{"@type":"EntryPoint","urlTemplate":"https:\/\/www.malloy-law.com\/?s={search_term_string}"},"query-input":{"@type":"PropertyValueSpecification","valueRequired":true,"valueName":"search_term_string"}}],"inLanguage":"es"},{"@type":"Organization","@id":"https:\/\/www.malloy-law.com\/#organization","name":"Malloy Law Offices, LLC","url":"https:\/\/www.malloy-law.com\/","logo":{"@type":"ImageObject","inLanguage":"es","@id":"https:\/\/www.malloy-law.com\/#\/schema\/logo\/image\/","url":"https:\/\/www.malloy-law.com\/wp-content\/uploads\/2019\/08\/MalloyLaw_Logo_Transparent.png","contentUrl":"https:\/\/www.malloy-law.com\/wp-content\/uploads\/2019\/08\/MalloyLaw_Logo_Transparent.png","width":2147,"height":558,"caption":"Malloy Law Offices, LLC"},"image":{"@id":"https:\/\/www.malloy-law.com\/#\/schema\/logo\/image\/"}}]}},"coauthors":[],"author_meta":{"author_link":"https:\/\/www.malloy-law.com\/es\/author\/admin\/","display_name":"admin"},"relative_dates":{"created":"Publicado 6 a\u00f1os hace","modified":"Actualizado 9 meses hace"},"absolute_dates":{"created":"Publicado el 6 de julio de 2020","modified":"Actualizado el 8 de agosto de 2025"},"absolute_dates_time":{"created":"Publicado el 6 de julio de 2020 04:07","modified":"Actualizado el 8 de agosto de 2025 15:51"},"featured_img_caption":"","featured_img":false,"series_order":"","_links":{"self":[{"href":"https:\/\/www.malloy-law.com\/es\/wp-json\/wp\/v2\/pages\/3732","targetHints":{"allow":["GET"]}}],"collection":[{"href":"https:\/\/www.malloy-law.com\/es\/wp-json\/wp\/v2\/pages"}],"about":[{"href":"https:\/\/www.malloy-law.com\/es\/wp-json\/wp\/v2\/types\/page"}],"author":[{"embeddable":true,"href":"https:\/\/www.malloy-law.com\/es\/wp-json\/wp\/v2\/users\/1"}],"replies":[{"embeddable":true,"href":"https:\/\/www.malloy-law.com\/es\/wp-json\/wp\/v2\/comments?post=3732"}],"version-history":[{"count":0,"href":"https:\/\/www.malloy-law.com\/es\/wp-json\/wp\/v2\/pages\/3732\/revisions"}],"up":[{"embeddable":true,"href":"https:\/\/www.malloy-law.com\/es\/wp-json\/wp\/v2\/pages\/3740"}],"wp:attachment":[{"href":"https:\/\/www.malloy-law.com\/es\/wp-json\/wp\/v2\/media?parent=3732"}],"curies":[{"name":"wp","href":"https:\/\/api.w.org\/{rel}","templated":true}]}}