{"id":3736,"date":"2020-07-06T04:13:29","date_gmt":"2020-07-06T08:13:29","guid":{"rendered":"https:\/\/malloytestcloud.kinsta.cloud\/?page_id=3736"},"modified":"2025-08-11T10:39:31","modified_gmt":"2025-08-11T14:39:31","slug":"negligencia-medica","status":"publish","type":"page","link":"https:\/\/www.malloy-law.com\/es\/lesiones-personales\/negligencia-medica\/","title":{"rendered":"Abogado de Negligencia M\u00e9dica"},"content":{"rendered":"<p><img decoding=\"async\" class=\"wp-image-1414 aligncenter\" src=\"\/wp-content\/uploads\/2018\/12\/Surgeons-compressed.jpg\" alt=\"medical malpractice\" width=\"673\" height=\"449\" \/><\/p>\n<p>Por horrible que parezca, el error m\u00e9dico es una de las principales causas de lesiones y muerte en los Estados Unidos. Si usted o su ser querido han resultados lesionados por la negligencia de un proveedor de atenci\u00f3n m\u00e9dica, comun\u00edquese hoy mismo con uno de los abogados en negligencia m\u00e9dica de Malloy LawOffices, LLC en Bethesda. Somos defensores dedicados a las v\u00edctimas de negligencia m\u00e9dica.<\/p>\n<h2>Por Qu\u00e9 Elegir A Malloy LawOffices, LLC<\/h2>\n<ul>\n<li>Nuestros abogados litigantes cuentan con m\u00e1s de 15 a\u00f1os de experiencia. Sabemos c\u00f3mo manejar los casos de negligencia m\u00e9dica y lo que se necesita para conseguir la m\u00e1xima indemnizaci\u00f3n para nuestros clientes.<\/li>\n<li>Nuestros <a href=\"https:\/\/www.malloy-law.com\/contact\">abogados en lesiones personales<\/a> trabajan en base a honorarios de contingencia, lo que les permite a las personas lesionadas acceder al sistema legal y a la justicia. No tiene que pagarnos ninguna tarifa a menos que aseguremos una indemnizaci\u00f3n para usted.<\/li>\n<li>Valoramos las relaciones y forjamos alianzas cercanas con nuestros clientes. Como su bufete de abogados, protegeremos sus derechos, responderemos sus preguntas y lo mantendremos informado sobre el progreso de su caso.<\/li>\n<\/ul>\n<h2>Cuando Necesita un Abogado en Negligencia M\u00e9dica<\/h2>\n<p>Cuando acude a un m\u00e9dico u hospital para un procedimiento, incluso algo rutinario, lo \u00faltimo que espera es que ocurra una negligencia m\u00e9dica \u2013 y, sin embargo, est\u00e1s suceden, a menudo con efectos devastadores.<\/p>\n<p>Si usted o un ser querido resultaron lesionados por la negligencia de un m\u00e9dico, una enfermera registrada, un asistente m\u00e9dico u otro profesional de la salud, comun\u00edquese con un abogado con experiencia en negligencia m\u00e9dica tan pronto como sea posible despu\u00e9s de <a href=\"https:\/\/centerjd.org\/cjrg\/Numbers.pdf\">descubrir la negligencia<\/a>. El abogado trabajar\u00e1 con usted para garantizar que recibe la compensaci\u00f3n que merece.<\/p>\n<h2>Lesiones Comunes<\/h2>\n<p>Algunas lesiones comunes que pueden provenir de una negligencia m\u00e9dica incluyen lesiones durante una cirug\u00eda, como:<\/p>\n<ul>\n<li>Perforaci\u00f3n intestinal<\/li>\n<li>Da\u00f1os a las arterias<\/li>\n<li>Da\u00f1os en nervios<\/li>\n<li>Operar la parte incorrecta del cuerpo<\/li>\n<li>Dejar instrumentos m\u00e9dicos u otros objetos dentro del paciente<\/li>\n<li>Y errores con la anestesia.<\/li>\n<\/ul>\n<p>Otras lesiones pueden incluir, pero no se limitan a:<\/p>\n<ul>\n<li>Desalineaci\u00f3n de huesos<\/li>\n<li>Infecci\u00f3n por un entorno mal mantenido o por no cambiar ap\u00f3sitos<\/li>\n<li>No recomendar un procedimiento diagn\u00f3stico o preventivo<\/li>\n<li>No realizar una prueba o procedimiento de diagn\u00f3stico de manera oportuna<\/li>\n<li>Y no monitorear al paciente.<\/li>\n<\/ul>\n<p>Si alguno de estos le ocurre a un paciente, este debe comunicarse con un abogado especializado en negligencias m\u00e9dicas tan pronto como sea posible despu\u00e9s de descubrir la negligencia m\u00e9dica para poder recibir una representaci\u00f3n \u00f3ptima y asegurarse de que el plazo de prescripci\u00f3n no se agote.<\/p>\n<h2>Pagos Por Reclamos Por Negligencia M\u00e9dica Por Gravedad del Resultado<\/h2>\n<p>Como se indic\u00f3 en el <a href=\"https:\/\/www.diederichhealthcare.com\/the-standard\/2018-medical-malpractice-payout-analysis\/\">An\u00e1lisis de Pagos por Negligencia M\u00e9dica<\/a> de DiederichHealthcare, en los \u00faltimos a\u00f1os se pagaron casi $4 mil millones ($3,925,073,250) por reclamos por negligencia m\u00e9dica. Seg\u00fan la gravedad del resultado, esta suma astron\u00f3mica se pag\u00f3 en las siguientes proporciones:<\/p>\n<ul>\n<li>Muerte \u2013 30%<\/li>\n<li>Lesiones permanentes mayores \u2013 20%<\/li>\n<li>Lesiones permanentes significativas \u2013 18%<\/li>\n<li>Cuadriplej\u00eda, da\u00f1o cerebral y lesiones de por vida \u2013 12%<\/li>\n<li>Lesiones permanentes menores \u2013 8%<\/li>\n<li>Lesiones temporales mayores \u2013 7%<\/li>\n<li>Otros \u2013 5%<\/li>\n<\/ul>\n<h2>Pagos Por Negligencia M\u00e9dica Por Tipo de Negligencia<\/h2>\n<p>DiederichHealthcaretambi\u00e9n clasific\u00f3 los pagos por negligencia m\u00e9dica en a\u00f1os recientes de acuerdo con el tiempo de negligencia reclamada por las partes lesionadas. En esta clasificaci\u00f3n, la suma de $3,925,073,250 se asign\u00f3 de la siguiente manera por tipo de error m\u00e9dico:<\/p>\n<ul>\n<li>Errores de diagn\u00f3stico \u2013 34%<\/li>\n<li>Errores quir\u00fargicos \u2013 22%<\/li>\n<li>Errores de tratamiento \u2013 19%<\/li>\n<li>Errores de obstetricia \u2013 9%<\/li>\n<li>Errores de medicaci\u00f3n \u2013 5%<\/li>\n<li>Errores de monitoreo \u2013 5%<\/li>\n<li>Otros errores \u2013 6%<\/li>\n<\/ul>\n<h2>Estad\u00edsticas<\/h2>\n<p>Debido a que no siempre es detectable y muchas veces no se reporta, el n\u00famero total de casos de negligencia m\u00e9dica en el pais var\u00eda. El Instituto de Medicina calcula las cifras entre 44,000 a 98,000 muertes. Ademas, m\u00e1s de un mill\u00f3n de lesiones atribuibles a la negligencia m\u00e9dica. La Revista de la Asociaci\u00f3n M\u00e9dica Americana dice que ese n\u00famero es mucho mayor: con hasta 248,000 muertes causadas por negligencia m\u00e9dica directa cada a\u00f1o. Estos n\u00fameros son alarmantemente altos y por buenas razones.<\/p>\n<p>Los pacientes conf\u00edan sus vidas a los profesionales m\u00e9dicos y centros de salud, tienen fe en que estos lugares les brindar\u00e1n atenci\u00f3n m\u00e9dica de alta calidad. Cuando eso no sucede, es discordante y sacude completamente la fe de la v\u00edctima en el sistema de salud. Estos errores pueden conducir a pruebas innecesarias, m\u00faltiples visitas al consultorio m\u00e9dico y lesiones duraderas.<\/p>\n<p>El tener un abogado calificado ayudar\u00e1 mucho a una v\u00edctima de negligencia m\u00e9dica para que reciba la indemnizaci\u00f3n que merece.<\/p>\n<h2>\u00bfQu\u00e9 Debe Proporcionar Para Ganar Un Reclamo Por Negligencia M\u00e9dica?<\/h2>\n<p>No necesariamente podemos responsabilizar a los m\u00e9dicos por una afecci\u00f3n m\u00e9dica que empeora o una lesi\u00f3n que no se cura adecuadamente. Sin embargo, podemos responsabilizarlos por no desempe\u00f1arse en un cierto nivel de competencia y habilidad. Cuando un profesional m\u00e9dico no cumple con este est\u00e1ndar de atenci\u00f3n y causa lesiones al paciente, el proveedor puede ser demandado por negligencia m\u00e9dica. La mayor\u00eda de las demandas por negligencia m\u00e9dica se basan en una teor\u00eda de negligencia. Para probar que hubo negligencia, usted debe demostrar que:<\/p>\n<ul>\n<li>El profesional de la salud ten\u00eda un deber con usted (relaci\u00f3n m\u00e9dico-paciente).<\/li>\n<li>El proveedor incumpli\u00f3 ese deber al desviarse del est\u00e1ndar de atenci\u00f3n aplicable.<\/li>\n<li>Exist\u00eda una conexi\u00f3n causal entre la desviaci\u00f3n del proveedor de atenci\u00f3n m\u00e9dica del est\u00e1ndar de atenci\u00f3n y las lesiones del paciente.<\/li>\n<li>Usted sufri\u00f3 lesiones como resultado de esto.<\/li>\n<\/ul>\n<h2>Testimonio de Testigos Expertos<\/h2>\n<p>Para probar que un profesional m\u00e9dico fue negligente, usted debe demostrar que su conducta cay\u00f3 por debajo del est\u00e1ndar de atenci\u00f3n generalmente aceptado. Se requiere del testimonio de otro experto m\u00e9dico en la misma \u00e1rea de la medicina. Esto establecera qu\u00e9 nivel de atenci\u00f3n se cumple com\u00fanmente por otros individuos reconocidos en la profesi\u00f3n. Se necesita el testimonio de un testigo experto no solo para establecer el est\u00e1ndar de atenci\u00f3n, sino tambi\u00e9n para demostrar que el proveedor de atenci\u00f3n m\u00e9dica que usted est\u00e1 demandado no lo cumpli\u00f3.<\/p>\n<h2>Est\u00e1ndar de Atenci\u00f3n<\/h2>\n<p>Todos los hospitales y procedimientos deben seguir el <strong>est\u00e1ndar de atenci\u00f3n<\/strong>. Esto es lo que usar\u00e1 un abogado para determinar si ocurri\u00f3 una negligencia m\u00e9dica. El est\u00e1ndar de atenci\u00f3n es esencialmente lo que har\u00eda un m\u00e9dico razonable u otro profesional m\u00e9dico con licencia en las mismas condiciones.<\/p>\n<p>Por su puesto, esas circunstancias cambian de un paciente a otro. Tambien dependen de numerosos factores como la edad, el historial m\u00e9dico anterior, el estado m\u00e9dico actual, el procedimiento que debe realizarse, y la especialidad del profesional m\u00e9dico.<\/p>\n<p>Sin embargo, todos los profesionales m\u00e9dicos deben ofrecer a sus pacientes la atenci\u00f3n o la norma legamente reconocidos, o arriesgarse a ser hechos responsables por negligencia. El determinar el est\u00e1ndar de atenci\u00f3n y si se produjo una violaci\u00f3n de este, es algo complejo.<\/p>\n<h2>Obtenci\u00f3n de Registros M\u00e9dicos<\/h2>\n<p>Seg\u00fan la ley, a los pacientes se les permite legalmente obtener copias de sus registros m\u00e9dicos por cualquier motivo. La ley requiere que los centros de salud y los m\u00e9dicos mantengan sus registros durante cinco a\u00f1os. A menudo pueden mantenerlos por m\u00e1s tiempo, a veces indefinidamente.<\/p>\n<p>Un abogado puede obtenerlos en nombre de sus clientes para su caso por negligencia m\u00e9dica.<\/p>\n<h2>Consentimiento Informado<\/h2>\n<p>El consentimiento informado es un formulario que un m\u00e9dico puede hacer firmar al paciente antes de realizar un procedimiento o prueba. Este documento indica que el m\u00e9dico ha explicado completamente el procedimiento y sus posibles efectos secundarios y riesgos, y que el paciente entendi\u00f3 completamente esos riesgos.<\/p>\n<p>Sin embargo, si el hospital no cumpli\u00f3 con el est\u00e1ndar de atenci\u00f3n, a\u00fan puede ser posible presentar un reclamo por negligencia m\u00e9dica. Un bogado con experiencia en negligencia m\u00e9dica podr\u00e1 determinar si ocurri\u00f3 una violaci\u00f3n en el est\u00e1ndar de atenci\u00f3n.<\/p>\n<h2>Comun\u00edquese con un Abogado en Negligencia M\u00e9dica<\/h2>\n<p>Si usted o un ser querido sufrieron negligencia m\u00e9dica, comun\u00edquese con un abogado especializado en negligencia m\u00e9dica lo antes posible. Este trabajar\u00e1 incansablemente en su nombre para garantizar que reciba la indemnizaci\u00f3n que merece. <a href=\"https:\/\/www.malloy-law.com\/contact\/\">Comun\u00edquese hoy mismo con Malloy LawOffices, LLC<\/a> para recibir una consulta gratuita.<\/p>\n","protected":false},"excerpt":{"rendered":"<p>Por horrible que parezca, el error m\u00e9dico es una de las principales causas de lesiones y muerte en los Estados Unidos. Si usted o su ser querido han resultados lesionados por la negligencia de un proveedor de atenci\u00f3n m\u00e9dica, comun\u00edquese hoy mismo con uno de los abogados en negligencia m\u00e9dica de Malloy LawOffices, LLC en&#8230;<\/p>\n","protected":false},"author":1,"featured_media":0,"parent":3740,"menu_order":0,"comment_status":"closed","ping_status":"closed","template":"","meta":{"_acf_changed":false,"om_disable_all_campaigns":false,"advgb_blocks_editor_width":"","advgb_blocks_columns_visual_guide":"","footnotes":""},"class_list":["post-3736","page","type-page","status-publish","hentry"],"acf":[],"yoast_head":"<!-- This site is optimized with the Yoast SEO Premium plugin v27.4 (Yoast SEO v27.4) - https:\/\/yoast.com\/product\/yoast-seo-premium-wordpress\/ -->\n<title>Abogado de Negligencia M\u00e9dica - Malloy Law<\/title>\n<meta name=\"description\" content=\"Si result\u00f3 lesionado por las acciones de un profesional de la salud, comun\u00edquese hoy mismo con un experimentado abogado de negligencia m\u00e9dica.\" \/>\n<meta name=\"robots\" content=\"index, follow, max-snippet:-1, max-image-preview:large, max-video-preview:-1\" \/>\n<link rel=\"canonical\" href=\"https:\/\/www.malloy-law.com\/es\/lesiones-personales\/negligencia-medica\/\" \/>\n<meta property=\"og:locale\" content=\"es_ES\" \/>\n<meta property=\"og:type\" content=\"article\" \/>\n<meta property=\"og:title\" content=\"Abogado de Negligencia M\u00e9dica\" \/>\n<meta property=\"og:description\" content=\"Si result\u00f3 lesionado por las acciones de un profesional de la salud, comun\u00edquese hoy mismo con un experimentado abogado de negligencia m\u00e9dica.\" \/>\n<meta property=\"og:url\" content=\"https:\/\/www.malloy-law.com\/es\/lesiones-personales\/negligencia-medica\/\" \/>\n<meta property=\"og:site_name\" content=\"Malloy Law\" \/>\n<meta property=\"article:modified_time\" content=\"2025-08-11T14:39:31+00:00\" \/>\n<meta name=\"twitter:card\" content=\"summary_large_image\" \/>\n<meta name=\"twitter:label1\" content=\"Tiempo de lectura\" \/>\n\t<meta name=\"twitter:data1\" content=\"6 minutos\" \/>\n<script type=\"application\/ld+json\" class=\"yoast-schema-graph\">{\"@context\":\"https:\\\/\\\/schema.org\",\"@graph\":[{\"@type\":\"WebPage\",\"@id\":\"https:\\\/\\\/www.malloy-law.com\\\/es\\\/lesiones-personales\\\/negligencia-medica\\\/\",\"url\":\"https:\\\/\\\/www.malloy-law.com\\\/es\\\/lesiones-personales\\\/negligencia-medica\\\/\",\"name\":\"Abogado de Negligencia M\u00e9dica - Malloy Law\",\"isPartOf\":{\"@id\":\"https:\\\/\\\/www.malloy-law.com\\\/#website\"},\"datePublished\":\"2020-07-06T08:13:29+00:00\",\"dateModified\":\"2025-08-11T14:39:31+00:00\",\"description\":\"Si result\u00f3 lesionado por las acciones de un profesional de la salud, comun\u00edquese hoy mismo con un experimentado abogado de negligencia m\u00e9dica.\",\"breadcrumb\":{\"@id\":\"https:\\\/\\\/www.malloy-law.com\\\/es\\\/lesiones-personales\\\/negligencia-medica\\\/#breadcrumb\"},\"inLanguage\":\"es\",\"potentialAction\":[{\"@type\":\"ReadAction\",\"target\":[\"https:\\\/\\\/www.malloy-law.com\\\/es\\\/lesiones-personales\\\/negligencia-medica\\\/\"]}]},{\"@type\":\"BreadcrumbList\",\"@id\":\"https:\\\/\\\/www.malloy-law.com\\\/es\\\/lesiones-personales\\\/negligencia-medica\\\/#breadcrumb\",\"itemListElement\":[{\"@type\":\"ListItem\",\"position\":1,\"name\":\"Home\",\"item\":\"https:\\\/\\\/www.malloy-law.com\\\/es\\\/\"},{\"@type\":\"ListItem\",\"position\":2,\"name\":\"Lesiones Personales\",\"item\":\"https:\\\/\\\/www.malloy-law.com\\\/es\\\/lesiones-personales\\\/\"},{\"@type\":\"ListItem\",\"position\":3,\"name\":\"Abogado de Negligencia M\u00e9dica\"}]},{\"@type\":\"WebSite\",\"@id\":\"https:\\\/\\\/www.malloy-law.com\\\/#website\",\"url\":\"https:\\\/\\\/www.malloy-law.com\\\/\",\"name\":\"Malloy Law\",\"description\":\"\",\"publisher\":{\"@id\":\"https:\\\/\\\/www.malloy-law.com\\\/#organization\"},\"potentialAction\":[{\"@type\":\"SearchAction\",\"target\":{\"@type\":\"EntryPoint\",\"urlTemplate\":\"https:\\\/\\\/www.malloy-law.com\\\/?s={search_term_string}\"},\"query-input\":{\"@type\":\"PropertyValueSpecification\",\"valueRequired\":true,\"valueName\":\"search_term_string\"}}],\"inLanguage\":\"es\"},{\"@type\":\"Organization\",\"@id\":\"https:\\\/\\\/www.malloy-law.com\\\/#organization\",\"name\":\"Malloy Law Offices, LLC\",\"url\":\"https:\\\/\\\/www.malloy-law.com\\\/\",\"logo\":{\"@type\":\"ImageObject\",\"inLanguage\":\"es\",\"@id\":\"https:\\\/\\\/www.malloy-law.com\\\/#\\\/schema\\\/logo\\\/image\\\/\",\"url\":\"https:\\\/\\\/www.malloy-law.com\\\/wp-content\\\/uploads\\\/2019\\\/08\\\/MalloyLaw_Logo_Transparent.png\",\"contentUrl\":\"https:\\\/\\\/www.malloy-law.com\\\/wp-content\\\/uploads\\\/2019\\\/08\\\/MalloyLaw_Logo_Transparent.png\",\"width\":2147,\"height\":558,\"caption\":\"Malloy Law Offices, LLC\"},\"image\":{\"@id\":\"https:\\\/\\\/www.malloy-law.com\\\/#\\\/schema\\\/logo\\\/image\\\/\"}}]}<\/script>\n<!-- \/ Yoast SEO Premium plugin. -->","yoast_head_json":{"title":"Abogado de Negligencia M\u00e9dica - Malloy Law","description":"Si result\u00f3 lesionado por las acciones de un profesional de la salud, comun\u00edquese hoy mismo con un experimentado abogado de negligencia m\u00e9dica.","robots":{"index":"index","follow":"follow","max-snippet":"max-snippet:-1","max-image-preview":"max-image-preview:large","max-video-preview":"max-video-preview:-1"},"canonical":"https:\/\/www.malloy-law.com\/es\/lesiones-personales\/negligencia-medica\/","og_locale":"es_ES","og_type":"article","og_title":"Abogado de Negligencia M\u00e9dica","og_description":"Si result\u00f3 lesionado por las acciones de un profesional de la salud, comun\u00edquese hoy mismo con un experimentado abogado de negligencia m\u00e9dica.","og_url":"https:\/\/www.malloy-law.com\/es\/lesiones-personales\/negligencia-medica\/","og_site_name":"Malloy Law","article_modified_time":"2025-08-11T14:39:31+00:00","twitter_card":"summary_large_image","twitter_misc":{"Tiempo de lectura":"6 minutos"},"schema":{"@context":"https:\/\/schema.org","@graph":[{"@type":"WebPage","@id":"https:\/\/www.malloy-law.com\/es\/lesiones-personales\/negligencia-medica\/","url":"https:\/\/www.malloy-law.com\/es\/lesiones-personales\/negligencia-medica\/","name":"Abogado de Negligencia M\u00e9dica - Malloy Law","isPartOf":{"@id":"https:\/\/www.malloy-law.com\/#website"},"datePublished":"2020-07-06T08:13:29+00:00","dateModified":"2025-08-11T14:39:31+00:00","description":"Si result\u00f3 lesionado por las acciones de un profesional de la salud, comun\u00edquese hoy mismo con un experimentado abogado de negligencia m\u00e9dica.","breadcrumb":{"@id":"https:\/\/www.malloy-law.com\/es\/lesiones-personales\/negligencia-medica\/#breadcrumb"},"inLanguage":"es","potentialAction":[{"@type":"ReadAction","target":["https:\/\/www.malloy-law.com\/es\/lesiones-personales\/negligencia-medica\/"]}]},{"@type":"BreadcrumbList","@id":"https:\/\/www.malloy-law.com\/es\/lesiones-personales\/negligencia-medica\/#breadcrumb","itemListElement":[{"@type":"ListItem","position":1,"name":"Home","item":"https:\/\/www.malloy-law.com\/es\/"},{"@type":"ListItem","position":2,"name":"Lesiones Personales","item":"https:\/\/www.malloy-law.com\/es\/lesiones-personales\/"},{"@type":"ListItem","position":3,"name":"Abogado de Negligencia M\u00e9dica"}]},{"@type":"WebSite","@id":"https:\/\/www.malloy-law.com\/#website","url":"https:\/\/www.malloy-law.com\/","name":"Malloy Law","description":"","publisher":{"@id":"https:\/\/www.malloy-law.com\/#organization"},"potentialAction":[{"@type":"SearchAction","target":{"@type":"EntryPoint","urlTemplate":"https:\/\/www.malloy-law.com\/?s={search_term_string}"},"query-input":{"@type":"PropertyValueSpecification","valueRequired":true,"valueName":"search_term_string"}}],"inLanguage":"es"},{"@type":"Organization","@id":"https:\/\/www.malloy-law.com\/#organization","name":"Malloy Law Offices, LLC","url":"https:\/\/www.malloy-law.com\/","logo":{"@type":"ImageObject","inLanguage":"es","@id":"https:\/\/www.malloy-law.com\/#\/schema\/logo\/image\/","url":"https:\/\/www.malloy-law.com\/wp-content\/uploads\/2019\/08\/MalloyLaw_Logo_Transparent.png","contentUrl":"https:\/\/www.malloy-law.com\/wp-content\/uploads\/2019\/08\/MalloyLaw_Logo_Transparent.png","width":2147,"height":558,"caption":"Malloy Law Offices, LLC"},"image":{"@id":"https:\/\/www.malloy-law.com\/#\/schema\/logo\/image\/"}}]}},"coauthors":[],"author_meta":{"author_link":"https:\/\/www.malloy-law.com\/es\/author\/admin\/","display_name":"admin"},"relative_dates":{"created":"Publicado 6 a\u00f1os hace","modified":"Actualizado 9 meses hace"},"absolute_dates":{"created":"Publicado el 6 de julio de 2020","modified":"Actualizado el 11 de agosto de 2025"},"absolute_dates_time":{"created":"Publicado el 6 de julio de 2020 04:13","modified":"Actualizado el 11 de agosto de 2025 10:39"},"featured_img_caption":"","featured_img":false,"series_order":"","_links":{"self":[{"href":"https:\/\/www.malloy-law.com\/es\/wp-json\/wp\/v2\/pages\/3736","targetHints":{"allow":["GET"]}}],"collection":[{"href":"https:\/\/www.malloy-law.com\/es\/wp-json\/wp\/v2\/pages"}],"about":[{"href":"https:\/\/www.malloy-law.com\/es\/wp-json\/wp\/v2\/types\/page"}],"author":[{"embeddable":true,"href":"https:\/\/www.malloy-law.com\/es\/wp-json\/wp\/v2\/users\/1"}],"replies":[{"embeddable":true,"href":"https:\/\/www.malloy-law.com\/es\/wp-json\/wp\/v2\/comments?post=3736"}],"version-history":[{"count":0,"href":"https:\/\/www.malloy-law.com\/es\/wp-json\/wp\/v2\/pages\/3736\/revisions"}],"up":[{"embeddable":true,"href":"https:\/\/www.malloy-law.com\/es\/wp-json\/wp\/v2\/pages\/3740"}],"wp:attachment":[{"href":"https:\/\/www.malloy-law.com\/es\/wp-json\/wp\/v2\/media?parent=3736"}],"curies":[{"name":"wp","href":"https:\/\/api.w.org\/{rel}","templated":true}]}}