{"id":3763,"date":"2020-07-06T06:55:47","date_gmt":"2020-07-06T10:55:47","guid":{"rendered":"https:\/\/malloytestcloud.kinsta.cloud\/?page_id=3763"},"modified":"2025-01-09T16:00:23","modified_gmt":"2025-01-09T20:00:23","slug":"preguntas-frecuentes","status":"publish","type":"page","link":"https:\/\/www.malloy-law.com\/es\/preguntas-frecuentes\/","title":{"rendered":"Preguntas frecuentes"},"content":{"rendered":"<ol>\n<li style=\"list-style-type: none;\">\n<ol>\n<li>\u00bfQu\u00e9 es una lesi\u00f3n personal?\n<ul>\n<li>En el \u00e1mbito del derecho, el t\u00e9rmino \u201cLesi\u00f3n personal\u201d se refiere al \u00e1rea legal encargada de ayudar a la v\u00edctima de un accidente que sufri\u00f3 lesiones como consecuencia de este a presentar una demanda y a recibir una indemnizaci\u00f3n por sus lesiones cuando no se le considera culpable del accidente. Muchos bufetes de abogados de lesiones personaless\u00f3lo ayudan a un demandante que sufri\u00f3 da\u00f1os debido a la negligencia de otra persona.<\/li>\n<\/ul>\n<\/li>\n<li>\u00bfQu\u00e9 tipo de casos son considerados como lesiones personales?\n<ul>\n<li>Los bufetes de abogados especializados en lesiones personales manejan \u00e1reas de pr\u00e1ctica muy amplias, que incluyenpero no se limitan a las siguientes:\n<ul>\n<li>Negligencia m\u00e9dica<\/li>\n<li>Resbal\u00f3n y ca\u00edda<\/li>\n<li>Accidente de veh\u00edculos de motor<\/li>\n<li>Accidente de barco<\/li>\n<li>Accidente de cami\u00f3n<\/li>\n<li>Muerte por negligencia<\/li>\n<li>Lesiones durante el parto<\/li>\n<li>Mordeduras de perro<\/li>\n<li>Accidentes de bicicleta y motoneta<\/li>\n<li>Accidentes de peatones<\/li>\n<\/ul>\n<\/li>\n<\/ul>\n<\/li>\n<li>\u00bfCu\u00e1nto tiempo despu\u00e9s del accidente tengo que presentar una demanda?\n<ul>\n<li>Depende del estado en el que se haya producido el accidente. Todos los estados tienen plazos espec\u00edficos para presentar demandas, lo que legalmente se conoce como Estatuto de Limitaciones. El estatuto de limitaciones es un plazo muy estricto, por lo que, si no se cumple, tu demanda no ser\u00e1 considerada.<\/li>\n<li>El estatuto de limitaciones var\u00eda para los diferentes estados. Aqu\u00ed en MalloyLawOffices, manejamos casos en el estado de Maryland y Virginia, as\u00ed como en el Distrito de Columbia. Los siguientes son los estatutos de limitaciones (EL) para los estados anteriormentemencionados:\n<ul>\n<li>En Virginia, el EL es por 2 a\u00f1os a partir de la fecha del accidente.<\/li>\n<li>En Maryland, el EL es de 3 a\u00f1osa partir de la fecha del accidente.<\/li>\n<li>En el Distrito de Columbia, el EL es de 3 a\u00f1os a partir de la fecha del accidente.<\/li>\n<\/ul>\n<\/li>\n<li>Ten en cuenta que si la v\u00edctima era menor de edad al momento del accidente, la ley le permite presentar una demanda hasta tres a\u00f1os despu\u00e9s de cumplir los 18 a\u00f1os de edad (es decir, cuando se le reconozca legalmente como adulto).<\/li>\n<\/ul>\n<\/li>\n<li>\u00bfCu\u00e1nta compensaci\u00f3n puedo recibir por mi caso?\n<ul>\n<li>Nuestros honorarios se basan en honorarios de contingencia. Esto significa que s\u00f3lo nos pagas si tu caso se resuelve. Una vez resuelto, nuestro equipo toma un porcentaje de la cantidad total recuperada por el accidente. El saldo restantele corresponde al demandante, as\u00ed comopara el pago de sus cuentas m\u00e9dicas (en caso de que las haya).<\/li>\n<\/ul>\n<\/li>\n<li>\u00bfCu\u00e1nto cobra el bufete de abogados por mi caso?\n<ul>\n<li>La respuesta var\u00eda, ya que todo depende de la cantidad total acordada del caso. La cantidad total que pretendemos recuperar con base en el accidente y el porcentaje que cobraremos se discutir\u00e1n en la reuni\u00f3n inicial. Nuestro equipo est\u00e1 siempre dispuesto a discutir acuerdos, expectativas y precios, pues ponemos como prioridad al individuo.<\/li>\n<\/ul>\n<\/li>\n<li>\u00bfEs necesario ir a juicio en todos los casos?\n<ul>\n<li>No, hay algunos casos en los que se puede llegar a un acuerdo durante el litigio.<\/li>\n<\/ul>\n<\/li>\n<li>\u00bfCu\u00e1nto tiempo pasa desde que presento una demanda hasta que recibo una oferta de acuerdo?\n<ul>\n<li>El tiempo que transcurre desde que se presenta la demanda hasta que se recibe la oferta de conciliaci\u00f3n depende de muchos factores, como la gravedad de tu lesi\u00f3n.<\/li>\n<\/ul>\n<\/li>\n<li>\u00bfCu\u00e1nto tiempo despu\u00e9s de que acepte elacuerdo de conciliaci\u00f3nrecibo mi cheque?\n<ul>\n<li>Medicare y Medicaid tardan 4 semanas o m\u00e1s, mientras que el seguro privado tarda aproximadamente 3-4 semanas.<\/li>\n<\/ul>\n<\/li>\n<li>\u00bfQui\u00e9n paga las facturas m\u00e9dicas?\n<ul>\n<li>El monto de la compensaci\u00f3n que nuestro equipo solicitar\u00e1 a la compa\u00f1\u00eda de seguros se proyecta con base en las facturas m\u00e9dicas, la compensaci\u00f3n por los da\u00f1os, los honorarios de nuestros abogados, y cualquier otro tipo de gastos. Dicho lo anterior, nuestro equipo no es responsable de pagar las facturas m\u00e9dicas de los demandantes, sin embargo, siempre intentamos negociar la mayor compensaci\u00f3n posible para pagar las deudas m\u00e9dicas.<\/li>\n<\/ul>\n<\/li>\n<li>\u00bfD\u00f3nde tuvo que haber ocurrido el accidente para que el bufete de abogados pueda llevar mi caso?\n<ul>\n<li>Nuestro equipo lleva casos que ocurrieron en los estados de Maryland y Virginia. Tambi\u00e9n aceptamos casos ocurridos en la capital de nuestro pa\u00eds, Washington DC.<\/li>\n<\/ul>\n<\/li>\n<li>\u00bfDeber\u00eda buscar tratamiento m\u00e9dico?\n<ul>\n<li>S\u00ed, la mayor\u00eda de las veces los clientes subestiman la b\u00fasqueda de tratamiento m\u00e9dico. Nuestro equipo siempre recomienda buscar tratamiento m\u00e9dico lo antes posible.<\/li>\n<\/ul>\n<\/li>\n<li>\u00bfQu\u00e9 debo hacer inmediatamente despu\u00e9s del accidente?\n<ul>\n<li>Siempre llama al 911, y si est\u00e1s herido, buscaatenci\u00f3n m\u00e9dica lo antes posible. Una vez que presentes un informe policial y los m\u00e9dicos den el visto bueno para que contin\u00faes con tus actividades diarias, debes buscar asesoramiento legal. Despu\u00e9s de buscar atenci\u00f3n m\u00e9dica (y en el caso de que no sea necesaria) aseg\u00farate de tomar fotograf\u00edas del accidente, de las lesiones que puedan ser identificadas por medio de fotograf\u00edas, as\u00ed como del lugar del accidente. De igual manera, SIEMPRE debes presentar un informe policial y obtener la informaci\u00f3n de contacto de la otra persona involucrada.<\/li>\n<\/ul>\n<\/li>\n<li>\u00bfCu\u00e1les son los primeros pasos a seguir despu\u00e9s del accidente?\n<ul>\n<li>Como se mencion\u00f3 anteriormente, los primeros y m\u00e1s importantes pasos siempre son llamar al 911 y buscar tratamiento m\u00e9dico inmediatamente. Tambi\u00e9n es muy importante que, en el momento del accidente, presentes un informe policial y re\u00fanas testigos del accidente que puedan apoyartu caso. Toma fotograf\u00edas si es necesario, ya que las fotograf\u00edas son una forma muy poderosa de evidencia. Por favor, ten en cuenta que tu salud est\u00e1 por encima de cualquier cosa, as\u00ed que, si el accidente hace que requieras atenci\u00f3n m\u00e9dica inmediata, aseg\u00farate de buscar un hospital lo m\u00e1s pronto posible.<\/li>\n<\/ul>\n<\/li>\n<li>\u00bfQu\u00e9 pruebas debo presentar?\n<ul>\n<li>Consulta esta infograf\u00eda para ver una lista de los elementos que debes traer como evidencia cuando te re\u00fanas por primera vezcon tu abogado.<\/li>\n<\/ul>\n<\/li>\n<\/ol>\n<\/li>\n<\/ol>\n<p>&nbsp;<\/p>\n<ol>\n<li style=\"list-style-type: none;\">\n<ol>\n<li>\u00bfQu\u00e9 determina si la persona es culpable?\n<ul>\n<li>La respuesta var\u00eda, ya que depende del tipo de caso de lesiones personales. El demandante tiene la carga de la prueba en cualquier caso de lesiones personales, pues debe probar todos los elementos de su reclamaci\u00f3n.<\/li>\n<li>Los elementos incluir\u00edan, como m\u00ednimo, el deber, el incumplimiento, la causalidad, y los da\u00f1os y perjuicios. El est\u00e1ndar de prueba en cualquier caso civil (incluyendo los casos de lesiones personales) es que el demandante pruebe todos los elementos por medio de una Preponderancia de las pruebas (esto sirve para probar que algo es m\u00e1s probable de lo que no lo es).<\/li>\n<\/ul>\n<\/li>\n<\/ol>\n<\/li>\n<\/ol>\n<p>&nbsp;<\/p>\n<ol>\n<li>\u00bfQu\u00e9 son los estados \u201csin culpa\u201d?\n<ul>\n<li>Los estados \u201csin culpa\u201d se refieren a aquellos en los que los conductores tienen un seguro para cubrir sus propias lesiones y da\u00f1os en lugar de asegurar el pago a la otra persona. La raz\u00f3n por la que se les llama \u201csin culpa\u201d es porque no importa qui\u00e9n caus\u00f3 el accidente o qui\u00e9n actu\u00f3 con negligencia. Cada persona presenta una reclamaci\u00f3n a su propia cobertura contra lesiones personales (conocida como PIP) para ayudar a pagar las facturas m\u00e9dicas y otros gastos causados por el accidente. Virginia y Maryland no son estados \u201csin culpa\u201d.<\/li>\n<li>Maryland, Virginia, Alabama, Carolina del Norte, y la capital de nuestro pa\u00eds practican la Negligencia Contributiva, lo que significa que si las personas que estuvieron involucradas en el accidente no han actuado con prudencia (y son considerados culpables incluso en un peque\u00f1o porcentaje), tambi\u00e9n son considerados culpables y esto podr\u00eda afectar significativamente a la cifra de compensaci\u00f3n del accidente. Por favor, consultanuestras publicaciones sobre negligencia contributiva para obtener m\u00e1s informaci\u00f3n.<\/li>\n<\/ul>\n<\/li>\n<li>\u00bfEl bufete de abogados tambi\u00e9n maneja los da\u00f1os a la propiedad?\n<ul>\n<li>El bufete de abogados se comunica con la compa\u00f1\u00eda de seguros en relaci\u00f3n con los costos, pero tu seguro es el que \u201cmaneja\u201d los da\u00f1os a la propiedad. En pocas palabras, ambos lo hacemos.<\/li>\n<\/ul>\n<\/li>\n<li>\u00bfQu\u00e9 pasa si tambi\u00e9n se me considera culpable del accidente?\n<ul>\n<li>Si se te considera culpable, dependiendo del estado, no se te conceder\u00e1 ning\u00fan da\u00f1o. En Maryland la parte culpable paga los gastos m\u00e9dicos y de propiedad ya sea de tu seguro o no. Algunos estados usan un sistema de culpa parcial donde la parte de la culpa es igual a la cantidad que pagas por los da\u00f1os a la propiedad. Como el estado de Maryland hace cumplir la negligencia contributiva, si se considera que el demandante tiene incluso un 1% de culpa, es posible que no reciba compensaci\u00f3n.<\/li>\n<\/ul>\n<\/li>\n<li>\u00bfQu\u00e9 tan grave tiene que ser una lesi\u00f3n para poder presentar una demanda?\n<ul>\n<li>Una reclamaci\u00f3n puede y debe ser presentada si la lesi\u00f3n ha tenido alg\u00fan efecto negativo notable en tu vida, como p\u00e9rdida de ingresos, facturas m\u00e9dicas, dolor\/sufrimiento\/ansiedad.<\/li>\n<\/ul>\n<\/li>\n<li>\u00bfQu\u00e9 determina el valor de mi compensaci\u00f3n?\n<ul>\n<li>El valor de las facturas m\u00e9dicas y los gastos de reparaci\u00f3n se pueden sumar f\u00e1cilmente, pero cuando se trata de indemnizar a una v\u00edctima por su dolor y sufrimiento, el proceso se complica un poco m\u00e1s. Dependiendo de la gravedad de las lesiones, hay un multiplicador que se a\u00f1ade al importe total de las facturas m\u00e9dicas y al importe total de los ingresos perdidos, que se multiplica por cualquier cantidad entre 1.5 y 10.<\/li>\n<\/ul>\n<\/li>\n<li>\u00bfCu\u00e1l es el proceso para cambiar de abogado a mitad de la demanda?\n<ul>\n<li>En un caso de lesiones personales, siempre tienes el derecho de cambiar de abogado en cualquier momento. Dependiendo de d\u00f3nde te encuentres en el proceso,puede que tengas que pagar alguna tarifa por el cambio. El primer paso para cambiar de abogado es encontrar uno nuevo que se haga cargo de tu caso. Despu\u00e9s de que hayas encontrado un nuevo abogado, debes discutir con tu actual abogado sobre los t\u00e9rminos de su despido. Una vez que el contrato se termine, puedesfirmar otro con cualquier otra persona. El nuevo abogado puede ofrecer ayuda para encontrar un honorario adecuado para el abogado despedido si la situaci\u00f3n requiere un pago. Ten en cuenta que, una vez presentada la demanda, sustituir al abogado es un proceso mucho m\u00e1s complicado y no se recomienda para la mayor\u00eda de los casos.<\/li>\n<\/ul>\n<\/li>\n<li>\u00bfSe puede despedir a un abogado si no se est\u00e1 contento con su trabajo, y contratar uno nuevo aunque el abogado ya haya iniciadoel caso?\n<ul>\n<li>S\u00ed, se puede. Todo lo que debes hacer es hablar con tu actual bufete sobre el abandono de tu caso y la terminaci\u00f3n del contrato con ellos. S\u00f3lo aseg\u00farate de que el nuevo abogado que te interesa pueda y vaya a tomar tu caso.<\/li>\n<\/ul>\n<\/li>\n<li>\u00bfPuede un caso de agresi\u00f3n f\u00edsica ser tomado como lesi\u00f3n personal?\n<ul>\n<li>S\u00ed, un caso de agresi\u00f3n puede ser considerado un caso de lesiones personales, pero s\u00f3lo si ocurri\u00f3 en una propiedad comercial que tiene seguro. Si una agresi\u00f3n ocurri\u00f3 en tu casa o en una propiedad p\u00fablica, es probable que se considere un caso de defensa penal.<\/li>\n<\/ul>\n<\/li>\n<li>\u00bfDebo presentar siempre un informe policial, incluso si el accidente y las lesiones fueron menores?\n<ul>\n<li>S\u00ed, cuanta m\u00e1s informaci\u00f3n tengas sobre un incidente, m\u00e1s f\u00e1cil ser\u00e1 probar la culpa y por lo tanto ganar el caso.<\/li>\n<\/ul>\n<\/li>\n<li>\u00bfPor qu\u00e9 necesito un abogado?\n<ul>\n<li>No necesitas a un abogado para entrar a la sala del tribunal; sin embargo, los a\u00f1os de experiencia y la formaci\u00f3n que un abogado puede aportar es muy importante porque asegurar\u00e1 que tus derechos est\u00e9n protegidos y hagas todo de acuerdo con el proceso legal. El sistema judicial puede ser muy confuso para la persona promedio, por lo que alguien que conoce todas las reglas y las leyes del pa\u00eds es muy \u00fatil cuando se trata de un asunto legal.<\/li>\n<\/ul>\n<\/li>\n<\/ol>\n","protected":false},"excerpt":{"rendered":"<p>\u00bfQu\u00e9 es una lesi\u00f3n personal? En el \u00e1mbito del derecho, el t\u00e9rmino \u201cLesi\u00f3n personal\u201d se refiere al \u00e1rea legal encargada de ayudar a la v\u00edctima de un accidente que sufri\u00f3 lesiones como consecuencia de este a presentar una demanda y a recibir una indemnizaci\u00f3n por sus lesiones cuando no se le considera culpable del accidente&#8230;.<\/p>\n","protected":false},"author":1,"featured_media":0,"parent":0,"menu_order":0,"comment_status":"closed","ping_status":"closed","template":"","meta":{"_acf_changed":false,"om_disable_all_campaigns":false,"advgb_blocks_editor_width":"","advgb_blocks_columns_visual_guide":"","footnotes":""},"class_list":["post-3763","page","type-page","status-publish","hentry"],"acf":[],"yoast_head":"<!-- This site is optimized with the Yoast SEO Premium plugin v27.4 (Yoast SEO v27.4) - https:\/\/yoast.com\/product\/yoast-seo-premium-wordpress\/ -->\n<title>Preguntas frecuentes<\/title>\n<meta name=\"robots\" content=\"index, follow, max-snippet:-1, max-image-preview:large, max-video-preview:-1\" \/>\n<link rel=\"canonical\" href=\"https:\/\/www.malloy-law.com\/es\/preguntas-frecuentes\/\" \/>\n<meta property=\"og:locale\" content=\"es_ES\" \/>\n<meta property=\"og:type\" content=\"article\" \/>\n<meta property=\"og:title\" content=\"Preguntas frecuentes\" \/>\n<meta property=\"og:description\" content=\"\u00bfQu\u00e9 es una lesi\u00f3n personal? En el \u00e1mbito del derecho, el t\u00e9rmino \u201cLesi\u00f3n personal\u201d se refiere al \u00e1rea legal encargada de ayudar a la v\u00edctima de un accidente que sufri\u00f3 lesiones como consecuencia de este a presentar una demanda y a recibir una indemnizaci\u00f3n por sus lesiones cuando no se le considera culpable del accidente....\" \/>\n<meta property=\"og:url\" content=\"https:\/\/www.malloy-law.com\/es\/preguntas-frecuentes\/\" \/>\n<meta property=\"og:site_name\" content=\"Malloy Law\" \/>\n<meta property=\"article:modified_time\" content=\"2025-01-09T20:00:23+00:00\" \/>\n<meta name=\"twitter:card\" content=\"summary_large_image\" \/>\n<meta name=\"twitter:label1\" content=\"Tiempo de lectura\" \/>\n\t<meta name=\"twitter:data1\" content=\"9 minutos\" \/>\n<script type=\"application\/ld+json\" class=\"yoast-schema-graph\">{\"@context\":\"https:\\\/\\\/schema.org\",\"@graph\":[{\"@type\":\"WebPage\",\"@id\":\"https:\\\/\\\/www.malloy-law.com\\\/es\\\/preguntas-frecuentes\\\/\",\"url\":\"https:\\\/\\\/www.malloy-law.com\\\/es\\\/preguntas-frecuentes\\\/\",\"name\":\"Preguntas frecuentes\",\"isPartOf\":{\"@id\":\"https:\\\/\\\/www.malloy-law.com\\\/#website\"},\"datePublished\":\"2020-07-06T10:55:47+00:00\",\"dateModified\":\"2025-01-09T20:00:23+00:00\",\"breadcrumb\":{\"@id\":\"https:\\\/\\\/www.malloy-law.com\\\/es\\\/preguntas-frecuentes\\\/#breadcrumb\"},\"inLanguage\":\"es\",\"potentialAction\":[{\"@type\":\"ReadAction\",\"target\":[\"https:\\\/\\\/www.malloy-law.com\\\/es\\\/preguntas-frecuentes\\\/\"]}]},{\"@type\":\"BreadcrumbList\",\"@id\":\"https:\\\/\\\/www.malloy-law.com\\\/es\\\/preguntas-frecuentes\\\/#breadcrumb\",\"itemListElement\":[{\"@type\":\"ListItem\",\"position\":1,\"name\":\"Home\",\"item\":\"https:\\\/\\\/www.malloy-law.com\\\/es\\\/\"},{\"@type\":\"ListItem\",\"position\":2,\"name\":\"Preguntas frecuentes\"}]},{\"@type\":\"WebSite\",\"@id\":\"https:\\\/\\\/www.malloy-law.com\\\/#website\",\"url\":\"https:\\\/\\\/www.malloy-law.com\\\/\",\"name\":\"Malloy Law\",\"description\":\"\",\"publisher\":{\"@id\":\"https:\\\/\\\/www.malloy-law.com\\\/#organization\"},\"potentialAction\":[{\"@type\":\"SearchAction\",\"target\":{\"@type\":\"EntryPoint\",\"urlTemplate\":\"https:\\\/\\\/www.malloy-law.com\\\/?s={search_term_string}\"},\"query-input\":{\"@type\":\"PropertyValueSpecification\",\"valueRequired\":true,\"valueName\":\"search_term_string\"}}],\"inLanguage\":\"es\"},{\"@type\":\"Organization\",\"@id\":\"https:\\\/\\\/www.malloy-law.com\\\/#organization\",\"name\":\"Malloy Law Offices, LLC\",\"url\":\"https:\\\/\\\/www.malloy-law.com\\\/\",\"logo\":{\"@type\":\"ImageObject\",\"inLanguage\":\"es\",\"@id\":\"https:\\\/\\\/www.malloy-law.com\\\/#\\\/schema\\\/logo\\\/image\\\/\",\"url\":\"https:\\\/\\\/www.malloy-law.com\\\/wp-content\\\/uploads\\\/2019\\\/08\\\/MalloyLaw_Logo_Transparent.png\",\"contentUrl\":\"https:\\\/\\\/www.malloy-law.com\\\/wp-content\\\/uploads\\\/2019\\\/08\\\/MalloyLaw_Logo_Transparent.png\",\"width\":2147,\"height\":558,\"caption\":\"Malloy Law Offices, LLC\"},\"image\":{\"@id\":\"https:\\\/\\\/www.malloy-law.com\\\/#\\\/schema\\\/logo\\\/image\\\/\"}}]}<\/script>\n<!-- \/ Yoast SEO Premium plugin. -->","yoast_head_json":{"title":"Preguntas frecuentes","robots":{"index":"index","follow":"follow","max-snippet":"max-snippet:-1","max-image-preview":"max-image-preview:large","max-video-preview":"max-video-preview:-1"},"canonical":"https:\/\/www.malloy-law.com\/es\/preguntas-frecuentes\/","og_locale":"es_ES","og_type":"article","og_title":"Preguntas frecuentes","og_description":"\u00bfQu\u00e9 es una lesi\u00f3n personal? En el \u00e1mbito del derecho, el t\u00e9rmino \u201cLesi\u00f3n personal\u201d se refiere al \u00e1rea legal encargada de ayudar a la v\u00edctima de un accidente que sufri\u00f3 lesiones como consecuencia de este a presentar una demanda y a recibir una indemnizaci\u00f3n por sus lesiones cuando no se le considera culpable del accidente....","og_url":"https:\/\/www.malloy-law.com\/es\/preguntas-frecuentes\/","og_site_name":"Malloy Law","article_modified_time":"2025-01-09T20:00:23+00:00","twitter_card":"summary_large_image","twitter_misc":{"Tiempo de lectura":"9 minutos"},"schema":{"@context":"https:\/\/schema.org","@graph":[{"@type":"WebPage","@id":"https:\/\/www.malloy-law.com\/es\/preguntas-frecuentes\/","url":"https:\/\/www.malloy-law.com\/es\/preguntas-frecuentes\/","name":"Preguntas frecuentes","isPartOf":{"@id":"https:\/\/www.malloy-law.com\/#website"},"datePublished":"2020-07-06T10:55:47+00:00","dateModified":"2025-01-09T20:00:23+00:00","breadcrumb":{"@id":"https:\/\/www.malloy-law.com\/es\/preguntas-frecuentes\/#breadcrumb"},"inLanguage":"es","potentialAction":[{"@type":"ReadAction","target":["https:\/\/www.malloy-law.com\/es\/preguntas-frecuentes\/"]}]},{"@type":"BreadcrumbList","@id":"https:\/\/www.malloy-law.com\/es\/preguntas-frecuentes\/#breadcrumb","itemListElement":[{"@type":"ListItem","position":1,"name":"Home","item":"https:\/\/www.malloy-law.com\/es\/"},{"@type":"ListItem","position":2,"name":"Preguntas frecuentes"}]},{"@type":"WebSite","@id":"https:\/\/www.malloy-law.com\/#website","url":"https:\/\/www.malloy-law.com\/","name":"Malloy Law","description":"","publisher":{"@id":"https:\/\/www.malloy-law.com\/#organization"},"potentialAction":[{"@type":"SearchAction","target":{"@type":"EntryPoint","urlTemplate":"https:\/\/www.malloy-law.com\/?s={search_term_string}"},"query-input":{"@type":"PropertyValueSpecification","valueRequired":true,"valueName":"search_term_string"}}],"inLanguage":"es"},{"@type":"Organization","@id":"https:\/\/www.malloy-law.com\/#organization","name":"Malloy Law Offices, LLC","url":"https:\/\/www.malloy-law.com\/","logo":{"@type":"ImageObject","inLanguage":"es","@id":"https:\/\/www.malloy-law.com\/#\/schema\/logo\/image\/","url":"https:\/\/www.malloy-law.com\/wp-content\/uploads\/2019\/08\/MalloyLaw_Logo_Transparent.png","contentUrl":"https:\/\/www.malloy-law.com\/wp-content\/uploads\/2019\/08\/MalloyLaw_Logo_Transparent.png","width":2147,"height":558,"caption":"Malloy Law Offices, LLC"},"image":{"@id":"https:\/\/www.malloy-law.com\/#\/schema\/logo\/image\/"}}]}},"coauthors":[],"author_meta":{"author_link":"https:\/\/www.malloy-law.com\/es\/author\/admin\/","display_name":"admin"},"relative_dates":{"created":"Publicado 6 a\u00f1os hace","modified":"Actualizado 1 a\u00f1o hace"},"absolute_dates":{"created":"Publicado el 6 de julio de 2020","modified":"Actualizado el 9 de enero de 2025"},"absolute_dates_time":{"created":"Publicado el 6 de julio de 2020 06:55","modified":"Actualizado el 9 de enero de 2025 16:00"},"featured_img_caption":"","featured_img":false,"series_order":"","_links":{"self":[{"href":"https:\/\/www.malloy-law.com\/es\/wp-json\/wp\/v2\/pages\/3763","targetHints":{"allow":["GET"]}}],"collection":[{"href":"https:\/\/www.malloy-law.com\/es\/wp-json\/wp\/v2\/pages"}],"about":[{"href":"https:\/\/www.malloy-law.com\/es\/wp-json\/wp\/v2\/types\/page"}],"author":[{"embeddable":true,"href":"https:\/\/www.malloy-law.com\/es\/wp-json\/wp\/v2\/users\/1"}],"replies":[{"embeddable":true,"href":"https:\/\/www.malloy-law.com\/es\/wp-json\/wp\/v2\/comments?post=3763"}],"version-history":[{"count":0,"href":"https:\/\/www.malloy-law.com\/es\/wp-json\/wp\/v2\/pages\/3763\/revisions"}],"wp:attachment":[{"href":"https:\/\/www.malloy-law.com\/es\/wp-json\/wp\/v2\/media?parent=3763"}],"curies":[{"name":"wp","href":"https:\/\/api.w.org\/{rel}","templated":true}]}}